{"id":46429,"date":"2023-05-02T23:21:36","date_gmt":"2023-05-02T23:21:36","guid":{"rendered":"https:\/\/smartyplantsnursery.com\/product\/lirio-crinum-queen-emma-crinum-augustum-queen-emma\/"},"modified":"2026-04-03T17:48:29","modified_gmt":"2026-04-03T17:48:29","slug":"lirio-crinum-queen-emma-crinum-augustum-queen-emma","status":"publish","type":"product","link":"https:\/\/smartyplantsnursery.com\/es\/product\/lirio-crinum-queen-emma-crinum-augustum-queen-emma\/","title":{"rendered":"Lirio Crinum \u201cQueen Emma\u201d &#8211; crinum augustum \u201cQueen Emma\u201d"},"content":{"rendered":"<p class=\"\"><b class=\"\">Usos generales en el paisaje:<\/b> Planta focal, bordes y senderos, jardines acu\u00e1ticos y estanques, plantaci\u00f3n en contenedores<\/p>\n<p class=\"\"><b class=\"\">Notas sobre la restauraci\u00f3n ecol\u00f3gica:<\/b> Estabilizaci\u00f3n del suelo y control de la erosi\u00f3n, apoyo a polinizadores y vida silvestre, tolerante a la sequ\u00eda y la sal, secuestro de carbono<\/p>\n<p class=\"\"><b class=\"\">Descripci\u00f3n:<\/b> El lirio Queen Emma es una gran pieza central para un paisaje. Tiene hojas p\u00farpuras coloridas y obtiene un tallo largo con un gran grupo de flores blancas y magenta al final. Este lirio es una planta hermosa y f\u00e1cil de cultivar.  <\/p>\n<p class=\"\"><b class=\"\">Dimensiones:<\/b> altura 1,2 m<\/p>\n<p class=\"\"><b class=\"\">Tasa de crecimiento:<\/b> de moderada a r\u00e1pida<\/p>\n<p class=\"\"><b class=\"\">Distribuci\u00f3n nativa:<\/b> Islas del Oc\u00e9ano \u00cdndico<\/p>\n<p class=\"\"><b class=\"\">H\u00e1bitats nativos:<\/b> Bosques tropicales y costeros, \u00e1reas costeras y frente a la playa, humedales y zonas ribere\u00f1as<\/p>\n<p class=\"\"><b class=\"\">Suelos:<\/b> Suelo franco, rico y con buen drenaje<\/p>\n<p class=\"\"><b class=\"\">Requisitos nutricionales:<\/b> moderados<\/p>\n<p class=\"\"><b class=\"\">Tolerancia al agua salada:<\/b> moderada<\/p>\n<p class=\"\"><b class=\"\">Tolerancia al viento salado:<\/b> moderada<\/p>\n<p class=\"\"><b class=\"\">Tolerancia a la sequ\u00eda:<\/b> moderada<\/p>\n<p class=\"\"><b class=\"\">Requisitos de luz:<\/b> pleno sol a sol parcial<\/p>\n<p class=\"\"><b class=\"\">Color de la flor:<\/b> Blanco y magenta<\/p>\n<p class=\"\"><b class=\"\">Caracter\u00edsticas de la flor:<\/b> Grande, fragante, en forma de estrella<\/p>\n<p class=\"\"><b class=\"\">Temporada de floraci\u00f3n:<\/b> Desde la primavera hasta el oto\u00f1o<\/p>\n<p class=\"\"><b class=\"\">Fruto:<\/b> Carnoso, parecido a una c\u00e1psula que comienza verde y se vuelve marr\u00f3n o amarillento a medida que madura<\/p>\n<p class=\"\"><b class=\"\">Vida silvestre y ecolog\u00eda:<\/b> Atrae a los polinizadores, control de la erosi\u00f3n<\/p>\n<p class=\"\"><b class=\"\">Notas de horticultura:<\/b> Propagado por divisi\u00f3n de bulbos<\/p>\n<p class=\"\"><b class=\"\">Comentarios:<\/b><\/p>\n","protected":false},"excerpt":{"rendered":"<p><img fetchpriority=\"high\" decoding=\"async\" class=\"alignnone size-medium wp-image-54744\" src=\"https:\/\/smartyplantsnursery.com\/wp-content\/uploads\/2023\/04\/Screenshot-2026-03-03-at-2.22.47-PM-300x185.webp\" alt=\"\" width=\"300\" height=\"185\"><\/p>\n<div class=\"container\">\n<div class=\"table-container\">\n<table>\n<thead>\n<tr>\n<th>Tama\u00f1o de la maceta<\/th>\n<th>Altura media plantada (desde la tierra hasta la parte superior de la planta)<\/th>\n<\/tr>\n<\/thead>\n<tbody>\n<tr>\n<td>3 galones\/10&#8243;<\/td>\n<td>1 &#8211; 2 pies<\/td>\n<\/tr>\n<tr>\n<td>7 galones\/14&#8243;<\/td>\n<td>0,6 &#8211; 0,9 m<\/td>\n<\/tr>\n<tr>\n<td>15 galones\/17&#8243;<\/td>\n<td>0,9 &#8211; 1,2 m<\/td>\n<\/tr>\n<tr>\n<td>25 galones\/21&#8243;<\/td>\n<td>4 &#8211; 6 pies<\/td>\n<\/tr>\n<\/tbody>\n<\/table>\n<\/div>\n<\/div>\n","protected":false},"featured_media":49283,"comment_status":"open","ping_status":"closed","template":"","meta":[],"product_brand":[],"product_cat":[304,310,375,317,331,302,374,369,368,313,309,361,360,326,308,314,335,323,322,303],"product_tag":[318,386],"class_list":{"0":"post-46429","1":"product","2":"type-product","3":"status-publish","4":"has-post-thumbnail","6":"product_cat-arbusto","7":"product_cat-bien-drenado","8":"product_cat-borde","9":"product_cat-contenedor","10":"product_cat-division-es","11":"product_cat-exotica","12":"product_cat-fragante-2","13":"product_cat-franco","14":"product_cat-grande","15":"product_cat-moderada-es","16":"product_cat-moderada","17":"product_cat-moderada-es-4","18":"product_cat-moderada-es-3","19":"product_cat-moderada-es-2","20":"product_cat-otono","21":"product_cat-planta-de-especimen","22":"product_cat-pleno-sol","23":"product_cat-primavera","24":"product_cat-rapido","25":"product_cat-sol-parcial","26":"product_tag-blanco","27":"product_tag-magenta-es","28":"pa_pot-size-1-galon-6","29":"pa_pot-size-15-galones-17","30":"pa_pot-size-25-galones-21","31":"pa_pot-size-3-galones-10","32":"pa_pot-size-7-galones-14","35":"first","36":"instock","37":"taxable","38":"shipping-taxable","39":"purchasable","40":"product-type-variable"},"aioseo_notices":[],"_links":{"self":[{"href":"https:\/\/smartyplantsnursery.com\/es\/wp-json\/wp\/v2\/product\/46429","targetHints":{"allow":["GET"]}}],"collection":[{"href":"https:\/\/smartyplantsnursery.com\/es\/wp-json\/wp\/v2\/product"}],"about":[{"href":"https:\/\/smartyplantsnursery.com\/es\/wp-json\/wp\/v2\/types\/product"}],"replies":[{"embeddable":true,"href":"https:\/\/smartyplantsnursery.com\/es\/wp-json\/wp\/v2\/comments?post=46429"}],"wp:featuredmedia":[{"embeddable":true,"href":"https:\/\/smartyplantsnursery.com\/es\/wp-json\/wp\/v2\/media\/49283"}],"wp:attachment":[{"href":"https:\/\/smartyplantsnursery.com\/es\/wp-json\/wp\/v2\/media?parent=46429"}],"wp:term":[{"taxonomy":"product_brand","embeddable":true,"href":"https:\/\/smartyplantsnursery.com\/es\/wp-json\/wp\/v2\/product_brand?post=46429"},{"taxonomy":"product_cat","embeddable":true,"href":"https:\/\/smartyplantsnursery.com\/es\/wp-json\/wp\/v2\/product_cat?post=46429"},{"taxonomy":"product_tag","embeddable":true,"href":"https:\/\/smartyplantsnursery.com\/es\/wp-json\/wp\/v2\/product_tag?post=46429"}],"curies":[{"name":"wp","href":"https:\/\/api.w.org\/{rel}","templated":true}]}}