{"id":46445,"date":"2023-05-01T00:51:14","date_gmt":"2023-05-01T00:51:14","guid":{"rendered":"https:\/\/smartyplantsnursery.com\/product\/verdolaga-flor-de-seda-portulaca\/"},"modified":"2026-02-26T01:03:22","modified_gmt":"2026-02-26T01:03:22","slug":"verdolaga-flor-de-seda-portulaca","status":"publish","type":"product","link":"https:\/\/smartyplantsnursery.com\/es\/product\/verdolaga-flor-de-seda-portulaca\/","title":{"rendered":"Verdolaga, Flor de Seda &#8211; portulaca"},"content":{"rendered":"<p class=\"\"><b class=\"\">Usos generales en el paisaje:<\/b> Cobertura del suelo, control de la erosi\u00f3n, jardines de polinizadores, xerojardiner\u00eda<\/p>\n<p class=\"\"><b class=\"\">Notas sobre la restauraci\u00f3n ecol\u00f3gica:<\/b> Control de la erosi\u00f3n, apoyo a los polinizadores<\/p>\n<p class=\"\"><b class=\"\">Descripci\u00f3n:<\/b> Una cobertura de suelo perenne que viene en una multitud de colores. Las flores se abren al sol durante el d\u00eda y se cierran por la noche. La verdolaga es ideal para bordes de pasarelas o simplemente para llenar un espacio vac\u00edo con un color llamativo.  <\/p>\n<p class=\"\"><b class=\"\">Dimensiones:<\/b> altura 15 cm; extensi\u00f3n 30 &#8211; 45 cm.<\/p>\n<p class=\"\"><b class=\"\">Tasa de crecimiento:<\/b> r\u00e1pida<\/p>\n<p class=\"\"><b class=\"\">Distribuci\u00f3n nativa:<\/b> Sudam\u00e9rica<\/p>\n<p class=\"\"><b class=\"\">H\u00e1bitats nativos:<\/b> Pastizales secos, laderas rocosas, regiones semi\u00e1ridas<\/p>\n<p class=\"\"><b class=\"\">Suelos:<\/b> Bien drenados, arenosos o rocosos<\/p>\n<p class=\"\"><b class=\"\">Requisitos nutricionales:<\/b> bajos<\/p>\n<p class=\"\"><b class=\"\">Tolerancia al agua salada:<\/b> Moderada a alta<\/p>\n<p class=\"\"><b class=\"\">Tolerancia al viento salado:<\/b> alta<\/p>\n<p class=\"\"><b class=\"\">Tolerancia a la sequ\u00eda:<\/b> moderada<\/p>\n<p class=\"\"><b class=\"\">Requisitos de luz:<\/b> pleno sol<\/p>\n<p class=\"\"><b class=\"\">Color de la flor:<\/b> Rojo, naranja, amarillo, rosa, blanco<\/p>\n<p class=\"\"><b class=\"\">Caracter\u00edsticas de la flor:<\/b> Se abren solo a pleno sol<\/p>\n<p class=\"\"><b class=\"\">Temporada de floraci\u00f3n:<\/b> Desde la primavera hasta las heladas<\/p>\n<p class=\"\"><b class=\"\">Fruto:<\/b> Una c\u00e1psula diminuta y seca que es verde cuando est\u00e1 inmadura y se vuelve marr\u00f3n cuando est\u00e1 seca<\/p>\n<p class=\"\"><b class=\"\">Vida silvestre y ecolog\u00eda:<\/b> Apoyo a los polinizadores, comestible para la vida silvestre<\/p>\n<p class=\"\"><b class=\"\">Notas de horticultura:<\/b> Se propaga por semilla, esquejes<\/p>\n<p class=\"\"><b class=\"\">Comentarios:<\/b><\/p>\n","protected":false},"excerpt":{"rendered":"<p><img decoding=\"async\" class=\"alignnone size-medium wp-image-31863\" src=\"https:\/\/smartyplantsnursery.com\/wp-content\/uploads\/2023\/04\/Screen-Shot-2023-04-22-at-11.28.02-PM-300x134.png\" alt=\"\" width=\"300\" height=\"134\"><\/p>\n<div class=\"container\">\n<div class=\"table-container\">\n<table>\n<thead>\n<tr>\n<th>Tama\u00f1o de la maceta<\/th>\n<th>Altura media plantada (desde la tierra hasta la parte superior de la planta)<\/th>\n<\/tr>\n<\/thead>\n<tbody>\n<tr>\n<td>1 gal\u00f3n\/6&#8243;<\/td>\n<td>0 &#8211; 15 cm<\/td>\n<\/tr>\n<\/tbody>\n<\/table>\n<\/div>\n<\/div>\n","protected":false},"featured_media":54413,"comment_status":"open","ping_status":"closed","template":"","meta":[],"product_brand":[],"product_cat":[376,362,359,357,310,321,315,302,313,360,308,358,335,323,322,330,307,342],"product_tag":[319,318,351,350,352],"class_list":{"0":"post-46445","1":"product","2":"type-product","3":"status-publish","4":"has-post-thumbnail","6":"product_cat-alta-es-3","7":"product_cat-alta-es-2","8":"product_cat-arena","9":"product_cat-baja-es-3","10":"product_cat-bien-drenado","11":"product_cat-cobertura-del-suelo","12":"product_cat-esquejes","13":"product_cat-exotica","14":"product_cat-moderada-es","15":"product_cat-moderada-es-3","16":"product_cat-otono","17":"product_cat-plantas-para-mariposas-plantas-para-polinizadores","18":"product_cat-pleno-sol","19":"product_cat-primavera","20":"product_cat-rapido","21":"product_cat-semilla","22":"product_cat-verano","23":"product_cat-xerojardin","24":"product_tag-amarillo","25":"product_tag-blanco","26":"product_tag-naranja","27":"product_tag-rojo","28":"product_tag-rosa","29":"pa_pot-size-1-galon-6","30":"pa_pot-size-3-galones-10","31":"pa_pot-size-7-galones-14","34":"first","35":"instock","36":"taxable","37":"shipping-taxable","38":"purchasable","39":"product-type-variable"},"aioseo_notices":[],"_links":{"self":[{"href":"https:\/\/smartyplantsnursery.com\/es\/wp-json\/wp\/v2\/product\/46445","targetHints":{"allow":["GET"]}}],"collection":[{"href":"https:\/\/smartyplantsnursery.com\/es\/wp-json\/wp\/v2\/product"}],"about":[{"href":"https:\/\/smartyplantsnursery.com\/es\/wp-json\/wp\/v2\/types\/product"}],"replies":[{"embeddable":true,"href":"https:\/\/smartyplantsnursery.com\/es\/wp-json\/wp\/v2\/comments?post=46445"}],"wp:featuredmedia":[{"embeddable":true,"href":"https:\/\/smartyplantsnursery.com\/es\/wp-json\/wp\/v2\/media\/54413"}],"wp:attachment":[{"href":"https:\/\/smartyplantsnursery.com\/es\/wp-json\/wp\/v2\/media?parent=46445"}],"wp:term":[{"taxonomy":"product_brand","embeddable":true,"href":"https:\/\/smartyplantsnursery.com\/es\/wp-json\/wp\/v2\/product_brand?post=46445"},{"taxonomy":"product_cat","embeddable":true,"href":"https:\/\/smartyplantsnursery.com\/es\/wp-json\/wp\/v2\/product_cat?post=46445"},{"taxonomy":"product_tag","embeddable":true,"href":"https:\/\/smartyplantsnursery.com\/es\/wp-json\/wp\/v2\/product_tag?post=46445"}],"curies":[{"name":"wp","href":"https:\/\/api.w.org\/{rel}","templated":true}]}}