{"id":46452,"date":"2023-05-02T23:51:45","date_gmt":"2023-05-02T23:51:45","guid":{"rendered":"https:\/\/smartyplantsnursery.com\/product\/ti-plant-cordyline-fruticosa-red-sister\/"},"modified":"2026-03-07T14:04:33","modified_gmt":"2026-03-07T14:04:33","slug":"ti-plant-cordyline-fruticosa-red-sister","status":"publish","type":"product","link":"https:\/\/smartyplantsnursery.com\/es\/product\/ti-plant-cordyline-fruticosa-red-sister\/","title":{"rendered":"Ti plant &#8211; cordyline fruticosa \u201cRed Sister\u201d"},"content":{"rendered":"<p class=\"\"><b class=\"\">Usos generales en el paisaje:<\/b> Planta de acento, borde de jard\u00edn tropical, plantaci\u00f3n en macetas, interior, plantaci\u00f3n masiva<\/p>\n<p class=\"\"><b class=\"\">Notas sobre la restauraci\u00f3n ecol\u00f3gica:<\/b> No recomendado<\/p>\n<p class=\"\"><b class=\"\">Descripci\u00f3n:<\/b> Red Sister es una planta popular del sur de Florida. Aunque puede soportar tanto el sol como la sombra, tambi\u00e9n aporta color y altura a su jard\u00edn. Se utiliza mejor cuando se coloca en la parte posterior del paisaje, ya que crecer\u00e1 m\u00e1s que la mayor\u00eda de los arbustos.  <\/p>\n<p class=\"\"><b class=\"\">Dimensiones:<\/b> Altura: 1,5 m; Extensi\u00f3n: 0,6 &#8211; 0,9 m<\/p>\n<p class=\"\"><b class=\"\">Tasa de crecimiento:<\/b> De moderada a r\u00e1pida<\/p>\n<p class=\"\"><b class=\"\">Distribuci\u00f3n nativa:<\/b> Sudeste asi\u00e1tico, Pap\u00faa Nueva Guinea, las islas del Pac\u00edfico<\/p>\n<p class=\"\"><b class=\"\">H\u00e1bitats nativos:<\/b> Bosques tropicales h\u00famedos, tierras bajas costeras y sotobosques de la selva tropical<\/p>\n<p class=\"\"><b class=\"\">Suelos:<\/b> Rico, con buen drenaje<\/p>\n<p class=\"\"><b class=\"\">Requisitos nutricionales:<\/b> De moderados a altos<\/p>\n<p class=\"\"><b class=\"\">Tolerancia al agua salada:<\/b> baja<\/p>\n<p class=\"\"><b class=\"\">Tolerancia al viento salado:<\/b> De baja a moderada<\/p>\n<p class=\"\"><b class=\"\">Tolerancia a la sequ\u00eda:<\/b> alta<\/p>\n<p class=\"\"><b class=\"\">Requisitos de luz:<\/b> pleno sol a sombra<\/p>\n<p class=\"\"><b class=\"\">Color de la flor:<\/b> Rosa p\u00e1lido a lavanda<\/p>\n<p class=\"\"><b class=\"\">Caracter\u00edsticas de la flor:<\/b> peque\u00f1a<\/p>\n<p class=\"\"><b class=\"\">Temporada de floraci\u00f3n:<\/b> Primavera a verano<\/p>\n<p class=\"\"><b class=\"\">Fruto:<\/b> Peque\u00f1as bayas rojas o p\u00farpuras<\/p>\n<p class=\"\"><b class=\"\">Fauna y ecolog\u00eda:<\/b> Atracci\u00f3n de polinizadores, los p\u00e1jaros comen la fruta<\/p>\n<p class=\"\"><b class=\"\">Notas de horticultura:<\/b> Se cultiva a partir de esquejes, semillas, divisi\u00f3n<\/p>\n<p class=\"\"><b class=\"\">Comentarios:<\/b><\/p>\n","protected":false},"excerpt":{"rendered":"<p><img decoding=\"async\" class=\"alignnone size-medium wp-image-31863\" src=\"https:\/\/smartyplantsnursery.com\/wp-content\/uploads\/2023\/04\/Screen-Shot-2023-04-22-at-11.28.02-PM-300x134.png\" alt=\"\" width=\"300\" height=\"134\"><\/p>\n<div class=\"container\">\n<div class=\"table-container\">\n<table>\n<thead>\n<tr>\n<th>Tama\u00f1o de la maceta<\/th>\n<th>Altura media plantada (desde la tierra hasta la parte superior de la planta)<\/th>\n<\/tr>\n<\/thead>\n<tbody>\n<tr>\n<td>3 galones\/10&#8243;<\/td>\n<td>0,6 &#8211; 1,2 m<\/td>\n<\/tr>\n<tr>\n<td>7 galones\/14&#8243;<\/td>\n<td>3 &#8211; 4 pies<\/td>\n<\/tr>\n<tr>\n<td>15 galones\/17&#8243;<\/td>\n<td>1,2 &#8211; 1,5 m<\/td>\n<\/tr>\n<\/tbody>\n<\/table>\n<\/div>\n<\/div>\n","protected":false},"featured_media":48504,"comment_status":"open","ping_status":"closed","template":"","meta":[],"product_brand":[],"product_cat":[348,340,304,312,311,310,375,317,331,315,302,305,326,361,309,316,334,335,323,322,330,303,349,307],"product_tag":[337,352],"class_list":{"0":"post-46452","1":"product","2":"type-product","3":"status-publish","4":"has-post-thumbnail","6":"product_cat-alta-es","7":"product_cat-alta","8":"product_cat-arbusto","9":"product_cat-baja-es","10":"product_cat-baja","11":"product_cat-bien-drenado","12":"product_cat-borde","13":"product_cat-contenedor","14":"product_cat-division-es","15":"product_cat-esquejes","16":"product_cat-exotica","17":"product_cat-interior","18":"product_cat-moderada-es-2","19":"product_cat-moderada-es-4","20":"product_cat-moderada","21":"product_cat-pequena","22":"product_cat-planta-de-acento","23":"product_cat-pleno-sol","24":"product_cat-primavera","25":"product_cat-rapido","26":"product_cat-semilla","27":"product_cat-sol-parcial","28":"product_cat-sombra","29":"product_cat-verano","30":"product_tag-lavanda","31":"product_tag-rosa","32":"pa_pot-size-1-galon-6","33":"pa_pot-size-15-galones-17","34":"pa_pot-size-3-galones-10","35":"pa_pot-size-7-galones-14","38":"first","39":"instock","40":"taxable","41":"shipping-taxable","42":"purchasable","43":"product-type-variable"},"aioseo_notices":[],"_links":{"self":[{"href":"https:\/\/smartyplantsnursery.com\/es\/wp-json\/wp\/v2\/product\/46452","targetHints":{"allow":["GET"]}}],"collection":[{"href":"https:\/\/smartyplantsnursery.com\/es\/wp-json\/wp\/v2\/product"}],"about":[{"href":"https:\/\/smartyplantsnursery.com\/es\/wp-json\/wp\/v2\/types\/product"}],"replies":[{"embeddable":true,"href":"https:\/\/smartyplantsnursery.com\/es\/wp-json\/wp\/v2\/comments?post=46452"}],"wp:featuredmedia":[{"embeddable":true,"href":"https:\/\/smartyplantsnursery.com\/es\/wp-json\/wp\/v2\/media\/48504"}],"wp:attachment":[{"href":"https:\/\/smartyplantsnursery.com\/es\/wp-json\/wp\/v2\/media?parent=46452"}],"wp:term":[{"taxonomy":"product_brand","embeddable":true,"href":"https:\/\/smartyplantsnursery.com\/es\/wp-json\/wp\/v2\/product_brand?post=46452"},{"taxonomy":"product_cat","embeddable":true,"href":"https:\/\/smartyplantsnursery.com\/es\/wp-json\/wp\/v2\/product_cat?post=46452"},{"taxonomy":"product_tag","embeddable":true,"href":"https:\/\/smartyplantsnursery.com\/es\/wp-json\/wp\/v2\/product_tag?post=46452"}],"curies":[{"name":"wp","href":"https:\/\/api.w.org\/{rel}","templated":true}]}}