{"id":46456,"date":"2023-05-01T00:38:07","date_gmt":"2023-05-01T00:38:07","guid":{"rendered":"https:\/\/smartyplantsnursery.com\/product\/verbena-azul-rastrera-de-florida-stachytarpheta-jamaicensis\/"},"modified":"2025-12-18T17:23:40","modified_gmt":"2025-12-18T17:23:40","slug":"verbena-azul-rastrera-de-florida-stachytarpheta-jamaicensis","status":"publish","type":"product","link":"https:\/\/smartyplantsnursery.com\/es\/product\/verbena-azul-rastrera-de-florida-stachytarpheta-jamaicensis\/","title":{"rendered":"Verbena azul rastrera de Florida &#8211; stachytarpheta jamaicensis"},"content":{"rendered":"<p><b>Usos generales en el paisaje:<\/b> Cobertura de suelo en \u00e1reas abiertas y secas. Tambi\u00e9n jardines de flores silvestres. <\/p>\n<p><b>Descripci\u00f3n:<\/b> Flor silvestre herb\u00e1cea mediana.<\/p>\n<p><b>Dimensiones:<\/b> Alrededor de 1-3 pies de altura. Generalmente m\u00e1s ancha que alta. <\/p>\n<p><b>Tasa de crecimiento:<\/b> r\u00e1pida.<\/p>\n<p><b>Distribuci\u00f3n:<\/b> Su \u00e1rea de distribuci\u00f3n nativa en el sur de Florida est\u00e1 difuminada, pero es casi seguro que es nativa de los condados de Monroe, Dade, Collier y Lee, y posiblemente de los condados de Broward y Palm Beach; Indias Occidentales, M\u00e9xico y Am\u00e9rica Central. Ampliamente cultivada y es probable que se propague de forma natural debido al cambio clim\u00e1tico y a trav\u00e9s del cultivo. <\/p>\n<p><b>H\u00e1bitats:<\/b> Terrenos rocosos costeros y sitios abiertos alterados.<\/p>\n<p><b>Suelos:<\/b> Suelos arenosos o calizos h\u00famedos y bien drenados, sin humus.<\/p>\n<p><b>Requisitos nutricionales:<\/b> Bajos; crece en suelos pobres en nutrientes.<\/p>\n<p><b>Tolerancia al agua salada:<\/b> Baja; no tolera las inundaciones a largo plazo con agua salada o salobre.<\/p>\n<p><b>Tolerancia al viento salino:<\/b> Moderada; crece cerca del agua salada, pero est\u00e1 protegido de la pulverizaci\u00f3n directa de sal por otra vegetaci\u00f3n.<\/p>\n<p><b>Tolerancia a la sequ\u00eda:<\/b> Alta; no requiere agua suplementaria una vez establecida.<\/p>\n<p><b>Requisitos de luz:<\/b> Pleno sol.<\/p>\n<p><b>Color de la flor:<\/b> Azul o p\u00farpura con un centro blanco.<\/p>\n<p><b>Caracter\u00edsticas de la flor:<\/b> Flores peque\u00f1as y semillamativas en espigas largas.<\/p>\n<p><b>Temporada de floraci\u00f3n:<\/b> Todo el a\u00f1o.<\/p>\n<p><b>Fruto:<\/b> Dos nuececillas tuberculadas discretas.<\/p>\n<p><b>Fauna y ecolog\u00eda:<\/b> <b>Planta hu\u00e9sped larval<\/b> para las mariposas tropicales buckeye (<i>Junonia genoveva<\/i>). <g id=\"gid_3\">Planta de n\u00e9ctar<\/g> para muchas mariposas y polillas, incluyendo: Bahamian swallowtail ( <g id=\"gid_4\">Papilio andraemon<\/g>), clouded skipper ( <g id=\"gid_5\">Lerema accius<\/g>), Cuban crescent ( <g id=\"gid_6\">Phyciodes frisia<\/g>), Dorantes longtail ( <g id=\"gid_7\">Urbanus dorantes<\/g>), fiery skipper ( <g id=\"gid_8\">Hylephila phyleus<\/g>), great southern white ( <g id=\"gid_9\">Ascia monuste<\/g>), gulf fritillary ( <g id=\"gid_10\">Agraulis vanillae<\/g>), julia ( <g id=\"gid_11\">Dryas iulia<\/g>), large orange sulphur ( <g id=\"gid_12\">Phoebis agarithe<\/g>), little yellow ( <g id=\"gid_13\">Eurema lisa<\/g>), long-tailed skipper ( <i>Urbanus proteus<\/i>), lyside skipper ( <i>Kricogonia lyside<\/i>), Meske&#8217;s skipper ( <g id=\"gid_1\">Hesperia meskei<\/g>), Palatka skipper ( <g id=\"gid_2\">Euphyes pilatka<\/g>), red admiral ( <g id=\"gid_3\">Vanessa atalanta<\/g>), Schaus&#8217; swallowtail (<g id=\"gid_4\">Papilio aristodemus ponceanus<\/g>), swarthy skipper (<g id=\"gid_5\">Nastra lherminier<\/g>), tropical checkered-skipper (<g id=\"gid_6\">Pyrgus oileus<\/g>) y variegated fritillary (<g id=\"gid_7\">Euptoieta claudia<\/g>). Atrae a muchos otros polinizadores, incluyendo abejas, escarabajos y colibr\u00edes. <\/p>\n<p><b>Notas de horticultura:<\/b> Se cultiva a partir de semillas, esquejes.<\/p>\n<p><b>Comentarios:<\/b> Ampliamente cultivada fuera de su \u00e1rea de distribuci\u00f3n nativa, y tal vez escapando del cultivo en el centro de Florida y Alabama.<\/p>\n","protected":false},"excerpt":{"rendered":"<p><img decoding=\"async\" class=\"alignnone size-medium wp-image-31863\" src=\"https:\/\/smartyplantsnursery.com\/wp-content\/uploads\/2023\/04\/Screen-Shot-2023-04-22-at-11.28.02-PM-300x134.png\" alt=\"\" width=\"300\" height=\"134\"><\/p>\n<div class=\"container\">\n<div class=\"table-container\">\n<table>\n<thead>\n<tr>\n<th>Tama\u00f1o de la maceta<\/th>\n<th>Altura media plantada (desde la tierra hasta la parte superior de la planta)<\/th>\n<\/tr>\n<\/thead>\n<tbody>\n<tr>\n<td>1 gal\u00f3n\/6&#8243;<\/td>\n<td>0 &#8211; 1 ft.<\/td>\n<\/tr>\n<tr>\n<td>3 galones\/10&#8243;<\/td>\n<td>1 &#8211; 2 pies<\/td>\n<\/tr>\n<\/tbody>\n<\/table>\n<\/div>\n<\/div>\n","protected":false},"featured_media":49113,"comment_status":"open","ping_status":"closed","template":"","meta":[],"product_brand":[59,60],"product_cat":[340,359,357,311,346,310,321,363,315,393,355,361,341,308,316,358,335,323,322,330,307],"product_tag":[385,318,338],"class_list":{"0":"post-46456","1":"product","2":"type-product","3":"status-publish","4":"has-post-thumbnail","6":"product_brand-fann","7":"product_brand-fnps","8":"product_cat-alta","9":"product_cat-arena","10":"product_cat-baja-es-3","11":"product_cat-baja","12":"product_cat-bajo-mantenimiento","13":"product_cat-bien-drenado","14":"product_cat-cobertura-del-suelo","15":"product_cat-espiga","16":"product_cat-esquejes","17":"product_cat-flor-silvestre","18":"product_cat-invierno","19":"product_cat-moderada-es-4","20":"product_cat-nativo","21":"product_cat-otono","22":"product_cat-pequena","23":"product_cat-plantas-para-mariposas-plantas-para-polinizadores","24":"product_cat-pleno-sol","25":"product_cat-primavera","26":"product_cat-rapido","27":"product_cat-semilla","28":"product_cat-verano","29":"product_tag-azul","30":"product_tag-blanco","31":"product_tag-morado","32":"pa_pot-size-1-galon-6","33":"pa_pot-size-3-galones-10","34":"pa_pot-size-7-galones-14","37":"first","38":"instock","39":"taxable","40":"shipping-taxable","41":"purchasable","42":"product-type-variable"},"aioseo_notices":[],"_links":{"self":[{"href":"https:\/\/smartyplantsnursery.com\/es\/wp-json\/wp\/v2\/product\/46456","targetHints":{"allow":["GET"]}}],"collection":[{"href":"https:\/\/smartyplantsnursery.com\/es\/wp-json\/wp\/v2\/product"}],"about":[{"href":"https:\/\/smartyplantsnursery.com\/es\/wp-json\/wp\/v2\/types\/product"}],"replies":[{"embeddable":true,"href":"https:\/\/smartyplantsnursery.com\/es\/wp-json\/wp\/v2\/comments?post=46456"}],"wp:featuredmedia":[{"embeddable":true,"href":"https:\/\/smartyplantsnursery.com\/es\/wp-json\/wp\/v2\/media\/49113"}],"wp:attachment":[{"href":"https:\/\/smartyplantsnursery.com\/es\/wp-json\/wp\/v2\/media?parent=46456"}],"wp:term":[{"taxonomy":"product_brand","embeddable":true,"href":"https:\/\/smartyplantsnursery.com\/es\/wp-json\/wp\/v2\/product_brand?post=46456"},{"taxonomy":"product_cat","embeddable":true,"href":"https:\/\/smartyplantsnursery.com\/es\/wp-json\/wp\/v2\/product_cat?post=46456"},{"taxonomy":"product_tag","embeddable":true,"href":"https:\/\/smartyplantsnursery.com\/es\/wp-json\/wp\/v2\/product_tag?post=46456"}],"curies":[{"name":"wp","href":"https:\/\/api.w.org\/{rel}","templated":true}]}}