{"id":46463,"date":"2023-05-02T23:41:58","date_gmt":"2023-05-02T23:41:58","guid":{"rendered":"https:\/\/smartyplantsnursery.com\/product\/firespike-red-odontonema-strictum-red\/"},"modified":"2025-12-17T17:03:24","modified_gmt":"2025-12-17T17:03:24","slug":"firespike-red-odontonema-strictum-red","status":"publish","type":"product","link":"https:\/\/smartyplantsnursery.com\/es\/product\/firespike-red-odontonema-strictum-red\/","title":{"rendered":"Firespike Red &#8211; odontonema strictum \u201cRed\u201d"},"content":{"rendered":"<p class=\"\"><b class=\"\">Usos generales en el paisaje:<\/b> Jard\u00edn de polinizadores, plantaci\u00f3n de setos o bordes, plantaci\u00f3n en contenedores, paisajismo tropical<\/p>\n<p class=\"\"><b class=\"\">Notas sobre la restauraci\u00f3n ecol\u00f3gica:<\/b> Creaci\u00f3n de h\u00e1bitats para polinizadores, estabilizaci\u00f3n del suelo y control de la erosi\u00f3n, mejora de la biodiversidad<\/p>\n<p class=\"\"><b class=\"\">Descripci\u00f3n:<\/b> Esta planta tropical produce una espiga de flor roja a principios de primavera y oto\u00f1o. Las flores atraen a mariposas y colibr\u00edes. <\/p>\n<p class=\"\"><b class=\"\">Dimensiones:<\/b> altura 1,2 m<\/p>\n<p class=\"\"><b class=\"\">Tasa de crecimiento:<\/b> r\u00e1pida<\/p>\n<p class=\"\"><b class=\"\">Distribuci\u00f3n nativa:<\/b> Am\u00e9rica Central, partes del Caribe<\/p>\n<p class=\"\"><b class=\"\">H\u00e1bitats nativos:<\/b> Regiones costeras, sotobosques y sabanas<\/p>\n<p class=\"\"><b class=\"\">Suelos:<\/b> Con buen drenaje, arcillosos o arenosos<\/p>\n<p class=\"\"><b class=\"\">Requisitos nutricionales:<\/b> moderados<\/p>\n<p class=\"\"><b class=\"\">Tolerancia al agua salada:<\/b> moderada<\/p>\n<p class=\"\"><b class=\"\">Tolerancia al viento salado:<\/b> moderada<\/p>\n<p class=\"\"><b class=\"\">Tolerancia a la sequ\u00eda:<\/b> moderada<\/p>\n<p class=\"\"><b class=\"\">Requisitos de luz:<\/b> pleno sol<\/p>\n<p class=\"\"><b class=\"\">Color de la flor:<\/b> Rojo<\/p>\n<p class=\"\"><b class=\"\">Caracter\u00edsticas de la flor:<\/b> Tubulares, los racimos se asemejan a una espiga<\/p>\n<p class=\"\"><b class=\"\">Temporada de floraci\u00f3n:<\/b> Primavera, oto\u00f1o<\/p>\n<p class=\"\"><b class=\"\">Fruto:<\/b> Bayas peque\u00f1as de color p\u00farpura oscuro a negro<\/p>\n<p class=\"\"><b class=\"\">Vida silvestre y ecolog\u00eda:<\/b> Apoyo a los polinizadores, h\u00e1bitat de la vida silvestre, estabilizaci\u00f3n del suelo y control de la erosi\u00f3n<\/p>\n<p class=\"\"><b class=\"\">Notas de horticultura:<\/b> Se propaga por esquejes, semillas<\/p>\n<p class=\"\"><b class=\"\">Comentarios:<\/b><\/p>\n","protected":false},"excerpt":{"rendered":"<p><img decoding=\"async\" class=\"alignnone size-medium wp-image-31863\" src=\"https:\/\/smartyplantsnursery.com\/wp-content\/uploads\/2023\/04\/Screen-Shot-2023-04-22-at-11.28.02-PM-300x134.png\" alt=\"\" width=\"300\" height=\"134\"><\/p>\n<div class=\"container\">\n<div class=\"table-container\">\n<table>\n<thead>\n<tr>\n<th>Tama\u00f1o de la maceta<\/th>\n<th>Altura media plantada (desde la tierra hasta la parte superior de la planta)<\/th>\n<\/tr>\n<\/thead>\n<tbody>\n<tr>\n<td>3 galones\/10&#8243;<\/td>\n<td>1 &#8211; 2 pies<\/td>\n<\/tr>\n<tr>\n<td>7 galones\/14&#8243;<\/td>\n<td>2 &#8211; 4 pies<\/td>\n<\/tr>\n<\/tbody>\n<\/table>\n<\/div>\n<\/div>\n","protected":false},"featured_media":43881,"comment_status":"open","ping_status":"closed","template":"","meta":[],"product_brand":[],"product_cat":[304,359,310,375,317,363,315,302,369,309,361,313,360,308,358,335,323,372,322,330,332,333],"product_tag":[350],"class_list":{"0":"post-46463","1":"product","2":"type-product","3":"status-publish","4":"has-post-thumbnail","6":"product_cat-arbusto","7":"product_cat-arena","8":"product_cat-bien-drenado","9":"product_cat-borde","10":"product_cat-contenedor","11":"product_cat-espiga","12":"product_cat-esquejes","13":"product_cat-exotica","14":"product_cat-franco","15":"product_cat-moderada","16":"product_cat-moderada-es-4","17":"product_cat-moderada-es","18":"product_cat-moderada-es-3","19":"product_cat-otono","20":"product_cat-plantas-para-mariposas-plantas-para-polinizadores","21":"product_cat-pleno-sol","22":"product_cat-primavera","23":"product_cat-racimo","24":"product_cat-rapido","25":"product_cat-semilla","26":"product_cat-seto","27":"product_cat-tubular-es","28":"product_tag-rojo","29":"pa_pot-size-1-galon-6","30":"pa_pot-size-3-galones-10","31":"pa_pot-size-7-galones-14","34":"first","35":"instock","36":"taxable","37":"shipping-taxable","38":"purchasable","39":"product-type-variable"},"aioseo_notices":[],"_links":{"self":[{"href":"https:\/\/smartyplantsnursery.com\/es\/wp-json\/wp\/v2\/product\/46463","targetHints":{"allow":["GET"]}}],"collection":[{"href":"https:\/\/smartyplantsnursery.com\/es\/wp-json\/wp\/v2\/product"}],"about":[{"href":"https:\/\/smartyplantsnursery.com\/es\/wp-json\/wp\/v2\/types\/product"}],"replies":[{"embeddable":true,"href":"https:\/\/smartyplantsnursery.com\/es\/wp-json\/wp\/v2\/comments?post=46463"}],"wp:featuredmedia":[{"embeddable":true,"href":"https:\/\/smartyplantsnursery.com\/es\/wp-json\/wp\/v2\/media\/43881"}],"wp:attachment":[{"href":"https:\/\/smartyplantsnursery.com\/es\/wp-json\/wp\/v2\/media?parent=46463"}],"wp:term":[{"taxonomy":"product_brand","embeddable":true,"href":"https:\/\/smartyplantsnursery.com\/es\/wp-json\/wp\/v2\/product_brand?post=46463"},{"taxonomy":"product_cat","embeddable":true,"href":"https:\/\/smartyplantsnursery.com\/es\/wp-json\/wp\/v2\/product_cat?post=46463"},{"taxonomy":"product_tag","embeddable":true,"href":"https:\/\/smartyplantsnursery.com\/es\/wp-json\/wp\/v2\/product_tag?post=46463"}],"curies":[{"name":"wp","href":"https:\/\/api.w.org\/{rel}","templated":true}]}}