{"id":46481,"date":"2023-05-02T23:29:49","date_gmt":"2023-05-02T23:29:49","guid":{"rendered":"https:\/\/smartyplantsnursery.com\/product\/boton-rojo-ginger-costus-woodsonii\/"},"modified":"2026-02-03T15:48:30","modified_gmt":"2026-02-03T15:48:30","slug":"boton-rojo-ginger-costus-woodsonii","status":"publish","type":"product","link":"https:\/\/smartyplantsnursery.com\/es\/product\/boton-rojo-ginger-costus-woodsonii\/","title":{"rendered":"Bot\u00f3n rojo Ginger &#8211; costus woodsonii"},"content":{"rendered":"<p class=\"\"><b class=\"\">Usos generales en el paisajismo: <\/b>Paisajismo tropical, planta para polinizadores, planta de acento, planta de contenedor, plantaci\u00f3n de sotobosque, jardines de lluvia<\/p>\n<p class=\"\"><b class=\"\">Notas sobre la restauraci\u00f3n ecol\u00f3gica: <\/b>Regeneraci\u00f3n del sotobosque, apoyo a los polinizadores y rehabilitaci\u00f3n de bosques tropicales h\u00famedos.<\/p>\n<p class=\"\"><b class=\"\">Descripci\u00f3n: <\/b>Estas plantas tropicales tienen flores \u00fanicas, ya que se parecen m\u00e1s a un bot\u00f3n o capullo de flor. Se pueden cultivar en zonas de sombra total o parcial. Requieren pocos cuidados a la vez que dan a su jard\u00edn o paisaje un toque ex\u00f3tico.  <\/p>\n<p class=\"\"><b class=\"\">Dimensiones: <\/b>Altura 1,2 m; Extensi\u00f3n 0,6 &#8211; 0,9 m.<\/p>\n<p class=\"\"><b class=\"\">Tasa de crecimiento:<\/b> De moderada a r\u00e1pida<\/p>\n<p class=\"\"><b class=\"\">Distribuci\u00f3n nativa:<\/b> Am\u00e9rica Central<\/p>\n<p class=\"\"><b class=\"\">H\u00e1bitats nativos: <\/b>Selvas tropicales, que se encuentran a menudo en sotobosques h\u00famedos y a lo largo de las riberas de los r\u00edos o los bordes de los bosques<\/p>\n<p class=\"\"><b class=\"\">Suelos:<\/b> Rico, con buen drenaje<\/p>\n<p class=\"\"><b class=\"\">Requisitos nutricionales:<\/b> moderados<\/p>\n<p class=\"\"><b class=\"\">Tolerancia al agua salada:<\/b> baja<\/p>\n<p class=\"\"><b class=\"\">Tolerancia al viento salado:<\/b> baja<\/p>\n<p class=\"\"><b class=\"\">Tolerancia a la sequ\u00eda:<\/b> moderada<\/p>\n<p class=\"\"><b class=\"\">Requisitos de luz:<\/b> sol parcial a sombra<\/p>\n<p class=\"\"><b class=\"\">Color de la flor: <\/b>Br\u00e1cteas rojas, flores amarillas<\/p>\n<p class=\"\"><b class=\"\">Caracter\u00edsticas de la flor: <\/b>Peque\u00f1as, emergen sobre conos<\/p>\n<p class=\"\"><b class=\"\">Temporada de floraci\u00f3n:<\/b> Todo el a\u00f1o<\/p>\n<p class=\"\"><b class=\"\">Fruto: <\/b>Una c\u00e1psula peque\u00f1a, de seca a carnosa, de verde a marr\u00f3n, ovalada o redonda<\/p>\n<p class=\"\"><b class=\"\">Vida silvestre y ecolog\u00eda:<\/b> Atrae a los polinizadores<\/p>\n<p class=\"\"><b class=\"\">Notas de horticultura: <\/b>Se propaga a partir de semillas, divisi\u00f3n de rizomas<\/p>\n<p class=\"\"><b class=\"\">Comentarios:<\/b><\/p>\n<p>&nbsp;<\/p>\n<p>&nbsp;<\/p>\n<p>&nbsp;<\/p>\n","protected":false},"excerpt":{"rendered":"<p><img decoding=\"async\" class=\"alignnone size-medium wp-image-31863\" src=\"https:\/\/smartyplantsnursery.com\/wp-content\/uploads\/2023\/04\/Screen-Shot-2023-04-22-at-11.28.02-PM-300x134.png\" alt=\"\" width=\"300\" height=\"134\"><\/p>\n<div class=\"container\">\n<div class=\"table-container\">\n<table>\n<thead>\n<tr>\n<th>Tama\u00f1o de la maceta<\/th>\n<th>Altura media plantada (desde la tierra hasta la parte superior de la planta)<\/th>\n<\/tr>\n<\/thead>\n<tbody>\n<tr>\n<td>3 galones\/10&#8243;<\/td>\n<td>1 &#8211; 2 pies<\/td>\n<\/tr>\n<tr>\n<td>7 galones\/14&#8243;<\/td>\n<td>0,6 &#8211; 0,9 m<\/td>\n<\/tr>\n<\/tbody>\n<\/table>\n<\/div>\n<\/div>\n","protected":false},"featured_media":53571,"comment_status":"open","ping_status":"closed","template":"","meta":[],"product_brand":[],"product_cat":[304,312,311,310,317,331,302,355,309,326,313,308,316,334,358,323,322,330,303,349,377,307],"product_tag":[319,350],"class_list":{"0":"post-46481","1":"product","2":"type-product","3":"status-publish","4":"has-post-thumbnail","6":"product_cat-arbusto","7":"product_cat-baja-es","8":"product_cat-baja","9":"product_cat-bien-drenado","10":"product_cat-contenedor","11":"product_cat-division-es","12":"product_cat-exotica","13":"product_cat-invierno","14":"product_cat-moderada","15":"product_cat-moderada-es-2","16":"product_cat-moderada-es","17":"product_cat-otono","18":"product_cat-pequena","19":"product_cat-planta-de-acento","20":"product_cat-plantas-para-mariposas-plantas-para-polinizadores","21":"product_cat-primavera","22":"product_cat-rapido","23":"product_cat-semilla","24":"product_cat-sol-parcial","25":"product_cat-sombra","26":"product_cat-sotobosque","27":"product_cat-verano","28":"product_tag-amarillo","29":"product_tag-rojo","30":"pa_pot-size-1-galon-6","31":"pa_pot-size-3-galones-10","32":"pa_pot-size-7-galones-14","35":"first","36":"instock","37":"taxable","38":"shipping-taxable","39":"purchasable","40":"product-type-variable"},"aioseo_notices":[],"_links":{"self":[{"href":"https:\/\/smartyplantsnursery.com\/es\/wp-json\/wp\/v2\/product\/46481","targetHints":{"allow":["GET"]}}],"collection":[{"href":"https:\/\/smartyplantsnursery.com\/es\/wp-json\/wp\/v2\/product"}],"about":[{"href":"https:\/\/smartyplantsnursery.com\/es\/wp-json\/wp\/v2\/types\/product"}],"replies":[{"embeddable":true,"href":"https:\/\/smartyplantsnursery.com\/es\/wp-json\/wp\/v2\/comments?post=46481"}],"wp:featuredmedia":[{"embeddable":true,"href":"https:\/\/smartyplantsnursery.com\/es\/wp-json\/wp\/v2\/media\/53571"}],"wp:attachment":[{"href":"https:\/\/smartyplantsnursery.com\/es\/wp-json\/wp\/v2\/media?parent=46481"}],"wp:term":[{"taxonomy":"product_brand","embeddable":true,"href":"https:\/\/smartyplantsnursery.com\/es\/wp-json\/wp\/v2\/product_brand?post=46481"},{"taxonomy":"product_cat","embeddable":true,"href":"https:\/\/smartyplantsnursery.com\/es\/wp-json\/wp\/v2\/product_cat?post=46481"},{"taxonomy":"product_tag","embeddable":true,"href":"https:\/\/smartyplantsnursery.com\/es\/wp-json\/wp\/v2\/product_tag?post=46481"}],"curies":[{"name":"wp","href":"https:\/\/api.w.org\/{rel}","templated":true}]}}