{"id":46491,"date":"2023-05-01T00:20:05","date_gmt":"2023-05-01T00:20:05","guid":{"rendered":"https:\/\/smartyplantsnursery.com\/product\/tejo-enano-japones-podocarpus-macrophyllus-pringles\/"},"modified":"2026-04-07T21:46:49","modified_gmt":"2026-04-07T21:46:49","slug":"tejo-enano-japones-podocarpus-macrophyllus-pringles","status":"publish","type":"product","link":"https:\/\/smartyplantsnursery.com\/es\/product\/tejo-enano-japones-podocarpus-macrophyllus-pringles\/","title":{"rendered":"Tejo enano japon\u00e9s &#8211; podocarpus macrophyllus \u201cpringles\u201d"},"content":{"rendered":"<p class=\"\"><b class=\"\">Usos generales en el paisajismo:<\/b> Seto y borde, ejemplar o acento, xerojardiner\u00eda<\/p>\n<p class=\"\"><b class=\"\">Notas sobre la restauraci\u00f3n ecol\u00f3gica:<\/b> Control de la erosi\u00f3n, apoyo a la vida silvestre<\/p>\n<p class=\"\"><b class=\"\">Descripci\u00f3n:<\/b> El Podocarpus enano es un arbusto denso que se puede utilizar como un peque\u00f1o seto o que se puede moldear de forma decorativa. Es de crecimiento lento y, por lo tanto, no requiere mucho mantenimiento. <\/p>\n<p class=\"\"><b class=\"\">Dimensiones:<\/b> Altura 3 pies.<\/p>\n<p class=\"\"><b class=\"\">Tasa de crecimiento:<\/b> Lento a moderado<\/p>\n<p class=\"\"><b class=\"\">Distribuci\u00f3n nativa:<\/b> Asia oriental<\/p>\n<p class=\"\"><b class=\"\">H\u00e1bitats nativos:<\/b> Bosques subtropicales y templados c\u00e1lidos, que a menudo crecen en zonas monta\u00f1osas y rocosas, riberas de r\u00edos y bosques costeros.<\/p>\n<p class=\"\"><b class=\"\">Suelos:<\/b> Bien drenados, ligeramente \u00e1cidos a neutros (pH 5,5 &#8211; 7,5)<\/p>\n<p class=\"\"><b class=\"\">Requisitos nutricionales:<\/b> moderados<\/p>\n<p class=\"\"><b class=\"\">Tolerancia al agua salada:<\/b> moderada<\/p>\n<p class=\"\"><b class=\"\">Tolerancia al viento salado:<\/b> moderada<\/p>\n<p class=\"\"><b class=\"\">Tolerancia a la sequ\u00eda:<\/b> moderada<\/p>\n<p class=\"\"><b class=\"\">Requisitos de luz:<\/b> pleno sol a sombra<\/p>\n<p class=\"\"><b class=\"\">Color de la flor:<\/b> Masculina (marr\u00f3n amarillento), femenina (verde)<\/p>\n<p class=\"\"><b class=\"\">Caracter\u00edsticas de la flor:<\/b> Peque\u00f1as estructuras reproductivas discretas que se asemejan a conos<\/p>\n<p class=\"\"><b class=\"\">Temporada de floraci\u00f3n:<\/b> Primavera a principios de verano<\/p>\n<p class=\"\"><b class=\"\">Fruto:<\/b> Conos de semillas carnosos, parecidos a bayas<\/p>\n<p class=\"\"><b class=\"\">Vida silvestre y ecolog\u00eda:<\/b> Proporciona refugio para aves y peque\u00f1os mam\u00edferos.<\/p>\n<p class=\"\"><b class=\"\">Notas de horticultura:<\/b> Se cultiva a partir de esquejes o semillas.<\/p>\n<p class=\"\"><b class=\"\">Comentarios:<\/b><\/p>\n<p>&nbsp;<\/p>\n<p>&nbsp;<\/p>\n","protected":false},"excerpt":{"rendered":"<p><img fetchpriority=\"high\" decoding=\"async\" class=\"alignnone size-medium wp-image-54744\" src=\"https:\/\/smartyplantsnursery.com\/wp-content\/uploads\/2023\/04\/Screenshot-2026-03-03-at-2.22.47-PM-300x185.webp\" alt=\"\" width=\"300\" height=\"185\"><\/p>\n<div class=\"container\">\n<div class=\"table-container\">\n<table>\n<thead>\n<tr>\n<th>Tama\u00f1o de la maceta<\/th>\n<th>Altura media plantada (desde la tierra hasta la parte superior de la planta)<\/th>\n<\/tr>\n<\/thead>\n<tbody>\n<tr>\n<td>3 galones\/10&#8243;<\/td>\n<td>0 &#8211; 1 pie<\/td>\n<\/tr>\n<tr>\n<td>7 galones\/35 cm<\/td>\n<td>30 &#8211; 60 cm<\/td>\n<\/tr>\n<tr>\n<td>15 galones\/17&#8243;<\/td>\n<td>2 &#8211; 3 pies<\/td>\n<\/tr>\n<\/tbody>\n<\/table>\n<\/div>\n<\/div>\n","protected":false},"featured_media":52911,"comment_status":"open","ping_status":"closed","template":"","meta":[],"product_brand":[],"product_cat":[343,304,310,375,315,302,365,306,360,309,361,326,345,316,334,314,335,323,330,332,303,349,307,342],"product_tag":[319,356,327],"class_list":{"0":"post-46491","1":"product","2":"type-product","3":"status-publish","4":"has-post-thumbnail","6":"product_cat-acido","7":"product_cat-arbusto","8":"product_cat-bien-drenado","9":"product_cat-borde","10":"product_cat-esquejes","11":"product_cat-exotica","12":"product_cat-inconspicuo","13":"product_cat-lenta","14":"product_cat-moderada-es-3","15":"product_cat-moderada","16":"product_cat-moderada-es-4","17":"product_cat-moderada-es-2","18":"product_cat-neutro","19":"product_cat-pequena","20":"product_cat-planta-de-acento","21":"product_cat-planta-de-especimen","22":"product_cat-pleno-sol","23":"product_cat-primavera","24":"product_cat-semilla","25":"product_cat-seto","26":"product_cat-sol-parcial","27":"product_cat-sombra","28":"product_cat-verano","29":"product_cat-xerojardin","30":"product_tag-amarillo","31":"product_tag-marron","32":"product_tag-verde","33":"pa_pot-size-15-galones-17","34":"pa_pot-size-3-galones-10","35":"pa_pot-size-7-galones-14","38":"first","39":"instock","40":"taxable","41":"shipping-taxable","42":"purchasable","43":"product-type-variable"},"aioseo_notices":[],"_links":{"self":[{"href":"https:\/\/smartyplantsnursery.com\/es\/wp-json\/wp\/v2\/product\/46491","targetHints":{"allow":["GET"]}}],"collection":[{"href":"https:\/\/smartyplantsnursery.com\/es\/wp-json\/wp\/v2\/product"}],"about":[{"href":"https:\/\/smartyplantsnursery.com\/es\/wp-json\/wp\/v2\/types\/product"}],"replies":[{"embeddable":true,"href":"https:\/\/smartyplantsnursery.com\/es\/wp-json\/wp\/v2\/comments?post=46491"}],"wp:featuredmedia":[{"embeddable":true,"href":"https:\/\/smartyplantsnursery.com\/es\/wp-json\/wp\/v2\/media\/52911"}],"wp:attachment":[{"href":"https:\/\/smartyplantsnursery.com\/es\/wp-json\/wp\/v2\/media?parent=46491"}],"wp:term":[{"taxonomy":"product_brand","embeddable":true,"href":"https:\/\/smartyplantsnursery.com\/es\/wp-json\/wp\/v2\/product_brand?post=46491"},{"taxonomy":"product_cat","embeddable":true,"href":"https:\/\/smartyplantsnursery.com\/es\/wp-json\/wp\/v2\/product_cat?post=46491"},{"taxonomy":"product_tag","embeddable":true,"href":"https:\/\/smartyplantsnursery.com\/es\/wp-json\/wp\/v2\/product_tag?post=46491"}],"curies":[{"name":"wp","href":"https:\/\/api.w.org\/{rel}","templated":true}]}}