{"id":46492,"date":"2023-04-19T01:20:41","date_gmt":"2023-04-19T01:20:41","guid":{"rendered":"https:\/\/smartyplantsnursery.com\/product\/regina-iris-lirio-gigante-de-los-apostoles-neomarica-caerulea-regina\/"},"modified":"2026-03-07T14:00:11","modified_gmt":"2026-03-07T14:00:11","slug":"regina-iris-lirio-gigante-de-los-apostoles-neomarica-caerulea-regina","status":"publish","type":"product","link":"https:\/\/smartyplantsnursery.com\/es\/product\/regina-iris-lirio-gigante-de-los-apostoles-neomarica-caerulea-regina\/","title":{"rendered":"Regina Iris, lirio gigante de los ap\u00f3stoles &#8211; neomarica caerulea \u201cRegina\u201d"},"content":{"rendered":"<p class=\"\"><b class=\"\">Usos generales en el paisajismo:<\/b> Bordes, plantaciones de sotobosque tropical, contenedores y jardineras de patio, plantaciones masivas, planta de acento<\/p>\n<p class=\"\"><b class=\"\">Notas sobre la restauraci\u00f3n ecol\u00f3gica:<\/b> N\u00e9ctar para polinizadores, apoyo al h\u00e1bitat<\/p>\n<p class=\"\"><b class=\"\">Descripci\u00f3n:<\/b> Un aspecto muy uniforme y limpio es lo que hace que esta planta sea \u00fanica, as\u00ed como sus flores de color p\u00farpura intenso que, cuando florecen, son simplemente llamativas. Son ideales como planta de acento en su paisaje o jard\u00edn. \u00a1Tambi\u00e9n se pueden cultivar a la sombra!  <\/p>\n<p class=\"\"><b class=\"\">Dimensiones:<\/b> Altura 0,9 m; Extensi\u00f3n 0,6 &#8211; 0,9 m<\/p>\n<p class=\"\"><b class=\"\">Tasa de crecimiento:<\/b> De moderada a r\u00e1pida<\/p>\n<p class=\"\"><b class=\"\">Distribuci\u00f3n nativa:<\/b> Brasil<\/p>\n<p class=\"\"><b class=\"\">H\u00e1bitats nativos:<\/b> Bioma del Bosque Atl\u00e1ntico<\/p>\n<p class=\"\"><b class=\"\">Suelos:<\/b> H\u00famedos, bien drenados<\/p>\n<p class=\"\"><b class=\"\">Requisitos nutricionales:<\/b> moderados<\/p>\n<p class=\"\"><b class=\"\">Tolerancia al agua salada:<\/b> baja<\/p>\n<p class=\"\"><b class=\"\">Tolerancia al viento salado:<\/b> baja<\/p>\n<p class=\"\"><b class=\"\">Tolerancia a la sequ\u00eda:<\/b> moderada<\/p>\n<p class=\"\"><b class=\"\">Requisitos de luz:<\/b> pleno sol a sol parcial<\/p>\n<p class=\"\"><b class=\"\">Color de la flor:<\/b> p\u00farpura<\/p>\n<p class=\"\"><b class=\"\">Caracter\u00edsticas de la flor:<\/b> Fragante, forma peque\u00f1as plantas en la punta de los tallos de las flores<\/p>\n<p class=\"\"><b class=\"\">Temporada de floraci\u00f3n:<\/b> Desde finales de primavera hasta principios de verano<\/p>\n<p class=\"\"><b class=\"\">Fruto:<\/b> C\u00e1psula seca, peque\u00f1a, alargada u ovalada; de verde a marr\u00f3n cuando madura<\/p>\n<p class=\"\"><b class=\"\">Vida silvestre y ecolog\u00eda:<\/b> Apoyo a los polinizadores, estructura del h\u00e1bitat<\/p>\n<p class=\"\"><b class=\"\">Notas de horticultura:<\/b> Se cultiva a partir de divisi\u00f3n, semilla<\/p>\n<p class=\"\"><b class=\"\">Comentarios:<\/b><\/p>\n","protected":false},"excerpt":{"rendered":"<p><img decoding=\"async\" class=\"alignnone size-medium wp-image-31863\" src=\"https:\/\/smartyplantsnursery.com\/wp-content\/uploads\/2023\/04\/Screen-Shot-2023-04-22-at-11.28.02-PM-300x134.png\" alt=\"\" width=\"300\" height=\"134\"><\/p>\n<div class=\"container\">\n<div class=\"table-container\">\n<table>\n<thead>\n<tr>\n<th>Tama\u00f1o de la maceta<\/th>\n<th>Altura media plantada (desde la tierra hasta la parte superior de la planta)<\/th>\n<\/tr>\n<\/thead>\n<tbody>\n<tr>\n<td>1 gal\u00f3n\/6 pulgadas<\/td>\n<td>0 &#8211; 1,5 pies<\/td>\n<\/tr>\n<tr>\n<td>3 galones\/10 pulgadas<\/td>\n<td>1,5 &#8211; 3 pies<\/td>\n<\/tr>\n<\/tbody>\n<\/table>\n<\/div>\n<\/div>\n","protected":false},"featured_media":51958,"comment_status":"open","ping_status":"closed","template":"","meta":[],"product_brand":[],"product_cat":[304,311,312,310,375,317,331,302,374,309,313,326,334,335,323,322,330,303,377,307],"product_tag":[338],"class_list":{"0":"post-46492","1":"product","2":"type-product","3":"status-publish","4":"has-post-thumbnail","6":"product_cat-arbusto","7":"product_cat-baja","8":"product_cat-baja-es","9":"product_cat-bien-drenado","10":"product_cat-borde","11":"product_cat-contenedor","12":"product_cat-division-es","13":"product_cat-exotica","14":"product_cat-fragante-2","15":"product_cat-moderada","16":"product_cat-moderada-es","17":"product_cat-moderada-es-2","18":"product_cat-planta-de-acento","19":"product_cat-pleno-sol","20":"product_cat-primavera","21":"product_cat-rapido","22":"product_cat-semilla","23":"product_cat-sol-parcial","24":"product_cat-sotobosque","25":"product_cat-verano","26":"product_tag-morado","27":"pa_pot-size-1-galon-6","28":"pa_pot-size-3-galones-10","31":"first","32":"instock","33":"taxable","34":"shipping-taxable","35":"purchasable","36":"product-type-variable"},"aioseo_notices":[],"_links":{"self":[{"href":"https:\/\/smartyplantsnursery.com\/es\/wp-json\/wp\/v2\/product\/46492","targetHints":{"allow":["GET"]}}],"collection":[{"href":"https:\/\/smartyplantsnursery.com\/es\/wp-json\/wp\/v2\/product"}],"about":[{"href":"https:\/\/smartyplantsnursery.com\/es\/wp-json\/wp\/v2\/types\/product"}],"replies":[{"embeddable":true,"href":"https:\/\/smartyplantsnursery.com\/es\/wp-json\/wp\/v2\/comments?post=46492"}],"wp:featuredmedia":[{"embeddable":true,"href":"https:\/\/smartyplantsnursery.com\/es\/wp-json\/wp\/v2\/media\/51958"}],"wp:attachment":[{"href":"https:\/\/smartyplantsnursery.com\/es\/wp-json\/wp\/v2\/media?parent=46492"}],"wp:term":[{"taxonomy":"product_brand","embeddable":true,"href":"https:\/\/smartyplantsnursery.com\/es\/wp-json\/wp\/v2\/product_brand?post=46492"},{"taxonomy":"product_cat","embeddable":true,"href":"https:\/\/smartyplantsnursery.com\/es\/wp-json\/wp\/v2\/product_cat?post=46492"},{"taxonomy":"product_tag","embeddable":true,"href":"https:\/\/smartyplantsnursery.com\/es\/wp-json\/wp\/v2\/product_tag?post=46492"}],"curies":[{"name":"wp","href":"https:\/\/api.w.org\/{rel}","templated":true}]}}