{"id":46495,"date":"2023-04-19T01:11:29","date_gmt":"2023-04-19T01:11:29","guid":{"rendered":"https:\/\/smartyplantsnursery.com\/product\/allamanda-bush-allamanda-schottii\/"},"modified":"2026-03-04T17:51:24","modified_gmt":"2026-03-04T17:51:24","slug":"allamanda-bush-allamanda-schottii","status":"publish","type":"product","link":"https:\/\/smartyplantsnursery.com\/es\/product\/allamanda-bush-allamanda-schottii\/","title":{"rendered":"Allamanda Bush &#8211; allamanda schottii"},"content":{"rendered":"<p><b>Usos generales en el paisajismo:<\/b> arbusto ornamental com\u00fan en jardines tropicales, setos y bordes, control de la erosi\u00f3n y como planta en maceta<\/p>\n<p><b>Notas sobre la restauraci\u00f3n ecol\u00f3gica:<\/b> control de la erosi\u00f3n y estabilizaci\u00f3n del suelo, atracci\u00f3n de polinizadores y apoyo al h\u00e1bitat, tolerancia a la sequ\u00eda y al calor, bajo mantenimiento y crecimiento r\u00e1pido<\/p>\n<p><b>Descripci\u00f3n:<\/b> Un arbusto de hoja perenne y floraci\u00f3n originario de Am\u00e9rica del Sur. Es apreciado por sus flores de color amarillo brillante en forma de trompeta. <\/p>\n<p><b>Dimensiones:<\/b> Altura m\u00e1xima: 2,4 m.<\/p>\n<p><b>Tasa de crecimiento:<\/b> r\u00e1pida<\/p>\n<p><b>Distribuci\u00f3n nativa:<\/b> Sudam\u00e9rica (particularmente Brasil)<\/p>\n<p><b>H\u00e1bitats nativos:<\/b> Bosques abiertos y bordes de bosques: se encuentra a lo largo de zonas de transici\u00f3n entre bosques y pastizales; zonas ribere\u00f1as: crece cerca de arroyos, r\u00edos y m\u00e1rgenes de humedales, benefici\u00e1ndose de inundaciones ocasionales.<\/p>\n<p><b>Suelos:<\/b> suelos arenosos o limosos con buen drenaje, que se encuentran a menudo en \u00e1reas ligeramente perturbadas;<\/p>\n<p><b>Requisitos nutricionales:<\/b> tolera suelos pobres<\/p>\n<p><b>Tolerancia al agua salada:<\/b> De baja a moderada<\/p>\n<p><b>Tolerancia al viento salado:<\/b> moderada<\/p>\n<p><b>Tolerancia a la sequ\u00eda:<\/b> moderada<\/p>\n<p><b>Requisitos de luz:<\/b> pleno sol a sol parcial<\/p>\n<p><b>Color de la flor:<\/b> amarillo<\/p>\n<p><b>Caracter\u00edsticas de la flor:<\/b> Forma de trompeta<\/p>\n<p><b>Temporada de floraci\u00f3n:<\/b> Todo el a\u00f1o<\/p>\n<p><b>Fruto:<\/b> espinoso, parecido a una c\u00e1psula<\/p>\n<p><b>Vida silvestre y ecolog\u00eda:<\/b> Prospera en ambientes c\u00e1lidos y h\u00famedos con abundante luz solar. Atrae a los polinizadores. <\/p>\n<p><b>Notas de horticultura:<\/b> Propagaci\u00f3n por esquejes o por semillas.<\/p>\n<p><b>Comentarios:<\/b><\/p>\n<div class=\"chkout-product-info-lbl\"><\/div>\n","protected":false},"excerpt":{"rendered":"<p><img fetchpriority=\"high\" decoding=\"async\" class=\"alignnone size-medium wp-image-54744\" src=\"https:\/\/smartyplantsnursery.com\/wp-content\/uploads\/2023\/04\/Screenshot-2026-03-03-at-2.22.47-PM-300x185.png\" alt=\"\" width=\"300\" height=\"185\"><\/p>\n<div class=\"container\">\n<div class=\"table-container\">\n<table>\n<thead>\n<tr>\n<th>Tama\u00f1o de la maceta<\/th>\n<th>Altura media plantada (desde la tierra hasta la parte superior de la planta)<\/th>\n<\/tr>\n<\/thead>\n<tbody>\n<tr>\n<td>3 galones\/10&#8243;<\/td>\n<td>1 &#8211; 2 pies<\/td>\n<\/tr>\n<tr>\n<td>7 galones\/14&#8243;<\/td>\n<td>2 &#8211; 4 pies<\/td>\n<\/tr>\n<\/tbody>\n<\/table>\n<\/div>\n<\/div>\n","protected":false},"featured_media":52395,"comment_status":"open","ping_status":"closed","template":"","meta":[],"product_brand":[],"product_cat":[100,210,204,212,208,246,258,234,65,237,194,213,217,221,203,81,200,198,226,167,83,202],"product_tag":[192],"class_list":{"0":"post-46495","1":"product","2":"type-product","3":"status-publish","4":"has-post-thumbnail","6":"product_cat-shrub","7":"product_cat-sand","8":"product_cat-low","9":"product_cat-low-salt-water-tolerance","10":"product_cat-well-drained","11":"product_cat-border","12":"product_cat-container","13":"product_cat-cuttings","14":"product_cat-exotic","15":"product_cat-loam","16":"product_cat-winter","17":"product_cat-moderate-salt-water-tolerance","18":"product_cat-moderate-salt-wind-tolerance","19":"product_cat-moderate-drought-tolerance","20":"product_cat-fall","21":"product_cat-full-sun","22":"product_cat-spring","23":"product_cat-fast","24":"product_cat-seed","25":"product_cat-hedge","26":"product_cat-part-sun","27":"product_cat-summer-flowering-season","28":"product_tag-yellow","29":"pa_pot-size-3-gallon-10","30":"pa_pot-size-7-gallon-14","33":"first","34":"instock","35":"taxable","36":"shipping-taxable","37":"purchasable","38":"product-type-variable"},"aioseo_notices":[],"_links":{"self":[{"href":"https:\/\/smartyplantsnursery.com\/es\/wp-json\/wp\/v2\/product\/46495","targetHints":{"allow":["GET"]}}],"collection":[{"href":"https:\/\/smartyplantsnursery.com\/es\/wp-json\/wp\/v2\/product"}],"about":[{"href":"https:\/\/smartyplantsnursery.com\/es\/wp-json\/wp\/v2\/types\/product"}],"replies":[{"embeddable":true,"href":"https:\/\/smartyplantsnursery.com\/es\/wp-json\/wp\/v2\/comments?post=46495"}],"wp:featuredmedia":[{"embeddable":true,"href":"https:\/\/smartyplantsnursery.com\/es\/wp-json\/wp\/v2\/media\/52395"}],"wp:attachment":[{"href":"https:\/\/smartyplantsnursery.com\/es\/wp-json\/wp\/v2\/media?parent=46495"}],"wp:term":[{"taxonomy":"product_brand","embeddable":true,"href":"https:\/\/smartyplantsnursery.com\/es\/wp-json\/wp\/v2\/product_brand?post=46495"},{"taxonomy":"product_cat","embeddable":true,"href":"https:\/\/smartyplantsnursery.com\/es\/wp-json\/wp\/v2\/product_cat?post=46495"},{"taxonomy":"product_tag","embeddable":true,"href":"https:\/\/smartyplantsnursery.com\/es\/wp-json\/wp\/v2\/product_tag?post=46495"}],"curies":[{"name":"wp","href":"https:\/\/api.w.org\/{rel}","templated":true}]}}