{"id":46500,"date":"2023-05-01T00:12:19","date_gmt":"2023-05-01T00:12:19","guid":{"rendered":"https:\/\/smartyplantsnursery.com\/product\/tejo-japones-podocarpus-macrophyllus\/"},"modified":"2026-01-07T00:30:28","modified_gmt":"2026-01-07T00:30:28","slug":"tejo-japones-podocarpus-macrophyllus","status":"publish","type":"product","link":"https:\/\/smartyplantsnursery.com\/es\/product\/tejo-japones-podocarpus-macrophyllus\/","title":{"rendered":"Tejo japon\u00e9s &#8211; podocarpus macrophyllus"},"content":{"rendered":"<p class=\"\"><b class=\"\">Usos generales en el paisajismo:<\/b> seto o pantalla de privacidad, \u00e1rbol ornamental, plantaci\u00f3n de cimientos, xerojardiner\u00eda<\/p>\n<p class=\"\"><b class=\"\">Notas sobre la restauraci\u00f3n ecol\u00f3gica:<\/b> H\u00e1bitat de vida silvestre, conservaci\u00f3n del suelo y el agua, secuestro de carbono<\/p>\n<p class=\"\"><b class=\"\">Descripci\u00f3n:<\/b> El podocarpus es un excelente seto, a menudo utilizado para la privacidad. Se puede mantener m\u00e1s estrecho que otros setos y es f\u00e1cil de mantener, ya que es de crecimiento m\u00e1s lento. El podocarpus crece denso, tiene un color verde intenso, se puede mantener muy limpio y le da un aspecto bien cuidado al jard\u00edn.  <\/p>\n<p class=\"\"><b class=\"\">Dimensiones:<\/b> Altura: 3 m<\/p>\n<p class=\"\"><b class=\"\">Tasa de crecimiento:<\/b> Lento a moderado<\/p>\n<p class=\"\"><b class=\"\">Rango nativo:<\/b> China, Jap\u00f3n, Taiw\u00e1n y el Himalaya<\/p>\n<p class=\"\"><b class=\"\">H\u00e1bitats nativos:<\/b> Bosques subtropicales y templados, laderas monta\u00f1osas y de colinas, zonas costeras y ribere\u00f1as<\/p>\n<p class=\"\"><b class=\"\">Suelos:<\/b> Bien drenados, francos<\/p>\n<p class=\"\"><b class=\"\">Requisitos nutricionales:<\/b> moderados<\/p>\n<p class=\"\"><b class=\"\">Tolerancia al agua salada:<\/b> moderada<\/p>\n<p class=\"\"><b class=\"\">Tolerancia al viento salado:<\/b> moderada<\/p>\n<p class=\"\"><b class=\"\">Tolerancia a la sequ\u00eda:<\/b> moderada<\/p>\n<p class=\"\"><b class=\"\">Requisitos de luz:<\/b> pleno sol a sombra<\/p>\n<p class=\"\"><b class=\"\">Color de la flor:<\/b> Amarillo p\u00e1lido a marr\u00f3n claro<\/p>\n<p class=\"\"><b class=\"\">Caracter\u00edsticas de la flor:<\/b> Conos peque\u00f1os y poco llamativos<\/p>\n<p class=\"\"><b class=\"\">Temporada de floraci\u00f3n:<\/b> Primavera<\/p>\n<p class=\"\"><b class=\"\">Fruta:<\/b> Conos de semillas carnosos, p\u00farpuras a rojos, parecidos a ciruelas<\/p>\n<p class=\"\"><b class=\"\">Vida silvestre y ecolog\u00eda:<\/b> H\u00e1bitat de vida silvestre<\/p>\n<p class=\"\"><b class=\"\">Notas de horticultura:<\/b> Se cultiva a partir de semillas, esquejes<\/p>\n<p class=\"\"><b class=\"\">Comentarios:<\/b><\/p>\n<p>&nbsp;<\/p>\n<p>&nbsp;<\/p>\n","protected":false},"excerpt":{"rendered":"<p><img decoding=\"async\" class=\"alignnone size-medium wp-image-31863\" src=\"https:\/\/smartyplantsnursery.com\/wp-content\/uploads\/2023\/04\/Screen-Shot-2023-04-22-at-11.28.02-PM-300x134.png\" alt=\"\" width=\"300\" height=\"134\"><\/p>\n<div class=\"container\">\n<div class=\"table-container\">\n<table>\n<thead>\n<tr>\n<th>Tama\u00f1o de la maceta<\/th>\n<th>Altura media plantada (desde la tierra hasta la parte superior de la planta)<\/th>\n<\/tr>\n<\/thead>\n<tbody>\n<tr>\n<td>1 gal\u00f3n\/6&#8243;<\/td>\n<td>0 &#8211; 1 ft.<\/td>\n<\/tr>\n<tr>\n<td>3 galones\/10&#8243;<\/td>\n<td>1 &#8211; 2 pies<\/td>\n<\/tr>\n<tr>\n<td>7 galones\/14&#8243;<\/td>\n<td>2 &#8211; 4 pies<\/td>\n<\/tr>\n<tr>\n<td>15 galones\/17&#8243;<\/td>\n<td>4 &#8211; 6 pies<\/td>\n<\/tr>\n<tr>\n<td>25 galones\/21&#8243;<\/td>\n<td>6 &#8211; 8 pies<\/td>\n<\/tr>\n<tr>\n<td>45 galones\/28&#8243;<\/td>\n<td>8 &#8211; 10 pies<\/td>\n<\/tr>\n<\/tbody>\n<\/table>\n<\/div>\n<\/div>\n","protected":false},"featured_media":50974,"comment_status":"open","ping_status":"closed","template":"","meta":[],"product_brand":[],"product_cat":[304,310,315,302,369,306,309,313,326,360,361,378,316,335,323,330,332,303,349,342],"product_tag":[319,356],"class_list":{"0":"post-46500","1":"product","2":"type-product","3":"status-publish","4":"has-post-thumbnail","6":"product_cat-arbusto","7":"product_cat-bien-drenado","8":"product_cat-esquejes","9":"product_cat-exotica","10":"product_cat-franco","11":"product_cat-lenta","12":"product_cat-moderada","13":"product_cat-moderada-es","14":"product_cat-moderada-es-2","15":"product_cat-moderada-es-3","16":"product_cat-moderada-es-4","17":"product_cat-pantalla","18":"product_cat-pequena","19":"product_cat-pleno-sol","20":"product_cat-primavera","21":"product_cat-semilla","22":"product_cat-seto","23":"product_cat-sol-parcial","24":"product_cat-sombra","25":"product_cat-xerojardin","26":"product_tag-amarillo","27":"product_tag-marron","28":"pa_pot-size-1-galon-6","29":"pa_pot-size-15-galones-17","30":"pa_pot-size-25-galones-21","31":"pa_pot-size-3-galones-10","32":"pa_pot-size-45-galones-28","33":"pa_pot-size-7-galones-14","36":"first","37":"instock","38":"taxable","39":"shipping-taxable","40":"purchasable","41":"product-type-variable"},"aioseo_notices":[],"_links":{"self":[{"href":"https:\/\/smartyplantsnursery.com\/es\/wp-json\/wp\/v2\/product\/46500","targetHints":{"allow":["GET"]}}],"collection":[{"href":"https:\/\/smartyplantsnursery.com\/es\/wp-json\/wp\/v2\/product"}],"about":[{"href":"https:\/\/smartyplantsnursery.com\/es\/wp-json\/wp\/v2\/types\/product"}],"replies":[{"embeddable":true,"href":"https:\/\/smartyplantsnursery.com\/es\/wp-json\/wp\/v2\/comments?post=46500"}],"wp:featuredmedia":[{"embeddable":true,"href":"https:\/\/smartyplantsnursery.com\/es\/wp-json\/wp\/v2\/media\/50974"}],"wp:attachment":[{"href":"https:\/\/smartyplantsnursery.com\/es\/wp-json\/wp\/v2\/media?parent=46500"}],"wp:term":[{"taxonomy":"product_brand","embeddable":true,"href":"https:\/\/smartyplantsnursery.com\/es\/wp-json\/wp\/v2\/product_brand?post=46500"},{"taxonomy":"product_cat","embeddable":true,"href":"https:\/\/smartyplantsnursery.com\/es\/wp-json\/wp\/v2\/product_cat?post=46500"},{"taxonomy":"product_tag","embeddable":true,"href":"https:\/\/smartyplantsnursery.com\/es\/wp-json\/wp\/v2\/product_tag?post=46500"}],"curies":[{"name":"wp","href":"https:\/\/api.w.org\/{rel}","templated":true}]}}