{"id":46505,"date":"2023-04-19T01:03:13","date_gmt":"2023-04-19T01:03:13","guid":{"rendered":"https:\/\/smartyplantsnursery.com\/product\/agave-de-siglo-agave-lophantha-quadricolor\/"},"modified":"2026-03-31T18:24:54","modified_gmt":"2026-03-31T18:24:54","slug":"agave-de-siglo-agave-lophantha-quadricolor","status":"publish","type":"product","link":"https:\/\/smartyplantsnursery.com\/es\/product\/agave-de-siglo-agave-lophantha-quadricolor\/","title":{"rendered":"Agave de siglo &#8211; agave lophantha \u201cquadricolor\u201d"},"content":{"rendered":"<p class=\"\"><b class=\"\">Usos generales en el paisajismo:<\/b> jardines de rocas, xerojardiner\u00eda, jardiner\u00eda en contenedores y como planta de acento.<\/p>\n<p class=\"\"><b class=\"\">Notas sobre la restauraci\u00f3n ecol\u00f3gica:<\/b> estabilizaci\u00f3n del suelo, resistencia a la sequ\u00eda, apoyo a la vida silvestre, secuestro de carbono, bajo mantenimiento<\/p>\n<p class=\"\"><b class=\"\">Descripci\u00f3n:<\/b> Contorno amarillo p\u00e1lido con una raya verde brillante en el medio, es dif\u00edcil no notarlo. A diferencia de la mayor\u00eda de los Agave, este crece de una manera m\u00e1s peque\u00f1a y compacta. Ideal para macetas y bajo mantenimiento.  <\/p>\n<p class=\"\"><b class=\"\">Dimensiones:<\/b> Altura 3 pies.<\/p>\n<p class=\"\"><b class=\"\">Tasa de crecimiento:<\/b> Lento a moderado<\/p>\n<p class=\"\"><b class=\"\">Distribuci\u00f3n nativa:<\/b> noreste de M\u00e9xico y sur de Texas<\/p>\n<p class=\"\"><b class=\"\">H\u00e1bitats nativos:<\/b> desiertos, laderas rocosas y bosques abiertos<\/p>\n<p class=\"\"><b class=\"\">Suelos:<\/b> Con buen drenaje<\/p>\n<p class=\"\"><b class=\"\">Requisitos nutricionales:<\/b> bajos<\/p>\n<p class=\"\"><b class=\"\">Tolerancia al agua salada:<\/b> De baja a moderada<\/p>\n<p class=\"\"><b class=\"\">Tolerancia al viento salado:<\/b> moderada<\/p>\n<p class=\"\"><b class=\"\">Tolerancia a la sequ\u00eda:<\/b> alta<\/p>\n<p class=\"\"><b class=\"\">Requisitos de luz:<\/b> pleno sol a sol parcial<\/p>\n<p class=\"\"><b class=\"\">Color de la flor: <\/b>Amarillo verdoso<\/p>\n<p class=\"\"><b class=\"\">Caracter\u00edsticas de la flor:<\/b> florece una vez en su vida<\/p>\n<p class=\"\"><b class=\"\">Temporada de floraci\u00f3n:<\/b> despu\u00e9s de 7 a 15 a\u00f1os<\/p>\n<p class=\"\"><b class=\"\">Fruto:<\/b> c\u00e1psula seca y dehiscente que comienza verde y luego se vuelve marr\u00f3n y le\u00f1osa a medida que madura.<\/p>\n<p class=\"\"><b class=\"\">Vida silvestre y ecolog\u00eda:<\/b> apoyo a los polinizadores, estabilizaci\u00f3n del suelo y control de la erosi\u00f3n, adaptaci\u00f3n a la sequ\u00eda y al fuego, h\u00e1bitat de la vida silvestre y fuente de alimento,<\/p>\n<p class=\"\"><b class=\"\">Notas de horticultura:<\/b> se propaga retirando y replantando los hijuelos o por semilla.<\/p>\n<p class=\"\"><b class=\"\">Comentarios:<\/b><\/p>\n<p>&nbsp;<\/p>\n<div class=\"chkout-product-info-lbl\"><\/div>\n<div class=\"chkout-product-info-lbl\"><\/div>\n","protected":false},"excerpt":{"rendered":"<p><img fetchpriority=\"high\" decoding=\"async\" class=\"alignnone size-medium wp-image-54744\" src=\"https:\/\/smartyplantsnursery.com\/wp-content\/uploads\/2023\/04\/Screenshot-2026-03-03-at-2.22.47-PM-300x185.webp\" alt=\"\" width=\"300\" height=\"185\"><\/p>\n<div class=\"container\">\n<div class=\"table-container\">\n<table>\n<thead>\n<tr>\n<th>Tama\u00f1o de la maceta<\/th>\n<th>Altura media plantada (desde la tierra hasta la parte superior de la planta)<\/th>\n<\/tr>\n<\/thead>\n<tbody>\n<tr>\n<td>3 galones\/10&#8243;<\/td>\n<td>0,5 &#8211; 1,5 pies<\/td>\n<\/tr>\n<\/tbody>\n<\/table>\n<\/div>\n<\/div>\n","protected":false},"featured_media":43587,"comment_status":"open","ping_status":"closed","template":"","meta":[],"product_brand":[],"product_cat":[340,311,357,310,302,306,361,360,326,335,330,303,339,347],"product_tag":[319,327],"class_list":{"0":"post-46505","1":"product","2":"type-product","3":"status-publish","4":"has-post-thumbnail","6":"product_cat-alta","7":"product_cat-baja","8":"product_cat-baja-es-3","9":"product_cat-bien-drenado","10":"product_cat-exotica","11":"product_cat-lenta","12":"product_cat-moderada-es-4","13":"product_cat-moderada-es-3","14":"product_cat-moderada-es-2","15":"product_cat-pleno-sol","16":"product_cat-semilla","17":"product_cat-sol-parcial","18":"product_cat-suculenta","19":"product_cat-vastago","20":"product_tag-amarillo","21":"product_tag-verde","22":"pa_pot-size-1-galon-6","23":"pa_pot-size-3-galones-10","24":"pa_pot-size-7-galones-14","27":"first","28":"instock","29":"taxable","30":"shipping-taxable","31":"purchasable","32":"product-type-variable"},"aioseo_notices":[],"_links":{"self":[{"href":"https:\/\/smartyplantsnursery.com\/es\/wp-json\/wp\/v2\/product\/46505","targetHints":{"allow":["GET"]}}],"collection":[{"href":"https:\/\/smartyplantsnursery.com\/es\/wp-json\/wp\/v2\/product"}],"about":[{"href":"https:\/\/smartyplantsnursery.com\/es\/wp-json\/wp\/v2\/types\/product"}],"replies":[{"embeddable":true,"href":"https:\/\/smartyplantsnursery.com\/es\/wp-json\/wp\/v2\/comments?post=46505"}],"wp:featuredmedia":[{"embeddable":true,"href":"https:\/\/smartyplantsnursery.com\/es\/wp-json\/wp\/v2\/media\/43587"}],"wp:attachment":[{"href":"https:\/\/smartyplantsnursery.com\/es\/wp-json\/wp\/v2\/media?parent=46505"}],"wp:term":[{"taxonomy":"product_brand","embeddable":true,"href":"https:\/\/smartyplantsnursery.com\/es\/wp-json\/wp\/v2\/product_brand?post=46505"},{"taxonomy":"product_cat","embeddable":true,"href":"https:\/\/smartyplantsnursery.com\/es\/wp-json\/wp\/v2\/product_cat?post=46505"},{"taxonomy":"product_tag","embeddable":true,"href":"https:\/\/smartyplantsnursery.com\/es\/wp-json\/wp\/v2\/product_tag?post=46505"}],"curies":[{"name":"wp","href":"https:\/\/api.w.org\/{rel}","templated":true}]}}