{"id":46516,"date":"2023-04-18T19:33:27","date_gmt":"2023-04-18T19:33:27","guid":{"rendered":"https:\/\/smartyplantsnursery.com\/product\/girasol-de-dunas-de-la-costa-este-helianthus-debilis-subsp-debilis\/"},"modified":"2026-04-13T16:12:17","modified_gmt":"2026-04-13T16:12:17","slug":"girasol-de-dunas-de-la-costa-este-helianthus-debilis-subsp-debilis","status":"publish","type":"product","link":"https:\/\/smartyplantsnursery.com\/es\/product\/girasol-de-dunas-de-la-costa-este-helianthus-debilis-subsp-debilis\/","title":{"rendered":"Girasol de Dunas de la Costa Este &#8211; Helianthus debilis subsp. debilis"},"content":{"rendered":"<p><b>Usos generales en el paisaje:<\/b> Flor silvestre de acento o esp\u00e9cimen en tierras altas costeras y abiertas.<\/p>\n<p><b>Notas sobre restauraci\u00f3n ecol\u00f3gica:<\/b> Un componente importante para las dunas de playa y la costa a lo largo de la costa este. Se usa incorrectamente en la costa oeste, donde se hibrida con el girasol de dunas end\u00e9mico de la costa oeste (H. debilis subsp. vestitus). <\/p>\n<p><b>Descripci\u00f3n:<\/b> Flor silvestre herb\u00e1cea de vida corta, extendida y mediana. Hojas \u00e1speras, de aproximadamente 5-7,5 cm de largo. <\/p>\n<p><b>Dimensiones:<\/b> Normalmente de 30 a 60 cm de altura. Se extiende y se vuelve mucho m\u00e1s ancha que alta; las plantas se fusionan entre s\u00ed y forman grandes manchas.<\/p>\n<p><b>Tasa de crecimiento:<\/b> r\u00e1pida.<\/p>\n<p><b>Distribuci\u00f3n:<\/b> Costa este de la Florida peninsular desde el condado de Miami-Dade hacia el norte hasta el sureste de Georgia; dudosamente nativa de los Cayos del Condado de Monroe.<\/p>\n<p><b>H\u00e1bitats:<\/b> Tierras altas costeras abiertas.<\/p>\n<p><b>Suelos:<\/b> Suelos arenosos h\u00famedos y bien drenados, sin humus.<\/p>\n<p><b>Requisitos nutricionales:<\/b> Bajos; crece en suelos pobres en nutrientes.<\/p>\n<p><b>Tolerancia al agua salada:<\/b> Baja; no tolera las inundaciones a largo plazo con agua salada o salobre.<\/p>\n<p><b>Tolerancia al viento salino:<\/b> Primera l\u00ednea; crece con viento salino directo, pero lejos de la pulverizaci\u00f3n constante de sal.<\/p>\n<p><b>Tolerancia a la sequ\u00eda:<\/b> Alta; no requiere agua suplementaria una vez establecida.<\/p>\n<p><b>Requisitos de luz:<\/b> Pleno sol.<\/p>\n<p><b>Color de la flor:<\/b> Amarillo, con centros oscuros.<\/p>\n<p><b>Caracter\u00edsticas de la flor:<\/b> vistosa.<\/p>\n<p><b>Temporada de floraci\u00f3n:<\/b> Todo el a\u00f1o.<\/p>\n<p><b>Fruto:<\/b> Aquenio discreto. Todo el a\u00f1o. <\/p>\n<p><b>Vida silvestre y ecolog\u00eda:<\/b> Un importante aglutinante de arena en las dunas de playa. Atrae a abejas, mariposas, polillas y otros insectos polinizadores. Proporciona semillas e insectos para las aves.  <\/p>\n<p><b>Notas de horticultura:<\/b> Se puede cultivar a partir de semillas. Una vez establecido, se auto siembra. <\/p>\n<p><b>Comentarios:<\/b> Puede tener un aspecto desali\u00f1ado despu\u00e9s del pico de floraci\u00f3n. Es posible que sea necesario recortar las plantas en gran medida y permitir que vuelvan a brotar o reclutar a partir de semillas. <\/p>\n","protected":false},"excerpt":{"rendered":"<p><img fetchpriority=\"high\" decoding=\"async\" class=\"alignnone size-medium wp-image-54744\" src=\"https:\/\/smartyplantsnursery.com\/wp-content\/uploads\/2023\/04\/Screenshot-2026-03-03-at-2.22.47-PM-300x185.webp\" alt=\"\" width=\"300\" height=\"185\"><\/p>\n<div class=\"container\">\n<div class=\"table-container\">\n<table>\n<thead>\n<tr>\n<th>Tama\u00f1o de la maceta<\/th>\n<th>Altura media plantada (desde la tierra hasta la parte superior de la planta)<\/th>\n<\/tr>\n<\/thead>\n<tbody>\n<tr>\n<td>1 gal\u00f3n\/6&#8243;<\/td>\n<td>0 &#8211; 1 ft.<\/td>\n<\/tr>\n<\/tbody>\n<\/table>\n<\/div>\n<\/div>\n","protected":false},"featured_media":48875,"comment_status":"open","ping_status":"closed","template":"","meta":[],"product_brand":[],"product_cat":[340,359,357,311,346,310,384,393,355,324,361,341,308,334,314,358,335,323,322,330,307],"product_tag":[319],"class_list":{"0":"post-46516","1":"product","2":"type-product","3":"status-publish","4":"has-post-thumbnail","6":"product_cat-alta","7":"product_cat-arena","8":"product_cat-baja-es-3","9":"product_cat-baja","10":"product_cat-bajo-mantenimiento","11":"product_cat-bien-drenado","12":"product_cat-costero","13":"product_cat-flor-silvestre","14":"product_cat-invierno","15":"product_cat-llamativo","16":"product_cat-moderada-es-4","17":"product_cat-nativo","18":"product_cat-otono","19":"product_cat-planta-de-acento","20":"product_cat-planta-de-especimen","21":"product_cat-plantas-para-mariposas-plantas-para-polinizadores","22":"product_cat-pleno-sol","23":"product_cat-primavera","24":"product_cat-rapido","25":"product_cat-semilla","26":"product_cat-verano","27":"product_tag-amarillo","28":"pa_pot-size-1-galon-6","29":"pa_pot-size-3-galones-10","30":"pa_pot-size-7-galones-14","33":"first","34":"instock","35":"featured","36":"taxable","37":"shipping-taxable","38":"purchasable","39":"product-type-variable"},"aioseo_notices":[],"_links":{"self":[{"href":"https:\/\/smartyplantsnursery.com\/es\/wp-json\/wp\/v2\/product\/46516","targetHints":{"allow":["GET"]}}],"collection":[{"href":"https:\/\/smartyplantsnursery.com\/es\/wp-json\/wp\/v2\/product"}],"about":[{"href":"https:\/\/smartyplantsnursery.com\/es\/wp-json\/wp\/v2\/types\/product"}],"replies":[{"embeddable":true,"href":"https:\/\/smartyplantsnursery.com\/es\/wp-json\/wp\/v2\/comments?post=46516"}],"wp:featuredmedia":[{"embeddable":true,"href":"https:\/\/smartyplantsnursery.com\/es\/wp-json\/wp\/v2\/media\/48875"}],"wp:attachment":[{"href":"https:\/\/smartyplantsnursery.com\/es\/wp-json\/wp\/v2\/media?parent=46516"}],"wp:term":[{"taxonomy":"product_brand","embeddable":true,"href":"https:\/\/smartyplantsnursery.com\/es\/wp-json\/wp\/v2\/product_brand?post=46516"},{"taxonomy":"product_cat","embeddable":true,"href":"https:\/\/smartyplantsnursery.com\/es\/wp-json\/wp\/v2\/product_cat?post=46516"},{"taxonomy":"product_tag","embeddable":true,"href":"https:\/\/smartyplantsnursery.com\/es\/wp-json\/wp\/v2\/product_tag?post=46516"}],"curies":[{"name":"wp","href":"https:\/\/api.w.org\/{rel}","templated":true}]}}