{"id":46522,"date":"2023-04-18T18:37:41","date_gmt":"2023-04-18T18:37:41","guid":{"rendered":"https:\/\/smartyplantsnursery.com\/product\/powderpuff-sunshine-mimosa-herbceous-mimosa-mimosa-strigillosa\/"},"modified":"2026-05-02T18:32:57","modified_gmt":"2026-05-02T18:32:57","slug":"powderpuff-sunshine-mimosa-herbceous-mimosa-mimosa-strigillosa","status":"publish","type":"product","link":"https:\/\/smartyplantsnursery.com\/es\/product\/powderpuff-sunshine-mimosa-herbceous-mimosa-mimosa-strigillosa\/","title":{"rendered":"Powderpuff, Sunshine mimosa, herbceous mimosa &#8211; mimosa strigillosa"},"content":{"rendered":"<p><b>Usos generales en el paisaje:<\/b> Se recomienda principalmente para paisajes naturales y jardines de flores silvestres y polinizadores, pero puede extenderse si no se controla con barreras f\u00edsicas.<\/p>\n<p><b>Notas sobre la restauraci\u00f3n ecol\u00f3gica:<\/b> En la Florida peninsular, se ha encontrado principalmente creciendo en bordes de carreteras y en otras \u00e1reas perturbadas, donde puede extenderse f\u00e1cilmente. Su papel en los ecosistemas nativos generalmente no est\u00e1 claro, pero se ha recolectado en pinares. <\/p>\n<p><b>Descripci\u00f3n:<\/b> Flor silvestre herb\u00e1cea postrada.<\/p>\n<p><b>Dimensiones:<\/b> Aproximadamente 2,5 cm de altura; hasta 7,5 cm cuando est\u00e1 en flor. Se extiende por el suelo y forma grandes esteras abiertas. <\/p>\n<p><b>Tasa de crecimiento:<\/b> r\u00e1pida.<\/p>\n<p><b>Distribuci\u00f3n:<\/b> Sudeste de Estados Unidos, desde Missouri y Texas hacia el sur hasta los condados de Martin, Hendry y Lee; tambi\u00e9n recolectado en el condado de Miami-Dade en 1930 por H.N. Moldenke. En la Florida peninsular, espor\u00e1dica y principalmente maleza en sitios arenosos perturbados. <\/p>\n<p><b>H\u00e1bitats:<\/b> Sitios abiertos, generalmente perturbados.<\/p>\n<p><b>Suelos:<\/b> Suelos arenosos h\u00famedos a secos, bien drenados, sin humus.<\/p>\n<p><b>Requisitos nutricionales:<\/b> Bajos; crece en suelos pobres en nutrientes.<\/p>\n<p><b>Tolerancia al agua salada:<\/b> Baja; no tolera las inundaciones a largo plazo con agua salada o salobre.<\/p>\n<p><b>Tolerancia al viento salino:<\/b> Moderada; crece cerca del agua salada, pero est\u00e1 protegido de la pulverizaci\u00f3n directa de sal por otra vegetaci\u00f3n.<\/p>\n<p><b>Tolerancia a la sequ\u00eda:<\/b> Alta; no requiere agua suplementaria una vez establecida.<\/p>\n<p><b>Requisitos de luz:<\/b> Pleno sol.<\/p>\n<p><b>Color de la flor:<\/b> Rosa.<\/p>\n<p><b>Caracter\u00edsticas de la flor:<\/b> vistosa.<\/p>\n<p><b>Temporada de floraci\u00f3n:<\/b> Primavera-verano.<\/p>\n<p><b>Fruto:<\/b> Vaina marr\u00f3n peque\u00f1a (leguminosa).<\/p>\n<p><b>Vida silvestre y ecolog\u00eda:<\/b> Planta hu\u00e9sped larval para las mariposas peque\u00f1as amarillas (<i>Eurema lisa<\/i>). Atrae a las abejas y a los polinizadores de mariposas. <\/p>\n<p><b>Notas de horticultura:<\/b> Se puede cultivar a partir de semillas.<\/p>\n<p><b>Comentarios:<\/b> Una cubierta vegetal muy atractiva que forma esteras.<\/p>\n","protected":false},"excerpt":{"rendered":"<p><img decoding=\"async\" class=\"alignnone size-medium wp-image-31863\" src=\"https:\/\/smartyplantsnursery.com\/wp-content\/uploads\/2023\/04\/Screen-Shot-2023-04-22-at-11.28.02-PM-300x134.png\" alt=\"\" width=\"300\" height=\"134\"><\/p>\n<div class=\"container\">\n<div class=\"table-container\">\n<table>\n<thead>\n<tr>\n<th>Tama\u00f1o de la maceta<\/th>\n<th>Altura media plantada (desde la tierra hasta la parte superior de la planta)<\/th>\n<\/tr>\n<\/thead>\n<tbody>\n<tr>\n<td>3,8 litros\/15 cm<\/td>\n<td>0 &#8211; 7,6 cm<\/td>\n<\/tr>\n<\/tbody>\n<\/table>\n<\/div>\n<\/div>\n","protected":false},"featured_media":48516,"comment_status":"open","ping_status":"closed","template":"","meta":[],"product_brand":[59,60],"product_cat":[340,359,311,357,346,321,393,324,361,341,358,335,323,322,330,307],"product_tag":[352],"class_list":{"0":"post-46522","1":"product","2":"type-product","3":"status-publish","4":"has-post-thumbnail","6":"product_brand-fann","7":"product_brand-fnps","8":"product_cat-alta","9":"product_cat-arena","10":"product_cat-baja","11":"product_cat-baja-es-3","12":"product_cat-bajo-mantenimiento","13":"product_cat-cobertura-del-suelo","14":"product_cat-flor-silvestre","15":"product_cat-llamativo","16":"product_cat-moderada-es-4","17":"product_cat-nativo","18":"product_cat-plantas-para-mariposas-plantas-para-polinizadores","19":"product_cat-pleno-sol","20":"product_cat-primavera","21":"product_cat-rapido","22":"product_cat-semilla","23":"product_cat-verano","24":"product_tag-rosa","25":"pa_pot-size-1-galon-6","26":"pa_pot-size-3-galones-10","27":"pa_pot-size-7-galones-14","30":"first","31":"instock","32":"featured","33":"taxable","34":"shipping-taxable","35":"purchasable","36":"product-type-variable"},"aioseo_notices":[],"_links":{"self":[{"href":"https:\/\/smartyplantsnursery.com\/es\/wp-json\/wp\/v2\/product\/46522","targetHints":{"allow":["GET"]}}],"collection":[{"href":"https:\/\/smartyplantsnursery.com\/es\/wp-json\/wp\/v2\/product"}],"about":[{"href":"https:\/\/smartyplantsnursery.com\/es\/wp-json\/wp\/v2\/types\/product"}],"replies":[{"embeddable":true,"href":"https:\/\/smartyplantsnursery.com\/es\/wp-json\/wp\/v2\/comments?post=46522"}],"wp:featuredmedia":[{"embeddable":true,"href":"https:\/\/smartyplantsnursery.com\/es\/wp-json\/wp\/v2\/media\/48516"}],"wp:attachment":[{"href":"https:\/\/smartyplantsnursery.com\/es\/wp-json\/wp\/v2\/media?parent=46522"}],"wp:term":[{"taxonomy":"product_brand","embeddable":true,"href":"https:\/\/smartyplantsnursery.com\/es\/wp-json\/wp\/v2\/product_brand?post=46522"},{"taxonomy":"product_cat","embeddable":true,"href":"https:\/\/smartyplantsnursery.com\/es\/wp-json\/wp\/v2\/product_cat?post=46522"},{"taxonomy":"product_tag","embeddable":true,"href":"https:\/\/smartyplantsnursery.com\/es\/wp-json\/wp\/v2\/product_tag?post=46522"}],"curies":[{"name":"wp","href":"https:\/\/api.w.org\/{rel}","templated":true}]}}