{"id":46525,"date":"2023-04-30T23:58:18","date_gmt":"2023-04-30T23:58:18","guid":{"rendered":"https:\/\/smartyplantsnursery.com\/product\/filodendro-burle-marx-filodendro-burle-marx\/"},"modified":"2026-03-07T13:55:12","modified_gmt":"2026-03-07T13:55:12","slug":"filodendro-burle-marx-filodendro-burle-marx","status":"publish","type":"product","link":"https:\/\/smartyplantsnursery.com\/es\/product\/filodendro-burle-marx-filodendro-burle-marx\/","title":{"rendered":"Filodendro burle marx &#8211; filodendro \u201cburle marx\u201d"},"content":{"rendered":"<p class=\"\"><b class=\"\">Usos generales en el paisaje:<\/b> Cobertura de suelo, enredadera, borde, sotobosque<\/p>\n<p class=\"\"><b class=\"\">Notas sobre la restauraci\u00f3n ecol\u00f3gica:<\/b> Control de la erosi\u00f3n, creaci\u00f3n de h\u00e1bitat<\/p>\n<p class=\"\"><b class=\"\">Descripci\u00f3n:<\/b> El filodendro \u201cBurle Marx\u201d es una hermosa planta tropical que se puede cultivar en interiores o exteriores. Utilizada como cobertura de suelo, esta planta con hojas brillantes y delgadas crecer\u00e1 en un grupo de aproximadamente 2 pies de altura. Si se planta contra un \u00e1rbol, trepar\u00e1 verticalmente por el tronco. El filodendro \u201cBurle Marx\u201d es muy f\u00e1cil de cultivar, se puede cultivar en macetas y ser\u00e1 una adici\u00f3n exuberante y resistente a su jard\u00edn.   <\/p>\n<p class=\"\"><b class=\"\">Dimensiones:<\/b> Altura 2 pies.<\/p>\n<p class=\"\"><b class=\"\">Tasa de crecimiento:<\/b> De moderada a r\u00e1pida<\/p>\n<p class=\"\"><b class=\"\">Distribuci\u00f3n nativa:<\/b> Sudam\u00e9rica<\/p>\n<p class=\"\"><b class=\"\">H\u00e1bitats nativos:<\/b> Selva tropical<\/p>\n<p class=\"\"><b class=\"\">Suelos:<\/b> Con buen drenaje, de \u00e1cidos a neutros (pH 5.5 &#8211; 7)<\/p>\n<p class=\"\"><b class=\"\">Requisitos nutricionales:<\/b> moderados<\/p>\n<p class=\"\"><b class=\"\">Tolerancia al agua salada:<\/b> baja<\/p>\n<p class=\"\"><b class=\"\">Tolerancia al viento salado:<\/b> baja<\/p>\n<p class=\"\"><b class=\"\">Tolerancia a la sequ\u00eda:<\/b> moderada<\/p>\n<p class=\"\"><b class=\"\">Requisitos de luz:<\/b> sol parcial<\/p>\n<p class=\"\"><b class=\"\">Color de la flor:<\/b> Verde, blanco<\/p>\n<p class=\"\"><b class=\"\">Caracter\u00edsticas de la flor:<\/b> Espata y esp\u00e1dice<\/p>\n<p class=\"\"><b class=\"\">Temporada de floraci\u00f3n:<\/b> Desde finales de primavera hasta verano<\/p>\n<p class=\"\"><b class=\"\">Fruto:<\/b> Bayas fusionadas que son verdes y se vuelven amarillentas o rojizas cuando maduran<\/p>\n<p class=\"\"><b class=\"\">Vida silvestre y ecolog\u00eda:<\/b> Ofrece refugio para peque\u00f1os invertebrados o anfibios en ambientes h\u00famedos<\/p>\n<p class=\"\"><b class=\"\">Notas de horticultura:<\/b> Se cultiva a partir de esquejes<\/p>\n<p class=\"\"><b class=\"\">Comentarios:<\/b><\/p>\n","protected":false},"excerpt":{"rendered":"<p><img decoding=\"async\" class=\"alignnone size-medium wp-image-31863\" src=\"https:\/\/smartyplantsnursery.com\/wp-content\/uploads\/2023\/04\/Screen-Shot-2023-04-22-at-11.28.02-PM-300x134.png\" alt=\"\" width=\"300\" height=\"134\"><\/p>\n<div class=\"container\">\n<div class=\"table-container\">\n<table>\n<thead>\n<tr>\n<th>Tama\u00f1o de la maceta<\/th>\n<th>Altura media plantada (desde la tierra hasta la parte superior de la planta)<\/th>\n<\/tr>\n<\/thead>\n<tbody>\n<tr>\n<td>1 gal\u00f3n\/6&#8243;<\/td>\n<td>0 &#8211; 1 ft.<\/td>\n<\/tr>\n<tr>\n<td>3 galones\/10&#8243;<\/td>\n<td>1 &#8211; 2 pies<\/td>\n<\/tr>\n<tr>\n<td>7 galones\/14&#8243;<\/td>\n<td>2 &#8211; 4 pies<\/td>\n<\/tr>\n<\/tbody>\n<\/table>\n<\/div>\n<\/div>\n","protected":false},"featured_media":50255,"comment_status":"open","ping_status":"closed","template":"","meta":[],"product_brand":[],"product_cat":[343,311,312,310,375,321,320,325,315,302,313,309,345,323,303,377,307],"product_tag":[318,327],"class_list":{"0":"post-46525","1":"product","2":"type-product","3":"status-publish","4":"has-post-thumbnail","6":"product_cat-acido","7":"product_cat-baja","8":"product_cat-baja-es","9":"product_cat-bien-drenado","10":"product_cat-borde","11":"product_cat-cobertura-del-suelo","12":"product_cat-enredadera","13":"product_cat-espata-y-espadice","14":"product_cat-esquejes","15":"product_cat-exotica","16":"product_cat-moderada-es","17":"product_cat-moderada","18":"product_cat-neutro","19":"product_cat-primavera","20":"product_cat-sol-parcial","21":"product_cat-sotobosque","22":"product_cat-verano","23":"product_tag-blanco","24":"product_tag-verde","25":"pa_pot-size-1-galon-6","26":"pa_pot-size-3-galones-10","27":"pa_pot-size-7-galones-14","30":"first","31":"instock","32":"featured","33":"taxable","34":"shipping-taxable","35":"purchasable","36":"product-type-variable"},"aioseo_notices":[],"_links":{"self":[{"href":"https:\/\/smartyplantsnursery.com\/es\/wp-json\/wp\/v2\/product\/46525","targetHints":{"allow":["GET"]}}],"collection":[{"href":"https:\/\/smartyplantsnursery.com\/es\/wp-json\/wp\/v2\/product"}],"about":[{"href":"https:\/\/smartyplantsnursery.com\/es\/wp-json\/wp\/v2\/types\/product"}],"replies":[{"embeddable":true,"href":"https:\/\/smartyplantsnursery.com\/es\/wp-json\/wp\/v2\/comments?post=46525"}],"wp:featuredmedia":[{"embeddable":true,"href":"https:\/\/smartyplantsnursery.com\/es\/wp-json\/wp\/v2\/media\/50255"}],"wp:attachment":[{"href":"https:\/\/smartyplantsnursery.com\/es\/wp-json\/wp\/v2\/media?parent=46525"}],"wp:term":[{"taxonomy":"product_brand","embeddable":true,"href":"https:\/\/smartyplantsnursery.com\/es\/wp-json\/wp\/v2\/product_brand?post=46525"},{"taxonomy":"product_cat","embeddable":true,"href":"https:\/\/smartyplantsnursery.com\/es\/wp-json\/wp\/v2\/product_cat?post=46525"},{"taxonomy":"product_tag","embeddable":true,"href":"https:\/\/smartyplantsnursery.com\/es\/wp-json\/wp\/v2\/product_tag?post=46525"}],"curies":[{"name":"wp","href":"https:\/\/api.w.org\/{rel}","templated":true}]}}