{"id":46534,"date":"2023-04-19T01:27:49","date_gmt":"2023-04-19T01:27:49","guid":{"rendered":"https:\/\/smartyplantsnursery.com\/product\/palmera-areca-dypsis-lutescens\/"},"modified":"2026-03-07T14:55:40","modified_gmt":"2026-03-07T14:55:40","slug":"palmera-areca-dypsis-lutescens","status":"publish","type":"product","link":"https:\/\/smartyplantsnursery.com\/es\/product\/palmera-areca-dypsis-lutescens\/","title":{"rendered":"Palmera areca &#8211; dypsis lutescens"},"content":{"rendered":"<p><b>Usos generales en el paisajismo:<\/b> Se utiliza principalmente como barrera de privacidad o como punto focal en una esquina.<\/p>\n<p><b>Notas sobre la restauraci\u00f3n ecol\u00f3gica:<\/b> control de la erosi\u00f3n, regulaci\u00f3n del microclima, secuestro de carbono, h\u00e1bitat de vida silvestre<\/p>\n<p><b>Descripci\u00f3n:<\/b> Una palmera de formaci\u00f3n de grupos, con m\u00faltiples tallos y frondas que se arquean con gracia.<\/p>\n<p><b>Dimensiones:<\/b> Altura: 15 pies.<\/p>\n<p><b>Tasa de crecimiento:<\/b> de moderada a r\u00e1pida<\/p>\n<p><b>Distribuci\u00f3n nativa:<\/b> Madagascar<\/p>\n<p><b>H\u00e1bitats nativos:<\/b> selvas tropicales, riberas de r\u00edos y zonas costeras, laderas monta\u00f1osas<\/p>\n<p><b>Suelos:<\/b> Suelo f\u00e9rtil y con buen drenaje, con un pH ligeramente \u00e1cido a neutro.<\/p>\n<p><b>Requisitos nutricionales:<\/b> Suelo f\u00e9rtil<\/p>\n<p><b>Tolerancia al agua salada:<\/b> de moderada a baja<\/p>\n<p><b>Tolerancia al viento salado:<\/b> moderada<\/p>\n<p><b>Tolerancia a la sequ\u00eda:<\/b> moderada<\/p>\n<p><b>Requisitos de luz:<\/b> pleno sol a sol parcial<\/p>\n<p><b>Color de la flor:<\/b> Amarillo p\u00e1lido a blanco cremoso<\/p>\n<p><b>Caracter\u00edsticas de la flor:<\/b> Peque\u00f1as, con p\u00e9talos tai y dispuestas en racimos<\/p>\n<p><b>Temporada de floraci\u00f3n:<\/b> Primavera a verano<\/p>\n<p><b>Fruto:<\/b> peque\u00f1o, ovalado que pasa de verde a amarillo-naranja<\/p>\n<p><b>Vida silvestre y ecolog\u00eda:<\/b> purificaci\u00f3n del aire y h\u00e1bitat de vida silvestre<\/p>\n<p><b>Notas de horticultura:<\/b> Propagaci\u00f3n por divisi\u00f3n o semillas<\/p>\n<p><b>Comentarios:<\/b><\/p>\n<div class=\"chkout-product-info-lbl\"><\/div>\n","protected":false},"excerpt":{"rendered":"<p><img fetchpriority=\"high\" decoding=\"async\" class=\"alignnone size-medium wp-image-54744\" src=\"https:\/\/smartyplantsnursery.com\/wp-content\/uploads\/2023\/04\/Screenshot-2026-03-03-at-2.22.47-PM-300x185.png\" alt=\"\" width=\"300\" height=\"185\"><\/p>\n<div class=\"container\">\n<div class=\"table-container\">\n<table>\n<thead>\n<tr>\n<th>Tama\u00f1o de la maceta<\/th>\n<th>Altura media plantada (desde la tierra hasta la parte superior de la planta)<\/th>\n<\/tr>\n<\/thead>\n<tbody>\n<tr>\n<td>1 gal\u00f3n\/6&#8243;<\/td>\n<td>15 cm &#8211; 30 cm <\/td>\n<\/tr>\n<tr>\n<td>3 galones\/10&#8243;<\/td>\n<td>1 &#8211; 3 pies<\/td>\n<\/tr>\n<tr>\n<td>7 galones\/14&#8243;<\/td>\n<td>3 &#8211; 6 pies<\/td>\n<\/tr>\n<tr>\n<td>15 galones\/17&#8243;<\/td>\n<td>6 &#8211; 8 pies<\/td>\n<\/tr>\n<tr>\n<td>25 galones\/21&#8243;<\/td>\n<td>8 &#8211; 10 pies<\/td>\n<\/tr>\n<tr>\n<td>45 galones\/28&#8243;<\/td>\n<td>10 &#8211; 12 pies<\/td>\n<\/tr>\n<tr>\n<td>65 galones\/32&#8243;<\/td>\n<td>12 &#8211; 14 pies<\/td>\n<\/tr>\n<\/tbody>\n<\/table>\n<\/div>\n<\/div>\n","protected":false},"featured_media":50641,"comment_status":"open","ping_status":"closed","template":"","meta":[],"product_brand":[],"product_cat":[343,304,311,310,331,302,313,361,326,360,345,370,316,314,335,323,372,322,330,332,303,307],"product_tag":[319,318],"class_list":{"0":"post-46534","1":"product","2":"type-product","3":"status-publish","4":"has-post-thumbnail","6":"product_cat-acido","7":"product_cat-arbusto","8":"product_cat-baja","9":"product_cat-bien-drenado","10":"product_cat-division-es","11":"product_cat-exotica","12":"product_cat-moderada-es","13":"product_cat-moderada-es-4","14":"product_cat-moderada-es-2","15":"product_cat-moderada-es-3","16":"product_cat-neutro","17":"product_cat-palma","18":"product_cat-pequena","19":"product_cat-planta-de-especimen","20":"product_cat-pleno-sol","21":"product_cat-primavera","22":"product_cat-racimo","23":"product_cat-rapido","24":"product_cat-semilla","25":"product_cat-seto","26":"product_cat-sol-parcial","27":"product_cat-verano","28":"product_tag-amarillo","29":"product_tag-blanco","30":"pa_pot-size-1-galon-6","31":"pa_pot-size-15-galones-17","32":"pa_pot-size-25-galones-21","33":"pa_pot-size-3-galones-10","34":"pa_pot-size-45-galones-28","35":"pa_pot-size-65-galones-32","36":"pa_pot-size-7-galones-14","39":"first","40":"instock","41":"featured","42":"taxable","43":"shipping-taxable","44":"purchasable","45":"product-type-variable"},"aioseo_notices":[],"_links":{"self":[{"href":"https:\/\/smartyplantsnursery.com\/es\/wp-json\/wp\/v2\/product\/46534","targetHints":{"allow":["GET"]}}],"collection":[{"href":"https:\/\/smartyplantsnursery.com\/es\/wp-json\/wp\/v2\/product"}],"about":[{"href":"https:\/\/smartyplantsnursery.com\/es\/wp-json\/wp\/v2\/types\/product"}],"replies":[{"embeddable":true,"href":"https:\/\/smartyplantsnursery.com\/es\/wp-json\/wp\/v2\/comments?post=46534"}],"wp:featuredmedia":[{"embeddable":true,"href":"https:\/\/smartyplantsnursery.com\/es\/wp-json\/wp\/v2\/media\/50641"}],"wp:attachment":[{"href":"https:\/\/smartyplantsnursery.com\/es\/wp-json\/wp\/v2\/media?parent=46534"}],"wp:term":[{"taxonomy":"product_brand","embeddable":true,"href":"https:\/\/smartyplantsnursery.com\/es\/wp-json\/wp\/v2\/product_brand?post=46534"},{"taxonomy":"product_cat","embeddable":true,"href":"https:\/\/smartyplantsnursery.com\/es\/wp-json\/wp\/v2\/product_cat?post=46534"},{"taxonomy":"product_tag","embeddable":true,"href":"https:\/\/smartyplantsnursery.com\/es\/wp-json\/wp\/v2\/product_tag?post=46534"}],"curies":[{"name":"wp","href":"https:\/\/api.w.org\/{rel}","templated":true}]}}