{"id":46545,"date":"2023-04-18T14:52:34","date_gmt":"2023-04-18T14:52:34","guid":{"rendered":"https:\/\/smartyplantsnursery.com\/product\/agave-falso-furcraea-foetida\/"},"modified":"2025-12-17T00:02:11","modified_gmt":"2025-12-17T00:02:11","slug":"agave-falso-furcraea-foetida","status":"publish","type":"product","link":"https:\/\/smartyplantsnursery.com\/es\/product\/agave-falso-furcraea-foetida\/","title":{"rendered":"Agave falso &#8211; furcraea foetida"},"content":{"rendered":"<p class=\"\"><b class=\"\">Usos generales en el paisajismo:<\/b> Jardines ornamentales, xerojardines, paisajismo costero, control de la erosi\u00f3n<\/p>\n<p class=\"\"><b class=\"\">Notas sobre la restauraci\u00f3n ecol\u00f3gica:<\/b> Estabilizaci\u00f3n del suelo, control de la erosi\u00f3n, paisajes tolerantes a la sequ\u00eda<\/p>\n<p class=\"\"><b class=\"\">Descripci\u00f3n:<\/b> El agave falso es una planta excelente para enriquecer su paisaje. Adem\u00e1s de ser un punto focal impresionante como otros agaves, este tiene la ventaja adicional de no tener espinas. Los agaves falsos son muy f\u00e1ciles de cultivar, no requieren mantenimiento y son tolerantes a la sequ\u00eda.  <\/p>\n<p class=\"\"><b class=\"\">Dimensiones:<\/b> altura 1,5 m<\/p>\n<p class=\"\"><b class=\"\">Tasa de crecimiento:<\/b> Moderada a lenta<\/p>\n<p class=\"\"><b class=\"\">Distribuci\u00f3n nativa:<\/b> M\u00e9xico, Am\u00e9rica Central y el Caribe<\/p>\n<p class=\"\"><b class=\"\">H\u00e1bitats nativos:<\/b> Dunas de arena, zonas frente a la playa, matorrales costeros, colinas rocosas<\/p>\n<p class=\"\"><b class=\"\">Suelos:<\/b> Bien drenados, arenosos o limosos<\/p>\n<p class=\"\"><b class=\"\">Requisitos nutricionales:<\/b> moderados<\/p>\n<p class=\"\"><b class=\"\">Tolerancia al agua salada:<\/b> alta<\/p>\n<p class=\"\"><b class=\"\">Tolerancia al viento salado:<\/b> alta<\/p>\n<p class=\"\"><b class=\"\">Tolerancia a la sequ\u00eda:<\/b> alta<\/p>\n<p class=\"\"><b class=\"\">Requisitos de luz:<\/b> pleno sol<\/p>\n<p class=\"\"><b class=\"\">Color de la flor:<\/b> Blanco, amarillento<\/p>\n<p class=\"\"><b class=\"\">Caracter\u00edsticas de la flor:<\/b> Las espigas pueden alcanzar los 6 metros de altura<\/p>\n<p class=\"\"><b class=\"\">Temporada de floraci\u00f3n:<\/b> Primavera y verano<\/p>\n<p class=\"\"><b class=\"\">Fruto:<\/b> C\u00e1psulas de semillas peque\u00f1as y secas<\/p>\n<p class=\"\"><b class=\"\">Vida silvestre y ecolog\u00eda:<\/b> Apoyo a los polinizadores, h\u00e1bitat de la vida silvestre<\/p>\n<p class=\"\"><b class=\"\">Notas de horticultura:<\/b> Se cultiva a partir de brotes (hijuelos), semillas<\/p>\n<p class=\"\"><b class=\"\">Comentarios:<\/b><\/p>\n","protected":false},"excerpt":{"rendered":"<p><img decoding=\"async\" class=\"alignnone size-medium wp-image-31863\" src=\"https:\/\/smartyplantsnursery.com\/wp-content\/uploads\/2023\/04\/Screen-Shot-2023-04-22-at-11.28.02-PM-300x134.png\" alt=\"\" width=\"300\" height=\"134\"><\/p>\n<div class=\"container\">\n<div class=\"table-container\">\n<table>\n<thead>\n<tr>\n<th>Tama\u00f1o de la maceta<\/th>\n<th>Altura media plantada (desde la tierra hasta la parte superior de la planta)<\/th>\n<\/tr>\n<\/thead>\n<tbody>\n<tr>\n<td>3 galones\/10&#8243;<\/td>\n<td>1 &#8211; 2 pies<\/td>\n<\/tr>\n<tr>\n<td>7 galones\/14&#8243;<\/td>\n<td>0,6 &#8211; 0,9 m<\/td>\n<\/tr>\n<tr>\n<td>15 galones\/17&#8243;<\/td>\n<td>0,9 &#8211; 1,2 m<\/td>\n<\/tr>\n<tr>\n<td>25 galones\/21&#8243;<\/td>\n<td>4 &#8211; 6 pies<\/td>\n<\/tr>\n<\/tbody>\n<\/table>\n<\/div>\n<\/div>\n","protected":false},"featured_media":52987,"comment_status":"open","ping_status":"closed","template":"","meta":[],"product_brand":[],"product_cat":[222,214,218,210,208,253,65,237,196,205,197,81,200,226,135,259,202,236],"product_tag":[192,191],"class_list":{"0":"post-46545","1":"product","2":"type-product","3":"status-publish","4":"has-post-thumbnail","6":"product_cat-high-drought-tolerance","7":"product_cat-high-salt-water-tolerance","8":"product_cat-high-salt-wind-tolerance","9":"product_cat-sand","10":"product_cat-well-drained","11":"product_cat-coastal","12":"product_cat-exotic","13":"product_cat-loam","14":"product_cat-slow","15":"product_cat-moderate-nutritional-requirements","16":"product_cat-moderate","17":"product_cat-full-sun","18":"product_cat-spring","19":"product_cat-seed","20":"product_cat-succulent","21":"product_cat-offshoot","22":"product_cat-summer-flowering-season","23":"product_cat-xeriscape","24":"product_tag-yellow","25":"product_tag-white","26":"pa_pot-size-1-gallon-6","27":"pa_pot-size-15-gallon-17","28":"pa_pot-size-25-gallon-21","29":"pa_pot-size-3-gallon-10","30":"pa_pot-size-7-gallon-14","33":"first","34":"instock","35":"taxable","36":"shipping-taxable","37":"purchasable","38":"product-type-variable"},"aioseo_notices":[],"_links":{"self":[{"href":"https:\/\/smartyplantsnursery.com\/es\/wp-json\/wp\/v2\/product\/46545","targetHints":{"allow":["GET"]}}],"collection":[{"href":"https:\/\/smartyplantsnursery.com\/es\/wp-json\/wp\/v2\/product"}],"about":[{"href":"https:\/\/smartyplantsnursery.com\/es\/wp-json\/wp\/v2\/types\/product"}],"replies":[{"embeddable":true,"href":"https:\/\/smartyplantsnursery.com\/es\/wp-json\/wp\/v2\/comments?post=46545"}],"wp:featuredmedia":[{"embeddable":true,"href":"https:\/\/smartyplantsnursery.com\/es\/wp-json\/wp\/v2\/media\/52987"}],"wp:attachment":[{"href":"https:\/\/smartyplantsnursery.com\/es\/wp-json\/wp\/v2\/media?parent=46545"}],"wp:term":[{"taxonomy":"product_brand","embeddable":true,"href":"https:\/\/smartyplantsnursery.com\/es\/wp-json\/wp\/v2\/product_brand?post=46545"},{"taxonomy":"product_cat","embeddable":true,"href":"https:\/\/smartyplantsnursery.com\/es\/wp-json\/wp\/v2\/product_cat?post=46545"},{"taxonomy":"product_tag","embeddable":true,"href":"https:\/\/smartyplantsnursery.com\/es\/wp-json\/wp\/v2\/product_tag?post=46545"}],"curies":[{"name":"wp","href":"https:\/\/api.w.org\/{rel}","templated":true}]}}