{"id":46546,"date":"2023-04-14T23:11:10","date_gmt":"2023-04-14T23:11:10","guid":{"rendered":"https:\/\/smartyplantsnursery.com\/product\/helecho-espada-helecho-de-boston-silvestre-nephrolepis-exaltata\/"},"modified":"2026-02-11T17:04:21","modified_gmt":"2026-02-11T17:04:21","slug":"helecho-espada-helecho-de-boston-silvestre-nephrolepis-exaltata","status":"publish","type":"product","link":"https:\/\/smartyplantsnursery.com\/es\/product\/helecho-espada-helecho-de-boston-silvestre-nephrolepis-exaltata\/","title":{"rendered":"Helecho espada, helecho de Boston silvestre &#8211; nephrolepis exaltata"},"content":{"rendered":"<p><b>Usos generales en el paisaje:<\/b> Se recomienda principalmente para paisajes naturales y restauraciones de h\u00e1bitats. Tambi\u00e9n como cobertura vegetal en \u00e1reas sombreadas. <\/p>\n<p><b>Descripci\u00f3n:<\/b> Helecho herb\u00e1ceo grande.<\/p>\n<p><b>Dimensiones:<\/b> T\u00edpicamente de 3 a 6 pies de altura. Se propaga desde tallos horizontales (estolones) y forma grandes masas. <\/p>\n<p><b>Tasa de crecimiento:<\/b> moderada.<\/p>\n<p><b>Distribuci\u00f3n:<\/b> Florida, Luisiana y Texas al sur hasta los Cayos del Condado de Monroe (donde es muy raro); Indias Occidentales, M\u00e9xico, Am\u00e9rica Central y Am\u00e9rica del Sur.<\/p>\n<p><b>H\u00e1bitats:<\/b> Hamacas y pantanos h\u00famedos.<\/p>\n<p><b>Suelos:<\/b> H\u00famedos a estacionalmente h\u00famedos, bien drenados a mal drenados, arenosos, calizos u org\u00e1nicos, con una capa superior humosa; o epifitos en Sabal palmetto.<\/p>\n<p><b>Requisitos nutricionales:<\/b> Moderado; puede crecer en suelos pobres en nutrientes, pero necesita algo de contenido org\u00e1nico para prosperar.<\/p>\n<p><b>Tolerancia al agua salada:<\/b> Baja; no tolera las inundaciones de agua salada o salobre.<\/p>\n<p><b>Tolerancia al viento salado:<\/b> Baja; el viento salado puede quemar las hojas.<\/p>\n<p><b>Tolerancia a la sequ\u00eda:<\/b> Moderada; generalmente requiere suelos h\u00famedos, pero es tolerante a cortos per\u00edodos de sequ\u00eda una vez establecido.<\/p>\n<p><b>Requisitos de luz:<\/b> Sombra ligera.<\/p>\n<p><b>Color de la flor:<\/b> n\/a.<\/p>\n<p><b>Caracter\u00edsticas de la flor:<\/b> No hay flores; las plantas se reproducen por esporas.<\/p>\n<p><b>Temporada de floraci\u00f3n:<\/b> Todo el a\u00f1o.<\/p>\n<p><b>Fruto:<\/b> Esporas discretas.<\/p>\n<p><b>Notas de horticultura:<\/b> Se puede cultivar a partir de divisiones o esporas.<\/p>\n<p><b>Comentarios:<\/b> Puede ser agresivo en el jard\u00edn, y se recomienda precauci\u00f3n. Similar al ex\u00f3tico invasor <a href=\"http:\/\/regionalconservation.org\/beta\/nfyn\/plantdetail.asp?tx=nephbrow\" target=\"_blank\" rel=\"noopener\">helecho espada asi\u00e1tico<\/a>, pero con escamas delgadas de color marr\u00f3n claro en la base de las frondas en lugar de escamas anchas de color marr\u00f3n oscuro; tambi\u00e9n similar al ex\u00f3tico invasor helecho espada tuberoso, que tiene pinnas (fol\u00edolos) fuertemente superpuestas. <\/p>\n","protected":false},"excerpt":{"rendered":"<p><img decoding=\"async\" class=\"alignnone size-medium wp-image-31863\" src=\"https:\/\/smartyplantsnursery.com\/wp-content\/uploads\/2023\/04\/Screen-Shot-2023-04-22-at-11.28.02-PM-300x134.png\" alt=\"\" width=\"300\" height=\"134\"><\/p>\n<div class=\"container\">\n<div class=\"table-container\">\n<table>\n<thead>\n<tr>\n<th>Tama\u00f1o de la maceta<\/th>\n<th>Altura media plantada (desde la tierra hasta la parte superior de la planta)<\/th>\n<\/tr>\n<\/thead>\n<tbody>\n<tr>\n<td>1 gal\u00f3n\/6&#8243;<\/td>\n<td>0 &#8211; 1 ft.<\/td>\n<\/tr>\n<tr>\n<td>3 galones\/10&#8243;<\/td>\n<td>1 &#8211; 2 pies<\/td>\n<\/tr>\n<\/tbody>\n<\/table>\n<\/div>\n","protected":false},"featured_media":52915,"comment_status":"open","ping_status":"closed","template":"","meta":[],"product_brand":[59,60],"product_cat":[359,311,312,346,310,321,331,390,383,305,355,354,309,313,326,341,308,323,303,307],"product_tag":[],"class_list":{"0":"post-46546","1":"product","2":"type-product","3":"status-publish","4":"has-post-thumbnail","6":"product_brand-fann","7":"product_brand-fnps","8":"product_cat-arena","9":"product_cat-baja","10":"product_cat-baja-es","11":"product_cat-bajo-mantenimiento","12":"product_cat-bien-drenado","13":"product_cat-cobertura-del-suelo","14":"product_cat-division-es","15":"product_cat-espora","16":"product_cat-helecho","17":"product_cat-interior","18":"product_cat-invierno","19":"product_cat-mal-drenado","20":"product_cat-moderada","21":"product_cat-moderada-es","22":"product_cat-moderada-es-2","23":"product_cat-nativo","24":"product_cat-otono","25":"product_cat-primavera","26":"product_cat-sol-parcial","27":"product_cat-verano","28":"pa_pot-size-1-galon-6","29":"pa_pot-size-3-galones-10","30":"pa_pot-size-7-galones-14","33":"first","34":"instock","35":"featured","36":"taxable","37":"shipping-taxable","38":"purchasable","39":"product-type-variable"},"aioseo_notices":[],"_links":{"self":[{"href":"https:\/\/smartyplantsnursery.com\/es\/wp-json\/wp\/v2\/product\/46546","targetHints":{"allow":["GET"]}}],"collection":[{"href":"https:\/\/smartyplantsnursery.com\/es\/wp-json\/wp\/v2\/product"}],"about":[{"href":"https:\/\/smartyplantsnursery.com\/es\/wp-json\/wp\/v2\/types\/product"}],"replies":[{"embeddable":true,"href":"https:\/\/smartyplantsnursery.com\/es\/wp-json\/wp\/v2\/comments?post=46546"}],"wp:featuredmedia":[{"embeddable":true,"href":"https:\/\/smartyplantsnursery.com\/es\/wp-json\/wp\/v2\/media\/52915"}],"wp:attachment":[{"href":"https:\/\/smartyplantsnursery.com\/es\/wp-json\/wp\/v2\/media?parent=46546"}],"wp:term":[{"taxonomy":"product_brand","embeddable":true,"href":"https:\/\/smartyplantsnursery.com\/es\/wp-json\/wp\/v2\/product_brand?post=46546"},{"taxonomy":"product_cat","embeddable":true,"href":"https:\/\/smartyplantsnursery.com\/es\/wp-json\/wp\/v2\/product_cat?post=46546"},{"taxonomy":"product_tag","embeddable":true,"href":"https:\/\/smartyplantsnursery.com\/es\/wp-json\/wp\/v2\/product_tag?post=46546"}],"curies":[{"name":"wp","href":"https:\/\/api.w.org\/{rel}","templated":true}]}}