{"id":46556,"date":"2023-04-14T23:02:43","date_gmt":"2023-04-14T23:02:43","guid":{"rendered":"https:\/\/smartyplantsnursery.com\/product\/coontie-florida-arrowroot-zamia-integrifolia\/"},"modified":"2026-04-04T12:47:11","modified_gmt":"2026-04-04T12:47:11","slug":"coontie-florida-arrowroot-zamia-integrifolia","status":"publish","type":"product","link":"https:\/\/smartyplantsnursery.com\/es\/product\/coontie-florida-arrowroot-zamia-integrifolia\/","title":{"rendered":"Coontie, Florida arrowroot &#8211; zamia integrifolia"},"content":{"rendered":"<p><b>Usos generales en el paisaje:<\/b> Acento de cobertura del suelo en paisajes residenciales y comerciales.<\/p>\n<p><b>Notas sobre la restauraci\u00f3n ecol\u00f3gica:<\/b> Un elemento com\u00fan en los pinares rocosos del sur del condado de Miami-Dade, relativamente raro en otros ecosistemas m\u00e9sicos.<\/p>\n<p><b>Descripci\u00f3n:<\/b> Hierba mediana similar a un arbusto con un tallo subterr\u00e1neo. Hojas similares a helechos. <\/p>\n<p><b>Dimensiones:<\/b> T\u00edpicamente de 1 a 4 pies de altura. Por lo general, tan ancho como alto. <\/p>\n<p><b>Tasa de crecimiento:<\/b> Lento a muy lento.<\/p>\n<p><b>Distribuci\u00f3n:<\/b> Sureste de Georgia y Florida; Bahamas, Cuba, Islas Caim\u00e1n y Puerto Rico (donde est\u00e1 extinto).<\/p>\n<p><b>H\u00e1bitats:<\/b> Pinares rocosos y hamacas.<\/p>\n<p><b>Suelos:<\/b> Suelos arenosos o calizos h\u00famedos y bien drenados, con o sin capa superior h\u00famica.<\/p>\n<p><b>Requisitos nutricionales:<\/b> De moderados a bajos; prefiere suelos con contenido org\u00e1nico, pero a\u00fan crecer\u00e1 razonablemente bien en suelos pobres en nutrientes.<\/p>\n<p><b>Tolerancia al agua salada:<\/b> Baja; no tolera las inundaciones a largo plazo con agua salada o salobre.<\/p>\n<p><b>Tolerancia al viento salado:<\/b> Alta; puede tolerar cantidades moderadas de viento salado sin da\u00f1os significativos.<\/p>\n<p><b>Tolerancia a la sequ\u00eda:<\/b> Alta; no requiere agua suplementaria una vez establecida.<\/p>\n<p><b>Requisitos de luz:<\/b> Pleno sol a sombra ligera.<\/p>\n<p><b>Color de la flor:<\/b> Cono marr\u00f3n.<\/p>\n<p><b>Caracter\u00edsticas de la flor:<\/b> cono. Dioica, con flores masculinas y femeninas en plantas separadas. El cono masculino es delgado, mientras que el cono femenino es mucho m\u00e1s ancho, ambos de unos 7,5-15 cm de altura. Las semillas son de color naranja brillante, de unos 1,2-2,5 cm de largo.<\/p>\n<p><b>Temporada de floraci\u00f3n:<\/b> Todo el a\u00f1o.<\/p>\n<p><b>Fruto:<\/b> Cono marr\u00f3n.<\/p>\n<p><b>Vida silvestre y ecolog\u00eda:<\/b> Planta hu\u00e9sped larval para las mariposas atala (Eumaeus atala). Atrae a los polinizadores de mariposas y escarabajos. <\/p>\n<p><b>Notas de horticultura:<\/b> Se puede cultivar a partir de semillas sin pulpa, cubiertas por una fina capa de tierra. Se pueden usar macetas comunitarias siempre que haya suficiente espacio para la ra\u00edz principal profunda. La germinaci\u00f3n puede ser muy lenta; limar o agrietar cuidadosamente la cubierta de la semilla puede acelerar la germinaci\u00f3n. Tambi\u00e9n se puede cultivar a partir de la divisi\u00f3n.   <\/p>\n<p>Una excelente cobertura del suelo, pero frecuentemente atacada por las larvas de la mariposa atala, especialmente cuando se planta en masas. Las plantas se recuperar\u00e1n, pero pueden ser antiest\u00e9ticas durante un per\u00edodo prolongado de tiempo. <\/p>\n<p><b>Comentarios:<\/b> M\u00e1s estrechamente relacionado con los pinos que con otras plantas, el coontie se ha utilizado durante mucho tiempo en el sur de Florida. El tub\u00e9rculo almidonado, que es venenoso a menos que se trate adecuadamente, fue cosechado como \u201cFlorida Arrowroot\u201d por los nativos americanos y los primeros colonos. Ha sido recolectado durante mucho tiempo por el comercio de viveros, una pr\u00e1ctica ahora ilegal sin un permiso. Est\u00e1 catalogado como explotado comercialmente por el estado de Florida.   <\/p>\n<p>Aunque algunos autores colocan esto en sinonimia bajo Z. pumila, seguimos la taxonom\u00eda de la <a href=\"http:\/\/cycadlist.org\/About_Us.php\" target=\"+_blank\"\" rel=\"noopener\">Lista Mundial de Cycads<\/a>. La mayor\u00eda de las plantas vendidas en el comercio de viveros como Z. pumila son en realidad Z. integrifolia, pero algunas son Z. pumila u otros taxones de las Indias Occidentales. <\/p>\n","protected":false},"excerpt":{"rendered":"<p><img fetchpriority=\"high\" decoding=\"async\" class=\"alignnone size-medium wp-image-54744\" src=\"https:\/\/smartyplantsnursery.com\/wp-content\/uploads\/2023\/04\/Screenshot-2026-03-03-at-2.22.47-PM-300x185.webp\" alt=\"\" width=\"300\" height=\"185\"><\/p>\n<div class=\"container\">\n<div class=\"table-container\">\n<table>\n<thead>\n<tr>\n<th>Tama\u00f1o de la maceta<\/th>\n<th>Altura media plantada (desde la tierra hasta la parte superior de la planta)<\/th>\n<\/tr>\n<\/thead>\n<tbody>\n<tr>\n<td>1 gal\u00f3n\/6&#8243;<\/td>\n<td>0 &#8211; 15 cm<\/td>\n<\/tr>\n<tr>\n<td>3 galones\/10&#8243;<\/td>\n<td>15 cm &#8211; 30 cm<\/td>\n<\/tr>\n<tr>\n<td>7 galones\/14&#8243;<\/td>\n<td>1 &#8211; 1,5 ft.<\/td>\n<\/tr>\n<tr>\n<td>15 galones\/17&#8243;<\/td>\n<td>1,5 &#8211; 2 ft.<\/td>\n<\/tr>\n<tr>\n<td>25 galones\/21&#8243;<\/td>\n<td>2 &#8211; 2,5 ft.<\/td>\n<\/tr>\n<\/tbody>\n<\/table>\n<\/div>\n<\/div>\n","protected":false},"featured_media":48992,"comment_status":"open","ping_status":"closed","template":"","meta":[],"product_brand":[],"product_cat":[340,362,359,357,311,346,310,321,366,331,355,306,309,341,308,358,335,323,468,330,303,307],"product_tag":[],"class_list":{"0":"post-46556","1":"product","2":"type-product","3":"status-publish","4":"has-post-thumbnail","6":"product_cat-alta","7":"product_cat-alta-es-2","8":"product_cat-arena","9":"product_cat-baja-es-3","10":"product_cat-baja","11":"product_cat-bajo-mantenimiento","12":"product_cat-bien-drenado","13":"product_cat-cobertura-del-suelo","14":"product_cat-dioico","15":"product_cat-division-es","16":"product_cat-invierno","17":"product_cat-lenta","18":"product_cat-moderada","19":"product_cat-nativo","20":"product_cat-otono","21":"product_cat-plantas-para-mariposas-plantas-para-polinizadores","22":"product_cat-pleno-sol","23":"product_cat-primavera","24":"product_cat-roca-2","25":"product_cat-semilla","26":"product_cat-sol-parcial","27":"product_cat-verano","28":"pa_pot-size-1-galon-6","29":"pa_pot-size-15-galones-17","30":"pa_pot-size-25-galones-21","31":"pa_pot-size-3-galones-10","32":"pa_pot-size-7-galones-14","35":"first","36":"instock","37":"featured","38":"taxable","39":"shipping-taxable","40":"purchasable","41":"product-type-variable"},"aioseo_notices":[],"_links":{"self":[{"href":"https:\/\/smartyplantsnursery.com\/es\/wp-json\/wp\/v2\/product\/46556","targetHints":{"allow":["GET"]}}],"collection":[{"href":"https:\/\/smartyplantsnursery.com\/es\/wp-json\/wp\/v2\/product"}],"about":[{"href":"https:\/\/smartyplantsnursery.com\/es\/wp-json\/wp\/v2\/types\/product"}],"replies":[{"embeddable":true,"href":"https:\/\/smartyplantsnursery.com\/es\/wp-json\/wp\/v2\/comments?post=46556"}],"wp:featuredmedia":[{"embeddable":true,"href":"https:\/\/smartyplantsnursery.com\/es\/wp-json\/wp\/v2\/media\/48992"}],"wp:attachment":[{"href":"https:\/\/smartyplantsnursery.com\/es\/wp-json\/wp\/v2\/media?parent=46556"}],"wp:term":[{"taxonomy":"product_brand","embeddable":true,"href":"https:\/\/smartyplantsnursery.com\/es\/wp-json\/wp\/v2\/product_brand?post=46556"},{"taxonomy":"product_cat","embeddable":true,"href":"https:\/\/smartyplantsnursery.com\/es\/wp-json\/wp\/v2\/product_cat?post=46556"},{"taxonomy":"product_tag","embeddable":true,"href":"https:\/\/smartyplantsnursery.com\/es\/wp-json\/wp\/v2\/product_tag?post=46556"}],"curies":[{"name":"wp","href":"https:\/\/api.w.org\/{rel}","templated":true}]}}