{"id":46558,"date":"2023-04-18T14:45:07","date_gmt":"2023-04-18T14:45:07","guid":{"rendered":"https:\/\/smartyplantsnursery.com\/product\/agave-azul-agave-americana\/"},"modified":"2026-03-11T15:35:59","modified_gmt":"2026-03-11T15:35:59","slug":"agave-azul-agave-americana","status":"publish","type":"product","link":"https:\/\/smartyplantsnursery.com\/es\/product\/agave-azul-agave-americana\/","title":{"rendered":"Agave azul &#8211; agave americana"},"content":{"rendered":"<p class=\"\"><b class=\"\">Usos generales en el paisaje: <\/b>Planta de acento, control de la erosi\u00f3n, planta de contenedor, jard\u00edn costero<\/p>\n<p class=\"\"><b class=\"\">Notas sobre la restauraci\u00f3n ecol\u00f3gica: <\/b>Estabilizaci\u00f3n del suelo y control de la erosi\u00f3n, resistencia a la sequ\u00eda, h\u00e1bitat de vida silvestre y apoyo a los polinizadores, secuestro de carbono, revegetaci\u00f3n de \u00e1reas perturbadas, tolerancia a la sal y al viento<\/p>\n<p class=\"\"><b class=\"\">Descripci\u00f3n: <\/b>El agave azul es una planta espectacular con un aire del suroeste. Las hojas son de un hermoso color azul plateado y, con el tiempo, la planta m\u00e1s vieja producir\u00e1 un tallo floral alto e impresionante. Las plantas de agave son extremadamente f\u00e1ciles de cultivar, ya que aman el sol de Florida y son muy tolerantes a la sequ\u00eda. Plante el agave azul como pieza central, en un jard\u00edn de rocas o suculentas, en macetas o como acentos en todo su paisaje.   <\/p>\n<p class=\"\"><b class=\"\">Dimensiones: <\/b>Altura 1,5 m; Extensi\u00f3n 1,8 &#8211; 3 m.<\/p>\n<p class=\"\"><b class=\"\">Tasa de crecimiento:<\/b> Moderada a lenta<\/p>\n<p class=\"\"><b class=\"\">Distribuci\u00f3n nativa: <\/b>M\u00e9xico y el Caribe<\/p>\n<p class=\"\"><b class=\"\">H\u00e1bitats nativos: <\/b>Laderas des\u00e9rticas, laderas rocosas y afloramientos de piedra caliza<\/p>\n<p class=\"\"><b class=\"\">Suelos: <\/b>Suelo arenoso o rocoso con buen drenaje; tolera suelos pobres y alcalinos.<\/p>\n<p class=\"\"><b class=\"\">Requisitos nutricionales:<\/b> bajos<\/p>\n<p class=\"\"><b class=\"\">Tolerancia al agua salada:<\/b> moderada<\/p>\n<p class=\"\"><b class=\"\">Tolerancia al viento salado:<\/b> alta<\/p>\n<p class=\"\"><b class=\"\">Tolerancia a la sequ\u00eda:<\/b> alta<\/p>\n<p class=\"\"><b class=\"\">Requisitos de luz:<\/b> pleno sol<\/p>\n<p class=\"\"><b class=\"\">Color de la flor: <\/b>Verde amarillento<\/p>\n<p class=\"\"><b class=\"\">Caracter\u00edsticas de la flor: <\/b>Florece despu\u00e9s de 10 a 30 a\u00f1os. Muere despu\u00e9s de florecer. <\/p>\n<p class=\"\"><b class=\"\">Temporada de floraci\u00f3n:<\/b> Desde finales de primavera hasta verano<\/p>\n<p class=\"\"><b class=\"\">Fruto: <\/b>C\u00e1psula seca que es verde cuando est\u00e1 inmadura y se vuelve marr\u00f3n a medida que madura.<\/p>\n<p class=\"\"><b class=\"\">Vida silvestre y ecolog\u00eda: <\/b>H\u00e1bitat de vida silvestre, mejora del suelo, resistencia a la sequ\u00eda<\/p>\n<p class=\"\"><b class=\"\">Notas de horticultura: <\/b>Cultivado a partir de hijuelos (cachorros) o semillas<\/p>\n<p class=\"\"><b class=\"\">Comentarios:<\/b><\/p>\n","protected":false},"excerpt":{"rendered":"<p><img fetchpriority=\"high\" decoding=\"async\" class=\"alignnone size-medium wp-image-54744\" src=\"https:\/\/smartyplantsnursery.com\/wp-content\/uploads\/2023\/04\/Screenshot-2026-03-03-at-2.22.47-PM-300x185.webp\" alt=\"\" width=\"300\" height=\"185\"><\/p>\n<div class=\"container\">\n<div class=\"table-container\">\n<table>\n<thead>\n<tr>\n<th>Tama\u00f1o de la maceta<\/th>\n<th>Altura media plantada (desde la tierra hasta la parte superior de la planta)<\/th>\n<\/tr>\n<\/thead>\n<tbody>\n<tr>\n<td>1 gal\u00f3n\/6&#8243;<\/td>\n<td>15 cm &#8211; 30 cm<\/td>\n<\/tr>\n<tr>\n<td>3 galones\/10&#8243;<\/td>\n<td>0,3 &#8211; 0,45 m<\/td>\n<\/tr>\n<tr>\n<td>7 galones\/14&#8243;<\/td>\n<td>0,45 &#8211; 0,6 m<\/td>\n<\/tr>\n<tr>\n<td>15 galones\/17&#8243;<\/td>\n<td>0,6 &#8211; 0,75 m<\/td>\n<\/tr>\n<tr>\n<td>25 galones\/21&#8243;<\/td>\n<td>0,75 &#8211; 0,9 m<\/td>\n<\/tr>\n<\/tbody>\n<\/table>\n<\/div>\n<\/div>\n","protected":false},"featured_media":50914,"comment_status":"open","ping_status":"closed","template":"","meta":[],"product_brand":[],"product_cat":[340,362,359,357,310,317,384,302,306,326,360,334,335,323,468,330,339,347,307],"product_tag":[319,327],"class_list":{"0":"post-46558","1":"product","2":"type-product","3":"status-publish","4":"has-post-thumbnail","6":"product_cat-alta","7":"product_cat-alta-es-2","8":"product_cat-arena","9":"product_cat-baja-es-3","10":"product_cat-bien-drenado","11":"product_cat-contenedor","12":"product_cat-costero","13":"product_cat-exotica","14":"product_cat-lenta","15":"product_cat-moderada-es-2","16":"product_cat-moderada-es-3","17":"product_cat-planta-de-acento","18":"product_cat-pleno-sol","19":"product_cat-primavera","20":"product_cat-roca-2","21":"product_cat-semilla","22":"product_cat-suculenta","23":"product_cat-vastago","24":"product_cat-verano","25":"product_tag-amarillo","26":"product_tag-verde","27":"pa_pot-size-1-galon-6","28":"pa_pot-size-15-galones-17","29":"pa_pot-size-25-galones-21","30":"pa_pot-size-3-galones-10","31":"pa_pot-size-7-galones-14","34":"first","35":"instock","36":"taxable","37":"shipping-taxable","38":"purchasable","39":"product-type-variable"},"aioseo_notices":[],"_links":{"self":[{"href":"https:\/\/smartyplantsnursery.com\/es\/wp-json\/wp\/v2\/product\/46558","targetHints":{"allow":["GET"]}}],"collection":[{"href":"https:\/\/smartyplantsnursery.com\/es\/wp-json\/wp\/v2\/product"}],"about":[{"href":"https:\/\/smartyplantsnursery.com\/es\/wp-json\/wp\/v2\/types\/product"}],"replies":[{"embeddable":true,"href":"https:\/\/smartyplantsnursery.com\/es\/wp-json\/wp\/v2\/comments?post=46558"}],"wp:featuredmedia":[{"embeddable":true,"href":"https:\/\/smartyplantsnursery.com\/es\/wp-json\/wp\/v2\/media\/50914"}],"wp:attachment":[{"href":"https:\/\/smartyplantsnursery.com\/es\/wp-json\/wp\/v2\/media?parent=46558"}],"wp:term":[{"taxonomy":"product_brand","embeddable":true,"href":"https:\/\/smartyplantsnursery.com\/es\/wp-json\/wp\/v2\/product_brand?post=46558"},{"taxonomy":"product_cat","embeddable":true,"href":"https:\/\/smartyplantsnursery.com\/es\/wp-json\/wp\/v2\/product_cat?post=46558"},{"taxonomy":"product_tag","embeddable":true,"href":"https:\/\/smartyplantsnursery.com\/es\/wp-json\/wp\/v2\/product_tag?post=46558"}],"curies":[{"name":"wp","href":"https:\/\/api.w.org\/{rel}","templated":true}]}}