{"id":46569,"date":"2023-04-14T22:56:48","date_gmt":"2023-04-14T22:56:48","guid":{"rendered":"https:\/\/smartyplantsnursery.com\/product\/espartina-uniola-paniculata\/"},"modified":"2026-02-06T14:23:17","modified_gmt":"2026-02-06T14:23:17","slug":"espartina-uniola-paniculata","status":"publish","type":"product","link":"https:\/\/smartyplantsnursery.com\/es\/product\/espartina-uniola-paniculata\/","title":{"rendered":"Espartina &#8211; uniola paniculata"},"content":{"rendered":"<p><b>Usos generales en el paisaje:<\/b> Hierba decorativa en lugares costeros soleados.<\/p>\n<p><b>Descripci\u00f3n:<\/b> Hierba herb\u00e1cea grande.<\/p>\n<p><b>Dimensiones:<\/b> Alrededor de 90-120 cm de altura; hasta 180 cm o m\u00e1s cuando est\u00e1 en flor. Se propaga desde tallos subterr\u00e1neos y forma grandes extensiones. <\/p>\n<p><b>Tasa de crecimiento:<\/b> moderada.<\/p>\n<p><b>Distribuci\u00f3n:<\/b> Este y sureste de los Estados Unidos al oeste de Texas y al sur de los Cayos del Condado de Monroe; Indias Occidentales y M\u00e9xico. Ausente o muy raro en los Cayos superiores de Florida. <\/p>\n<p><b>H\u00e1bitats:<\/b> Dunas de playa y \u00e1reas costeras abiertas.<\/p>\n<p><b>Suelos:<\/b> Suelos arenosos h\u00famedos y bien drenados, sin humus.<\/p>\n<p><b>Requisitos nutricionales:<\/b> Bajos; crece en suelos pobres en nutrientes.<\/p>\n<p><b>Tolerancia al agua salada:<\/b> Baja; no tolera las inundaciones a largo plazo con agua salada o salobre.<\/p>\n<p><b>Tolerancia al viento salino:<\/b> Primera l\u00ednea; crece con viento salino directo, pero lejos de la pulverizaci\u00f3n constante de sal.<\/p>\n<p><b>Tolerancia a la sequ\u00eda:<\/b> Alta; no requiere agua suplementaria una vez establecida.<\/p>\n<p><b>Requisitos de luz:<\/b> Pleno sol.<\/p>\n<p><b>Color de la flor:<\/b> Inflorescencia de color marr\u00f3n claro.<\/p>\n<p><b>Caracter\u00edsticas de la flor:<\/b> Inflorescencia vistosa.<\/p>\n<p><b>Temporada de floraci\u00f3n:<\/b> Todo el a\u00f1o; pico en verano.<\/p>\n<p><b>Fruto:<\/b> Cari\u00f3pside discreta de color marr\u00f3n claro. Principalmente desde finales de verano hasta principios de oto\u00f1o. <\/p>\n<p><b>Vida silvestre y ecolog\u00eda:<\/b> El estabilizador m\u00e1s importante de la arena en las dunas de playa. La mayor\u00eda de las plantas se establecen a trav\u00e9s de la reproducci\u00f3n vegetativa. <\/p>\n<p><b>Notas de horticultura:<\/b> Se puede cultivar a partir de semillas y divisi\u00f3n.<\/p>\n<p><b>Comentarios:<\/b> Es ilegal recolectar la espiga de la flor o las cabezas de semillas en Florida, sin un permiso.<\/p>\n","protected":false},"excerpt":{"rendered":"<p><img decoding=\"async\" class=\"alignnone size-medium wp-image-31863\" src=\"https:\/\/smartyplantsnursery.com\/wp-content\/uploads\/2023\/04\/Screen-Shot-2023-04-22-at-11.28.02-PM-300x134.png\" alt=\"\" width=\"300\" height=\"134\"><\/p>\n<div class=\"container\">\n<div class=\"table-container\">\n<table>\n<thead>\n<tr>\n<th>Tama\u00f1o de la maceta<\/th>\n<th>Altura media plantada (desde la tierra hasta la parte superior de la planta)<\/th>\n<\/tr>\n<\/thead>\n<tbody>\n<tr>\n<td>1 gal\u00f3n\/6&#8243;<\/td>\n<td>0 &#8211; 1 ft.<\/td>\n<\/tr>\n<tr>\n<td>3 galones\/10&#8243;<\/td>\n<td>1 &#8211; 2 pies<\/td>\n<\/tr>\n<\/tbody>\n<\/table>\n<\/div>\n<\/div>\n","protected":false},"featured_media":47619,"comment_status":"open","ping_status":"closed","template":"","meta":[],"product_brand":[59,60],"product_cat":[340,359,357,311,346,310,331,387,355,324,361,326,341,308,334,335,323,330,307],"product_tag":[356],"class_list":{"0":"post-46569","1":"product","2":"type-product","3":"status-publish","4":"has-post-thumbnail","6":"product_brand-fann","7":"product_brand-fnps","8":"product_cat-alta","9":"product_cat-arena","10":"product_cat-baja-es-3","11":"product_cat-baja","12":"product_cat-bajo-mantenimiento","13":"product_cat-bien-drenado","14":"product_cat-division-es","15":"product_cat-hierba-es","16":"product_cat-invierno","17":"product_cat-llamativo","18":"product_cat-moderada-es-4","19":"product_cat-moderada-es-2","20":"product_cat-nativo","21":"product_cat-otono","22":"product_cat-planta-de-acento","23":"product_cat-pleno-sol","24":"product_cat-primavera","25":"product_cat-semilla","26":"product_cat-verano","27":"product_tag-marron","28":"pa_pot-size-1-galon-6","29":"pa_pot-size-3-galones-10","30":"pa_pot-size-7-galones-14","33":"first","34":"instock","35":"featured","36":"taxable","37":"shipping-taxable","38":"purchasable","39":"product-type-variable"},"aioseo_notices":[],"_links":{"self":[{"href":"https:\/\/smartyplantsnursery.com\/es\/wp-json\/wp\/v2\/product\/46569","targetHints":{"allow":["GET"]}}],"collection":[{"href":"https:\/\/smartyplantsnursery.com\/es\/wp-json\/wp\/v2\/product"}],"about":[{"href":"https:\/\/smartyplantsnursery.com\/es\/wp-json\/wp\/v2\/types\/product"}],"replies":[{"embeddable":true,"href":"https:\/\/smartyplantsnursery.com\/es\/wp-json\/wp\/v2\/comments?post=46569"}],"wp:featuredmedia":[{"embeddable":true,"href":"https:\/\/smartyplantsnursery.com\/es\/wp-json\/wp\/v2\/media\/47619"}],"wp:attachment":[{"href":"https:\/\/smartyplantsnursery.com\/es\/wp-json\/wp\/v2\/media?parent=46569"}],"wp:term":[{"taxonomy":"product_brand","embeddable":true,"href":"https:\/\/smartyplantsnursery.com\/es\/wp-json\/wp\/v2\/product_brand?post=46569"},{"taxonomy":"product_cat","embeddable":true,"href":"https:\/\/smartyplantsnursery.com\/es\/wp-json\/wp\/v2\/product_cat?post=46569"},{"taxonomy":"product_tag","embeddable":true,"href":"https:\/\/smartyplantsnursery.com\/es\/wp-json\/wp\/v2\/product_tag?post=46569"}],"curies":[{"name":"wp","href":"https:\/\/api.w.org\/{rel}","templated":true}]}}