{"id":46575,"date":"2023-04-15T00:09:05","date_gmt":"2023-04-15T00:09:05","guid":{"rendered":"https:\/\/smartyplantsnursery.com\/product\/lirio-africano-dietes-bicolor\/"},"modified":"2026-03-07T14:53:09","modified_gmt":"2026-03-07T14:53:09","slug":"lirio-africano-dietes-bicolor","status":"publish","type":"product","link":"https:\/\/smartyplantsnursery.com\/es\/product\/lirio-africano-dietes-bicolor\/","title":{"rendered":"Lirio africano &#8211; dietes bicolor"},"content":{"rendered":"<p><b>Usos generales en el paisaje:<\/b> borde; plantaci\u00f3n en masa; contenedor o jardinera elevada; bordes; naturalizaci\u00f3n; jard\u00edn acu\u00e1tico; acento<\/p>\n<p><b>Notas sobre la restauraci\u00f3n ecol\u00f3gica:<\/b> estabilizaci\u00f3n del suelo y control de la erosi\u00f3n, filtraci\u00f3n del agua y restauraci\u00f3n de humedales, apoyo a los polinizadores y la biodiversidad, resistencia a la sequ\u00eda y al clima, crecimiento no invasivo y bajo mantenimiento<\/p>\n<p><b>Descripci\u00f3n:<\/b> herb\u00e1cea; hierba ornamental<\/p>\n<p><b>Dimensiones:<\/b> Altura 2 &#8211; 4 pies; Extensi\u00f3n 2 &#8211; 3 pies.<\/p>\n<p><b>Tasa de crecimiento:<\/b> lenta<\/p>\n<p><b>\u00c1rea de distribuci\u00f3n nativa:<\/b> Sud\u00e1frica<\/p>\n<p><b>H\u00e1bitats nativos:<\/b> pastizales y sabanas, m\u00e1rgenes de bosques y zonas boscosas, humedales y zonas ribere\u00f1as, zonas costeras y rocosas<\/p>\n<p><b>Suelos:<\/b> inundaciones prolongadas; ligeramente alcalino; arcilla; arena; \u00e1cido; marga<\/p>\n<p><b>Requisitos nutricionales:<\/b> De bajos a moderados<\/p>\n<p><b>Tolerancia al agua salada:<\/b> baja<\/p>\n<p><b>Tolerancia al viento salado:<\/b> moderada<\/p>\n<p><b>Tolerancia a la sequ\u00eda:<\/b> moderada<\/p>\n<p><b>Requisitos de luz:<\/b> pleno sol a sol parcial<\/p>\n<p><b>Color de la flor:<\/b> Amarillo p\u00e1lido<\/p>\n<p><b>Caracter\u00edsticas de la flor:<\/b> Vive solo 2 d\u00edas<\/p>\n<p><b>Temporada de floraci\u00f3n:<\/b> florece peri\u00f3dicamente durante todo el a\u00f1o<\/p>\n<p><b>Fruto:<\/b> Verde, alargado, de 0,5 a 1 pulgada, seco o duro<\/p>\n<p><b>Vida silvestre y ecolog\u00eda:<\/b> contribuye a la estabilidad del suelo, al apoyo de los polinizadores y a la resiliencia del ecosistema<\/p>\n<p><b>Notas de horticultura:<\/b> La propagaci\u00f3n es por semilla o divisi\u00f3n de los grupos enmara\u00f1ados. Se levantan las plantas enteras y se dividen los rizomas cada tres a\u00f1os o cuando se necesitan plantas nuevas. <\/p>\n<p><b>Comentarios:<\/b><\/p>\n<div class=\"chkout-product-info-lbl\"><\/div>\n","protected":false},"excerpt":{"rendered":"<p><img fetchpriority=\"high\" decoding=\"async\" class=\"alignnone size-medium wp-image-54744\" src=\"https:\/\/smartyplantsnursery.com\/wp-content\/uploads\/2023\/04\/Screenshot-2026-03-03-at-2.22.47-PM-300x185.png\" alt=\"\" width=\"300\" height=\"185\"><\/p>\n<div class=\"container\">\n<div class=\"table-container\">\n<table>\n<thead>\n<tr>\n<th>Tama\u00f1o de la maceta<\/th>\n<th>Altura media plantada (desde la tierra hasta la parte superior de la planta)<\/th>\n<\/tr>\n<\/thead>\n<tbody>\n<tr>\n<td>1 gal\u00f3n\/6&#8243;<\/td>\n<td>15 cm &#8211; 30 cm<\/td>\n<\/tr>\n<tr>\n<td>3 galones\/10&#8243;<\/td>\n<td>1 &#8211; 2 pies<\/td>\n<\/tr>\n<\/tbody>\n<\/table>\n<\/div>\n<p>&nbsp;<\/p>\n<\/div>\n","protected":false},"featured_media":43361,"comment_status":"open","ping_status":"closed","template":"","meta":[],"product_brand":[],"product_cat":[343,380,382,359,311,357,375,317,331,302,369,387,306,361,309,313,334,335,330,303],"product_tag":[319],"class_list":{"0":"post-46575","1":"product","2":"type-product","3":"status-publish","4":"has-post-thumbnail","6":"product_cat-acido","7":"product_cat-alcalino","8":"product_cat-arcilla","9":"product_cat-arena","10":"product_cat-baja","11":"product_cat-baja-es-3","12":"product_cat-borde","13":"product_cat-contenedor","14":"product_cat-division-es","15":"product_cat-exotica","16":"product_cat-franco","17":"product_cat-hierba-es","18":"product_cat-lenta","19":"product_cat-moderada-es-4","20":"product_cat-moderada","21":"product_cat-moderada-es","22":"product_cat-planta-de-acento","23":"product_cat-pleno-sol","24":"product_cat-semilla","25":"product_cat-sol-parcial","26":"product_tag-amarillo","27":"pa_pot-size-1-galon-6","28":"pa_pot-size-3-galones-10","29":"pa_pot-size-7-galones-14","32":"first","33":"instock","34":"featured","35":"taxable","36":"shipping-taxable","37":"purchasable","38":"product-type-variable"},"aioseo_notices":[],"_links":{"self":[{"href":"https:\/\/smartyplantsnursery.com\/es\/wp-json\/wp\/v2\/product\/46575","targetHints":{"allow":["GET"]}}],"collection":[{"href":"https:\/\/smartyplantsnursery.com\/es\/wp-json\/wp\/v2\/product"}],"about":[{"href":"https:\/\/smartyplantsnursery.com\/es\/wp-json\/wp\/v2\/types\/product"}],"replies":[{"embeddable":true,"href":"https:\/\/smartyplantsnursery.com\/es\/wp-json\/wp\/v2\/comments?post=46575"}],"wp:featuredmedia":[{"embeddable":true,"href":"https:\/\/smartyplantsnursery.com\/es\/wp-json\/wp\/v2\/media\/43361"}],"wp:attachment":[{"href":"https:\/\/smartyplantsnursery.com\/es\/wp-json\/wp\/v2\/media?parent=46575"}],"wp:term":[{"taxonomy":"product_brand","embeddable":true,"href":"https:\/\/smartyplantsnursery.com\/es\/wp-json\/wp\/v2\/product_brand?post=46575"},{"taxonomy":"product_cat","embeddable":true,"href":"https:\/\/smartyplantsnursery.com\/es\/wp-json\/wp\/v2\/product_cat?post=46575"},{"taxonomy":"product_tag","embeddable":true,"href":"https:\/\/smartyplantsnursery.com\/es\/wp-json\/wp\/v2\/product_tag?post=46575"}],"curies":[{"name":"wp","href":"https:\/\/api.w.org\/{rel}","templated":true}]}}