{"id":46578,"date":"2023-04-14T22:53:58","date_gmt":"2023-04-14T22:53:58","guid":{"rendered":"https:\/\/smartyplantsnursery.com\/product\/espartina-spartina-bakeri\/"},"modified":"2026-02-05T14:20:47","modified_gmt":"2026-02-05T14:20:47","slug":"espartina-spartina-bakeri","status":"publish","type":"product","link":"https:\/\/smartyplantsnursery.com\/es\/product\/espartina-spartina-bakeri\/","title":{"rendered":"Espartina &#8211; spartina bakeri"},"content":{"rendered":"<p><b>Usos generales en el paisaje:<\/b> Jardines acu\u00e1ticos y a lo largo de los bordes de estanques y lagos.<\/p>\n<p><b>Descripci\u00f3n:<\/b> Hierba herb\u00e1cea grande.<\/p>\n<p><b>Dimensiones:<\/b> Alrededor de 3-4 pies de altura; hasta 6 pies cuando est\u00e1 en flor. Aproximadamente tan ancha como alta. <\/p>\n<p><b>Tasa de crecimiento:<\/b> moderada.<\/p>\n<p><b>Distribuci\u00f3n:<\/b> Sudeste de los Estados Unidos al oeste de Texas y al sur de los Cayos del Condado de Monroe. En los Cayos del Condado de Monroe, disyunta desde el Condado de Miami-Dade hasta Big Pine Key. <\/p>\n<p><b>H\u00e1bitats:<\/b> Marismas, principalmente interiores, raramente costeras.<\/p>\n<p><b>Suelos:<\/b> Suelos arenosos o calc\u00e1reos h\u00famedos a mojados, mal drenados a moderadamente bien drenados, sin humus.<\/p>\n<p><b>Requisitos nutricionales:<\/b> Bajos; crece en suelos pobres en nutrientes.<\/p>\n<p><b>Tolerancia al agua salada:<\/b> Baja; no tolera las inundaciones a largo plazo con agua salada o salobre.<\/p>\n<p><b>Tolerancia al viento salino:<\/b> Moderada; crece cerca del agua salada, pero est\u00e1 protegido de la pulverizaci\u00f3n directa de sal por otra vegetaci\u00f3n.<\/p>\n<p><b>Tolerancia a la sequ\u00eda:<\/b> Moderada a baja; requiere suelos h\u00famedos a mojados, pero tolera cortos per\u00edodos de sequ\u00eda una vez establecido.<\/p>\n<p><b>Requisitos de luz:<\/b> Pleno sol a sombra ligera.<\/p>\n<p><b>Color de la flor:<\/b> Inflorescencia parduzca.<\/p>\n<p><b>Caracter\u00edsticas de la flor:<\/b> poco llamativas.<\/p>\n<p><b>Temporada de floraci\u00f3n:<\/b> Oto\u00f1o-primavera.<\/p>\n<p><b>Fruto:<\/b> Cari\u00f3pside discreta.<\/p>\n<p><b>Notas de horticultura:<\/b> Se puede cultivar a partir de semillas y divisi\u00f3n.<\/p>\n","protected":false},"excerpt":{"rendered":"<p><img decoding=\"async\" class=\"alignnone size-medium wp-image-31863\" src=\"https:\/\/smartyplantsnursery.com\/wp-content\/uploads\/2023\/04\/Screen-Shot-2023-04-22-at-11.28.02-PM-300x134.png\" alt=\"\" width=\"300\" height=\"134\"><\/p>\n<div class=\"container\">\n<div class=\"table-container\">\n<table>\n<thead>\n<tr>\n<th>Tama\u00f1o de la maceta<\/th>\n<th>Altura media plantada (desde la tierra hasta la parte superior de la planta)<\/th>\n<\/tr>\n<\/thead>\n<tbody>\n<tr>\n<td>1 gal\u00f3n\/6&#8243;<\/td>\n<td>0 &#8211; 1 ft.<\/td>\n<\/tr>\n<tr>\n<td>3 galones\/10&#8243;<\/td>\n<td>1 &#8211; 2 pies<\/td>\n<\/tr>\n<\/tbody>\n<\/table>\n<\/div>\n<\/div>\n","protected":false},"featured_media":51601,"comment_status":"open","ping_status":"closed","template":"","meta":[],"product_brand":[59,60],"product_cat":[359,357,311,346,310,331,387,365,355,354,361,313,326,341,308,335,323,330,303],"product_tag":[356],"class_list":{"0":"post-46578","1":"product","2":"type-product","3":"status-publish","4":"has-post-thumbnail","6":"product_brand-fann","7":"product_brand-fnps","8":"product_cat-arena","9":"product_cat-baja-es-3","10":"product_cat-baja","11":"product_cat-bajo-mantenimiento","12":"product_cat-bien-drenado","13":"product_cat-division-es","14":"product_cat-hierba-es","15":"product_cat-inconspicuo","16":"product_cat-invierno","17":"product_cat-mal-drenado","18":"product_cat-moderada-es-4","19":"product_cat-moderada-es","20":"product_cat-moderada-es-2","21":"product_cat-nativo","22":"product_cat-otono","23":"product_cat-pleno-sol","24":"product_cat-primavera","25":"product_cat-semilla","26":"product_cat-sol-parcial","27":"product_tag-marron","28":"pa_pot-size-1-galon-6","29":"pa_pot-size-3-galones-10","30":"pa_pot-size-7-galones-14","33":"first","34":"instock","35":"taxable","36":"shipping-taxable","37":"purchasable","38":"product-type-variable"},"aioseo_notices":[],"_links":{"self":[{"href":"https:\/\/smartyplantsnursery.com\/es\/wp-json\/wp\/v2\/product\/46578","targetHints":{"allow":["GET"]}}],"collection":[{"href":"https:\/\/smartyplantsnursery.com\/es\/wp-json\/wp\/v2\/product"}],"about":[{"href":"https:\/\/smartyplantsnursery.com\/es\/wp-json\/wp\/v2\/types\/product"}],"replies":[{"embeddable":true,"href":"https:\/\/smartyplantsnursery.com\/es\/wp-json\/wp\/v2\/comments?post=46578"}],"wp:featuredmedia":[{"embeddable":true,"href":"https:\/\/smartyplantsnursery.com\/es\/wp-json\/wp\/v2\/media\/51601"}],"wp:attachment":[{"href":"https:\/\/smartyplantsnursery.com\/es\/wp-json\/wp\/v2\/media?parent=46578"}],"wp:term":[{"taxonomy":"product_brand","embeddable":true,"href":"https:\/\/smartyplantsnursery.com\/es\/wp-json\/wp\/v2\/product_brand?post=46578"},{"taxonomy":"product_cat","embeddable":true,"href":"https:\/\/smartyplantsnursery.com\/es\/wp-json\/wp\/v2\/product_cat?post=46578"},{"taxonomy":"product_tag","embeddable":true,"href":"https:\/\/smartyplantsnursery.com\/es\/wp-json\/wp\/v2\/product_tag?post=46578"}],"curies":[{"name":"wp","href":"https:\/\/api.w.org\/{rel}","templated":true}]}}