{"id":46583,"date":"2023-04-14T23:22:07","date_gmt":"2023-04-14T23:22:07","guid":{"rendered":"https:\/\/smartyplantsnursery.com\/product\/peperomia-de-florida-planta-de-caucho-bebe-peperomia-obtusifolia\/"},"modified":"2026-05-05T19:14:52","modified_gmt":"2026-05-05T19:14:52","slug":"peperomia-de-florida-planta-de-caucho-bebe-peperomia-obtusifolia","status":"publish","type":"product","link":"https:\/\/smartyplantsnursery.com\/es\/product\/peperomia-de-florida-planta-de-caucho-bebe-peperomia-obtusifolia\/","title":{"rendered":"Peperomia de Florida, planta de caucho beb\u00e9 &#8211; peperomia obtusifolia"},"content":{"rendered":"<p><b>Usos generales en el paisaje:<\/b> Se recomienda principalmente para paisajes naturales y restauraciones de h\u00e1bitats.<\/p>\n<p><b>Notas sobre la restauraci\u00f3n ecol\u00f3gica:<\/b> Una ep\u00edfita rara en hamacas y pantanos.<\/p>\n<p><b>Descripci\u00f3n:<\/b> Hierba ep\u00edfita con hojas gruesas y suculentas. Hojas de 2 a 6 pulgadas de largo. <\/p>\n<p><b>Dimensiones:<\/b> Alrededor de 6-9 pulgadas de altura. Se extiende y forma peque\u00f1os grupos m\u00e1s anchos que altos. <\/p>\n<p><b>Tasa de crecimiento:<\/b> moderada.<\/p>\n<p><b>Distribuci\u00f3n:<\/b> Condados de Miami-Dade y Collier y el territorio continental del condado de Monroe; disyunta en los condados de Indian River y Brevard; Indias Occidentales, M\u00e9xico, Am\u00e9rica Central y Am\u00e9rica del Sur.<\/p>\n<p><b>H\u00e1bitats:<\/b> Hamacas y pantanos h\u00famedos.<\/p>\n<p><b>Suelos:<\/b> Ep\u00edfita; o terrestre en hojarasca h\u00fameda y bien drenada, pH \u00e1cido a neutro.<\/p>\n<p><b>Requisitos nutricionales:<\/b> Moderado; puede crecer en sustrato pobre en nutrientes, pero necesita algunos aportes de nutrientes para prosperar.<\/p>\n<p><b>Tolerancia al agua salada:<\/b> Baja; no tolera las inundaciones a largo plazo con agua salada o salobre.<\/p>\n<p><b>Tolerancia al viento salado:<\/b> Baja; el viento salado puede quemar las hojas.<\/p>\n<p><b>Tolerancia a la sequ\u00eda:<\/b> Baja; requiere un sustrato h\u00famedo y alta humedad y es intolerante a largos per\u00edodos de sequ\u00eda.<\/p>\n<p><b>Requisitos de luz:<\/b> Sombra ligera.<\/p>\n<p><b>Color de la flor:<\/b> Verde.<\/p>\n<p><b>Caracter\u00edsticas de la flor:<\/b> poco llamativas.<\/p>\n<p><b>Temporada de floraci\u00f3n:<\/b> Todo el a\u00f1o; pico en verano.<\/p>\n<p><b>Fruto:<\/b> Baya discreta.<\/p>\n<p><b>Notas de horticultura:<\/b> Se puede cultivar a partir de esquejes.<\/p>\n<p><b>Comentarios:<\/b> La mayor\u00eda de las plantas vendidas como P. obtusifolia son de origen tropical americano; se recomienda material local. Est\u00e1 catalogada como en peligro de extinci\u00f3n por el estado de Florida. <\/p>\n","protected":false},"excerpt":{"rendered":"<p><img fetchpriority=\"high\" decoding=\"async\" class=\"alignnone size-medium wp-image-54744\" src=\"https:\/\/smartyplantsnursery.com\/wp-content\/uploads\/2023\/04\/Screenshot-2026-03-03-at-2.22.47-PM-300x185.webp\" alt=\"\" width=\"300\" height=\"185\"><\/p>\n<div class=\"container\">\n<div class=\"table-container\">\n<table>\n<thead>\n<tr>\n<th>Tama\u00f1o de la maceta<\/th>\n<th>Altura media plantada (desde la tierra hasta la parte superior de la planta)<\/th>\n<\/tr>\n<\/thead>\n<tbody>\n<tr>\n<td>1 gal\u00f3n\/6&#8243;<\/td>\n<td>0 &#8211; 15 cm<\/td>\n<\/tr>\n<tr>\n<td>3 galones\/10&#8243;<\/td>\n<td>15 cm &#8211; 30 cm<\/td>\n<\/tr>\n<\/tbody>\n<\/table>\n<\/div>\n<\/div>\n","protected":false},"featured_media":43942,"comment_status":"open","ping_status":"closed","template":"","meta":[],"product_brand":[],"product_cat":[343,311,312,329,346,310,394,315,365,309,326,341,345,303],"product_tag":[327],"class_list":{"0":"post-46583","1":"product","2":"type-product","3":"status-publish","4":"has-post-thumbnail","6":"product_cat-acido","7":"product_cat-baja","8":"product_cat-baja-es","9":"product_cat-baja-es-2","10":"product_cat-bajo-mantenimiento","11":"product_cat-bien-drenado","12":"product_cat-epifita","13":"product_cat-esquejes","14":"product_cat-inconspicuo","15":"product_cat-moderada","16":"product_cat-moderada-es-2","17":"product_cat-nativo","18":"product_cat-neutro","19":"product_cat-sol-parcial","20":"product_tag-verde","21":"pa_pot-size-1-galon-6","22":"pa_pot-size-3-galones-10","23":"pa_pot-size-7-galones-14","26":"first","27":"instock","28":"taxable","29":"shipping-taxable","30":"purchasable","31":"product-type-variable"},"aioseo_notices":[],"_links":{"self":[{"href":"https:\/\/smartyplantsnursery.com\/es\/wp-json\/wp\/v2\/product\/46583","targetHints":{"allow":["GET"]}}],"collection":[{"href":"https:\/\/smartyplantsnursery.com\/es\/wp-json\/wp\/v2\/product"}],"about":[{"href":"https:\/\/smartyplantsnursery.com\/es\/wp-json\/wp\/v2\/types\/product"}],"replies":[{"embeddable":true,"href":"https:\/\/smartyplantsnursery.com\/es\/wp-json\/wp\/v2\/comments?post=46583"}],"wp:featuredmedia":[{"embeddable":true,"href":"https:\/\/smartyplantsnursery.com\/es\/wp-json\/wp\/v2\/media\/43942"}],"wp:attachment":[{"href":"https:\/\/smartyplantsnursery.com\/es\/wp-json\/wp\/v2\/media?parent=46583"}],"wp:term":[{"taxonomy":"product_brand","embeddable":true,"href":"https:\/\/smartyplantsnursery.com\/es\/wp-json\/wp\/v2\/product_brand?post=46583"},{"taxonomy":"product_cat","embeddable":true,"href":"https:\/\/smartyplantsnursery.com\/es\/wp-json\/wp\/v2\/product_cat?post=46583"},{"taxonomy":"product_tag","embeddable":true,"href":"https:\/\/smartyplantsnursery.com\/es\/wp-json\/wp\/v2\/product_tag?post=46583"}],"curies":[{"name":"wp","href":"https:\/\/api.w.org\/{rel}","templated":true}]}}