{"id":46584,"date":"2023-04-14T22:51:26","date_gmt":"2023-04-14T22:51:26","guid":{"rendered":"https:\/\/smartyplantsnursery.com\/product\/grama-oriental-hierba-fakahatchee-tripsacum-dactyloides\/"},"modified":"2026-04-13T16:27:26","modified_gmt":"2026-04-13T16:27:26","slug":"grama-oriental-hierba-fakahatchee-tripsacum-dactyloides","status":"publish","type":"product","link":"https:\/\/smartyplantsnursery.com\/es\/product\/grama-oriental-hierba-fakahatchee-tripsacum-dactyloides\/","title":{"rendered":"Grama oriental, hierba fakahatchee &#8211; tripsacum dactyloides"},"content":{"rendered":"<p><b>Usos generales en el paisaje:<\/b> Hierba de acento. Cobertura vegetal grande en \u00e1reas h\u00famedas o mojadas. <\/p>\n<p><b>Descripci\u00f3n:<\/b> Hierba herb\u00e1cea grande.<\/p>\n<p><b>Dimensiones:<\/b> T\u00edpicamente de 3 a 4 pies de altura; hasta 6 pies cuando est\u00e1 en flor. Aproximadamente tan ancha como alta. <\/p>\n<p><b>Tasa de crecimiento:<\/b> moderada.<\/p>\n<p><b>Distribuci\u00f3n:<\/b> Extendido en el este y centro de Am\u00e9rica del Norte al sur del condado de Miami-Dade y el continente del condado de Monroe; Indias Occidentales, M\u00e9xico, Am\u00e9rica Central y Am\u00e9rica del Sur.<\/p>\n<p><b>H\u00e1bitats:<\/b> Marismas, pantanos y pinares h\u00famedos.<\/p>\n<p><b>Suelos:<\/b> H\u00famedos a mojados, moderadamente bien drenados a mal drenados, arenosos, org\u00e1nicos o suelos de piedra caliza, con una capa superior humosa.<\/p>\n<p><b>Requisitos nutricionales:<\/b> Moderado; puede crecer en suelos pobres en nutrientes, pero necesita algo de contenido org\u00e1nico para prosperar.<\/p>\n<p><b>Tolerancia al agua salada:<\/b> Baja; no tolera las inundaciones de agua salada o salobre.<\/p>\n<p><b>Tolerancia al viento salado:<\/b> Baja; el viento salado puede quemar las hojas.<\/p>\n<p><b>Tolerancia a la sequ\u00eda:<\/b> Moderada a baja; requiere suelos h\u00famedos a mojados, pero tolera cortos per\u00edodos de sequ\u00eda una vez establecido.<\/p>\n<p><b>Requisitos de luz:<\/b> Pleno sol a sombra ligera.<\/p>\n<p><b>Color de la flor:<\/b> Anteras naranjas, estigma p\u00farpura.<\/p>\n<p><b>Caracter\u00edsticas de la flor:<\/b> Inflorescencia semi-vistosa.<\/p>\n<p><b>Temporada de floraci\u00f3n:<\/b> Primavera-oto\u00f1o.<\/p>\n<p><b>Fruto:<\/b> Cari\u00f3pside discreta.<\/p>\n<p><b>Vida silvestre y ecolog\u00eda:<\/b> <b>Planta hu\u00e9sped larval<\/b> para el ala nublada (<i>Lerema accius<\/i>) y las mariposas ala de tres puntos (<i>Cymaenes tripunctus<\/i>). Proporciona semillas e insectos para las aves. <\/p>\n<p><b>Notas de horticultura:<\/b> Se puede cultivar a partir de semillas y divisi\u00f3n.<\/p>\n<p><b>Comentarios:<\/b><\/p>\n","protected":false},"excerpt":{"rendered":"<p><img fetchpriority=\"high\" decoding=\"async\" class=\"alignnone size-medium wp-image-54744\" src=\"https:\/\/smartyplantsnursery.com\/wp-content\/uploads\/2023\/04\/Screenshot-2026-03-03-at-2.22.47-PM-300x185.webp\" alt=\"\" width=\"300\" height=\"185\"><\/p>\n<div class=\"container\">\n<div class=\"table-container\">\n<table>\n<thead>\n<tr>\n<th>Tama\u00f1o de la maceta<\/th>\n<th>Altura media plantada (desde la tierra hasta la parte superior de la planta)<\/th>\n<\/tr>\n<\/thead>\n<tbody>\n<tr>\n<td>1 gal\u00f3n\/6&#8243;<\/td>\n<td>0,3 &#8211; 0,6 m<\/td>\n<\/tr>\n<tr>\n<td>3 galones\/10&#8243;<\/td>\n<td>2 &#8211; 3 pies<\/td>\n<\/tr>\n<\/tbody>\n<\/table>\n<\/div>\n<\/div>\n","protected":false},"featured_media":48502,"comment_status":"open","ping_status":"closed","template":"","meta":[],"product_brand":[],"product_cat":[359,329,311,312,346,310,321,331,387,324,354,313,326,309,341,308,334,358,335,323,468,330,303],"product_tag":[338,351],"class_list":{"0":"post-46584","1":"product","2":"type-product","3":"status-publish","4":"has-post-thumbnail","6":"product_cat-arena","7":"product_cat-baja-es-2","8":"product_cat-baja","9":"product_cat-baja-es","10":"product_cat-bajo-mantenimiento","11":"product_cat-bien-drenado","12":"product_cat-cobertura-del-suelo","13":"product_cat-division-es","14":"product_cat-hierba-es","15":"product_cat-llamativo","16":"product_cat-mal-drenado","17":"product_cat-moderada-es","18":"product_cat-moderada-es-2","19":"product_cat-moderada","20":"product_cat-nativo","21":"product_cat-otono","22":"product_cat-planta-de-acento","23":"product_cat-plantas-para-mariposas-plantas-para-polinizadores","24":"product_cat-pleno-sol","25":"product_cat-primavera","26":"product_cat-roca-2","27":"product_cat-semilla","28":"product_cat-sol-parcial","29":"product_tag-morado","30":"product_tag-naranja","31":"pa_pot-size-1-galon-6","32":"pa_pot-size-3-galones-10","33":"pa_pot-size-7-galones-14","36":"first","37":"instock","38":"taxable","39":"shipping-taxable","40":"purchasable","41":"product-type-variable"},"aioseo_notices":[],"_links":{"self":[{"href":"https:\/\/smartyplantsnursery.com\/es\/wp-json\/wp\/v2\/product\/46584","targetHints":{"allow":["GET"]}}],"collection":[{"href":"https:\/\/smartyplantsnursery.com\/es\/wp-json\/wp\/v2\/product"}],"about":[{"href":"https:\/\/smartyplantsnursery.com\/es\/wp-json\/wp\/v2\/types\/product"}],"replies":[{"embeddable":true,"href":"https:\/\/smartyplantsnursery.com\/es\/wp-json\/wp\/v2\/comments?post=46584"}],"wp:featuredmedia":[{"embeddable":true,"href":"https:\/\/smartyplantsnursery.com\/es\/wp-json\/wp\/v2\/media\/48502"}],"wp:attachment":[{"href":"https:\/\/smartyplantsnursery.com\/es\/wp-json\/wp\/v2\/media?parent=46584"}],"wp:term":[{"taxonomy":"product_brand","embeddable":true,"href":"https:\/\/smartyplantsnursery.com\/es\/wp-json\/wp\/v2\/product_brand?post=46584"},{"taxonomy":"product_cat","embeddable":true,"href":"https:\/\/smartyplantsnursery.com\/es\/wp-json\/wp\/v2\/product_cat?post=46584"},{"taxonomy":"product_tag","embeddable":true,"href":"https:\/\/smartyplantsnursery.com\/es\/wp-json\/wp\/v2\/product_tag?post=46584"}],"curies":[{"name":"wp","href":"https:\/\/api.w.org\/{rel}","templated":true}]}}