{"id":46587,"date":"2023-04-14T23:14:39","date_gmt":"2023-04-14T23:14:39","guid":{"rendered":"https:\/\/smartyplantsnursery.com\/product\/helecho-gigante-de-cuero-acrostichum-danaeifolium\/"},"modified":"2025-12-18T18:42:13","modified_gmt":"2025-12-18T18:42:13","slug":"helecho-gigante-de-cuero-acrostichum-danaeifolium","status":"publish","type":"product","link":"https:\/\/smartyplantsnursery.com\/es\/product\/helecho-gigante-de-cuero-acrostichum-danaeifolium\/","title":{"rendered":"Helecho gigante de cuero &#8211; acrostichum danaeifolium"},"content":{"rendered":"<p><b>Usos generales en el paisajismo:<\/b> Un helecho grande, como ejemplar o acento, \u00fatil en \u00e1reas h\u00famedas en casi todo el sur de Florida. Es especialmente \u00fatil a lo largo de los bordes de estanques y marismas de agua dulce o salobre. <\/p>\n<p><b>Notas sobre restauraci\u00f3n ecol\u00f3gica:<\/b> Casi omnipresente en los humedales de todo el sur de Florida y puede llegar a ser dominante en determinadas situaciones.<\/p>\n<p><b>Descripci\u00f3n:<\/b> Helecho herb\u00e1ceo grande, parecido a un arbusto, con frondas ascendentes o arqueadas. Frondas de hasta unos 3 metros de largo o m\u00e1s. <\/p>\n<p><b>Dimensiones:<\/b> Normalmente de 1,8 a 3,6 metros de altura. Tan ancho como alto o m\u00e1s ancho, pero a menudo crece en grandes masas. <\/p>\n<p><b>Tasa de crecimiento:<\/b> moderada.<\/p>\n<p><b>Distribuci\u00f3n:<\/b> Desde los cayos del condado de Monroe al norte hasta los condados de St. Johns y Dixie; Indias Occidentales, M\u00e9xico, Am\u00e9rica Central y Am\u00e9rica del Sur.<\/p>\n<p><b>H\u00e1bitats:<\/b> Una amplia variedad de humedales de agua dulce o salobre, desde marismas hasta pantanos.<\/p>\n<p><b>Suelos:<\/b> Suelos org\u00e1nicos de agua dulce o salobre, de h\u00famedos a mojados, de mal drenaje a inundados.<\/p>\n<p><b>Requisitos nutricionales:<\/b> Altos; requiere suelos org\u00e1nicos ricos para un crecimiento \u00f3ptimo.<\/p>\n<p><b>Tolerancia al agua salada:<\/b> Moderada; tolera agua salobre o inundaciones ocasionales por agua salada.<\/p>\n<p><b>Tolerancia al viento salino:<\/b> Moderada; crece cerca del agua salada, pero est\u00e1 protegido de la pulverizaci\u00f3n directa de sal por otra vegetaci\u00f3n.<\/p>\n<p><b>Tolerancia a la sequ\u00eda:<\/b> Baja; requiere suelos h\u00famedos a mojados y es intolerante a largos per\u00edodos de sequ\u00eda.<\/p>\n<p><b>Requisitos de luz:<\/b> Sombra ligera a pleno sol.<\/p>\n<p><b>Color de la flor:<\/b> n\/a.<\/p>\n<p><b>Caracter\u00edsticas de la flor:<\/b> No hay flores; las plantas se reproducen por esporas.<\/p>\n<p><b>Temporada de floraci\u00f3n:<\/b> Todo el a\u00f1o.<\/p>\n<p><b>Fruto:<\/b> Esporas discretas.<\/p>\n<p><b>Notas de horticultura:<\/b> Se puede cultivar a partir de esporas. Las plantas peque\u00f1as se pueden trasplantar. <\/p>\n<p><b>Comentarios:<\/b> Esta es la m\u00e1s com\u00fan de nuestras dos especies nativas de Acrostichum. Se puede distinguir de A. aurem por sus frondas m\u00e1s largas y sus pinnas (foliolos) m\u00e1s api\u00f1adas. <\/p>\n","protected":false},"excerpt":{"rendered":"<p><img decoding=\"async\" class=\"alignnone size-medium wp-image-31863\" src=\"https:\/\/smartyplantsnursery.com\/wp-content\/uploads\/2023\/04\/Screen-Shot-2023-04-22-at-11.28.02-PM-300x134.png\" alt=\"\" width=\"300\" height=\"134\"><\/p>\n<div class=\"container\">\n<div class=\"table-container\">\n<table>\n<thead>\n<tr>\n<th>Tama\u00f1o de la maceta<\/th>\n<th>Altura media plantada (desde la tierra hasta la parte superior de la planta)<\/th>\n<\/tr>\n<\/thead>\n<tbody>\n<tr>\n<td>3 galones\/10&#8243;<\/td>\n<td>1 &#8211; 2 pies<\/td>\n<\/tr>\n<tr>\n<td>7 galones\/14&#8243;<\/td>\n<td>0,6 &#8211; 0,9 m<\/td>\n<\/tr>\n<tr>\n<td>15 galones\/17&#8243;<\/td>\n<td>0,9 &#8211; 1,2 m<\/td>\n<\/tr>\n<\/tbody>\n<\/table>\n<\/div>\n<\/div>\n","protected":false},"featured_media":53575,"comment_status":"open","ping_status":"closed","template":"","meta":[],"product_brand":[59,60],"product_cat":[348,329,346,390,383,354,361,360,326,341,334,314,335,303],"product_tag":[],"class_list":{"0":"post-46587","1":"product","2":"type-product","3":"status-publish","4":"has-post-thumbnail","6":"product_brand-fann","7":"product_brand-fnps","8":"product_cat-alta-es","9":"product_cat-baja-es-2","10":"product_cat-bajo-mantenimiento","11":"product_cat-espora","12":"product_cat-helecho","13":"product_cat-mal-drenado","14":"product_cat-moderada-es-4","15":"product_cat-moderada-es-3","16":"product_cat-moderada-es-2","17":"product_cat-nativo","18":"product_cat-planta-de-acento","19":"product_cat-planta-de-especimen","20":"product_cat-pleno-sol","21":"product_cat-sol-parcial","22":"pa_pot-size-1-galon-6","23":"pa_pot-size-15-galones-17","24":"pa_pot-size-3-galones-10","25":"pa_pot-size-7-galones-14","28":"first","29":"instock","30":"taxable","31":"shipping-taxable","32":"purchasable","33":"product-type-variable"},"aioseo_notices":[],"_links":{"self":[{"href":"https:\/\/smartyplantsnursery.com\/es\/wp-json\/wp\/v2\/product\/46587","targetHints":{"allow":["GET"]}}],"collection":[{"href":"https:\/\/smartyplantsnursery.com\/es\/wp-json\/wp\/v2\/product"}],"about":[{"href":"https:\/\/smartyplantsnursery.com\/es\/wp-json\/wp\/v2\/types\/product"}],"replies":[{"embeddable":true,"href":"https:\/\/smartyplantsnursery.com\/es\/wp-json\/wp\/v2\/comments?post=46587"}],"wp:featuredmedia":[{"embeddable":true,"href":"https:\/\/smartyplantsnursery.com\/es\/wp-json\/wp\/v2\/media\/53575"}],"wp:attachment":[{"href":"https:\/\/smartyplantsnursery.com\/es\/wp-json\/wp\/v2\/media?parent=46587"}],"wp:term":[{"taxonomy":"product_brand","embeddable":true,"href":"https:\/\/smartyplantsnursery.com\/es\/wp-json\/wp\/v2\/product_brand?post=46587"},{"taxonomy":"product_cat","embeddable":true,"href":"https:\/\/smartyplantsnursery.com\/es\/wp-json\/wp\/v2\/product_cat?post=46587"},{"taxonomy":"product_tag","embeddable":true,"href":"https:\/\/smartyplantsnursery.com\/es\/wp-json\/wp\/v2\/product_tag?post=46587"}],"curies":[{"name":"wp","href":"https:\/\/api.w.org\/{rel}","templated":true}]}}