{"id":46599,"date":"2023-04-14T22:43:25","date_gmt":"2023-04-14T22:43:25","guid":{"rendered":"https:\/\/smartyplantsnursery.com\/product\/muhlygrass-muhly-de-cerdas-muhlenbergia-capillaris\/"},"modified":"2026-01-27T19:54:36","modified_gmt":"2026-01-27T19:54:36","slug":"muhlygrass-muhly-de-cerdas-muhlenbergia-capillaris","status":"publish","type":"product","link":"https:\/\/smartyplantsnursery.com\/es\/product\/muhlygrass-muhly-de-cerdas-muhlenbergia-capillaris\/","title":{"rendered":"Muhlygrass, muhly de cerdas &#8211; muhlenbergia capillaris"},"content":{"rendered":"<p><b>Usos generales en el paisaje:<\/b> C\u00e9sped de acento o cobertura del suelo. Jardines de flores silvestres. <\/p>\n<p><b>Descripci\u00f3n:<\/b> Hierba herb\u00e1cea de tama\u00f1o mediano a grande con hojas filiformes.<\/p>\n<p><b>Dimensiones:<\/b> T\u00edpicamente de 2 a 3 pies de altura; hasta 5 pies cuando est\u00e1 en flor. Aproximadamente tan ancho como alto, excepto cuando est\u00e1 en flor. <\/p>\n<p><b>Tasa de crecimiento:<\/b> moderada.<\/p>\n<p><b>Distribuci\u00f3n:<\/b> Extendido en gran parte del este y centro de Am\u00e9rica del Norte al sur de los Cayos del Condado de Monroe; Indias Occidentales, M\u00e9xico y Am\u00e9rica Central. Raro en los Cayos del Condado de Monroe, muy raro en los Cayos superiores y muy raro o ausente en los Cayos intermedios. <\/p>\n<p><b>H\u00e1bitats:<\/b> Pinares, praderas de marga y marismas.<\/p>\n<p><b>Suelos:<\/b> Suelos de agua dulce o salobre h\u00famedos a mojados, estacionalmente inundados, sin humus.<\/p>\n<p><b>Requisitos nutricionales:<\/b> De bajos a moderados; puede crecer en suelos pobres en nutrientes o en suelos con cierto contenido org\u00e1nico.<\/p>\n<p><b>Tolerancia al agua salada:<\/b> Moderada; tolera agua salobre o inundaciones ocasionales por agua salada.<\/p>\n<p><b>Tolerancia al viento salado:<\/b> Alta; puede tolerar cantidades moderadas de viento salado sin da\u00f1os significativos.<\/p>\n<p><b>Tolerancia a la sequ\u00eda:<\/b> Moderada; generalmente requiere suelos h\u00famedos, pero es tolerante a cortos per\u00edodos de sequ\u00eda una vez establecido.<\/p>\n<p><b>Requisitos de luz:<\/b> Pleno sol a sombra ligera.<\/p>\n<p><b>Color de la flor:<\/b> Inflorescencia p\u00farpura.<\/p>\n<p><b>Caracter\u00edsticas de la flor:<\/b> Llamativa cuando est\u00e1 en su punto m\u00e1ximo.<\/p>\n<p><b>Temporada de floraci\u00f3n:<\/b> Verano-invierno; pico en oto\u00f1o.<\/p>\n<p><b>Fruto:<\/b> Cari\u00f3pside discreta.<\/p>\n<p><b>Vida silvestre y ecolog\u00eda:<\/b> Proporciona una excelente cobertura para la peque\u00f1a fauna.<\/p>\n<p><b>Notas de horticultura:<\/b> Se puede cultivar a partir de semillas o divisiones.<\/p>\n<p><b>Comentarios:<\/b><\/p>\n","protected":false},"excerpt":{"rendered":"<p><img decoding=\"async\" class=\"alignnone size-medium wp-image-31863\" src=\"https:\/\/smartyplantsnursery.com\/wp-content\/uploads\/2023\/04\/Screen-Shot-2023-04-22-at-11.28.02-PM-300x134.png\" alt=\"\" width=\"300\" height=\"134\"><\/p>\n<div class=\"container\">\n<div class=\"table-container\">\n<table>\n<thead>\n<tr>\n<th>Tama\u00f1o de la maceta<\/th>\n<th>Altura media plantada (desde la tierra hasta la parte superior de la planta)<\/th>\n<\/tr>\n<\/thead>\n<tbody>\n<tr>\n<td>1 gal\u00f3n\/6&#8243;<\/td>\n<td>0 &#8211; 1 ft.<\/td>\n<\/tr>\n<tr>\n<td>3 galones\/10&#8243;<\/td>\n<td>1 &#8211; 2 pies<\/td>\n<\/tr>\n<\/tbody>\n<\/table>\n<\/div>\n<\/div>\n","protected":false},"featured_media":50731,"comment_status":"open","ping_status":"closed","template":"","meta":[],"product_brand":[59,60],"product_cat":[362,357,346,321,331,387,355,324,326,360,313,309,341,308,334,335,330,303,307],"product_tag":[338],"class_list":{"0":"post-46599","1":"product","2":"type-product","3":"status-publish","4":"has-post-thumbnail","6":"product_brand-fann","7":"product_brand-fnps","8":"product_cat-alta-es-2","9":"product_cat-baja-es-3","10":"product_cat-bajo-mantenimiento","11":"product_cat-cobertura-del-suelo","12":"product_cat-division-es","13":"product_cat-hierba-es","14":"product_cat-invierno","15":"product_cat-llamativo","16":"product_cat-moderada-es-2","17":"product_cat-moderada-es-3","18":"product_cat-moderada-es","19":"product_cat-moderada","20":"product_cat-nativo","21":"product_cat-otono","22":"product_cat-planta-de-acento","23":"product_cat-pleno-sol","24":"product_cat-semilla","25":"product_cat-sol-parcial","26":"product_cat-verano","27":"product_tag-morado","28":"pa_pot-size-1-galon-6","29":"pa_pot-size-3-galones-10","30":"pa_pot-size-7-galones-14","33":"first","34":"instock","35":"featured","36":"taxable","37":"shipping-taxable","38":"purchasable","39":"product-type-variable"},"aioseo_notices":[],"_links":{"self":[{"href":"https:\/\/smartyplantsnursery.com\/es\/wp-json\/wp\/v2\/product\/46599","targetHints":{"allow":["GET"]}}],"collection":[{"href":"https:\/\/smartyplantsnursery.com\/es\/wp-json\/wp\/v2\/product"}],"about":[{"href":"https:\/\/smartyplantsnursery.com\/es\/wp-json\/wp\/v2\/types\/product"}],"replies":[{"embeddable":true,"href":"https:\/\/smartyplantsnursery.com\/es\/wp-json\/wp\/v2\/comments?post=46599"}],"wp:featuredmedia":[{"embeddable":true,"href":"https:\/\/smartyplantsnursery.com\/es\/wp-json\/wp\/v2\/media\/50731"}],"wp:attachment":[{"href":"https:\/\/smartyplantsnursery.com\/es\/wp-json\/wp\/v2\/media?parent=46599"}],"wp:term":[{"taxonomy":"product_brand","embeddable":true,"href":"https:\/\/smartyplantsnursery.com\/es\/wp-json\/wp\/v2\/product_brand?post=46599"},{"taxonomy":"product_cat","embeddable":true,"href":"https:\/\/smartyplantsnursery.com\/es\/wp-json\/wp\/v2\/product_cat?post=46599"},{"taxonomy":"product_tag","embeddable":true,"href":"https:\/\/smartyplantsnursery.com\/es\/wp-json\/wp\/v2\/product_tag?post=46599"}],"curies":[{"name":"wp","href":"https:\/\/api.w.org\/{rel}","templated":true}]}}