{"id":46600,"date":"2023-04-14T22:12:16","date_gmt":"2023-04-14T22:12:16","guid":{"rendered":"https:\/\/smartyplantsnursery.com\/product\/arrayan-de-cera-laurelillo-del-sur-myrica-cerifera\/"},"modified":"2026-03-07T14:46:14","modified_gmt":"2026-03-07T14:46:14","slug":"arrayan-de-cera-laurelillo-del-sur-myrica-cerifera","status":"publish","type":"product","link":"https:\/\/smartyplantsnursery.com\/es\/product\/arrayan-de-cera-laurelillo-del-sur-myrica-cerifera\/","title":{"rendered":"Array\u00e1n de cera, laurelillo del sur &#8211; myrica cerifera"},"content":{"rendered":"<p><b>Usos generales en el paisaje:<\/b> Un arbusto o \u00e1rbol peque\u00f1o vers\u00e1til en paisajes formales e informales, pero necesita suelos h\u00famedos o mojados para prosperar. Se puede utilizar como arbusto de acento o esp\u00e9cimen, como seto recortado o informal, o en plantaciones mixtas de amortiguaci\u00f3n. <\/p>\n<p><b>Descripci\u00f3n:<\/b> Arbusto mediano a grande o \u00e1rbol peque\u00f1o con una copa estrecha formada por troncos torcidos. Corteza de color gris p\u00e1lido. Hojas cubiertas de cera, semideciduas, de 2,5 a 10 cm de largo, arom\u00e1ticas cuando se trituran.  <\/p>\n<p><b>Dimensiones:<\/b> Normalmente de 2,4 a 4,5 metros de altura en el sur de Florida, pero extremadamente variable; hasta 11 metros en Florida. A veces tan ancho como alto, especialmente cuando es m\u00e1s peque\u00f1o. <\/p>\n<p><b>Tasa de crecimiento:<\/b> moderada.<\/p>\n<p><b>Distribuci\u00f3n:<\/b> Este y sureste de los Estados Unidos al oeste de Texas y Oklahoma y al sur de Monroe County Keys; Bermuda, Indias Occidentales, M\u00e9xico y Am\u00e9rica Central. En Monroe County Keys, separado del continente de Miami-Dade County y North Key Largo hasta los Cayos inferiores. <\/p>\n<p><b>H\u00e1bitats:<\/b> Pantanos y bordes de bosques.<\/p>\n<p><b>Suelos:<\/b> H\u00famedos a mojados, bien drenados a mal drenados, arenosos, calizos u org\u00e1nicos, generalmente con una capa superior humosa.<\/p>\n<p><b>Requisitos nutricionales:<\/b> Moderado; puede crecer en suelos pobres en nutrientes, pero necesita algo de contenido org\u00e1nico para prosperar.<\/p>\n<p><b>Tolerancia al agua salada:<\/b> Baja; no tolera las inundaciones a largo plazo con agua salada o salobre.<\/p>\n<p><b>Tolerancia al viento salino:<\/b> Moderada; crece cerca del agua salada, pero est\u00e1 protegido de la pulverizaci\u00f3n directa de sal por otra vegetaci\u00f3n.<\/p>\n<p><b>Tolerancia a la sequ\u00eda:<\/b> Moderada; generalmente requiere suelos h\u00famedos, pero es tolerante a cortos per\u00edodos de sequ\u00eda una vez establecido.<\/p>\n<p><b>Requisitos de luz:<\/b> Pleno sol a sombra ligera.<\/p>\n<p><b>Color de la flor:<\/b> Blanco.<\/p>\n<p><b>Caracter\u00edsticas de la flor:<\/b> Amentos discretos.<\/p>\n<p><b>Temporada de floraci\u00f3n:<\/b> Todo el a\u00f1o; pico en invierno-primavera.<\/p>\n<p><b>Fruto:<\/b> Peque\u00f1a drupa cerosa de color azulado.<\/p>\n<p><b>Vida silvestre y ecolog\u00eda:<\/b> Proporciona alimento y refugio importantes para la vida silvestre. Planta hu\u00e9sped larval para las mariposas colibr\u00ed de banda roja (<i>Calycopis cecrops<\/i>) y las polillas io (<i>Automeris io<\/i>). Las currucas culigualdas, las golondrinas arb\u00f3reas y una amplia variedad de otras aves se alimentan de la fruta, que es particularmente importante para las aves invernantes justo antes de su migraci\u00f3n de regreso.  <\/p>\n<p><b>Notas de horticultura:<\/b> Se puede cultivar a partir de semillas; generalmente estratificadas en fr\u00edo. Tambi\u00e9n se puede cultivar a partir de esquejes con dificultad. <\/p>\n","protected":false},"excerpt":{"rendered":"<p><img decoding=\"async\" class=\"alignnone size-medium wp-image-31863\" src=\"https:\/\/smartyplantsnursery.com\/wp-content\/uploads\/2023\/04\/Screen-Shot-2023-04-22-at-11.28.02-PM-300x134.png\" alt=\"\" width=\"300\" height=\"134\"><\/p>\n<div class=\"container\">\n<div class=\"table-container\">\n<table>\n<thead>\n<tr>\n<th>Tama\u00f1o de la maceta<\/th>\n<th>Altura media plantada (desde la tierra hasta la parte superior de la planta)<\/th>\n<\/tr>\n<\/thead>\n<tbody>\n<tr>\n<td>3 galones\/10&#8243;<\/td>\n<td>1 &#8211; 2 pies<\/td>\n<\/tr>\n<tr>\n<td>7 galones\/14&#8243;<\/td>\n<td>2 &#8211; 4 pies<\/td>\n<\/tr>\n<tr>\n<td>15 galones\/17&#8243;<\/td>\n<td>1,2 &#8211; 1,5 m<\/td>\n<\/tr>\n<tr>\n<td>Maceta de 95 L\/53 cm<\/td>\n<td>1,5 &#8211; 2,1 m<\/td>\n<\/tr>\n<\/tbody>\n<\/table>\n<\/div>\n<\/div>\n","protected":false},"featured_media":50074,"comment_status":"open","ping_status":"closed","template":"","meta":[],"product_brand":[59,60],"product_cat":[304,359,311,346,310,315,355,354,361,309,313,326,341,308,334,314,358,335,323,330,332,303,307],"product_tag":[318],"class_list":{"0":"post-46600","1":"product","2":"type-product","3":"status-publish","4":"has-post-thumbnail","6":"product_brand-fann","7":"product_brand-fnps","8":"product_cat-arbusto","9":"product_cat-arena","10":"product_cat-baja","11":"product_cat-bajo-mantenimiento","12":"product_cat-bien-drenado","13":"product_cat-esquejes","14":"product_cat-invierno","15":"product_cat-mal-drenado","16":"product_cat-moderada-es-4","17":"product_cat-moderada","18":"product_cat-moderada-es","19":"product_cat-moderada-es-2","20":"product_cat-nativo","21":"product_cat-otono","22":"product_cat-planta-de-acento","23":"product_cat-planta-de-especimen","24":"product_cat-plantas-para-mariposas-plantas-para-polinizadores","25":"product_cat-pleno-sol","26":"product_cat-primavera","27":"product_cat-semilla","28":"product_cat-seto","29":"product_cat-sol-parcial","30":"product_cat-verano","31":"product_tag-blanco","32":"pa_pot-size-1-galon-6","33":"pa_pot-size-15-galones-17","34":"pa_pot-size-25-galones-21","35":"pa_pot-size-3-galones-10","36":"pa_pot-size-7-galones-14","39":"first","40":"instock","41":"taxable","42":"shipping-taxable","43":"purchasable","44":"product-type-variable"},"aioseo_notices":[],"_links":{"self":[{"href":"https:\/\/smartyplantsnursery.com\/es\/wp-json\/wp\/v2\/product\/46600","targetHints":{"allow":["GET"]}}],"collection":[{"href":"https:\/\/smartyplantsnursery.com\/es\/wp-json\/wp\/v2\/product"}],"about":[{"href":"https:\/\/smartyplantsnursery.com\/es\/wp-json\/wp\/v2\/types\/product"}],"replies":[{"embeddable":true,"href":"https:\/\/smartyplantsnursery.com\/es\/wp-json\/wp\/v2\/comments?post=46600"}],"wp:featuredmedia":[{"embeddable":true,"href":"https:\/\/smartyplantsnursery.com\/es\/wp-json\/wp\/v2\/media\/50074"}],"wp:attachment":[{"href":"https:\/\/smartyplantsnursery.com\/es\/wp-json\/wp\/v2\/media?parent=46600"}],"wp:term":[{"taxonomy":"product_brand","embeddable":true,"href":"https:\/\/smartyplantsnursery.com\/es\/wp-json\/wp\/v2\/product_brand?post=46600"},{"taxonomy":"product_cat","embeddable":true,"href":"https:\/\/smartyplantsnursery.com\/es\/wp-json\/wp\/v2\/product_cat?post=46600"},{"taxonomy":"product_tag","embeddable":true,"href":"https:\/\/smartyplantsnursery.com\/es\/wp-json\/wp\/v2\/product_tag?post=46600"}],"curies":[{"name":"wp","href":"https:\/\/api.w.org\/{rel}","templated":true}]}}