{"id":46603,"date":"2023-04-14T22:28:42","date_gmt":"2023-04-14T22:28:42","guid":{"rendered":"https:\/\/smartyplantsnursery.com\/product\/pasionaria-corcho-passiflora-suberosa\/"},"modified":"2026-04-03T16:42:51","modified_gmt":"2026-04-03T16:42:51","slug":"pasionaria-corcho-passiflora-suberosa","status":"publish","type":"product","link":"https:\/\/smartyplantsnursery.com\/es\/product\/pasionaria-corcho-passiflora-suberosa\/","title":{"rendered":"Pasionaria corcho &#8211; passiflora suberosa"},"content":{"rendered":"<p><b>Usos generales en el paisajismo:<\/b> Cobertura de suelo informal o enredadera de bajo crecimiento.<\/p>\n<p><b>Descripci\u00f3n:<\/b> Enredadera herb\u00e1cea de bajo crecimiento con hojas extremadamente variables.<\/p>\n<p><b>Dimensiones:<\/b> N\/A; una enredadera con tallos de hasta 2 pies o m\u00e1s de longitud. A veces se extiende horizontalmente y forma grandes parches abiertos o densos. <\/p>\n<p><b>Tasa de crecimiento:<\/b> r\u00e1pida.<\/p>\n<p><b>Distribuci\u00f3n:<\/b> Desde los Cayos del Condado de Monroe al norte hasta los condados de Duval, Lake y Dixie; Indias Occidentales, Texas, M\u00e9xico, Am\u00e9rica Central y Am\u00e9rica del Sur.<\/p>\n<p><b>H\u00e1bitats:<\/b> Bosques h\u00famedos y pinares.<\/p>\n<p><b>Suelos:<\/b> Suelos arenosos o calizos h\u00famedos y bien drenados, con o sin capa superior h\u00famica.<\/p>\n<p><b>Requisitos nutricionales:<\/b> De moderados a bajos; prefiere suelos con contenido org\u00e1nico, pero a\u00fan crecer\u00e1 razonablemente bien en suelos pobres en nutrientes.<\/p>\n<p><b>Tolerancia al agua salada:<\/b> Baja; no tolera las inundaciones a largo plazo con agua salada o salobre.<\/p>\n<p><b>Tolerancia al viento salado:<\/b> Alta; puede tolerar cantidades moderadas de viento salado sin da\u00f1os significativos.<\/p>\n<p><b>Tolerancia a la sequ\u00eda:<\/b> Alta; no requiere agua suplementaria una vez establecida.<\/p>\n<p><b>Requisitos de luz:<\/b> Sombra ligera a pleno sol.<\/p>\n<p><b>Color de la flor:<\/b> De verdoso a amarillento.<\/p>\n<p><b>Caracter\u00edsticas de la flor:<\/b> Semillamativa pero peque\u00f1a. Los p\u00e9talos est\u00e1n ausentes. <\/p>\n<p><b>Temporada de floraci\u00f3n:<\/b> Todo el a\u00f1o.<\/p>\n<p><b>Fruto:<\/b> Baya globosa de color p\u00farpura negruzco. Comestible.<\/p>\n<p><b>Fauna y ecolog\u00eda:<\/b> <b>Planta hu\u00e9sped larval<\/b> para la fritillaria del golfo (<i>Agraulis vanillae<\/i>), julia (<i>Dryas iulia<\/i>) y la mariposa cebra de alas largas (<i>Heliconius charitonius<\/i>). Atrae a las abejas polinizadoras. <\/p>\n<p><b>Notas de horticultura:<\/b> Se puede cultivar a partir de semillas. Aplasta el fruto maduro sobre papel de cocina o ponlo en una batidora con agua y tritura lo justo para deshacer las bayas; cuela y coloca sobre papel de cocina. Cuando se seque, raspa la semilla sobre la superficie de la tierra. No la cubras. Coloca el recipiente en sombra ligera.   <\/p>\n<p><b>Comentarios:<\/b> Una de las mejores plantas hu\u00e9sped larval para mariposas.<\/p>\n","protected":false},"excerpt":{"rendered":"<p><img fetchpriority=\"high\" decoding=\"async\" class=\"alignnone size-medium wp-image-54744\" src=\"https:\/\/smartyplantsnursery.com\/wp-content\/uploads\/2023\/04\/Screenshot-2026-03-03-at-2.22.47-PM-300x185.webp\" alt=\"\" width=\"300\" height=\"185\"><\/p>\n<div class=\"container\">\n<div class=\"table-container\">\n<table>\n<thead>\n<tr>\n<th>Tama\u00f1o de la maceta<\/th>\n<th>Altura media plantada (desde la tierra hasta la parte superior de la planta)<\/th>\n<\/tr>\n<\/thead>\n<tbody>\n<tr>\n<td>1 gal\u00f3n\/6&#8243;<\/td>\n<td>0 &#8211; 15 cm<\/td>\n<\/tr>\n<tr>\n<td>3 galones\/10&#8243;<\/td>\n<td>15 cm &#8211; 60 cm<\/td>\n<\/tr>\n<\/tbody>\n<\/table>\n<\/div>\n<\/div>\n","protected":false},"featured_media":43675,"comment_status":"open","ping_status":"closed","template":"","meta":[],"product_brand":[],"product_cat":[340,362,359,311,357,346,310,321,320,355,324,309,341,308,358,335,323,322,468,330,303,307],"product_tag":[319,327],"class_list":{"0":"post-46603","1":"product","2":"type-product","3":"status-publish","4":"has-post-thumbnail","6":"product_cat-alta","7":"product_cat-alta-es-2","8":"product_cat-arena","9":"product_cat-baja","10":"product_cat-baja-es-3","11":"product_cat-bajo-mantenimiento","12":"product_cat-bien-drenado","13":"product_cat-cobertura-del-suelo","14":"product_cat-enredadera","15":"product_cat-invierno","16":"product_cat-llamativo","17":"product_cat-moderada","18":"product_cat-nativo","19":"product_cat-otono","20":"product_cat-plantas-para-mariposas-plantas-para-polinizadores","21":"product_cat-pleno-sol","22":"product_cat-primavera","23":"product_cat-rapido","24":"product_cat-roca-2","25":"product_cat-semilla","26":"product_cat-sol-parcial","27":"product_cat-verano","28":"product_tag-amarillo","29":"product_tag-verde","30":"pa_pot-size-1-galon-6","31":"pa_pot-size-3-galones-10","32":"pa_pot-size-7-galones-14","35":"first","36":"instock","37":"taxable","38":"shipping-taxable","39":"purchasable","40":"product-type-variable"},"aioseo_notices":[],"_links":{"self":[{"href":"https:\/\/smartyplantsnursery.com\/es\/wp-json\/wp\/v2\/product\/46603","targetHints":{"allow":["GET"]}}],"collection":[{"href":"https:\/\/smartyplantsnursery.com\/es\/wp-json\/wp\/v2\/product"}],"about":[{"href":"https:\/\/smartyplantsnursery.com\/es\/wp-json\/wp\/v2\/types\/product"}],"replies":[{"embeddable":true,"href":"https:\/\/smartyplantsnursery.com\/es\/wp-json\/wp\/v2\/comments?post=46603"}],"wp:featuredmedia":[{"embeddable":true,"href":"https:\/\/smartyplantsnursery.com\/es\/wp-json\/wp\/v2\/media\/43675"}],"wp:attachment":[{"href":"https:\/\/smartyplantsnursery.com\/es\/wp-json\/wp\/v2\/media?parent=46603"}],"wp:term":[{"taxonomy":"product_brand","embeddable":true,"href":"https:\/\/smartyplantsnursery.com\/es\/wp-json\/wp\/v2\/product_brand?post=46603"},{"taxonomy":"product_cat","embeddable":true,"href":"https:\/\/smartyplantsnursery.com\/es\/wp-json\/wp\/v2\/product_cat?post=46603"},{"taxonomy":"product_tag","embeddable":true,"href":"https:\/\/smartyplantsnursery.com\/es\/wp-json\/wp\/v2\/product_tag?post=46603"}],"curies":[{"name":"wp","href":"https:\/\/api.w.org\/{rel}","templated":true}]}}