{"id":46612,"date":"2023-04-14T22:22:51","date_gmt":"2023-04-14T22:22:51","guid":{"rendered":"https:\/\/smartyplantsnursery.com\/product\/collar-de-collar-amarillo-sophora-tomentosa-var-truncata\/"},"modified":"2026-03-17T19:31:19","modified_gmt":"2026-03-17T19:31:19","slug":"collar-de-collar-amarillo-sophora-tomentosa-var-truncata","status":"publish","type":"product","link":"https:\/\/smartyplantsnursery.com\/es\/product\/collar-de-collar-amarillo-sophora-tomentosa-var-truncata\/","title":{"rendered":"Sophora tomentosa var. truncata"},"content":{"rendered":"<p><b>Usos generales en el paisaje:<\/b> Arbusto de acento o esp\u00e9cimen a lo largo de la costa. Tambi\u00e9n plantaciones de amortiguamiento. <\/p>\n<p><b>Descripci\u00f3n:<\/b> Arbusto mediano a grande con una copa redondeada irregular. Troncos cortos, que soportan varios tallos arqueados. Corteza de color marr\u00f3n amarillento, rugosa por las lenticelas. Hojas de color verde oscuro brillante, brillantes en la parte superior, ligeramente peludas cuando son j\u00f3venes y luego se vuelven glabras.   <\/p>\n<p><b>Dimensiones:<\/b> T\u00edpicamente de 8 a 10 pies de altura. Casi tan ancho como alto. <\/p>\n<p><b>Tasa de crecimiento:<\/b> moderada.<\/p>\n<p><b>Rango:<\/b> Desde los Cayos del Condado de Monroe al norte hasta los condados de Brevard y Levy.<\/p>\n<p><b>H\u00e1bitats:<\/b> Bordes de bosques costeros y matorrales.<\/p>\n<p><b>Suelos:<\/b> Suelos arenosos o calizos h\u00famedos y bien drenados, con una capa superior humosa; raramente en turba en islas de \u00e1rboles en los Everglades del sur.<\/p>\n<p><b>Requisitos nutricionales:<\/b> Moderado; puede crecer en suelos pobres en nutrientes, pero necesita algo de contenido org\u00e1nico para prosperar.<\/p>\n<p><b>Tolerancia al agua salada:<\/b> Baja; no tolera las inundaciones a largo plazo con agua salada o salobre.<\/p>\n<p><b>Tolerancia al viento salado:<\/b> Alta; puede tolerar cantidades moderadas de viento salado sin da\u00f1os significativos.<\/p>\n<p><b>Tolerancia a la sequ\u00eda:<\/b> Alta; no requiere agua suplementaria una vez establecida.<\/p>\n<p><b>Requisitos de luz:<\/b> Pleno sol.<\/p>\n<p><b>Color de la flor:<\/b> amarillo.<\/p>\n<p><b>Caracter\u00edsticas de la flor:<\/b> Llamativas, en espigas terminales largas, racemosas.<\/p>\n<p><b>Temporada de floraci\u00f3n:<\/b> Todo el a\u00f1o.<\/p>\n<p><b>Fruto:<\/b> Vainas (legumbres) con cuentas de color marr\u00f3n amarillento, de 2 a 6&#8243; de largo.<\/p>\n<p><b>Vida silvestre y ecolog\u00eda:<\/b> Proporciona alimento y refugio para la vida silvestre. Planta de n\u00e9ctar para colibr\u00edes y mariposas. Las flores tambi\u00e9n atraen a currucas y abejas.  <\/p>\n<p><b>Notas de horticultura:<\/b> Se puede cultivar a partir de semillas. Ahora se debe tener cuidado para evitar la polinizaci\u00f3n por S. tomentosa var. occidentalis (ver m\u00e1s abajo). <\/p>\n<p><b>Comentarios:<\/b> El collar de collar muy peludo, que se vende com\u00fanmente, es <i>S. tomentosa<\/i> var. <i>occidentalis<\/i> de Texas. Las semillas son t\u00f3xicas si se comen. <\/p>\n","protected":false},"excerpt":{"rendered":"<p><img decoding=\"async\" class=\"alignnone size-medium wp-image-31863\" src=\"https:\/\/smartyplantsnursery.com\/wp-content\/uploads\/2023\/04\/Screen-Shot-2023-04-22-at-11.28.02-PM-300x134.png\" alt=\"\" width=\"300\" height=\"134\"><\/p>\n<div class=\"container\">\n<div class=\"table-container\">\n<table>\n<thead>\n<tr>\n<th>Tama\u00f1o de la maceta<\/th>\n<th>Altura media plantada (desde la tierra hasta la parte superior de la planta)<\/th>\n<\/tr>\n<\/thead>\n<tbody>\n<tr>\n<td>3 galones\/10&#8243;<\/td>\n<td>1 &#8211; 3 pies<\/td>\n<\/tr>\n<\/tbody>\n<\/table>\n<\/div>\n<\/div>\n","protected":false},"featured_media":48320,"comment_status":"open","ping_status":"closed","template":"","meta":[],"product_brand":[59,60],"product_cat":[340,362,304,359,311,346,310,355,324,309,326,341,308,334,314,358,335,323,330,332,307],"product_tag":[319],"class_list":{"0":"post-46612","1":"product","2":"type-product","3":"status-publish","4":"has-post-thumbnail","6":"product_brand-fann","7":"product_brand-fnps","8":"product_cat-alta","9":"product_cat-alta-es-2","10":"product_cat-arbusto","11":"product_cat-arena","12":"product_cat-baja","13":"product_cat-bajo-mantenimiento","14":"product_cat-bien-drenado","15":"product_cat-invierno","16":"product_cat-llamativo","17":"product_cat-moderada","18":"product_cat-moderada-es-2","19":"product_cat-nativo","20":"product_cat-otono","21":"product_cat-planta-de-acento","22":"product_cat-planta-de-especimen","23":"product_cat-plantas-para-mariposas-plantas-para-polinizadores","24":"product_cat-pleno-sol","25":"product_cat-primavera","26":"product_cat-semilla","27":"product_cat-seto","28":"product_cat-verano","29":"product_tag-amarillo","30":"pa_pot-size-1-galon-6","31":"pa_pot-size-3-galones-10","32":"pa_pot-size-7-galones-14","35":"first","36":"instock","37":"taxable","38":"shipping-taxable","39":"purchasable","40":"product-type-variable"},"aioseo_notices":[],"_links":{"self":[{"href":"https:\/\/smartyplantsnursery.com\/es\/wp-json\/wp\/v2\/product\/46612","targetHints":{"allow":["GET"]}}],"collection":[{"href":"https:\/\/smartyplantsnursery.com\/es\/wp-json\/wp\/v2\/product"}],"about":[{"href":"https:\/\/smartyplantsnursery.com\/es\/wp-json\/wp\/v2\/types\/product"}],"replies":[{"embeddable":true,"href":"https:\/\/smartyplantsnursery.com\/es\/wp-json\/wp\/v2\/comments?post=46612"}],"wp:featuredmedia":[{"embeddable":true,"href":"https:\/\/smartyplantsnursery.com\/es\/wp-json\/wp\/v2\/media\/48320"}],"wp:attachment":[{"href":"https:\/\/smartyplantsnursery.com\/es\/wp-json\/wp\/v2\/media?parent=46612"}],"wp:term":[{"taxonomy":"product_brand","embeddable":true,"href":"https:\/\/smartyplantsnursery.com\/es\/wp-json\/wp\/v2\/product_brand?post=46612"},{"taxonomy":"product_cat","embeddable":true,"href":"https:\/\/smartyplantsnursery.com\/es\/wp-json\/wp\/v2\/product_cat?post=46612"},{"taxonomy":"product_tag","embeddable":true,"href":"https:\/\/smartyplantsnursery.com\/es\/wp-json\/wp\/v2\/product_tag?post=46612"}],"curies":[{"name":"wp","href":"https:\/\/api.w.org\/{rel}","templated":true}]}}