{"id":46616,"date":"2023-04-14T22:03:27","date_gmt":"2023-04-14T22:03:27","guid":{"rendered":"https:\/\/smartyplantsnursery.com\/product\/cafe-silvestre-de-hojas-brillantes-psychotria-nervosa\/"},"modified":"2026-03-07T14:01:12","modified_gmt":"2026-03-07T14:01:12","slug":"cafe-silvestre-de-hojas-brillantes-psychotria-nervosa","status":"publish","type":"product","link":"https:\/\/smartyplantsnursery.com\/es\/product\/cafe-silvestre-de-hojas-brillantes-psychotria-nervosa\/","title":{"rendered":"Caf\u00e9 silvestre de hojas brillantes &#8211; psychotria nervosa"},"content":{"rendered":"<p><b>Usos generales en el paisaje:<\/b> Un arbusto vers\u00e1til para setos informales, plantaciones mixtas de amortiguaci\u00f3n y paisajes naturales.<\/p>\n<p><b>Descripci\u00f3n:<\/b> Arbusto mediano con hojas brillantes de color verde vivo.<\/p>\n<p><b>Dimensiones:<\/b> Normalmente de 1,2 a 1,8 metros de altura. A menudo tan ancho como alto. <\/p>\n<p><b>Tasa de crecimiento:<\/b> moderada.<\/p>\n<p><b>Distribuci\u00f3n:<\/b> Desde los Cayos del Condado de Monroe al norte hasta los condados de Duval, Alachua y Levy; Indias Occidentales, M\u00e9xico, Am\u00e9rica Central y Am\u00e9rica del Sur. Muy raro en los Cayos del Condado de Monroe inferiores. <\/p>\n<p><b>H\u00e1bitats:<\/b> Bosques h\u00famedos.<\/p>\n<p><b>Suelos:<\/b> Suelos arenosos o calizos h\u00famedos y bien drenados, con una capa superior rica en humus.<\/p>\n<p><b>Requisitos nutricionales:<\/b> Moderado; puede crecer en suelos pobres en nutrientes, pero necesita algo de contenido org\u00e1nico para prosperar.<\/p>\n<p><b>Tolerancia al agua salada:<\/b> Baja; no tolera las inundaciones a largo plazo con agua salada o salobre.<\/p>\n<p><b>Tolerancia al viento salado:<\/b> Alta; puede tolerar cantidades moderadas de viento salado sin da\u00f1os significativos.<\/p>\n<p><b>Tolerancia a la sequ\u00eda:<\/b> Moderada; generalmente requiere suelos h\u00famedos, pero es tolerante a cortos per\u00edodos de sequ\u00eda una vez establecido.<\/p>\n<p><b>Requisitos de luz:<\/b> Sombra ligera a pleno sol.<\/p>\n<p><b>Color de la flor:<\/b> Blanco.<\/p>\n<p><b>Caracter\u00edsticas de la flor:<\/b> Semillamativa.<\/p>\n<p><b>Temporada de floraci\u00f3n:<\/b> Todo el a\u00f1o; pico en primavera-verano.<\/p>\n<p><b>Fruto:<\/b> Drupa roja. Comestible. <\/p>\n<p><b>Vida silvestre y ecolog\u00eda:<\/b> Proporciona alimento y cobertura significativos para la vida silvestre. Planta de n\u00e9ctar para atala (<i>Eumaeus atala<\/i>), blanca del sur grande (<i>Ascia monuste<\/i>), julia (<i>Dryas iulia<\/i>), cola de golondrina de Schaus (<i>Heraclides aristodemus<\/i>) y otras mariposas. Las aves y otros animales comen los frutos. Los insectos visitan las flores, que, a su vez, proporcionan alimento a las aves insect\u00edvoras.   <\/p>\n<p><b>Notas de horticultura:<\/b> Se puede cultivar a partir de semillas despulpadas. Coloque las semillas encima de la tierra y espolvoree tierra sobre las semillas hasta cubrirlas. Coloque el recipiente en sombra ligera.  <\/p>\n<p><b>Comentarios:<\/b><\/p>\n","protected":false},"excerpt":{"rendered":"<p><img decoding=\"async\" class=\"alignnone size-medium wp-image-31863\" src=\"https:\/\/smartyplantsnursery.com\/wp-content\/uploads\/2023\/04\/Screen-Shot-2023-04-22-at-11.28.02-PM-300x134.png\" alt=\"\" width=\"300\" height=\"134\"><\/p>\n<div class=\"container\">\n<div class=\"table-container\">\n<table>\n<thead>\n<tr>\n<th>Tama\u00f1o de la maceta<\/th>\n<th>Altura media plantada (desde la tierra hasta la parte superior de la planta)<\/th>\n<\/tr>\n<\/thead>\n<tbody>\n<tr>\n<td>3 galones\/10&#8243;<\/td>\n<td>1 &#8211; 2 pies<\/td>\n<\/tr>\n<tr>\n<td>7 galones\/14&#8243;<\/td>\n<td>0,6 &#8211; 0,9 m<\/td>\n<\/tr>\n<tr>\n<td>15 galones\/17&#8243;<\/td>\n<td>0,9 &#8211; 1,2 m<\/td>\n<\/tr>\n<\/tbody>\n<\/table>\n<\/div>\n<\/div>\n","protected":false},"featured_media":50381,"comment_status":"open","ping_status":"closed","template":"","meta":[],"product_brand":[59,60],"product_cat":[362,304,359,311,346,310,355,324,309,313,326,341,308,358,323,330,332,303,349,307],"product_tag":[318],"class_list":{"0":"post-46616","1":"product","2":"type-product","3":"status-publish","4":"has-post-thumbnail","6":"product_brand-fann","7":"product_brand-fnps","8":"product_cat-alta-es-2","9":"product_cat-arbusto","10":"product_cat-arena","11":"product_cat-baja","12":"product_cat-bajo-mantenimiento","13":"product_cat-bien-drenado","14":"product_cat-invierno","15":"product_cat-llamativo","16":"product_cat-moderada","17":"product_cat-moderada-es","18":"product_cat-moderada-es-2","19":"product_cat-nativo","20":"product_cat-otono","21":"product_cat-plantas-para-mariposas-plantas-para-polinizadores","22":"product_cat-primavera","23":"product_cat-semilla","24":"product_cat-seto","25":"product_cat-sol-parcial","26":"product_cat-sombra","27":"product_cat-verano","28":"product_tag-blanco","29":"pa_pot-size-15-galones-17","30":"pa_pot-size-3-galones-10","31":"pa_pot-size-7-galones-14","34":"first","35":"instock","36":"taxable","37":"shipping-taxable","38":"purchasable","39":"product-type-variable"},"aioseo_notices":[],"_links":{"self":[{"href":"https:\/\/smartyplantsnursery.com\/es\/wp-json\/wp\/v2\/product\/46616","targetHints":{"allow":["GET"]}}],"collection":[{"href":"https:\/\/smartyplantsnursery.com\/es\/wp-json\/wp\/v2\/product"}],"about":[{"href":"https:\/\/smartyplantsnursery.com\/es\/wp-json\/wp\/v2\/types\/product"}],"replies":[{"embeddable":true,"href":"https:\/\/smartyplantsnursery.com\/es\/wp-json\/wp\/v2\/comments?post=46616"}],"wp:featuredmedia":[{"embeddable":true,"href":"https:\/\/smartyplantsnursery.com\/es\/wp-json\/wp\/v2\/media\/50381"}],"wp:attachment":[{"href":"https:\/\/smartyplantsnursery.com\/es\/wp-json\/wp\/v2\/media?parent=46616"}],"wp:term":[{"taxonomy":"product_brand","embeddable":true,"href":"https:\/\/smartyplantsnursery.com\/es\/wp-json\/wp\/v2\/product_brand?post=46616"},{"taxonomy":"product_cat","embeddable":true,"href":"https:\/\/smartyplantsnursery.com\/es\/wp-json\/wp\/v2\/product_cat?post=46616"},{"taxonomy":"product_tag","embeddable":true,"href":"https:\/\/smartyplantsnursery.com\/es\/wp-json\/wp\/v2\/product_tag?post=46616"}],"curies":[{"name":"wp","href":"https:\/\/api.w.org\/{rel}","templated":true}]}}