{"id":46620,"date":"2023-04-14T22:19:33","date_gmt":"2023-04-14T22:19:33","guid":{"rendered":"https:\/\/smartyplantsnursery.com\/product\/salvia-silvestre-botones-de-salvia-lantana-involucrata\/"},"modified":"2026-02-17T17:31:33","modified_gmt":"2026-02-17T17:31:33","slug":"salvia-silvestre-botones-de-salvia-lantana-involucrata","status":"publish","type":"product","link":"https:\/\/smartyplantsnursery.com\/es\/product\/salvia-silvestre-botones-de-salvia-lantana-involucrata\/","title":{"rendered":"Salvia silvestre, botones de salvia &#8211; Lantana involucrata"},"content":{"rendered":"<p><b>Usos generales en el paisaje:<\/b> Un arbusto excelente para plantaciones de amortiguamiento mixto y paisajes naturales.<\/p>\n<p><b>Descripci\u00f3n:<\/b> Arbusto mediano con tallos parecidos al sauce. Corteza gris o marr\u00f3n claro, rugosa. Hojas de color verde claro, rugosas.  <\/p>\n<p><b>Dimensiones:<\/b> Normalmente de 1,2 a 2,4 metros de altura. Aproximadamente tan ancho como alto. <\/p>\n<p><b>Tasa de crecimiento:<\/b> R\u00e1pida a moderada.<\/p>\n<p><b>Distribuci\u00f3n:<\/b> Desde los cayos del condado de Monroe hacia el norte, principalmente a lo largo de las costas hasta los condados de Brevard, Hillsborough y Pinellas; Indias Occidentales, M\u00e9xico y Am\u00e9rica Central.<\/p>\n<p><b>H\u00e1bitats:<\/b> Bordes de hamacas, pinares rocosos y matorrales costeros.<\/p>\n<p><b>Suelos:<\/b> Suelos calizos o arenosos h\u00famedos y bien drenados, con o sin capa superior de humus.<\/p>\n<p><b>Requisitos nutricionales:<\/b> De moderados a bajos; prefiere suelos con contenido org\u00e1nico, pero a\u00fan crecer\u00e1 razonablemente bien en suelos pobres en nutrientes.<\/p>\n<p><b>Tolerancia al agua salada:<\/b> Baja; no tolera las inundaciones a largo plazo con agua salada o salobre.<\/p>\n<p><b>Tolerancia al viento salado:<\/b> Alta; puede tolerar cantidades moderadas de viento salado sin da\u00f1os significativos.<\/p>\n<p><b>Tolerancia a la sequ\u00eda:<\/b> Alta; no requiere agua suplementaria una vez establecida.<\/p>\n<p><b>Requisitos de luz:<\/b> Pleno sol.<\/p>\n<p><b>Color de la flor:<\/b> Blanco o rosa con un centro amarillo.<\/p>\n<p><b>Caracter\u00edsticas de la flor:<\/b> Inflorescencia semillamativa. Muy fragante. <\/p>\n<p><b>Temporada de floraci\u00f3n:<\/b> Todo el a\u00f1o.<\/p>\n<p><b>Fruto:<\/b> Drupa p\u00farpura.<\/p>\n<p><b>Fauna y ecolog\u00eda:<\/b> Proporciona alimento y cobertura significativos para aves e insectos. Los frutos son consumidos por una gran variedad de aves y las flores atraen a mariposas, hormigas y abejas. <b>Planta de n\u00e9ctar<\/b> para la mariposa papilio Bahamian ( <i>Papilio andraemon<\/i>), Bartram&#8217;s scrub-hairstreak ( <i>Strymon acis<\/i>), cassius blue ( <i>Leptotes cassius<\/i>), Dorantes longtail ( <i>Urbanus dorantes<\/i>), Florida duskywing ( <i>Ephyriades brunneus<\/i>), Florida white ( <i>Appias drusilla<\/i>), giant swallowtail ( <i>Papilio cresphontes<\/i>), great southern white ( <i>Ascia monuste<\/i>), gulf fritillary ( <i>Agraulis vanillae<\/i>), hammock skipper ( <i>Polygonus leo<\/i>), julia ( <i>Dryas iulia<\/i>), large orange sulphur ( <i>Phoebis agarithe<\/i>), long-tailed skipper ( <i>Urbanus proteus<\/i>), martial scrub-hairstreak ( <i>Strymon martialis<\/i>), Miami blue (<i>Cyclargus thomasi bethunebakeri<\/i>), red-banded hairstreak (<i>Calycopis cecrops<\/i>), Schaus&#8217; swallowtail (<i>Heraclides aristodemus<\/i>), zestos skipper (<i>Epargyreus zestos<\/i>) y otras mariposas y polillas.<\/p>\n<p><b>Notas de horticultura:<\/b> Se puede cultivar a partir de semillas.<\/p>\n<p><b>Comentarios:<\/b> Las hojas huelen a salvia cuando se trituran.<\/p>\n","protected":false},"excerpt":{"rendered":"<p><img decoding=\"async\" class=\"alignnone size-medium wp-image-31863\" src=\"https:\/\/smartyplantsnursery.com\/wp-content\/uploads\/2023\/04\/Screen-Shot-2023-04-22-at-11.28.02-PM-300x134.png\" alt=\"\" width=\"300\" height=\"134\"><\/p>\n<div class=\"container\">\n<div class=\"table-container\">\n<table>\n<thead>\n<tr>\n<th>Tama\u00f1o de la maceta<\/th>\n<th>Altura media plantada (desde la tierra hasta la parte superior de la planta)<\/th>\n<\/tr>\n<\/thead>\n<tbody>\n<tr>\n<td>3 galones\/10&#8243;<\/td>\n<td>1 &#8211; 2 pies<\/td>\n<\/tr>\n<\/tbody>\n<\/table>\n<\/div>\n<\/div>\n","protected":false},"featured_media":51319,"comment_status":"open","ping_status":"closed","template":"","meta":[],"product_brand":[59,60],"product_cat":[362,340,376,304,359,357,346,310,374,355,324,326,309,341,308,358,335,323,322,307],"product_tag":[319,318,352],"class_list":{"0":"post-46620","1":"product","2":"type-product","3":"status-publish","4":"has-post-thumbnail","6":"product_brand-fann","7":"product_brand-fnps","8":"product_cat-alta-es-2","9":"product_cat-alta","10":"product_cat-alta-es-3","11":"product_cat-arbusto","12":"product_cat-arena","13":"product_cat-baja-es-3","14":"product_cat-bajo-mantenimiento","15":"product_cat-bien-drenado","16":"product_cat-fragante-2","17":"product_cat-invierno","18":"product_cat-llamativo","19":"product_cat-moderada-es-2","20":"product_cat-moderada","21":"product_cat-nativo","22":"product_cat-otono","23":"product_cat-plantas-para-mariposas-plantas-para-polinizadores","24":"product_cat-pleno-sol","25":"product_cat-primavera","26":"product_cat-rapido","27":"product_cat-verano","28":"product_tag-amarillo","29":"product_tag-blanco","30":"product_tag-rosa","31":"pa_pot-size-1-galon-6","32":"pa_pot-size-3-galones-10","33":"pa_pot-size-7-galones-14","36":"first","37":"instock","38":"taxable","39":"shipping-taxable","40":"purchasable","41":"product-type-variable"},"aioseo_notices":[],"_links":{"self":[{"href":"https:\/\/smartyplantsnursery.com\/es\/wp-json\/wp\/v2\/product\/46620","targetHints":{"allow":["GET"]}}],"collection":[{"href":"https:\/\/smartyplantsnursery.com\/es\/wp-json\/wp\/v2\/product"}],"about":[{"href":"https:\/\/smartyplantsnursery.com\/es\/wp-json\/wp\/v2\/types\/product"}],"replies":[{"embeddable":true,"href":"https:\/\/smartyplantsnursery.com\/es\/wp-json\/wp\/v2\/comments?post=46620"}],"wp:featuredmedia":[{"embeddable":true,"href":"https:\/\/smartyplantsnursery.com\/es\/wp-json\/wp\/v2\/media\/51319"}],"wp:attachment":[{"href":"https:\/\/smartyplantsnursery.com\/es\/wp-json\/wp\/v2\/media?parent=46620"}],"wp:term":[{"taxonomy":"product_brand","embeddable":true,"href":"https:\/\/smartyplantsnursery.com\/es\/wp-json\/wp\/v2\/product_brand?post=46620"},{"taxonomy":"product_cat","embeddable":true,"href":"https:\/\/smartyplantsnursery.com\/es\/wp-json\/wp\/v2\/product_cat?post=46620"},{"taxonomy":"product_tag","embeddable":true,"href":"https:\/\/smartyplantsnursery.com\/es\/wp-json\/wp\/v2\/product_tag?post=46620"}],"curies":[{"name":"wp","href":"https:\/\/api.w.org\/{rel}","templated":true}]}}