{"id":46621,"date":"2023-04-14T22:00:44","date_gmt":"2023-04-14T22:00:44","guid":{"rendered":"https:\/\/smartyplantsnursery.com\/product\/siempreviva-de-mar-romero-de-mar-tournefortia-gnaphalodes\/"},"modified":"2026-02-06T14:18:18","modified_gmt":"2026-02-06T14:18:18","slug":"siempreviva-de-mar-romero-de-mar-tournefortia-gnaphalodes","status":"publish","type":"product","link":"https:\/\/smartyplantsnursery.com\/es\/product\/siempreviva-de-mar-romero-de-mar-tournefortia-gnaphalodes\/","title":{"rendered":"Siempreviva de mar, romero de mar &#8211; tournefortia gnaphalodes"},"content":{"rendered":"<p><b>Usos generales en el paisaje:<\/b> Un excelente ejemplar o arbusto de acento en \u00e1reas costeras abiertas o directamente en dunas de playa.<\/p>\n<p><b>Notas sobre restauraci\u00f3n ecol\u00f3gica:<\/b> Un elemento algo raro de las dunas de playa y la costa. Probablemente m\u00e1s raro ahora que hist\u00f3ricamente debido al desarrollo costero y la erosi\u00f3n. Un gran n\u00famero de plantas pueden reclutarse despu\u00e9s de las tormentas si hay fuentes de semillas presentes.  <\/p>\n<p><b>Descripci\u00f3n:<\/b> Arbusto mediano que forma un gran mont\u00edculo redondeado. Hojas delgadas, gruesas, peludas, gris\u00e1ceas, de aproximadamente 1 1\/2 a 4 1\/2 pulgadas de largo. <\/p>\n<p><b>Dimensiones:<\/b> Normalmente de 3 a 6 pies de altura. Tan ancho como alto o m\u00e1s ancho. <\/p>\n<p><b>Tasa de crecimiento:<\/b> De moderada a lenta cuando es m\u00e1s viejo, pero puede crecer r\u00e1pido cuando es joven.<\/p>\n<p><b>Distribuci\u00f3n:<\/b> Desde los Cayos del Condado de Monroe hacia el norte a lo largo de la costa este hasta el Condado de Brevard; Bermudas, Indias Occidentales, sur de M\u00e9xico y Am\u00e9rica Central.<\/p>\n<p><b>H\u00e1bitats:<\/b> Dunas de playa y matorrales costeros.<\/p>\n<p><b>Suelos:<\/b> Suelos h\u00famedos, bien drenados, arenosos o calizos, sin humus.<\/p>\n<p><b>Requisitos nutricionales:<\/b> Bajos; crece en suelos pobres en nutrientes.<\/p>\n<p><b>Tolerancia al agua salada:<\/b> Baja; no tolera las inundaciones a largo plazo con agua salada o salobre.<\/p>\n<p><b>Tolerancia al viento salino:<\/b> Primera l\u00ednea; crece con viento salino directo, pero lejos de la pulverizaci\u00f3n constante de sal.<\/p>\n<p><b>Tolerancia a la sequ\u00eda:<\/b> Alta; no requiere agua suplementaria una vez establecida.<\/p>\n<p><b>Requisitos de luz:<\/b> Pleno sol.<\/p>\n<p><b>Color de la flor:<\/b> Blanco que se vuelve lavanda.<\/p>\n<p><b>Caracter\u00edsticas de la flor:<\/b> Espigas rizadas unilaterales semi-vistosas.<\/p>\n<p><b>Temporada de floraci\u00f3n:<\/b> Todo el a\u00f1o; pico en invierno.<\/p>\n<p><b>Fruto:<\/b> Drupa negra o marr\u00f3n encerrada en una cabeza corchosa de aproximadamente 1\/4&#8243; de largo. Todo el a\u00f1o. Los frutos corchosos permiten una amplia dispersi\u00f3n por el agua.  <\/p>\n<p><b>Fauna y ecolog\u00eda:<\/b> <strong>Planta de n\u00e9ctar<\/strong> para la mariposa azul de Miami (<i>Cyclargus thomasi bethunebakeri<\/i>) y otras mariposas.<\/p>\n<p><b>Notas de horticultura:<\/b> Se puede cultivar a partir de semillas, esquejes y acodos terrestres. Las semillas brotan bien, pero ser\u00e1n atacadas por hongos si se mantienen demasiado h\u00famedas. El crecimiento al principio es r\u00e1pido.  <\/p>\n<p><b>Comentarios:<\/b> Un hermoso arbusto para jardines frente al mar, pero susceptible a enfermedades en el interior. Est\u00e1 catalogado como en peligro de extinci\u00f3n por el estado de Florida. Sin\u00f3nimos hort\u00edcolas: <i>Heliotropium gnaphalodes<\/i>.  <\/p>\n","protected":false},"excerpt":{"rendered":"<p><img decoding=\"async\" class=\"alignnone size-medium wp-image-31863\" src=\"https:\/\/smartyplantsnursery.com\/wp-content\/uploads\/2023\/04\/Screen-Shot-2023-04-22-at-11.28.02-PM-300x134.png\" alt=\"\" width=\"300\" height=\"134\"><\/p>\n<div class=\"container\">\n<div class=\"table-container\">\n<table>\n<thead>\n<tr>\n<th>Tama\u00f1o de la maceta<\/th>\n<th>Altura media plantada (desde la tierra hasta la parte superior de la planta)<\/th>\n<\/tr>\n<\/thead>\n<tbody>\n<tr>\n<td>1 gal\u00f3n\/6&#8243;<\/td>\n<td>0 &#8211; 1 ft.<\/td>\n<\/tr>\n<tr>\n<td>3 galones\/10&#8243;<\/td>\n<td>1 &#8211; 2 pies<\/td>\n<\/tr>\n<\/tbody>\n<\/table>\n<\/div>\n<\/div>\n","protected":false},"featured_media":50359,"comment_status":"open","ping_status":"closed","template":"","meta":[],"product_brand":[59,60],"product_cat":[340,304,359,357,311,346,310,384,315,355,306,324,361,326,341,308,334,314,358,335,323,330,307],"product_tag":[318,337],"class_list":{"0":"post-46621","1":"product","2":"type-product","3":"status-publish","4":"has-post-thumbnail","6":"product_brand-fann","7":"product_brand-fnps","8":"product_cat-alta","9":"product_cat-arbusto","10":"product_cat-arena","11":"product_cat-baja-es-3","12":"product_cat-baja","13":"product_cat-bajo-mantenimiento","14":"product_cat-bien-drenado","15":"product_cat-costero","16":"product_cat-esquejes","17":"product_cat-invierno","18":"product_cat-lenta","19":"product_cat-llamativo","20":"product_cat-moderada-es-4","21":"product_cat-moderada-es-2","22":"product_cat-nativo","23":"product_cat-otono","24":"product_cat-planta-de-acento","25":"product_cat-planta-de-especimen","26":"product_cat-plantas-para-mariposas-plantas-para-polinizadores","27":"product_cat-pleno-sol","28":"product_cat-primavera","29":"product_cat-semilla","30":"product_cat-verano","31":"product_tag-blanco","32":"product_tag-lavanda","33":"pa_pot-size-1-galon-6","34":"pa_pot-size-3-galones-10","35":"pa_pot-size-7-galones-14","38":"first","39":"instock","40":"taxable","41":"shipping-taxable","42":"purchasable","43":"product-type-variable"},"aioseo_notices":[],"_links":{"self":[{"href":"https:\/\/smartyplantsnursery.com\/es\/wp-json\/wp\/v2\/product\/46621","targetHints":{"allow":["GET"]}}],"collection":[{"href":"https:\/\/smartyplantsnursery.com\/es\/wp-json\/wp\/v2\/product"}],"about":[{"href":"https:\/\/smartyplantsnursery.com\/es\/wp-json\/wp\/v2\/types\/product"}],"replies":[{"embeddable":true,"href":"https:\/\/smartyplantsnursery.com\/es\/wp-json\/wp\/v2\/comments?post=46621"}],"wp:featuredmedia":[{"embeddable":true,"href":"https:\/\/smartyplantsnursery.com\/es\/wp-json\/wp\/v2\/media\/50359"}],"wp:attachment":[{"href":"https:\/\/smartyplantsnursery.com\/es\/wp-json\/wp\/v2\/media?parent=46621"}],"wp:term":[{"taxonomy":"product_brand","embeddable":true,"href":"https:\/\/smartyplantsnursery.com\/es\/wp-json\/wp\/v2\/product_brand?post=46621"},{"taxonomy":"product_cat","embeddable":true,"href":"https:\/\/smartyplantsnursery.com\/es\/wp-json\/wp\/v2\/product_cat?post=46621"},{"taxonomy":"product_tag","embeddable":true,"href":"https:\/\/smartyplantsnursery.com\/es\/wp-json\/wp\/v2\/product_tag?post=46621"}],"curies":[{"name":"wp","href":"https:\/\/api.w.org\/{rel}","templated":true}]}}