{"id":46625,"date":"2023-04-14T21:57:19","date_gmt":"2023-04-14T21:57:19","guid":{"rendered":"https:\/\/smartyplantsnursery.com\/product\/palmito-plateado-serenoa-repens-cinerea\/"},"modified":"2026-03-07T14:01:27","modified_gmt":"2026-03-07T14:01:27","slug":"palmito-plateado-serenoa-repens-cinerea","status":"publish","type":"product","link":"https:\/\/smartyplantsnursery.com\/es\/product\/palmito-plateado-serenoa-repens-cinerea\/","title":{"rendered":"Palmito plateado &#8211; serenoa repens \u201ccinerea\u201d"},"content":{"rendered":"<p><b>Usos generales en el paisajismo:<\/b> Arbusto de acento o esp\u00e9cimen. Setos informales. Plantaciones de barrera espinosa.  <\/p>\n<p><b>Descripci\u00f3n:<\/b> Arbusto grande o, raramente, \u00e1rbol peque\u00f1o. Los troncos suelen arrastrarse por el suelo, pero a veces se erigen, casi siempre se ramifican y forman grandes manchas. Hojas en forma de abanico, r\u00edgidas, con numerosos dientes afilados en los tallos (pec\u00edolo), de color verde o verde azulado.  <\/p>\n<p><b>Dimensiones:<\/b> Alrededor de 1,20-1,80 metros de altura; hasta 4,5 metros en estado salvaje. Por lo general, m\u00e1s ancho que alto. <\/p>\n<p><b>Tasa de crecimiento:<\/b> Muy lento a lento.<\/p>\n<p><b>Distribuci\u00f3n:<\/b> Desde el sureste de Estados Unidos hasta los Cayos del Condado de Monroe. Muy raro en los Cayos superiores del Condado de Monroe y, al parecer, muy raro o ausente en los Cayos centrales. <\/p>\n<p><b>H\u00e1bitats:<\/b> Pinares, matorrales y tierras altas costeras.<\/p>\n<p><b>Suelos:<\/b> De h\u00famedos a secos o estacionalmente h\u00famedos, de bien drenados a moderadamente bien drenados, suelos arenosos o calizos, con o sin capa superior h\u00famica.<\/p>\n<p><b>Requisitos nutricionales:<\/b> De bajos a moderados; puede crecer en suelos pobres en nutrientes o en suelos con cierto contenido org\u00e1nico.<\/p>\n<p><b>Tolerancia al agua salada:<\/b> Moderadamente baja; no tolera las inundaciones a largo plazo por agua salada o salobre, pero tolera la inundaci\u00f3n a corto plazo por agua salada de la marejada cicl\u00f3nica con da\u00f1os m\u00ednimos.<\/p>\n<p><b>Tolerancia al viento salino:<\/b> L\u00ednea secundaria; tolera un viento salino significativo sin sufrir da\u00f1os, pero generalmente est\u00e1 algo protegido.<\/p>\n<p><b>Tolerancia a la sequ\u00eda:<\/b> Alta; no requiere agua suplementaria una vez establecida.<\/p>\n<p><b>Requisitos de luz:<\/b> Pleno sol a sombra ligera.<\/p>\n<p><b>Color de la flor:<\/b> Blanco o blanco cremoso.<\/p>\n<p><b>Caracter\u00edsticas de la flor:<\/b> Semillamativa en su punto \u00e1lgido. Fragante. <\/p>\n<p><b>Temporada de floraci\u00f3n:<\/b> Todo el a\u00f1o; pico en verano.<\/p>\n<p><b>Fruto:<\/b> Drupa de color azul negruzco. Verano-oto\u00f1o. <\/p>\n<p><b>Fauna y ecolog\u00eda:<\/b> Proporciona alimento y refugio importantes para la fauna. Planta hu\u00e9sped larval de las mariposas monje saltar\u00edn (Asbolis capucinus) y saltar\u00edn palmetto (Euphyes arpa). Planta de n\u00e9ctar para Bartram&#8217;s scrub-hairstreak (Strymon acis), atala (Eumaes atala) y otros polinizadores. Diversos animales comen los frutos, como ciervos, osos y pavos.   <\/p>\n<p><b>Notas de horticultura:<\/b> Se puede cultivar a partir de semillas despulpadas. Esparza las semillas en la superficie del suelo y apenas las cubra. Coloque el recipiente a la sombra ligera o a pleno sol. La germinaci\u00f3n puede tardar 6 semanas o m\u00e1s.   <\/p>\n<p><b>Comentarios:<\/b> Las plantas con follaje plateado, m\u00e1s comunes a lo largo de las costas pero tambi\u00e9n encontradas en el interior, se venden como palmito plateado (<i>Serenoa repens<\/i> \u201cSilver\u201d o \u201cCinerea\u201d)<\/p>\n","protected":false},"excerpt":{"rendered":"<p><img decoding=\"async\" class=\"alignnone size-medium wp-image-31863\" src=\"https:\/\/smartyplantsnursery.com\/wp-content\/uploads\/2023\/04\/Screen-Shot-2023-04-22-at-11.28.02-PM-300x134.png\" alt=\"\" width=\"300\" height=\"134\"><\/p>\n<div class=\"container\">\n<div class=\"table-container\">\n<table>\n<thead>\n<tr>\n<th>Tama\u00f1o de la maceta<\/th>\n<th>Altura media plantada (desde la tierra hasta la parte superior de la planta)<\/th>\n<\/tr>\n<\/thead>\n<tbody>\n<tr>\n<td>3 galones\/10&#8243;<\/td>\n<td>0 &#8211; 1 pie<\/td>\n<\/tr>\n<tr>\n<td>7 galones\/35 cm<\/td>\n<td>30 &#8211; 60 cm<\/td>\n<\/tr>\n<tr>\n<td>15 galones\/17&#8243;<\/td>\n<td>2 &#8211; 3 pies<\/td>\n<\/tr>\n<tr>\n<td>25 galones\/21&#8243;<\/td>\n<td>3 &#8211; 4 pies<\/td>\n<\/tr>\n<\/tbody>\n<\/table>\n<\/div>\n<\/div>\n","protected":false},"featured_media":47999,"comment_status":"open","ping_status":"closed","template":"","meta":[],"product_brand":[59,60],"product_cat":[340,304,359,311,357,346,310,355,306,324,309,361,341,308,370,334,314,358,335,323,330,332,303,307],"product_tag":[318],"class_list":{"0":"post-46625","1":"product","2":"type-product","3":"status-publish","4":"has-post-thumbnail","6":"product_brand-fann","7":"product_brand-fnps","8":"product_cat-alta","9":"product_cat-arbusto","10":"product_cat-arena","11":"product_cat-baja","12":"product_cat-baja-es-3","13":"product_cat-bajo-mantenimiento","14":"product_cat-bien-drenado","15":"product_cat-invierno","16":"product_cat-lenta","17":"product_cat-llamativo","18":"product_cat-moderada","19":"product_cat-moderada-es-4","20":"product_cat-nativo","21":"product_cat-otono","22":"product_cat-palma","23":"product_cat-planta-de-acento","24":"product_cat-planta-de-especimen","25":"product_cat-plantas-para-mariposas-plantas-para-polinizadores","26":"product_cat-pleno-sol","27":"product_cat-primavera","28":"product_cat-semilla","29":"product_cat-seto","30":"product_cat-sol-parcial","31":"product_cat-verano","32":"product_tag-blanco","33":"pa_pot-size-1-galon-6","34":"pa_pot-size-15-galones-17","35":"pa_pot-size-25-galones-21","36":"pa_pot-size-3-galones-10","37":"pa_pot-size-7-galones-14","40":"first","41":"instock","42":"taxable","43":"shipping-taxable","44":"purchasable","45":"product-type-variable"},"aioseo_notices":[],"_links":{"self":[{"href":"https:\/\/smartyplantsnursery.com\/es\/wp-json\/wp\/v2\/product\/46625","targetHints":{"allow":["GET"]}}],"collection":[{"href":"https:\/\/smartyplantsnursery.com\/es\/wp-json\/wp\/v2\/product"}],"about":[{"href":"https:\/\/smartyplantsnursery.com\/es\/wp-json\/wp\/v2\/types\/product"}],"replies":[{"embeddable":true,"href":"https:\/\/smartyplantsnursery.com\/es\/wp-json\/wp\/v2\/comments?post=46625"}],"wp:featuredmedia":[{"embeddable":true,"href":"https:\/\/smartyplantsnursery.com\/es\/wp-json\/wp\/v2\/media\/47999"}],"wp:attachment":[{"href":"https:\/\/smartyplantsnursery.com\/es\/wp-json\/wp\/v2\/media?parent=46625"}],"wp:term":[{"taxonomy":"product_brand","embeddable":true,"href":"https:\/\/smartyplantsnursery.com\/es\/wp-json\/wp\/v2\/product_brand?post=46625"},{"taxonomy":"product_cat","embeddable":true,"href":"https:\/\/smartyplantsnursery.com\/es\/wp-json\/wp\/v2\/product_cat?post=46625"},{"taxonomy":"product_tag","embeddable":true,"href":"https:\/\/smartyplantsnursery.com\/es\/wp-json\/wp\/v2\/product_tag?post=46625"}],"curies":[{"name":"wp","href":"https:\/\/api.w.org\/{rel}","templated":true}]}}