{"id":46626,"date":"2023-04-14T20:48:08","date_gmt":"2023-04-14T20:48:08","guid":{"rendered":"https:\/\/smartyplantsnursery.com\/product\/croton-de-pineland-grannybush-croton-linearis\/"},"modified":"2026-03-07T13:57:30","modified_gmt":"2026-03-07T13:57:30","slug":"croton-de-pineland-grannybush-croton-linearis","status":"publish","type":"product","link":"https:\/\/smartyplantsnursery.com\/es\/product\/croton-de-pineland-grannybush-croton-linearis\/","title":{"rendered":"Croton de Pineland, grannybush &#8211; croton linearis"},"content":{"rendered":"<p><b>Usos generales en el paisaje:<\/b> Recomendado principalmente para paisajes naturales y restauraciones de h\u00e1bitats. Tambi\u00e9n para jardines de mariposas. <\/p>\n<p><b>Notas sobre restauraci\u00f3n ecol\u00f3gica:<\/b> Com\u00fan en pinares rocosos en el sur del condado de Miami-Dade; raro en otros lugares.<\/p>\n<p><b>Descripci\u00f3n:<\/b> Arbusto peque\u00f1o. Hojas de color verde oscuro en la parte superior y plateadas o cobrizas en la parte inferior. <\/p>\n<p><b>Dimensiones:<\/b> Normalmente de 1 a 3 pies de altura. A menudo tan ancho como alto. <\/p>\n<p><b>Tasa de crecimiento:<\/b> De moderada a r\u00e1pida.<\/p>\n<p><b>Distribuci\u00f3n:<\/b> Desde los Cayos del Condado de Monroe hacia el norte a lo largo de la costa este hasta el Condado de St. Lucie, donde se presume que est\u00e1 extinguido en la naturaleza; Indias Occidentales. En los Cayos del Condado de Monroe, aparentemente separado del Condado de Miami-Dade hasta los pinares rocosos de Big Pine Key y Little Pine Key. <\/p>\n<p><b>H\u00e1bitats:<\/b> Pinares rocosos, matorrales y espesuras costeras.<\/p>\n<p><b>Suelos:<\/b> Suelos arenosos o calizos h\u00famedos y bien drenados, sin humus.<\/p>\n<p><b>Requisitos nutricionales:<\/b> Bajos; crece en suelos pobres en nutrientes.<\/p>\n<p><b>Tolerancia al agua salada:<\/b> Baja; no tolera las inundaciones a largo plazo con agua salada o salobre.<\/p>\n<p><b>Tolerancia al viento salino:<\/b> Moderada; crece cerca del agua salada, pero est\u00e1 protegido de la pulverizaci\u00f3n directa de sal por otra vegetaci\u00f3n.<\/p>\n<p><b>Tolerancia a la sequ\u00eda:<\/b> Alta; no requiere agua suplementaria una vez establecida.<\/p>\n<p><b>Requisitos de luz:<\/b> Pleno sol.<\/p>\n<p><b>Color de la flor:<\/b> Blanco.<\/p>\n<p><b>Caracter\u00edsticas de la flor:<\/b> Semillamativa.<\/p>\n<p><b>Temporada de floraci\u00f3n:<\/b> Todo el a\u00f1o.<\/p>\n<p><b>Fruto:<\/b> C\u00e1psula discreta con pubescencia amarillenta.<\/p>\n<p><b>Fauna y ecolog\u00eda:<\/b> \u00danica <b>planta hu\u00e9sped larval<\/b> para la aurora bartramiana (<i>Strymon acis<\/i>) y la hoja alada de Florida (<i>Anaea troglodyta floridalis<\/i>) en el sur de Florida. Planta de <b>n\u00e9ctar<\/b> para el capit\u00e1n baracoa (<i>Polites baracoa<\/i>), la aurora bartramiana, el azul casio (<i>Leptotes cassius<\/i>), el ala oscura de Florida (<i>Ephyriades brunneus<\/i>) y otras mariposas.<\/p>\n<p><b>Notas de horticultura:<\/b> Se puede cultivar a partir de semillas o esquejes. Remoje las semillas en agua durante la noche y espolvor\u00e9elas en una maceta comunitaria, esparciendo una fina capa de tierra sobre las semillas. Coloque a pleno sol.  <\/p>\n<p><b>Comentarios:<\/b> Se reproduce f\u00e1cilmente en el jard\u00edn a partir de semillas, pero no es invasivo.<\/p>\n","protected":false},"excerpt":{"rendered":"<p><img decoding=\"async\" class=\"alignnone size-medium wp-image-31863\" src=\"https:\/\/smartyplantsnursery.com\/wp-content\/uploads\/2023\/04\/Screen-Shot-2023-04-22-at-11.28.02-PM-300x134.png\" alt=\"\" width=\"300\" height=\"134\"><\/p>\n<div class=\"container\">\n<div class=\"table-container\">\n<table>\n<thead>\n<tr>\n<th>Tama\u00f1o de la maceta<\/th>\n<th>Altura media plantada (desde la tierra hasta la parte superior de la planta)<\/th>\n<\/tr>\n<\/thead>\n<tbody>\n<tr>\n<td>3 galones\/10&#8243;<\/td>\n<td>1 &#8211; 2 pies<\/td>\n<\/tr>\n<tr>\n<td>7 galones\/14&#8243;<\/td>\n<td>0,6 &#8211; 0,9 m<\/td>\n<\/tr>\n<\/tbody>\n<\/table>\n<\/div>\n<\/div>\n","protected":false},"featured_media":52938,"comment_status":"open","ping_status":"closed","template":"","meta":[],"product_brand":[59,60],"product_cat":[340,304,359,357,311,346,310,315,355,324,326,361,341,308,358,335,323,322,330,307],"product_tag":[318],"class_list":{"0":"post-46626","1":"product","2":"type-product","3":"status-publish","4":"has-post-thumbnail","6":"product_brand-fann","7":"product_brand-fnps","8":"product_cat-alta","9":"product_cat-arbusto","10":"product_cat-arena","11":"product_cat-baja-es-3","12":"product_cat-baja","13":"product_cat-bajo-mantenimiento","14":"product_cat-bien-drenado","15":"product_cat-esquejes","16":"product_cat-invierno","17":"product_cat-llamativo","18":"product_cat-moderada-es-2","19":"product_cat-moderada-es-4","20":"product_cat-nativo","21":"product_cat-otono","22":"product_cat-plantas-para-mariposas-plantas-para-polinizadores","23":"product_cat-pleno-sol","24":"product_cat-primavera","25":"product_cat-rapido","26":"product_cat-semilla","27":"product_cat-verano","28":"product_tag-blanco","29":"pa_pot-size-3-galones-10","30":"pa_pot-size-7-galones-14","33":"first","34":"instock","35":"taxable","36":"shipping-taxable","37":"purchasable","38":"product-type-variable"},"aioseo_notices":[],"_links":{"self":[{"href":"https:\/\/smartyplantsnursery.com\/es\/wp-json\/wp\/v2\/product\/46626","targetHints":{"allow":["GET"]}}],"collection":[{"href":"https:\/\/smartyplantsnursery.com\/es\/wp-json\/wp\/v2\/product"}],"about":[{"href":"https:\/\/smartyplantsnursery.com\/es\/wp-json\/wp\/v2\/types\/product"}],"replies":[{"embeddable":true,"href":"https:\/\/smartyplantsnursery.com\/es\/wp-json\/wp\/v2\/comments?post=46626"}],"wp:featuredmedia":[{"embeddable":true,"href":"https:\/\/smartyplantsnursery.com\/es\/wp-json\/wp\/v2\/media\/52938"}],"wp:attachment":[{"href":"https:\/\/smartyplantsnursery.com\/es\/wp-json\/wp\/v2\/media?parent=46626"}],"wp:term":[{"taxonomy":"product_brand","embeddable":true,"href":"https:\/\/smartyplantsnursery.com\/es\/wp-json\/wp\/v2\/product_brand?post=46626"},{"taxonomy":"product_cat","embeddable":true,"href":"https:\/\/smartyplantsnursery.com\/es\/wp-json\/wp\/v2\/product_cat?post=46626"},{"taxonomy":"product_tag","embeddable":true,"href":"https:\/\/smartyplantsnursery.com\/es\/wp-json\/wp\/v2\/product_tag?post=46626"}],"curies":[{"name":"wp","href":"https:\/\/api.w.org\/{rel}","templated":true}]}}