{"id":46633,"date":"2023-04-14T20:45:14","date_gmt":"2023-04-14T20:45:14","guid":{"rendered":"https:\/\/smartyplantsnursery.com\/product\/pearlberry-tearshrub-vallesia-antillana\/"},"modified":"2026-01-29T16:35:22","modified_gmt":"2026-01-29T16:35:22","slug":"pearlberry-tearshrub-vallesia-antillana","status":"publish","type":"product","link":"https:\/\/smartyplantsnursery.com\/es\/product\/pearlberry-tearshrub-vallesia-antillana\/","title":{"rendered":"Pearlberry, tearshrub &#8211; vallesia antillana"},"content":{"rendered":"<p><b>Usos generales en el paisaje:<\/b> Arbusto de acento o \u00e1rbol peque\u00f1o en los Cayos de Florida.<\/p>\n<p><b>Descripci\u00f3n:<\/b> Arbusto mediano o, raramente, \u00e1rbol peque\u00f1o con hojas de color verde claro.<\/p>\n<p><b>Dimensiones:<\/b> Alrededor de 1,5 a 3 metros de altura. Aproximadamente tan ancho como alto. <\/p>\n<p><b>Tasa de crecimiento:<\/b> Lento a muy lento.<\/p>\n<p><b>Distribuci\u00f3n:<\/b> Condados de Monroe y Miami-Dade; Bahamas, Antillas Mayores y M\u00e9xico (Yucat\u00e1n). No se conoce de la parte continental, excepto en el \u00e1rea de Flamingo del Parque Nacional de los Everglades, donde quiz\u00e1s fue extirpado por el hurac\u00e1n Donna en 1960. Muy raro en casi todos los Cayos de Florida en los condados de Miami-Dade y Monroe.  <\/p>\n<p><b>H\u00e1bitats:<\/b> Hamacas costeras.<\/p>\n<p><b>Suelos:<\/b> Suelos calizos h\u00famedos y bien drenados, con una capa superior humosa.<\/p>\n<p><b>Requisitos nutricionales:<\/b> Moderado; puede crecer en suelos pobres en nutrientes, pero necesita algo de contenido org\u00e1nico para prosperar.<\/p>\n<p><b>Tolerancia al agua salada:<\/b> Moderada; tolera agua salobre o inundaciones ocasionales por agua salada.<\/p>\n<p><b>Tolerancia al viento salino:<\/b> Moderada; crece cerca del agua salada, pero est\u00e1 protegido de la pulverizaci\u00f3n directa de sal por otra vegetaci\u00f3n.<\/p>\n<p><b>Tolerancia a la sequ\u00eda:<\/b> Moderada; generalmente requiere suelos h\u00famedos, pero es tolerante a cortos per\u00edodos de sequ\u00eda una vez establecido.<\/p>\n<p><b>Requisitos de luz:<\/b> Sombra ligera.<\/p>\n<p><b>Color de la flor:<\/b> Blanco.<\/p>\n<p><b>Caracter\u00edsticas de la flor:<\/b> Semillamativa.<\/p>\n<p><b>Temporada de floraci\u00f3n:<\/b> Todo el a\u00f1o.<\/p>\n<p><b>Fruto:<\/b> Drupas blancas, casi transl\u00facidas.<\/p>\n<p><b>Notas de horticultura:<\/b> Se puede cultivar a partir de semillas despulpadas.<\/p>\n<p><b>Comentarios:<\/b> Est\u00e1 catalogado como en peligro de extinci\u00f3n por el estado de Florida y como cr\u00edticamente amenazado en el sur de Florida por The Institute for Regional Conservation.<\/p>\n","protected":false},"excerpt":{"rendered":"<p><img decoding=\"async\" class=\"alignnone size-medium wp-image-31863\" src=\"https:\/\/smartyplantsnursery.com\/wp-content\/uploads\/2023\/04\/Screen-Shot-2023-04-22-at-11.28.02-PM-300x134.png\" alt=\"\" width=\"300\" height=\"134\"><\/p>\n<div class=\"container\">\n<div class=\"table-container\">\n<table>\n<thead>\n<tr>\n<th>Tama\u00f1o de la maceta<\/th>\n<th>Altura media plantada (desde la tierra hasta la parte superior de la planta)<\/th>\n<\/tr>\n<\/thead>\n<tbody>\n<tr>\n<td>3 galones\/10&#8243;<\/td>\n<td>1 &#8211; 2 pies<\/td>\n<\/tr>\n<tr>\n<td>7 galones\/14&#8243;<\/td>\n<td>0,6 &#8211; 0,9 m<\/td>\n<\/tr>\n<\/tbody>\n<\/table>\n<\/div>\n<\/div>\n","protected":false},"featured_media":44572,"comment_status":"open","ping_status":"closed","template":"","meta":[],"product_brand":[59,60],"product_cat":[304,346,310,355,306,324,313,361,360,309,341,308,334,323,330,332,303,307],"product_tag":[318],"class_list":{"0":"post-46633","1":"product","2":"type-product","3":"status-publish","4":"has-post-thumbnail","6":"product_brand-fann","7":"product_brand-fnps","8":"product_cat-arbusto","9":"product_cat-bajo-mantenimiento","10":"product_cat-bien-drenado","11":"product_cat-invierno","12":"product_cat-lenta","13":"product_cat-llamativo","14":"product_cat-moderada-es","15":"product_cat-moderada-es-4","16":"product_cat-moderada-es-3","17":"product_cat-moderada","18":"product_cat-nativo","19":"product_cat-otono","20":"product_cat-planta-de-acento","21":"product_cat-primavera","22":"product_cat-semilla","23":"product_cat-seto","24":"product_cat-sol-parcial","25":"product_cat-verano","26":"product_tag-blanco","27":"pa_pot-size-1-galon-6","28":"pa_pot-size-3-galones-10","29":"pa_pot-size-7-galones-14","32":"first","33":"instock","34":"taxable","35":"shipping-taxable","36":"purchasable","37":"product-type-variable"},"aioseo_notices":[],"_links":{"self":[{"href":"https:\/\/smartyplantsnursery.com\/es\/wp-json\/wp\/v2\/product\/46633","targetHints":{"allow":["GET"]}}],"collection":[{"href":"https:\/\/smartyplantsnursery.com\/es\/wp-json\/wp\/v2\/product"}],"about":[{"href":"https:\/\/smartyplantsnursery.com\/es\/wp-json\/wp\/v2\/types\/product"}],"replies":[{"embeddable":true,"href":"https:\/\/smartyplantsnursery.com\/es\/wp-json\/wp\/v2\/comments?post=46633"}],"wp:featuredmedia":[{"embeddable":true,"href":"https:\/\/smartyplantsnursery.com\/es\/wp-json\/wp\/v2\/media\/44572"}],"wp:attachment":[{"href":"https:\/\/smartyplantsnursery.com\/es\/wp-json\/wp\/v2\/media?parent=46633"}],"wp:term":[{"taxonomy":"product_brand","embeddable":true,"href":"https:\/\/smartyplantsnursery.com\/es\/wp-json\/wp\/v2\/product_brand?post=46633"},{"taxonomy":"product_cat","embeddable":true,"href":"https:\/\/smartyplantsnursery.com\/es\/wp-json\/wp\/v2\/product_cat?post=46633"},{"taxonomy":"product_tag","embeddable":true,"href":"https:\/\/smartyplantsnursery.com\/es\/wp-json\/wp\/v2\/product_tag?post=46633"}],"curies":[{"name":"wp","href":"https:\/\/api.w.org\/{rel}","templated":true}]}}