{"id":46638,"date":"2023-04-14T20:39:41","date_gmt":"2023-04-14T20:39:41","guid":{"rendered":"https:\/\/smartyplantsnursery.com\/product\/baccharis-angustifolia-hierba-cana-de-hoja-estrecha-falsa-salvia-de-agua-salada\/"},"modified":"2026-01-28T14:21:03","modified_gmt":"2026-01-28T14:21:03","slug":"baccharis-angustifolia-hierba-cana-de-hoja-estrecha-falsa-salvia-de-agua-salada","status":"publish","type":"product","link":"https:\/\/smartyplantsnursery.com\/es\/product\/baccharis-angustifolia-hierba-cana-de-hoja-estrecha-falsa-salvia-de-agua-salada\/","title":{"rendered":"Baccharis angustifolia, hierba cana de hoja estrecha, falsa salvia de agua salada"},"content":{"rendered":"<p><b>Usos generales en el paisaje:<\/b> Se recomienda principalmente para paisajes naturales y restauraciones de h\u00e1bitats. Tambi\u00e9n se puede utilizar como arbusto ornamental en zonas soleadas h\u00famedas o mojadas. Tambi\u00e9n es \u00fatil en plantaciones de protecci\u00f3n.  <\/p>\n<p><b>Notas sobre la restauraci\u00f3n ecol\u00f3gica:<\/b> Un elemento ocasional de marismas; m\u00e1s raro en marismas de agua dulce.<\/p>\n<p><b>Descripci\u00f3n:<\/b> Arbusto mediano erecto con una copa estrecha. Hojas lineales, de 2,5 a 5 cm de largo. <\/p>\n<p><b>Dimensiones:<\/b> Normalmente de 1,2 a 2,7 metros de altura. M\u00e1s alto que ancho. <\/p>\n<p><b>Tasa de crecimiento:<\/b> R\u00e1pida a moderada.<\/p>\n<p><b>Distribuci\u00f3n:<\/b> Sudeste de Estados Unidos al sur de los Cayos del Condado de Monroe; Bahamas. Algo espor\u00e1dico en el sur de Florida. Muy raro en los Cayos del Condado de Monroe en Cayo Largo y luego aparentemente disjunto a Big Pine Key e islas cercanas.  <\/p>\n<p><b>H\u00e1bitats:<\/b> Humedales costeros, ocasionalmente tierra adentro.<\/p>\n<p><b>Suelos:<\/b> Suelos arenosos, calizos u org\u00e1nicos h\u00famedos o mojados, peri\u00f3dicamente inundados de agua dulce o salobre, con o sin capa superior de humus.<\/p>\n<p><b>Requisitos nutricionales:<\/b> Moderado; puede crecer en suelos pobres en nutrientes, pero necesita algo de contenido org\u00e1nico para prosperar.<\/p>\n<p><b>Tolerancia al agua salada:<\/b> Moderada; tolera agua salobre o inundaciones ocasionales por agua salada.<\/p>\n<p><b>Tolerancia al viento salino:<\/b> Moderada; crece cerca del agua salada, pero est\u00e1 protegido de la pulverizaci\u00f3n directa de sal por otra vegetaci\u00f3n.<\/p>\n<p><b>Tolerancia a la sequ\u00eda:<\/b> Moderada a baja; requiere suelos h\u00famedos a mojados, pero tolera cortos per\u00edodos de sequ\u00eda una vez establecido.<\/p>\n<p><b>Requisitos de luz:<\/b> Pleno sol.<\/p>\n<p><b>Color de la flor:<\/b> Amarillo p\u00e1lido.<\/p>\n<p><b>Caracter\u00edsticas de la flor:<\/b> Cabezas semivistosas. Fragante. Dioica, con flores masculinas y femeninas en diferentes plantas.  <\/p>\n<p><b>Temporada de floraci\u00f3n:<\/b> Verano-oto\u00f1o.<\/p>\n<p><b>Fruto:<\/b> Aquenio discreto, pero las masas de frutos pueden ser semi-vistosas.<\/p>\n<p><b>Fauna y ecolog\u00eda:<\/b> Proporciona algo de alimento y una cobertura importante para la fauna. Puede ser una planta de n\u00e9ctar para la monarca (Danaus plexippus) y otras mariposas. El n\u00e9ctar de las flores masculinas atrae a los polinizadores y las semillas se dispersan por el viento.  <\/p>\n<p><b>Notas de horticultura:<\/b> Se puede cultivar a partir de semillas. Cubra con la cantidad justa de tierra para evitar que las semillas se vuelen. Tambi\u00e9n se puede propagar a partir de esquejes de madera blanda o dura.  <\/p>\n<p><b>Comentarios:<\/b> Las hojas largas y estrechas son muy atractivas. El polen es un al\u00e9rgeno. <\/p>\n","protected":false},"excerpt":{"rendered":"<p><img decoding=\"async\" class=\"alignnone size-medium wp-image-31863\" src=\"https:\/\/smartyplantsnursery.com\/wp-content\/uploads\/2023\/04\/Screen-Shot-2023-04-22-at-11.28.02-PM-300x134.png\" alt=\"\" width=\"300\" height=\"134\"><\/p>\n<div class=\"container\">\n<div class=\"table-container\">\n<table>\n<thead>\n<tr>\n<th>Tama\u00f1o de la maceta<\/th>\n<th>Altura media plantada (desde la tierra hasta la parte superior de la planta)<\/th>\n<\/tr>\n<\/thead>\n<tbody>\n<tr>\n<td>3 galones\/10&#8243;<\/td>\n<td>1 &#8211; 2 pies<\/td>\n<\/tr>\n<\/tbody>\n<\/table>\n<\/div>\n<\/div>\n","protected":false},"featured_media":44495,"comment_status":"open","ping_status":"closed","template":"","meta":[],"product_brand":[59,60],"product_cat":[304,359,329,346,324,360,361,309,313,326,341,308,334,358,335,322,330,307],"product_tag":[319],"class_list":{"0":"post-46638","1":"product","2":"type-product","3":"status-publish","4":"has-post-thumbnail","6":"product_brand-fann","7":"product_brand-fnps","8":"product_cat-arbusto","9":"product_cat-arena","10":"product_cat-baja-es-2","11":"product_cat-bajo-mantenimiento","12":"product_cat-llamativo","13":"product_cat-moderada-es-3","14":"product_cat-moderada-es-4","15":"product_cat-moderada","16":"product_cat-moderada-es","17":"product_cat-moderada-es-2","18":"product_cat-nativo","19":"product_cat-otono","20":"product_cat-planta-de-acento","21":"product_cat-plantas-para-mariposas-plantas-para-polinizadores","22":"product_cat-pleno-sol","23":"product_cat-rapido","24":"product_cat-semilla","25":"product_cat-verano","26":"product_tag-amarillo","27":"pa_pot-size-1-galon-6","28":"pa_pot-size-3-galones-10","29":"pa_pot-size-7-galones-14","32":"first","33":"instock","34":"taxable","35":"shipping-taxable","36":"purchasable","37":"product-type-variable"},"aioseo_notices":[],"_links":{"self":[{"href":"https:\/\/smartyplantsnursery.com\/es\/wp-json\/wp\/v2\/product\/46638","targetHints":{"allow":["GET"]}}],"collection":[{"href":"https:\/\/smartyplantsnursery.com\/es\/wp-json\/wp\/v2\/product"}],"about":[{"href":"https:\/\/smartyplantsnursery.com\/es\/wp-json\/wp\/v2\/types\/product"}],"replies":[{"embeddable":true,"href":"https:\/\/smartyplantsnursery.com\/es\/wp-json\/wp\/v2\/comments?post=46638"}],"wp:featuredmedia":[{"embeddable":true,"href":"https:\/\/smartyplantsnursery.com\/es\/wp-json\/wp\/v2\/media\/44495"}],"wp:attachment":[{"href":"https:\/\/smartyplantsnursery.com\/es\/wp-json\/wp\/v2\/media?parent=46638"}],"wp:term":[{"taxonomy":"product_brand","embeddable":true,"href":"https:\/\/smartyplantsnursery.com\/es\/wp-json\/wp\/v2\/product_brand?post=46638"},{"taxonomy":"product_cat","embeddable":true,"href":"https:\/\/smartyplantsnursery.com\/es\/wp-json\/wp\/v2\/product_cat?post=46638"},{"taxonomy":"product_tag","embeddable":true,"href":"https:\/\/smartyplantsnursery.com\/es\/wp-json\/wp\/v2\/product_tag?post=46638"}],"curies":[{"name":"wp","href":"https:\/\/api.w.org\/{rel}","templated":true}]}}