{"id":46640,"date":"2023-04-14T20:37:06","date_gmt":"2023-04-14T20:37:06","guid":{"rendered":"https:\/\/smartyplantsnursery.com\/product\/myrsine-colicwood-myrsine-cubana\/"},"modified":"2026-01-27T20:00:56","modified_gmt":"2026-01-27T20:00:56","slug":"myrsine-colicwood-myrsine-cubana","status":"publish","type":"product","link":"https:\/\/smartyplantsnursery.com\/es\/product\/myrsine-colicwood-myrsine-cubana\/","title":{"rendered":"Myrsine, colicwood &#8211; myrsine cubana"},"content":{"rendered":"<p><b>Usos generales en el paisaje:<\/b> Arbusto de acento. Plantaciones de amortiguamiento. <\/p>\n<p><b>Descripci\u00f3n:<\/b> Arbusto grande o \u00e1rbol peque\u00f1o con un tronco erecto y una copa estrecha irregular. Los troncos generalmente tienen un di\u00e1metro de 2 a 3 pulgadas. Corteza lisa, de color gris p\u00e1lido. Hojas lisas, de color verde brillante, de aproximadamente 2 a 4 pulgadas de largo.   <\/p>\n<p><b>Dimensiones:<\/b> T\u00edpicamente de 10 a 15 pies de altura; hasta 30 pies en el sur de Florida. M\u00e1s alto que ancho. <\/p>\n<p><b>Tasa de crecimiento:<\/b> moderada.<\/p>\n<p><b>Distribuci\u00f3n:<\/b> Desde los Cayos del Condado de Monroe al norte hasta los condados de Volusia, Lake y Dixie; Indias Occidentales y Am\u00e9rica Central. Muy raro en los Cayos superiores y medios del Condado de Monroe. <\/p>\n<p><b>H\u00e1bitats:<\/b> Bosques h\u00famedos, bordes de bosques y pinares.<\/p>\n<p><b>Suelos:<\/b> Suelos arenosos o calizos h\u00famedos a estacionalmente h\u00famedos, bien drenados a mal drenados, con una capa superior humosa.<\/p>\n<p><b>Requisitos nutricionales:<\/b> Moderado; puede crecer en suelos pobres en nutrientes, pero necesita algo de contenido org\u00e1nico para prosperar.<\/p>\n<p><b>Tolerancia al agua salada:<\/b> Baja; no tolera las inundaciones a largo plazo con agua salada o salobre.<\/p>\n<p><b>Tolerancia al viento salado:<\/b> Alta; puede tolerar cantidades moderadas de viento salado sin da\u00f1os significativos.<\/p>\n<p><b>Tolerancia a la sequ\u00eda:<\/b> Moderada; generalmente requiere suelos h\u00famedos, pero es tolerante a cortos per\u00edodos de sequ\u00eda una vez establecido.<\/p>\n<p><b>Requisitos de luz:<\/b> Pleno sol a sombra ligera.<\/p>\n<p><b>Color de la flor:<\/b> Verde.<\/p>\n<p><b>Caracter\u00edsticas de la flor:<\/b> Poco llamativas. Esencialmente dioicas, con flores masculinas y femeninas en diferentes plantas; a veces hay algunas flores perfectas presentes. Las flores nacen directamente en las ramitas del crecimiento del a\u00f1o anterior.  <\/p>\n<p><b>Temporada de floraci\u00f3n:<\/b> Todo el a\u00f1o; pico en oto\u00f1o-invierno.<\/p>\n<p><b>Fruto:<\/b> Baya de color azul a negro, que nace en los tallos.<\/p>\n<p><b>Notas de horticultura:<\/b> Se puede cultivar a partir de semillas despu\u00e9s de quitar el recubrimiento. Dispersar las semillas sobre la superficie del suelo y apenas cubrirlas. Colocar el recipiente a la sombra ligera o a pleno sol.  <\/p>\n<p><b>Comentarios:<\/b> Los indios Miccosukee usaban las hojas secas para mezclar con tabaco. Sin\u00f3nimos hort\u00edcolas: M. floridana, Rapanea punctata. <\/p>\n","protected":false},"excerpt":{"rendered":"<p><img decoding=\"async\" class=\"alignnone size-medium wp-image-31863\" src=\"https:\/\/smartyplantsnursery.com\/wp-content\/uploads\/2023\/04\/Screen-Shot-2023-04-22-at-11.28.02-PM-300x134.png\" alt=\"\" width=\"300\" height=\"134\"><\/p>\n<div class=\"container\">\n<div class=\"table-container\">\n<table>\n<thead>\n<tr>\n<th>Tama\u00f1o de la maceta<\/th>\n<th>Altura media plantada (desde la tierra hasta la parte superior de la planta)<\/th>\n<\/tr>\n<\/thead>\n<tbody>\n<tr>\n<td>3 galones\/10&#8243;<\/td>\n<td>1 &#8211; 2 pies<\/td>\n<\/tr>\n<tr>\n<td>7 galones\/14&#8243;<\/td>\n<td>0,6 &#8211; 0,9 m<\/td>\n<\/tr>\n<tr>\n<td>15 galones\/17&#8243;<\/td>\n<td>0,9 &#8211; 1,2 m<\/td>\n<\/tr>\n<tr>\n<td>25 galones\/21&#8243;<\/td>\n<td>4 &#8211; 6 pies<\/td>\n<\/tr>\n<\/tbody>\n<\/table>\n<\/div>\n<\/div>\n","protected":false},"featured_media":49041,"comment_status":"open","ping_status":"closed","template":"","meta":[],"product_brand":[59,60],"product_cat":[362,304,359,311,346,310,365,355,354,313,326,309,341,308,334,335,323,330,332,303,307],"product_tag":[327],"class_list":{"0":"post-46640","1":"product","2":"type-product","3":"status-publish","4":"has-post-thumbnail","6":"product_brand-fann","7":"product_brand-fnps","8":"product_cat-alta-es-2","9":"product_cat-arbusto","10":"product_cat-arena","11":"product_cat-baja","12":"product_cat-bajo-mantenimiento","13":"product_cat-bien-drenado","14":"product_cat-inconspicuo","15":"product_cat-invierno","16":"product_cat-mal-drenado","17":"product_cat-moderada-es","18":"product_cat-moderada-es-2","19":"product_cat-moderada","20":"product_cat-nativo","21":"product_cat-otono","22":"product_cat-planta-de-acento","23":"product_cat-pleno-sol","24":"product_cat-primavera","25":"product_cat-semilla","26":"product_cat-seto","27":"product_cat-sol-parcial","28":"product_cat-verano","29":"product_tag-verde","30":"pa_pot-size-1-galon-6","31":"pa_pot-size-15-galones-17","32":"pa_pot-size-25-galones-21","33":"pa_pot-size-3-galones-10","34":"pa_pot-size-7-galones-14","37":"first","38":"instock","39":"taxable","40":"shipping-taxable","41":"purchasable","42":"product-type-variable"},"aioseo_notices":[],"_links":{"self":[{"href":"https:\/\/smartyplantsnursery.com\/es\/wp-json\/wp\/v2\/product\/46640","targetHints":{"allow":["GET"]}}],"collection":[{"href":"https:\/\/smartyplantsnursery.com\/es\/wp-json\/wp\/v2\/product"}],"about":[{"href":"https:\/\/smartyplantsnursery.com\/es\/wp-json\/wp\/v2\/types\/product"}],"replies":[{"embeddable":true,"href":"https:\/\/smartyplantsnursery.com\/es\/wp-json\/wp\/v2\/comments?post=46640"}],"wp:featuredmedia":[{"embeddable":true,"href":"https:\/\/smartyplantsnursery.com\/es\/wp-json\/wp\/v2\/media\/49041"}],"wp:attachment":[{"href":"https:\/\/smartyplantsnursery.com\/es\/wp-json\/wp\/v2\/media?parent=46640"}],"wp:term":[{"taxonomy":"product_brand","embeddable":true,"href":"https:\/\/smartyplantsnursery.com\/es\/wp-json\/wp\/v2\/product_brand?post=46640"},{"taxonomy":"product_cat","embeddable":true,"href":"https:\/\/smartyplantsnursery.com\/es\/wp-json\/wp\/v2\/product_cat?post=46640"},{"taxonomy":"product_tag","embeddable":true,"href":"https:\/\/smartyplantsnursery.com\/es\/wp-json\/wp\/v2\/product_tag?post=46640"}],"curies":[{"name":"wp","href":"https:\/\/api.w.org\/{rel}","templated":true}]}}