{"id":46653,"date":"2023-04-14T21:51:40","date_gmt":"2023-04-14T21:51:40","guid":{"rendered":"https:\/\/smartyplantsnursery.com\/product\/palma-de-sargent-palma-cereza-de-sargent-pseudophoenix-sargentii\/"},"modified":"2026-03-13T15:40:22","modified_gmt":"2026-03-13T15:40:22","slug":"palma-de-sargent-palma-cereza-de-sargent-pseudophoenix-sargentii","status":"publish","type":"product","link":"https:\/\/smartyplantsnursery.com\/es\/product\/palma-de-sargent-palma-cereza-de-sargent-pseudophoenix-sargentii\/","title":{"rendered":"Palmera bucanera, palmera de Sargent, palmera cereza de Sargent &#8211; Pseudophoenix sargentii"},"content":{"rendered":"<p><b>Usos generales en el paisajismo:<\/b> Palma de acento o esp\u00e9cimen.<\/p>\n<p><b>Notas sobre la restauraci\u00f3n ecol\u00f3gica:<\/b> Las poblaciones hist\u00f3ricas se est\u00e1n aumentando en el Parque Nacional Biscayne y se est\u00e1n reintroduciendo en el Parque Estatal Long Key. Estos son los \u00fanicos lugares hist\u00f3ricos en el sur de Florida. <\/p>\n<p><b>Descripci\u00f3n:<\/b> Arbusto o \u00e1rbol peque\u00f1o.<\/p>\n<p><b>Tasa de crecimiento:<\/b> lenta.<\/p>\n<p><b>Distribuci\u00f3n:<\/b> Sur de Florida, las Indias Occidentales, el sur de M\u00e9xico y Belice. En el sur de Florida, nativa solo de Elliott Key en el condado de Miami-Dade y Long Key en los Cayos del condado de Monroe. De crecimiento muy lento y aparentemente no se propaga desde el cultivo en otros lugares.  <\/p>\n<p><b>H\u00e1bitats:<\/b> Hamacas costeras.<\/p>\n<p><b>Suelos:<\/b> Suelos h\u00famedos de piedra caliza o arenosos muy bien drenados, con o sin una capa superior de humus.<\/p>\n<p><b>Tolerancia al agua salada:<\/b> Moderadamente baja; no tolera las inundaciones a largo plazo por agua salada o salobre, pero tolera la inundaci\u00f3n a corto plazo por agua salada de la marejada cicl\u00f3nica con da\u00f1os m\u00ednimos.<\/p>\n<p><b>Tolerancia al viento salado:<\/b> Alta; puede tolerar cantidades moderadas de viento salado sin da\u00f1os significativos.<\/p>\n<p><b>Tolerancia a la sequ\u00eda:<\/b> Alta; no requiere agua suplementaria una vez establecida.<\/p>\n<p><b>Requisitos de luz:<\/b> Pleno sol a sombra ligera.<\/p>\n<p><b>Color de la flor:<\/b> amarillo.<\/p>\n<p><b>Caracter\u00edsticas de la flor:<\/b> poco llamativas.<\/p>\n<p><b>Temporada de floraci\u00f3n:<\/b> Todo el a\u00f1o.<\/p>\n","protected":false},"excerpt":{"rendered":"<p><img fetchpriority=\"high\" decoding=\"async\" class=\"alignnone size-medium wp-image-54744\" src=\"https:\/\/smartyplantsnursery.com\/wp-content\/uploads\/2023\/04\/Screenshot-2026-03-03-at-2.22.47-PM-300x185.webp\" alt=\"\" width=\"300\" height=\"185\"><\/p>\n<div class=\"container\">\n<div class=\"table-container\">\n<table>\n<thead>\n<tr>\n<th>Tama\u00f1o de la maceta<\/th>\n<th>Altura media plantada (desde la tierra hasta la parte superior de la planta)<\/th>\n<\/tr>\n<\/thead>\n<tbody>\n<tr>\n<td>1 gal\u00f3n\/6&#8243;<\/td>\n<td>0 &#8211; 1 ft.<\/td>\n<\/tr>\n<tr>\n<td>3 galones\/10&#8243;<\/td>\n<td>1 &#8211; 2 pies<\/td>\n<\/tr>\n<tr>\n<td>7 galones\/14&#8243;<\/td>\n<td>2 &#8211; 4 pies<\/td>\n<\/tr>\n<tr>\n<td>15 galones\/17&#8243;<\/td>\n<td>1,2 &#8211; 1,5 m<\/td>\n<\/tr>\n<tr>\n<td>25 galones\/21&#8243;<\/td>\n<td>1,5 &#8211; 1,8 m<\/td>\n<\/tr>\n<tr>\n<td>45 galones\/28&#8243;<\/td>\n<td>1,8 &#8211; 2,1 m<\/td>\n<\/tr>\n<tr>\n<td>65 galones\/32&#8243;<\/td>\n<td>7 &#8211; 8 pies<\/td>\n<\/tr>\n<\/tbody>\n<\/table>\n<\/div>\n<\/div>\n","protected":false},"featured_media":50377,"comment_status":"open","ping_status":"closed","template":"","meta":[],"product_brand":[59,60],"product_cat":[362,340,304,359,311,346,310,365,355,306,341,308,370,334,314,335,323,468,303,307],"product_tag":[319],"class_list":{"0":"post-46653","1":"product","2":"type-product","3":"status-publish","4":"has-post-thumbnail","6":"product_brand-fann","7":"product_brand-fnps","8":"product_cat-alta-es-2","9":"product_cat-alta","10":"product_cat-arbusto","11":"product_cat-arena","12":"product_cat-baja","13":"product_cat-bajo-mantenimiento","14":"product_cat-bien-drenado","15":"product_cat-inconspicuo","16":"product_cat-invierno","17":"product_cat-lenta","18":"product_cat-nativo","19":"product_cat-otono","20":"product_cat-palma","21":"product_cat-planta-de-acento","22":"product_cat-planta-de-especimen","23":"product_cat-pleno-sol","24":"product_cat-primavera","25":"product_cat-roca-2","26":"product_cat-sol-parcial","27":"product_cat-verano","28":"product_tag-amarillo","29":"pa_pot-size-1-galon-6","30":"pa_pot-size-15-galones-17","31":"pa_pot-size-25-galones-21","32":"pa_pot-size-3-galones-10","33":"pa_pot-size-45-galones-28","34":"pa_pot-size-65-galones-32","35":"pa_pot-size-7-galones-14","38":"first","39":"instock","40":"taxable","41":"shipping-taxable","42":"purchasable","43":"product-type-variable"},"aioseo_notices":[],"_links":{"self":[{"href":"https:\/\/smartyplantsnursery.com\/es\/wp-json\/wp\/v2\/product\/46653","targetHints":{"allow":["GET"]}}],"collection":[{"href":"https:\/\/smartyplantsnursery.com\/es\/wp-json\/wp\/v2\/product"}],"about":[{"href":"https:\/\/smartyplantsnursery.com\/es\/wp-json\/wp\/v2\/types\/product"}],"replies":[{"embeddable":true,"href":"https:\/\/smartyplantsnursery.com\/es\/wp-json\/wp\/v2\/comments?post=46653"}],"wp:featuredmedia":[{"embeddable":true,"href":"https:\/\/smartyplantsnursery.com\/es\/wp-json\/wp\/v2\/media\/50377"}],"wp:attachment":[{"href":"https:\/\/smartyplantsnursery.com\/es\/wp-json\/wp\/v2\/media?parent=46653"}],"wp:term":[{"taxonomy":"product_brand","embeddable":true,"href":"https:\/\/smartyplantsnursery.com\/es\/wp-json\/wp\/v2\/product_brand?post=46653"},{"taxonomy":"product_cat","embeddable":true,"href":"https:\/\/smartyplantsnursery.com\/es\/wp-json\/wp\/v2\/product_cat?post=46653"},{"taxonomy":"product_tag","embeddable":true,"href":"https:\/\/smartyplantsnursery.com\/es\/wp-json\/wp\/v2\/product_tag?post=46653"}],"curies":[{"name":"wp","href":"https:\/\/api.w.org\/{rel}","templated":true}]}}