{"id":46654,"date":"2023-04-14T20:33:32","date_gmt":"2023-04-14T20:33:32","guid":{"rendered":"https:\/\/smartyplantsnursery.com\/product\/marlberry-ardisia-escallonioides\/"},"modified":"2026-01-09T19:24:45","modified_gmt":"2026-01-09T19:24:45","slug":"marlberry-ardisia-escallonioides","status":"publish","type":"product","link":"https:\/\/smartyplantsnursery.com\/es\/product\/marlberry-ardisia-escallonioides\/","title":{"rendered":"Marlberry &#8211; ardisia escallonioides"},"content":{"rendered":"<p><b>Usos generales en el paisajismo:<\/b> Un excelente esp\u00e9cimen o arbusto de acento en paisajes formales e informales en una amplia variedad de condiciones. Tambi\u00e9n es una gran adici\u00f3n a las plantaciones de amortiguamiento. <\/p>\n<p><b>Notas sobre restauraci\u00f3n ecol\u00f3gica:<\/b> Un elemento com\u00fan en hamacas costeras e interiores y matorrales.<\/p>\n<p><b>Descripci\u00f3n:<\/b> Arbusto grande y vertical o \u00e1rbol peque\u00f1o con una copa estrecha. Tanto los troncos como las ramas son delgados y erectos; las puntas de las ramas se arquean bajo el peso de las flores y los frutos, uno o ambos casi siempre presentes. Troncos de 2-3 pulgadas de di\u00e1metro, y a veces m\u00e1s. Corteza delgada, de color gris p\u00e1lido a casi blanco. Hojas verdes, m\u00e1s oscuras arriba, brillantes, de 3-6 pulgadas de largo, persistentes.    <\/p>\n<p><b>Dimensiones:<\/b> T\u00edpicamente de 8-15 pies de altura; hasta 20 pies o m\u00e1s en el sur de Florida. Por lo general, m\u00e1s alto que ancho. <\/p>\n<p><b>Tasa de crecimiento:<\/b> moderada.<\/p>\n<p><b>Distribuci\u00f3n:<\/b> Desde los Cayos del Condado de Monroe al norte hasta los condados de Flagler, Polk y Pasco; Indias Occidentales, sur de M\u00e9xico y Am\u00e9rica Central. Com\u00fan en la mayor parte de su \u00e1rea de distribuci\u00f3n en el sur de Florida, pero principalmente restringido a las costas al norte del lago Okeechobee. <\/p>\n<p><b>H\u00e1bitats:<\/b> Hamacas, matorrales y pinares rocosos.<\/p>\n<p><b>Suelos:<\/b> Suelos arenosos o calizos h\u00famedos y bien drenados, con una capa superior rica en humus.<\/p>\n<p><b>Requisitos nutricionales:<\/b> Moderado; puede crecer en suelos pobres en nutrientes, pero necesita algo de contenido org\u00e1nico para prosperar.<\/p>\n<p><b>Tolerancia al agua salada:<\/b> Baja; no tolera las inundaciones a largo plazo con agua salada o salobre.<\/p>\n<p><b>Tolerancia al viento salado:<\/b> Alta; puede tolerar cantidades moderadas de viento salado sin da\u00f1os significativos.<\/p>\n<p><b>Tolerancia a la sequ\u00eda:<\/b> Moderada; generalmente requiere suelos h\u00famedos, pero es tolerante a cortos per\u00edodos de sequ\u00eda una vez establecido.<\/p>\n<p><b>Requisitos de luz:<\/b> Sombra ligera a pleno sol.<\/p>\n<p><b>Color de la flor:<\/b> Blanco a rosa, con anteras amarillas notables.<\/p>\n<p><b>Caracter\u00edsticas de la flor:<\/b> Semillamativas en densos racimos terminales. Fragante. <\/p>\n<p><b>Temporada de floraci\u00f3n:<\/b> Todo el a\u00f1o; pico en oto\u00f1o.<\/p>\n<p><b>Fruto:<\/b> Drupa, negra y brillante en la madurez, 1\/4&#8243; de di\u00e1metro, de pulpa delgada y jugosa. Semillas solitarias y duras. <\/p>\n<p><b>Vida silvestre y ecolog\u00eda:<\/b> Proporciona alimento y cobertura significativos para la vida silvestre. Una amplia variedad de aves comen los frutos. Atrae a los polinizadores de abejas.  <\/p>\n<p><b>Notas de horticultura:<\/b> Se puede cultivar a partir de semillas, que se despulpan mejor. Algunas semillas aparentemente no son viables. La fruta debe cosecharse cuando est\u00e9 madura directamente de la planta madre para evitar la depredaci\u00f3n por insectos. Comience a la sombra ligera en suelos h\u00famedos.   <\/p>\n<p><b>Comentarios:<\/b> Una planta atractiva y muy adaptable con follaje verde oscuro y uno de nuestros arbustos nativos m\u00e1s atractivos cuando est\u00e1 en flor. No debe confundirse con la ex\u00f3tica invasora <a href=\"http:\/\/regionalconservation.org\/beta\/nfyn\/plantdetail.asp?tx=ardielli\" target=\"_blank\" rel=\"noopener\">ardisia shoebutton<\/a>. <\/p>\n","protected":false},"excerpt":{"rendered":"<p><img decoding=\"async\" class=\"alignnone size-medium wp-image-31863\" src=\"https:\/\/smartyplantsnursery.com\/wp-content\/uploads\/2023\/04\/Screen-Shot-2023-04-22-at-11.28.02-PM-300x134.png\" alt=\"\" width=\"300\" height=\"134\"><\/p>\n<div class=\"container\">\n<div class=\"table-container\">\n<table>\n<thead>\n<tr>\n<th>Tama\u00f1o de la maceta<\/th>\n<th>Altura media plantada (desde la tierra hasta la parte superior de la planta)<\/th>\n<\/tr>\n<\/thead>\n<tbody>\n<tr>\n<td>3 galones\/10&#8243;<\/td>\n<td>1 &#8211; 2 pies<\/td>\n<\/tr>\n<tr>\n<td>7 galones\/14&#8243;<\/td>\n<td>0,6 &#8211; 0,9 m<\/td>\n<\/tr>\n<tr>\n<td>15 galones\/17&#8243;<\/td>\n<td>0,9 &#8211; 1,2 m<\/td>\n<\/tr>\n<tr>\n<td>25 galones\/21&#8243;<\/td>\n<td>120 &#8211; 150 cm<\/td>\n<\/tr>\n<\/tbody>\n<\/table>\n<\/div>\n<\/div>\n","protected":false},"featured_media":49811,"comment_status":"open","ping_status":"closed","template":"","meta":[],"product_brand":[59,60],"product_cat":[362,304,359,311,346,310,374,355,324,309,313,326,341,308,334,314,358,335,323,330,332,303,307],"product_tag":[319,318,352],"class_list":{"0":"post-46654","1":"product","2":"type-product","3":"status-publish","4":"has-post-thumbnail","6":"product_brand-fann","7":"product_brand-fnps","8":"product_cat-alta-es-2","9":"product_cat-arbusto","10":"product_cat-arena","11":"product_cat-baja","12":"product_cat-bajo-mantenimiento","13":"product_cat-bien-drenado","14":"product_cat-fragante-2","15":"product_cat-invierno","16":"product_cat-llamativo","17":"product_cat-moderada","18":"product_cat-moderada-es","19":"product_cat-moderada-es-2","20":"product_cat-nativo","21":"product_cat-otono","22":"product_cat-planta-de-acento","23":"product_cat-planta-de-especimen","24":"product_cat-plantas-para-mariposas-plantas-para-polinizadores","25":"product_cat-pleno-sol","26":"product_cat-primavera","27":"product_cat-semilla","28":"product_cat-seto","29":"product_cat-sol-parcial","30":"product_cat-verano","31":"product_tag-amarillo","32":"product_tag-blanco","33":"product_tag-rosa","34":"pa_pot-size-1-galon-6","35":"pa_pot-size-15-galones-17","36":"pa_pot-size-25-galones-21","37":"pa_pot-size-3-galones-10","38":"pa_pot-size-7-galones-14","41":"first","42":"instock","43":"taxable","44":"shipping-taxable","45":"purchasable","46":"product-type-variable"},"aioseo_notices":[],"_links":{"self":[{"href":"https:\/\/smartyplantsnursery.com\/es\/wp-json\/wp\/v2\/product\/46654","targetHints":{"allow":["GET"]}}],"collection":[{"href":"https:\/\/smartyplantsnursery.com\/es\/wp-json\/wp\/v2\/product"}],"about":[{"href":"https:\/\/smartyplantsnursery.com\/es\/wp-json\/wp\/v2\/types\/product"}],"replies":[{"embeddable":true,"href":"https:\/\/smartyplantsnursery.com\/es\/wp-json\/wp\/v2\/comments?post=46654"}],"wp:featuredmedia":[{"embeddable":true,"href":"https:\/\/smartyplantsnursery.com\/es\/wp-json\/wp\/v2\/media\/49811"}],"wp:attachment":[{"href":"https:\/\/smartyplantsnursery.com\/es\/wp-json\/wp\/v2\/media?parent=46654"}],"wp:term":[{"taxonomy":"product_brand","embeddable":true,"href":"https:\/\/smartyplantsnursery.com\/es\/wp-json\/wp\/v2\/product_brand?post=46654"},{"taxonomy":"product_cat","embeddable":true,"href":"https:\/\/smartyplantsnursery.com\/es\/wp-json\/wp\/v2\/product_cat?post=46654"},{"taxonomy":"product_tag","embeddable":true,"href":"https:\/\/smartyplantsnursery.com\/es\/wp-json\/wp\/v2\/product_tag?post=46654"}],"curies":[{"name":"wp","href":"https:\/\/api.w.org\/{rel}","templated":true}]}}