{"id":46669,"date":"2023-04-14T21:47:42","date_gmt":"2023-04-14T21:47:42","guid":{"rendered":"https:\/\/smartyplantsnursery.com\/product\/eugenia-rhombea-tapaculos-rojo\/"},"modified":"2026-03-07T13:59:48","modified_gmt":"2026-03-07T13:59:48","slug":"eugenia-rhombea-tapaculos-rojo","status":"publish","type":"product","link":"https:\/\/smartyplantsnursery.com\/es\/product\/eugenia-rhombea-tapaculos-rojo\/","title":{"rendered":"Eugenia rhombea &#8211; Tapaculos rojo"},"content":{"rendered":"<p><b>Usos generales en el paisajismo:<\/b> Arbusto de acento o \u00e1rbol peque\u00f1o. Plantaciones de protecci\u00f3n. <\/p>\n<p><b>Notas de restauraci\u00f3n ecol\u00f3gica:<\/b> Un arbusto de sotobosque muy raro en hamacas rocosas en los Cayos de Florida. Raramente se encuentran m\u00e1s de 2 o 3 plantas creciendo juntas. Asociado con hamacas primarias o muy antiguas secundarias.  <\/p>\n<p><b>Descripci\u00f3n:<\/b> Arbusto grande o, raramente, un \u00e1rbol peque\u00f1o con un tronco erecto y una copa estrecha y redondeada. Troncos rectos, a veces m\u00faltiples desde la base, hasta 20 pulgadas de di\u00e1metro, pero generalmente mucho m\u00e1s peque\u00f1os. Corteza delgada, de color gris claro, mayormente lisa. Hojas de color verde oscuro, de 1 a 2 pulgadas de largo.   <\/p>\n<p><b>Dimensiones:<\/b> Alrededor de 8-12 pies de altura. Generalmente m\u00e1s alto que ancho. <\/p>\n<p><b>Tasa de crecimiento:<\/b> lenta.<\/p>\n<p><b>Distribuci\u00f3n:<\/b> Cayos del Condado de Monroe y Condado de Miami-Dade; Indias Occidentales, M\u00e9xico, Am\u00e9rica Central y el norte de Am\u00e9rica del Sur. Muy raro en casi todos los Cayos del Condado de Monroe. En el Condado de Miami-Dade, no se conoce del continente; conocido solo de los Cayos de Florida en y alrededor de Elliott Key en el Parque Nacional Biscayne.  <\/p>\n<p><b>H\u00e1bitats:<\/b> Hamacas de roca.<\/p>\n<p><b>Suelos:<\/b> Suelos calizos h\u00famedos y bien drenados, con una capa superior humosa.<\/p>\n<p><b>Requisitos nutricionales:<\/b> Moderado; puede crecer en suelos pobres en nutrientes, pero necesita algo de contenido org\u00e1nico para prosperar.<\/p>\n<p><b>Tolerancia al agua salada:<\/b> Baja; no tolera las inundaciones a largo plazo con agua salada o salobre.<\/p>\n<p><b>Tolerancia al viento salado:<\/b> Baja; el viento salado puede quemar las hojas.<\/p>\n<p><b>Tolerancia a la sequ\u00eda:<\/b> Moderada; generalmente requiere suelos h\u00famedos, pero es tolerante a cortos per\u00edodos de sequ\u00eda una vez establecido.<\/p>\n<p><b>Requisitos de luz:<\/b> Sombra ligera.<\/p>\n<p><b>Color de la flor:<\/b> Blanco.<\/p>\n<p><b>Caracter\u00edsticas de la flor:<\/b> Semillamativa.<\/p>\n<p><b>Temporada de floraci\u00f3n:<\/b> Todo el a\u00f1o; pico en verano.<\/p>\n<p><b>Fruto:<\/b> Baya de color naranja-negro, que se vuelve negra.<\/p>\n<p><b>Vida silvestre y ecolog\u00eda:<\/b> Proporciona alimento y refugio para la vida silvestre. Las aves comen los frutos. <\/p>\n<p><b>Notas de horticultura:<\/b> Se puede cultivar a partir de semillas despulpadas. Colocar en sombra ligera. La germinaci\u00f3n suele ocurrir en 1 mes.  <\/p>\n<p><b>Comentarios:<\/b> Est\u00e1 catalogado como en peligro de extinci\u00f3n por el estado de Florida y como cr\u00edticamente amenazado en el sur de Florida por The Institute for Regional Conservation.<\/p>\n","protected":false},"excerpt":{"rendered":"<p><img decoding=\"async\" class=\"alignnone size-medium wp-image-31863\" src=\"https:\/\/smartyplantsnursery.com\/wp-content\/uploads\/2023\/04\/Screen-Shot-2023-04-22-at-11.28.02-PM-300x134.png\" alt=\"\" width=\"300\" height=\"134\"><\/p>\n<div class=\"container\">\n<div class=\"table-container\">\n<table>\n<thead>\n<tr>\n<th>Tama\u00f1o de la maceta<\/th>\n<th>Altura media plantada (desde la tierra hasta la parte superior de la planta)<\/th>\n<\/tr>\n<\/thead>\n<tbody>\n<tr>\n<td>1 gal\u00f3n\/6&#8243;<\/td>\n<td>0 &#8211; 1 ft.<\/td>\n<\/tr>\n<tr>\n<td>3 galones\/10&#8243;<\/td>\n<td>1 &#8211; 2 pies<\/td>\n<\/tr>\n<tr>\n<td>7 galones\/14&#8243;<\/td>\n<td>0,6 &#8211; 0,9 m<\/td>\n<\/tr>\n<tr>\n<td>15 galones\/17&#8243;<\/td>\n<td>0,9 &#8211; 1,2 m<\/td>\n<\/tr>\n<tr>\n<td>25 galones\/21&#8243;<\/td>\n<td>4 &#8211; 6 pies<\/td>\n<\/tr>\n<tr>\n<td>45 galones\/28&#8243;<\/td>\n<td>1,8 &#8211; 2,4 m<\/td>\n<\/tr>\n<\/tbody>\n<\/table>\n<\/div>\n<\/div>\n","protected":false},"featured_media":49045,"comment_status":"open","ping_status":"closed","template":"","meta":[],"product_brand":[59,60],"product_cat":[304,312,311,346,310,355,306,324,309,313,341,308,334,323,330,332,303,307],"product_tag":[318],"class_list":{"0":"post-46669","1":"product","2":"type-product","3":"status-publish","4":"has-post-thumbnail","6":"product_brand-fann","7":"product_brand-fnps","8":"product_cat-arbusto","9":"product_cat-baja-es","10":"product_cat-baja","11":"product_cat-bajo-mantenimiento","12":"product_cat-bien-drenado","13":"product_cat-invierno","14":"product_cat-lenta","15":"product_cat-llamativo","16":"product_cat-moderada","17":"product_cat-moderada-es","18":"product_cat-nativo","19":"product_cat-otono","20":"product_cat-planta-de-acento","21":"product_cat-primavera","22":"product_cat-semilla","23":"product_cat-seto","24":"product_cat-sol-parcial","25":"product_cat-verano","26":"product_tag-blanco","27":"pa_pot-size-1-galon-6","28":"pa_pot-size-15-galones-17","29":"pa_pot-size-25-galones-21","30":"pa_pot-size-3-galones-10","31":"pa_pot-size-45-galones-28","32":"pa_pot-size-7-galones-14","35":"first","36":"instock","37":"taxable","38":"shipping-taxable","39":"purchasable","40":"product-type-variable"},"aioseo_notices":[],"_links":{"self":[{"href":"https:\/\/smartyplantsnursery.com\/es\/wp-json\/wp\/v2\/product\/46669","targetHints":{"allow":["GET"]}}],"collection":[{"href":"https:\/\/smartyplantsnursery.com\/es\/wp-json\/wp\/v2\/product"}],"about":[{"href":"https:\/\/smartyplantsnursery.com\/es\/wp-json\/wp\/v2\/types\/product"}],"replies":[{"embeddable":true,"href":"https:\/\/smartyplantsnursery.com\/es\/wp-json\/wp\/v2\/comments?post=46669"}],"wp:featuredmedia":[{"embeddable":true,"href":"https:\/\/smartyplantsnursery.com\/es\/wp-json\/wp\/v2\/media\/49045"}],"wp:attachment":[{"href":"https:\/\/smartyplantsnursery.com\/es\/wp-json\/wp\/v2\/media?parent=46669"}],"wp:term":[{"taxonomy":"product_brand","embeddable":true,"href":"https:\/\/smartyplantsnursery.com\/es\/wp-json\/wp\/v2\/product_brand?post=46669"},{"taxonomy":"product_cat","embeddable":true,"href":"https:\/\/smartyplantsnursery.com\/es\/wp-json\/wp\/v2\/product_cat?post=46669"},{"taxonomy":"product_tag","embeddable":true,"href":"https:\/\/smartyplantsnursery.com\/es\/wp-json\/wp\/v2\/product_tag?post=46669"}],"curies":[{"name":"wp","href":"https:\/\/api.w.org\/{rel}","templated":true}]}}