{"id":46677,"date":"2023-04-14T21:44:51","date_gmt":"2023-04-14T21:44:51","guid":{"rendered":"https:\/\/smartyplantsnursery.com\/product\/quailberry-christmasberry-crossopetalum-ilicifolium\/"},"modified":"2026-03-07T13:58:31","modified_gmt":"2026-03-07T13:58:31","slug":"quailberry-christmasberry-crossopetalum-ilicifolium","status":"publish","type":"product","link":"https:\/\/smartyplantsnursery.com\/es\/product\/quailberry-christmasberry-crossopetalum-ilicifolium\/","title":{"rendered":"Quailberry, christmasberry &#8211; crossopetalum ilicifolium"},"content":{"rendered":"<p><b>Usos generales en el paisajismo:<\/b> Jardines de rocalla y flores silvestres.<\/p>\n<p><b>Notas sobre la restauraci\u00f3n ecol\u00f3gica:<\/b> Se puede utilizar como una de las muchas hierbas de sotobosque en pinares rocosos.<\/p>\n<p><b>Descripci\u00f3n:<\/b> Cobertura de suelo arbustiva, peque\u00f1a y extendida, con hojas parecidas al acebo<\/p>\n<p><b>Dimensiones:<\/b> Normalmente de 15 a 30 cm de altura. Se extiende y se vuelve mucho m\u00e1s ancha que alta; a veces cuelga en esteras desde el lado de grandes rocas de piedra caliza. <\/p>\n<p><b>Tasa de crecimiento:<\/b> De moderada a lenta.<\/p>\n<p><b>Distribuci\u00f3n:<\/b> Cayos del Condado de Monroe, Condado de Miami-Dade y Condado de Collier; Cuba, Bahamas e Hispaniola. En los Cayos del Condado de Monroe, se conoce desde North Key Largo, y luego disyunta a los pinares rocosos de Big Pine Key y No Name Key. <\/p>\n<p><b>H\u00e1bitats:<\/b> Pinares rocosos y bordes de hamacas rocosas.<\/p>\n<p><b>Suelos:<\/b> Suelos de piedra caliza h\u00famedos y bien drenados, con o sin capa superior de humus.<\/p>\n<p><b>Requisitos nutricionales:<\/b> Bajos; crece en suelos pobres en nutrientes.<\/p>\n<p><b>Tolerancia al agua salada:<\/b> Baja; no tolera las inundaciones a largo plazo con agua salada o salobre.<\/p>\n<p><b>Tolerancia al viento salado:<\/b> Baja; el viento salado puede quemar las hojas.<\/p>\n<p><b>Tolerancia a la sequ\u00eda:<\/b> Alta; no requiere agua suplementaria una vez establecida.<\/p>\n<p><b>Requisitos de luz:<\/b> Pleno sol a sombra ligera.<\/p>\n<p><b>Color de la flor:<\/b> Rojo.<\/p>\n<p><b>Caracter\u00edsticas de la flor:<\/b> poco llamativas.<\/p>\n<p><b>Temporada de floraci\u00f3n:<\/b> Todo el a\u00f1o.<\/p>\n<p><b>Fruto:<\/b> Drupas de color rojo brillante llamativas.<\/p>\n<p><b>Fauna y ecolog\u00eda:<\/b> Proporciona alimento para la vida silvestre. Las codornices comen los frutos. <\/p>\n<p><b>Notas de horticultura:<\/b> Se puede cultivar a partir de semillas despulpadas. Plantar inmediatamente; las semillas no se conservan bien. Plantar en una maceta con 5 cm o m\u00e1s de tierra para macetas, cubriendo la semilla con tierra.  <\/p>\n<p><b>Comentarios:<\/b> Esta es una de nuestras coberturas de suelo le\u00f1osas m\u00e1s atractivas para lugares soleados en suelos alcalinos. Est\u00e1 catalogada como amenazada por el estado de Florida. <\/p>\n","protected":false},"excerpt":{"rendered":"<p><img decoding=\"async\" class=\"alignnone size-medium wp-image-31863\" src=\"https:\/\/smartyplantsnursery.com\/wp-content\/uploads\/2023\/04\/Screen-Shot-2023-04-22-at-11.28.02-PM-300x134.png\" alt=\"\" width=\"300\" height=\"134\"><\/p>\n<div class=\"container\">\n<div class=\"table-container\">\n<table>\n<thead>\n<tr>\n<th>Tama\u00f1o de la maceta<\/th>\n<th>Altura media plantada (desde la tierra hasta la parte superior de la planta)<\/th>\n<\/tr>\n<\/thead>\n<tbody>\n<tr>\n<td>1 gal\u00f3n\/6&#8243;<\/td>\n<td>0 &#8211; 15 cm<\/td>\n<\/tr>\n<tr>\n<td>3 galones\/10&#8243;<\/td>\n<td>15 cm &#8211; 30 cm<\/td>\n<\/tr>\n<\/tbody>\n<\/table>\n<\/div>\n<\/div>\n","protected":false},"featured_media":44696,"comment_status":"open","ping_status":"closed","template":"","meta":[],"product_brand":[59,60],"product_cat":[340,304,357,312,311,346,310,393,365,355,306,326,341,308,335,323,330,303,307],"product_tag":[350],"class_list":{"0":"post-46677","1":"product","2":"type-product","3":"status-publish","4":"has-post-thumbnail","6":"product_brand-fann","7":"product_brand-fnps","8":"product_cat-alta","9":"product_cat-arbusto","10":"product_cat-baja-es-3","11":"product_cat-baja-es","12":"product_cat-baja","13":"product_cat-bajo-mantenimiento","14":"product_cat-bien-drenado","15":"product_cat-flor-silvestre","16":"product_cat-inconspicuo","17":"product_cat-invierno","18":"product_cat-lenta","19":"product_cat-moderada-es-2","20":"product_cat-nativo","21":"product_cat-otono","22":"product_cat-pleno-sol","23":"product_cat-primavera","24":"product_cat-semilla","25":"product_cat-sol-parcial","26":"product_cat-verano","27":"product_tag-rojo","28":"pa_pot-size-1-galon-6","29":"pa_pot-size-3-galones-10","30":"pa_pot-size-7-galones-14","33":"first","34":"instock","35":"taxable","36":"shipping-taxable","37":"purchasable","38":"product-type-variable"},"aioseo_notices":[],"_links":{"self":[{"href":"https:\/\/smartyplantsnursery.com\/es\/wp-json\/wp\/v2\/product\/46677","targetHints":{"allow":["GET"]}}],"collection":[{"href":"https:\/\/smartyplantsnursery.com\/es\/wp-json\/wp\/v2\/product"}],"about":[{"href":"https:\/\/smartyplantsnursery.com\/es\/wp-json\/wp\/v2\/types\/product"}],"replies":[{"embeddable":true,"href":"https:\/\/smartyplantsnursery.com\/es\/wp-json\/wp\/v2\/comments?post=46677"}],"wp:featuredmedia":[{"embeddable":true,"href":"https:\/\/smartyplantsnursery.com\/es\/wp-json\/wp\/v2\/media\/44696"}],"wp:attachment":[{"href":"https:\/\/smartyplantsnursery.com\/es\/wp-json\/wp\/v2\/media?parent=46677"}],"wp:term":[{"taxonomy":"product_brand","embeddable":true,"href":"https:\/\/smartyplantsnursery.com\/es\/wp-json\/wp\/v2\/product_brand?post=46677"},{"taxonomy":"product_cat","embeddable":true,"href":"https:\/\/smartyplantsnursery.com\/es\/wp-json\/wp\/v2\/product_cat?post=46677"},{"taxonomy":"product_tag","embeddable":true,"href":"https:\/\/smartyplantsnursery.com\/es\/wp-json\/wp\/v2\/product_tag?post=46677"}],"curies":[{"name":"wp","href":"https:\/\/api.w.org\/{rel}","templated":true}]}}