{"id":46682,"date":"2023-04-14T20:31:28","date_gmt":"2023-04-14T20:31:28","guid":{"rendered":"https:\/\/smartyplantsnursery.com\/product\/maidenbush-bahama-maidenbush-heterosavia-bahamensis\/"},"modified":"2026-01-09T19:01:57","modified_gmt":"2026-01-09T19:01:57","slug":"maidenbush-bahama-maidenbush-heterosavia-bahamensis","status":"publish","type":"product","link":"https:\/\/smartyplantsnursery.com\/es\/product\/maidenbush-bahama-maidenbush-heterosavia-bahamensis\/","title":{"rendered":"Maidenbush, bahama maidenbush &#8211; heterosavia bahamensis"},"content":{"rendered":"<p><b>Usos generales en el paisaje:<\/b> Arbusto de acento en los Cayos de Florida. Tambi\u00e9n para plantaciones de amortiguamiento. <\/p>\n<p><b>Descripci\u00f3n:<\/b> Arbusto mediano o, raramente, \u00e1rbol peque\u00f1o con copa redondeada. Corteza de color gris p\u00e1lido o blanquecino. Hojas lisas, de color verde oscuro, de aproximadamente 2,5 a 5 cm de largo.  <\/p>\n<p><b>Dimensiones:<\/b> Alrededor de 2,4 a 3,7 metros de altura o, raramente, m\u00e1s. Por lo general, tan ancho como alto. <\/p>\n<p><b>Tasa de crecimiento:<\/b> lenta.<\/p>\n<p><b>Distribuci\u00f3n:<\/b> Cayos del condado de Monroe; Bahamas y Cuba. En los Cayos del condado de Monroe, nativo desde Big Pine Key hasta Key West. <\/p>\n<p><b>H\u00e1bitats:<\/b> Hamacas de roca.<\/p>\n<p><b>Suelos:<\/b> Suelos calizos h\u00famedos y bien drenados, con una capa superior humosa.<\/p>\n<p><b>Requisitos nutricionales:<\/b> Moderado; puede crecer en suelos pobres en nutrientes, pero necesita algo de contenido org\u00e1nico para prosperar.<\/p>\n<p><b>Tolerancia al agua salada:<\/b> Baja; no tolera las inundaciones a largo plazo con agua salada o salobre.<\/p>\n<p><b>Tolerancia al viento salino:<\/b> Moderada; crece cerca del agua salada, pero est\u00e1 protegido de la pulverizaci\u00f3n directa de sal por otra vegetaci\u00f3n.<\/p>\n<p><b>Tolerancia a la sequ\u00eda:<\/b> Moderada; generalmente requiere suelos h\u00famedos, pero es tolerante a cortos per\u00edodos de sequ\u00eda una vez establecido.<\/p>\n<p><b>Requisitos de luz:<\/b> Pleno sol.<\/p>\n<p><b>Color de la flor:<\/b> Blanco verdoso.<\/p>\n<p><b>Caracter\u00edsticas de la flor:<\/b> Poco llamativas. Fragantes. Dioicas, con flores masculinas y femeninas en diferentes plantas.  <\/p>\n<p><b>Temporada de floraci\u00f3n:<\/b> Primavera-verano; pico en primavera.<\/p>\n<p><b>Fruto:<\/b> C\u00e1psula redondeada.<\/p>\n<p><b>Notas de horticultura:<\/b> Se puede cultivar a partir de semillas.<\/p>\n<p><b>Comentarios:<\/b> Se parece mucho al cocoplum (Chrysobalanus icaco). Est\u00e1 catalogado como amenazado por el estado de Florida. <\/p>\n","protected":false},"excerpt":{"rendered":"<p><img decoding=\"async\" class=\"alignnone size-medium wp-image-31863\" src=\"https:\/\/smartyplantsnursery.com\/wp-content\/uploads\/2023\/04\/Screen-Shot-2023-04-22-at-11.28.02-PM-300x134.png\" alt=\"\" width=\"300\" height=\"134\"><\/p>\n<div class=\"container\">\n<div class=\"table-container\">\n<table>\n<thead>\n<tr>\n<th>Tama\u00f1o de la maceta<\/th>\n<th>Altura media plantada (desde la tierra hasta la parte superior de la planta)<\/th>\n<\/tr>\n<\/thead>\n<tbody>\n<tr>\n<td>3 galones\/10&#8243;<\/td>\n<td>1 &#8211; 2 pies<\/td>\n<\/tr>\n<tr>\n<td>7 galones\/14&#8243;<\/td>\n<td>0,6 &#8211; 0,9 m<\/td>\n<\/tr>\n<tr>\n<td>15 galones\/17&#8243;<\/td>\n<td>0,9 &#8211; 1,2 m<\/td>\n<\/tr>\n<tr>\n<td>25 galones\/21&#8243;<\/td>\n<td>120 &#8211; 150 cm<\/td>\n<\/tr>\n<tr>\n<td>45 galones\/71 cm<\/td>\n<td>1,5 &#8211; 2,4 m<\/td>\n<\/tr>\n<\/tbody>\n<\/table>\n<\/div>\n<\/div>\n","protected":false},"featured_media":49043,"comment_status":"open","ping_status":"closed","template":"","meta":[],"product_brand":[59,60],"product_cat":[304,311,346,310,366,374,365,306,309,361,313,341,334,335,323,330,332,307],"product_tag":[318,327],"class_list":{"0":"post-46682","1":"product","2":"type-product","3":"status-publish","4":"has-post-thumbnail","6":"product_brand-fann","7":"product_brand-fnps","8":"product_cat-arbusto","9":"product_cat-baja","10":"product_cat-bajo-mantenimiento","11":"product_cat-bien-drenado","12":"product_cat-dioico","13":"product_cat-fragante-2","14":"product_cat-inconspicuo","15":"product_cat-lenta","16":"product_cat-moderada","17":"product_cat-moderada-es-4","18":"product_cat-moderada-es","19":"product_cat-nativo","20":"product_cat-planta-de-acento","21":"product_cat-pleno-sol","22":"product_cat-primavera","23":"product_cat-semilla","24":"product_cat-seto","25":"product_cat-verano","26":"product_tag-blanco","27":"product_tag-verde","28":"pa_pot-size-15-galones-17","29":"pa_pot-size-25-galones-21","30":"pa_pot-size-3-galones-10","31":"pa_pot-size-45-galones-28","32":"pa_pot-size-7-galones-14","35":"first","36":"instock","37":"taxable","38":"shipping-taxable","39":"purchasable","40":"product-type-variable"},"aioseo_notices":[],"_links":{"self":[{"href":"https:\/\/smartyplantsnursery.com\/es\/wp-json\/wp\/v2\/product\/46682","targetHints":{"allow":["GET"]}}],"collection":[{"href":"https:\/\/smartyplantsnursery.com\/es\/wp-json\/wp\/v2\/product"}],"about":[{"href":"https:\/\/smartyplantsnursery.com\/es\/wp-json\/wp\/v2\/types\/product"}],"replies":[{"embeddable":true,"href":"https:\/\/smartyplantsnursery.com\/es\/wp-json\/wp\/v2\/comments?post=46682"}],"wp:featuredmedia":[{"embeddable":true,"href":"https:\/\/smartyplantsnursery.com\/es\/wp-json\/wp\/v2\/media\/49043"}],"wp:attachment":[{"href":"https:\/\/smartyplantsnursery.com\/es\/wp-json\/wp\/v2\/media?parent=46682"}],"wp:term":[{"taxonomy":"product_brand","embeddable":true,"href":"https:\/\/smartyplantsnursery.com\/es\/wp-json\/wp\/v2\/product_brand?post=46682"},{"taxonomy":"product_cat","embeddable":true,"href":"https:\/\/smartyplantsnursery.com\/es\/wp-json\/wp\/v2\/product_cat?post=46682"},{"taxonomy":"product_tag","embeddable":true,"href":"https:\/\/smartyplantsnursery.com\/es\/wp-json\/wp\/v2\/product_tag?post=46682"}],"curies":[{"name":"wp","href":"https:\/\/api.w.org\/{rel}","templated":true}]}}