{"id":46683,"date":"2023-04-14T19:57:50","date_gmt":"2023-04-14T19:57:50","guid":{"rendered":"https:\/\/smartyplantsnursery.com\/product\/margarita-de-mar-verde-margarita-de-mar-arborea-borrichia-arborescens\/"},"modified":"2025-12-29T16:57:49","modified_gmt":"2025-12-29T16:57:49","slug":"margarita-de-mar-verde-margarita-de-mar-arborea-borrichia-arborescens","status":"publish","type":"product","link":"https:\/\/smartyplantsnursery.com\/es\/product\/margarita-de-mar-verde-margarita-de-mar-arborea-borrichia-arborescens\/","title":{"rendered":"Margarita de mar verde, margarita de mar arb\u00f3rea &#8211; borrichia arborescens"},"content":{"rendered":"<p><b>Usos generales en el paisaje:<\/b> Planta silvestre costera de acento y planta de parterre.<\/p>\n<p><b>Notas sobre la restauraci\u00f3n ecol\u00f3gica:<\/b> Un elemento relativamente com\u00fan de las zonas costeras, especialmente los ecotonos entre los manglares y las tierras altas costeras.<\/p>\n<p><b>Descripci\u00f3n:<\/b> Arbusto mediano con hojas verdes brillantes y atractivas flores amarillas.<\/p>\n<p><b>Dimensiones:<\/b> Normalmente de 3 a 4 pies de altura; hasta 5 pies en el sur de Florida. Colonial, y extendi\u00e9ndose en parches mucho m\u00e1s anchos que altos. <\/p>\n<p><b>Tasa de crecimiento:<\/b> De lento a moderado.<\/p>\n<p><b>Distribuci\u00f3n:<\/b> Cayos del Condado de Monroe y Condado de Miami-Dade; Indias Occidentales, M\u00e9xico y Am\u00e9rica Central. En el Condado de Miami-Dade, nativa solo de los Cayos de Florida en y alrededor del Parque Nacional Biscayne y el continente desde la l\u00ednea del Condado de Monroe hacia el norte hasta aproximadamente Matheson Hammock. Tambi\u00e9n fue reportado en <a href=\"http:\/\/archive.org\/stream\/floraoffloridake00smaliala#page\/150\/mode\/2up\" target=\"_blank\" rel=\"noopener\">1913<\/a> por John Kunkel Small para las orillas y dunas de arena en los Cayos Arenosos Superiores (Virginia Key y Key Biscayne).  <\/p>\n<p><b>H\u00e1bitats:<\/b> Humedales costeros.<\/p>\n<p><b>Suelos:<\/b> Suelos salobres h\u00famedos a mojados, con drenaje deficiente a peri\u00f3dicamente inundados.<\/p>\n<p><b>Requisitos nutricionales:<\/b> Moderado; puede crecer en suelos pobres en nutrientes, pero necesita algo de contenido org\u00e1nico para prosperar.<\/p>\n<p><b>Tolerancia al agua salada:<\/b> Moderada; tolera agua salobre o inundaciones ocasionales por agua salada.<\/p>\n<p><b>Tolerancia al viento salado:<\/b> Alta; puede tolerar cantidades moderadas de viento salado sin da\u00f1os significativos.<\/p>\n<p><b>Tolerancia a la sequ\u00eda:<\/b> Baja; requiere suelos h\u00famedos a mojados y es intolerante a largos per\u00edodos de sequ\u00eda.<\/p>\n<p><b>Requisitos de luz:<\/b> Pleno sol a sombra ligera.<\/p>\n<p><b>Color de la flor:<\/b> amarillo.<\/p>\n<p><b>Caracter\u00edsticas de la flor:<\/b> Cabezas compuestas vistosas, de aproximadamente 1&#8243; de ancho.<\/p>\n<p><b>Temporada de floraci\u00f3n:<\/b> Todo el a\u00f1o; pico en primavera-verano.<\/p>\n<p><b>Fruto:<\/b> Aquenio discreto.<\/p>\n<p><b>Vida silvestre y ecolog\u00eda:<\/b> Proporciona cantidades moderadas de alimento y cobertura para la vida silvestre. Planta de n\u00e9ctar para la blanca del sur (Ascia monuste), la cola de golondrina de Schaus (Heraclides aristodemius), el esqu\u00edper oscuro (Panoquina panoquinoides) y otras mariposas. <\/p>\n<p><b>Notas de horticultura:<\/b> Se cultiva a partir de semillas o esquejes. Rompa las cabezas de las semillas en una maceta con 2&#8243; o m\u00e1s de tierra para macetas y espolvoree un poco de tierra en la maceta, casi cubriendo las semillas. Coloque a la sombra ligera o a pleno sol y mantenga h\u00famedo.  <\/p>\n<p><b>Comentarios:<\/b> Se distingue de B. frutescens por su follaje verde; las dos especies forman un h\u00edbrido natural, B. x cubana.<\/p>\n","protected":false},"excerpt":{"rendered":"<p><img decoding=\"async\" class=\"alignnone size-medium wp-image-31863\" src=\"https:\/\/smartyplantsnursery.com\/wp-content\/uploads\/2023\/04\/Screen-Shot-2023-04-22-at-11.28.02-PM-300x134.png\" alt=\"\" width=\"300\" height=\"134\"><\/p>\n<div class=\"container\">\n<div class=\"table-container\">\n<table>\n<thead>\n<tr>\n<th>Tama\u00f1o de la maceta<\/th>\n<th>Altura media plantada (desde la tierra hasta la parte superior de la planta)<\/th>\n<\/tr>\n<\/thead>\n<tbody>\n<tr>\n<td>1 gal\u00f3n\/6&#8243;<\/td>\n<td>0 &#8211; 1 ft.<\/td>\n<\/tr>\n<tr>\n<td>3 galones\/10&#8243;<\/td>\n<td>1 &#8211; 2 pies<\/td>\n<\/tr>\n<\/tbody>\n<\/table>\n<\/div>\n<\/div>\n","protected":false},"featured_media":50594,"comment_status":"open","ping_status":"closed","template":"","meta":[],"product_brand":[59,60],"product_cat":[362,304,329,346,384,315,393,355,306,324,354,360,326,309,341,308,334,358,335,323,330,303,307],"product_tag":[319],"class_list":{"0":"post-46683","1":"product","2":"type-product","3":"status-publish","4":"has-post-thumbnail","6":"product_brand-fann","7":"product_brand-fnps","8":"product_cat-alta-es-2","9":"product_cat-arbusto","10":"product_cat-baja-es-2","11":"product_cat-bajo-mantenimiento","12":"product_cat-costero","13":"product_cat-esquejes","14":"product_cat-flor-silvestre","15":"product_cat-invierno","16":"product_cat-lenta","17":"product_cat-llamativo","18":"product_cat-mal-drenado","19":"product_cat-moderada-es-3","20":"product_cat-moderada-es-2","21":"product_cat-moderada","22":"product_cat-nativo","23":"product_cat-otono","24":"product_cat-planta-de-acento","25":"product_cat-plantas-para-mariposas-plantas-para-polinizadores","26":"product_cat-pleno-sol","27":"product_cat-primavera","28":"product_cat-semilla","29":"product_cat-sol-parcial","30":"product_cat-verano","31":"product_tag-amarillo","32":"pa_pot-size-1-galon-6","33":"pa_pot-size-3-galones-10","34":"pa_pot-size-7-galones-14","37":"first","38":"instock","39":"taxable","40":"shipping-taxable","41":"purchasable","42":"product-type-variable"},"aioseo_notices":[],"_links":{"self":[{"href":"https:\/\/smartyplantsnursery.com\/es\/wp-json\/wp\/v2\/product\/46683","targetHints":{"allow":["GET"]}}],"collection":[{"href":"https:\/\/smartyplantsnursery.com\/es\/wp-json\/wp\/v2\/product"}],"about":[{"href":"https:\/\/smartyplantsnursery.com\/es\/wp-json\/wp\/v2\/types\/product"}],"replies":[{"embeddable":true,"href":"https:\/\/smartyplantsnursery.com\/es\/wp-json\/wp\/v2\/comments?post=46683"}],"wp:featuredmedia":[{"embeddable":true,"href":"https:\/\/smartyplantsnursery.com\/es\/wp-json\/wp\/v2\/media\/50594"}],"wp:attachment":[{"href":"https:\/\/smartyplantsnursery.com\/es\/wp-json\/wp\/v2\/media?parent=46683"}],"wp:term":[{"taxonomy":"product_brand","embeddable":true,"href":"https:\/\/smartyplantsnursery.com\/es\/wp-json\/wp\/v2\/product_brand?post=46683"},{"taxonomy":"product_cat","embeddable":true,"href":"https:\/\/smartyplantsnursery.com\/es\/wp-json\/wp\/v2\/product_cat?post=46683"},{"taxonomy":"product_tag","embeddable":true,"href":"https:\/\/smartyplantsnursery.com\/es\/wp-json\/wp\/v2\/product_tag?post=46683"}],"curies":[{"name":"wp","href":"https:\/\/api.w.org\/{rel}","templated":true}]}}