{"id":46692,"date":"2023-04-14T20:28:14","date_gmt":"2023-04-14T20:28:14","guid":{"rendered":"https:\/\/smartyplantsnursery.com\/product\/locustberry-byrsonima-lucida\/"},"modified":"2026-01-08T17:26:36","modified_gmt":"2026-01-08T17:26:36","slug":"locustberry-byrsonima-lucida","status":"publish","type":"product","link":"https:\/\/smartyplantsnursery.com\/es\/product\/locustberry-byrsonima-lucida\/","title":{"rendered":"Locustberry &#8211; byrsonima lucida"},"content":{"rendered":"<p><b>Usos generales en el paisaje:<\/b> Arbusto de floraci\u00f3n que destaca. Tambi\u00e9n \u00fatil en plantaciones de protecci\u00f3n. <\/p>\n<p><b>Notas sobre restauraci\u00f3n ecol\u00f3gica:<\/b> Se puede usar con moderaci\u00f3n como arbusto de sotobosque en pinares rocosos o a lo largo de los bordes de las hamacas rocosas.<\/p>\n<p><b>Descripci\u00f3n:<\/b> \u00c1rbol peque\u00f1o o arbusto mediano a grande con una copa irregular, a menudo plana. Troncos generalmente cortos, con muchas ramas ascendentes. Troncos de hasta 1 pie de di\u00e1metro, pero generalmente mucho m\u00e1s peque\u00f1os. Corteza de color marr\u00f3n p\u00e1lido, delgada. Hojas cori\u00e1ceas, de aproximadamente 1 a 1 1\/2 pulgadas de largo.    <\/p>\n<p><b>Dimensiones:<\/b> T\u00edpicamente de 5 a 15 pies de altura; hasta 35 pies en el sur de Florida. A menudo tan ancho como alto o m\u00e1s ancho. <\/p>\n<p><b>Tasa de crecimiento:<\/b> De lento a moderado.<\/p>\n<p><b>Distribuci\u00f3n:<\/b> Cayos del Condado de Monroe y Condado de Miami-Dade; Indias Occidentales. Muy raro o ausente en los Cayos centrales del Condado de Monroe. <\/p>\n<p><b>H\u00e1bitats:<\/b> Pinares rocosos y hamacas rocosas.<\/p>\n<p><b>Suelos:<\/b> Suelos de piedra caliza h\u00famedos y bien drenados, con o sin capa superior de humus.<\/p>\n<p><b>Requisitos nutricionales:<\/b> De moderados a bajos; prefiere suelos con contenido org\u00e1nico, pero a\u00fan crecer\u00e1 razonablemente bien en suelos pobres en nutrientes.<\/p>\n<p><b>Tolerancia al agua salada:<\/b> Baja; no tolera las inundaciones a largo plazo con agua salada o salobre.<\/p>\n<p><b>Tolerancia al viento salino:<\/b> Moderada; crece cerca del agua salada, pero est\u00e1 protegido de la pulverizaci\u00f3n directa de sal por otra vegetaci\u00f3n.<\/p>\n<p><b>Tolerancia a la sequ\u00eda:<\/b> Alta; no requiere agua suplementaria una vez establecida.<\/p>\n<p><b>Requisitos de luz:<\/b> Pleno sol a sombra ligera.<\/p>\n<p><b>Color de la flor:<\/b> Blanco a rosa, volvi\u00e9ndose rojo oscuro a medida que las flores envejecen.<\/p>\n<p><b>Caracter\u00edsticas de la flor:<\/b> Racimos vistosos de 5 a 12 flores.<\/p>\n<p><b>Temporada de floraci\u00f3n:<\/b> Todo el a\u00f1o; pico en primavera-verano.<\/p>\n<p><b>Fruto:<\/b> Drupas de color marr\u00f3n rojizo, parecidas a bayas. Comestible. <\/p>\n<p><b>Vida silvestre y ecolog\u00eda:<\/b> Proporciona alimento y refugio para las aves. Planta hu\u00e9sped larval y fuente de n\u00e9ctar para las mariposas Florida duskywing (<i>Ephyriades brunnea<\/i>). Las larvas de la Florida duskywing se protegen de los depredadores construyendo refugios con unas pocas hojas atadas con seda. Las aves comen los frutos.   <\/p>\n<p><b>Notas de horticultura:<\/b> Se puede cultivar a partir de semillas despulpadas y escarificadas, o esquejes. Plante las semillas de inmediato, ya que no se almacenan bien. La germinaci\u00f3n se produce en un mes.  <\/p>\n<p><b>Comentarios:<\/b> Las plantas en los Cayos de Florida tienden a ser arbustos grandes o \u00e1rboles peque\u00f1os, mientras que las plantas en el continente tienden a ser arbustos medianos. Las plantas tienden a mantener estas caracter\u00edsticas a partir de la semilla, por lo que se recomiendan fuentes de semillas locales. Est\u00e1 catalogada como amenazada por el estado de Florida.  <\/p>\n","protected":false},"excerpt":{"rendered":"<p><img decoding=\"async\" class=\"alignnone size-medium wp-image-31863\" src=\"https:\/\/smartyplantsnursery.com\/wp-content\/uploads\/2023\/04\/Screen-Shot-2023-04-22-at-11.28.02-PM-300x134.png\" alt=\"\" width=\"300\" height=\"134\"><\/p>\n<div class=\"container\">\n<div class=\"table-container\">\n<table>\n<thead>\n<tr>\n<th>Tama\u00f1o de la maceta<\/th>\n<th>Altura media plantada (desde la tierra hasta la parte superior de la planta)<\/th>\n<\/tr>\n<\/thead>\n<tbody>\n<tr>\n<td>3 galones\/10&#8243;<\/td>\n<td>1 &#8211; 2 pies<\/td>\n<\/tr>\n<tr>\n<td>7 galones\/14&#8243;<\/td>\n<td>0,6 &#8211; 0,9 m<\/td>\n<\/tr>\n<tr>\n<td>15 galones\/17&#8243;<\/td>\n<td>0,9 &#8211; 1,2 m<\/td>\n<\/tr>\n<tr>\n<td>25 galones\/21&#8243;<\/td>\n<td>4 &#8211; 6 pies<\/td>\n<\/tr>\n<\/tbody>\n<\/table>\n<\/div>\n<\/div>\n","protected":false},"featured_media":48526,"comment_status":"open","ping_status":"closed","template":"","meta":[],"product_brand":[59,60],"product_cat":[340,304,357,311,346,310,315,355,306,324,326,309,361,341,308,358,335,323,372,330,332,303,307],"product_tag":[318,350,352],"class_list":{"0":"post-46692","1":"product","2":"type-product","3":"status-publish","4":"has-post-thumbnail","6":"product_brand-fann","7":"product_brand-fnps","8":"product_cat-alta","9":"product_cat-arbusto","10":"product_cat-baja-es-3","11":"product_cat-baja","12":"product_cat-bajo-mantenimiento","13":"product_cat-bien-drenado","14":"product_cat-esquejes","15":"product_cat-invierno","16":"product_cat-lenta","17":"product_cat-llamativo","18":"product_cat-moderada-es-2","19":"product_cat-moderada","20":"product_cat-moderada-es-4","21":"product_cat-nativo","22":"product_cat-otono","23":"product_cat-plantas-para-mariposas-plantas-para-polinizadores","24":"product_cat-pleno-sol","25":"product_cat-primavera","26":"product_cat-racimo","27":"product_cat-semilla","28":"product_cat-seto","29":"product_cat-sol-parcial","30":"product_cat-verano","31":"product_tag-blanco","32":"product_tag-rojo","33":"product_tag-rosa","34":"pa_pot-size-15-galones-17","35":"pa_pot-size-25-galones-21","36":"pa_pot-size-3-galones-10","37":"pa_pot-size-7-galones-14","40":"first","41":"instock","42":"taxable","43":"shipping-taxable","44":"purchasable","45":"product-type-variable"},"aioseo_notices":[],"_links":{"self":[{"href":"https:\/\/smartyplantsnursery.com\/es\/wp-json\/wp\/v2\/product\/46692","targetHints":{"allow":["GET"]}}],"collection":[{"href":"https:\/\/smartyplantsnursery.com\/es\/wp-json\/wp\/v2\/product"}],"about":[{"href":"https:\/\/smartyplantsnursery.com\/es\/wp-json\/wp\/v2\/types\/product"}],"replies":[{"embeddable":true,"href":"https:\/\/smartyplantsnursery.com\/es\/wp-json\/wp\/v2\/comments?post=46692"}],"wp:featuredmedia":[{"embeddable":true,"href":"https:\/\/smartyplantsnursery.com\/es\/wp-json\/wp\/v2\/media\/48526"}],"wp:attachment":[{"href":"https:\/\/smartyplantsnursery.com\/es\/wp-json\/wp\/v2\/media?parent=46692"}],"wp:term":[{"taxonomy":"product_brand","embeddable":true,"href":"https:\/\/smartyplantsnursery.com\/es\/wp-json\/wp\/v2\/product_brand?post=46692"},{"taxonomy":"product_cat","embeddable":true,"href":"https:\/\/smartyplantsnursery.com\/es\/wp-json\/wp\/v2\/product_cat?post=46692"},{"taxonomy":"product_tag","embeddable":true,"href":"https:\/\/smartyplantsnursery.com\/es\/wp-json\/wp\/v2\/product_tag?post=46692"}],"curies":[{"name":"wp","href":"https:\/\/api.w.org\/{rel}","templated":true}]}}