{"id":46697,"date":"2023-04-14T01:51:30","date_gmt":"2023-04-14T01:51:30","guid":{"rendered":"https:\/\/smartyplantsnursery.com\/product\/palma-plateada-de-florida-coccothrinax-argentata\/"},"modified":"2025-12-18T17:37:54","modified_gmt":"2025-12-18T17:37:54","slug":"palma-plateada-de-florida-coccothrinax-argentata","status":"publish","type":"product","link":"https:\/\/smartyplantsnursery.com\/es\/product\/palma-plateada-de-florida-coccothrinax-argentata\/","title":{"rendered":"Palma plateada de Florida &#8211; coccothrinax argentata"},"content":{"rendered":"<p><b>Usos generales en el paisaje:<\/b> Palma peque\u00f1a de acento en paisajes residenciales y comerciales. Muy \u00fatil en espacios estrechos. <\/p>\n<p><b>Notas sobre la restauraci\u00f3n ecol\u00f3gica:<\/b> Un elemento com\u00fan de los pinares rocosos, pero m\u00e1s rara en las tierras altas costeras.<\/p>\n<p><b>Descripci\u00f3n:<\/b> Arbusto mediano o \u00e1rbol peque\u00f1o con un tronco estrecho y una copa redondeada de atractivas hojas en forma de abanico. Hojas de hasta 1 metro de ancho, satinadas o plateadas por debajo y de color verde oscuro brillante por encima, profundamente divididas y flexibles; tallos inermes, delgados. Troncos grises, las porciones superiores cubiertas de fibra tejida.  <\/p>\n<p><b>Dimensiones:<\/b> Normalmente de 1 a 2,5 metros de altura, rara vez m\u00e1s alto; hasta 9 metros en el sur de Florida. M\u00e1s ancho que alto cuando es joven, volvi\u00e9ndose columnar. <\/p>\n<p><b>Tasa de crecimiento:<\/b> Muy lento.<\/p>\n<p><b>Distribuci\u00f3n:<\/b> Cayos del condado de Monroe al norte a lo largo de la costa este hasta el sur del condado de Palm Beach; las Indias Occidentales. Tambi\u00e9n descubierto recientemente en el continente del condado de Monroe en Middle Cape Sable. No es raro en el sur del condado de Miami-Dade y los Cayos inferiores del condado de Monroe; raro a lo largo de la costa desde los Cayos medios y superiores al norte hasta el sur del condado de Palm Beach.  <\/p>\n<p><b>H\u00e1bitats:<\/b> Pinares rocosos y hamacas y matorrales costeros.<\/p>\n<p><b>Suelos:<\/b> Suelos arenosos o calizos h\u00famedos y bien drenados, con o sin capa superior h\u00famica.<\/p>\n<p><b>Requisitos nutricionales:<\/b> De bajos a moderados; puede crecer en suelos pobres en nutrientes o en suelos con cierto contenido org\u00e1nico.<\/p>\n<p><b>Tolerancia al agua salada:<\/b> Baja; no tolera las inundaciones a largo plazo con agua salada o salobre.<\/p>\n<p><b>Tolerancia al viento salado:<\/b> Alta; puede tolerar cantidades moderadas de viento salado sin da\u00f1os significativos.<\/p>\n<p><b>Tolerancia a la sequ\u00eda:<\/b> De moderada a alta; no requiere ning\u00fan riego suplementario una vez establecido, pero el establecimiento puede tardar un a\u00f1o o m\u00e1s en producirse.<\/p>\n<p><b>Requisitos de luz:<\/b> Pleno sol a sombra ligera.<\/p>\n<p><b>Color de la flor:<\/b> Blanco o amarillo.<\/p>\n<p><b>Caracter\u00edsticas de la flor:<\/b> Inflorescencia de hasta 60 cm o menos, m\u00e1s corta que las hojas, semi-vistosa y fragante. Incluso las plantas peque\u00f1as pueden dar flores. <\/p>\n<p><b>Temporada de floraci\u00f3n:<\/b> Todo el a\u00f1o; pico en primavera-verano.<\/p>\n<p><b>Fruto:<\/b> Baya de color negro p\u00farpura, de aproximadamente 1 cm de di\u00e1metro. Todo el a\u00f1o. <\/p>\n<p><b>Vida silvestre y ecolog\u00eda:<\/b> Proporciona alimento para la vida silvestre. Planta hu\u00e9sped larval para las mariposas monje (Asbolis capucinus). Los p\u00e1jaros comen los frutos.  <\/p>\n<p><b>Notas de horticultura:<\/b> Se puede cultivar a partir de semillas despulpadas. Colocar a pleno sol en suelo arenoso h\u00famedo con algo de contenido org\u00e1nico. La germinaci\u00f3n se produce en 6 semanas o m\u00e1s. Las plantas j\u00f3venes pueden crecer r\u00e1pidamente hasta 60 cm en un par de a\u00f1os, pero a partir de entonces el crecimiento es lento.   <\/p>\n<p><b>Comentarios:<\/b> Este es uno de los \u00e1rboles peque\u00f1os nativos m\u00e1s hermosos. Sin embargo, las plantas maduras son muy costosas debido a su lento ritmo de crecimiento. A veces se recolecta ilegalmente de la naturaleza, \u00a1as\u00ed que aseg\u00farese de su origen! En las Indias Occidentales, se utiliza para hacer cestas, sombreros y otras artesan\u00edas. Est\u00e1 catalogada como amenazada por el estado de Florida.    <\/p>\n","protected":false},"excerpt":{"rendered":"<p><img decoding=\"async\" class=\"alignnone size-medium wp-image-31863\" src=\"https:\/\/smartyplantsnursery.com\/wp-content\/uploads\/2023\/04\/Screen-Shot-2023-04-22-at-11.28.02-PM-300x134.png\" alt=\"\" width=\"300\" height=\"134\"><\/p>\n<div class=\"container\">\n<div class=\"table-container\">\n<table>\n<thead>\n<tr>\n<th>Tama\u00f1o de la maceta<\/th>\n<th>Altura media plantada (desde la tierra hasta la parte superior de la planta)<\/th>\n<\/tr>\n<\/thead>\n<tbody>\n<tr>\n<td>3 galones\/10&#8243;<\/td>\n<td>0 &#8211; 1 pie<\/td>\n<\/tr>\n<tr>\n<td>7 galones\/35 cm<\/td>\n<td>30 &#8211; 60 cm<\/td>\n<\/tr>\n<tr>\n<td>15 galones\/17&#8243;<\/td>\n<td>2 &#8211; 3 pies<\/td>\n<\/tr>\n<tr>\n<td>25 galones\/53 cm<\/td>\n<td>90 &#8211; 150 cm<\/td>\n<\/tr>\n<\/tbody>\n<\/table>\n<\/div>\n<\/div>\n","protected":false},"featured_media":43950,"comment_status":"open","ping_status":"closed","template":"","meta":[],"product_brand":[59,60],"product_cat":[340,362,304,359,357,311,346,310,374,355,306,324,313,309,341,308,370,334,358,335,323,330,303,307],"product_tag":[319,318],"class_list":{"0":"post-46697","1":"product","2":"type-product","3":"status-publish","4":"has-post-thumbnail","6":"product_brand-fann","7":"product_brand-fnps","8":"product_cat-alta","9":"product_cat-alta-es-2","10":"product_cat-arbusto","11":"product_cat-arena","12":"product_cat-baja-es-3","13":"product_cat-baja","14":"product_cat-bajo-mantenimiento","15":"product_cat-bien-drenado","16":"product_cat-fragante-2","17":"product_cat-invierno","18":"product_cat-lenta","19":"product_cat-llamativo","20":"product_cat-moderada-es","21":"product_cat-moderada","22":"product_cat-nativo","23":"product_cat-otono","24":"product_cat-palma","25":"product_cat-planta-de-acento","26":"product_cat-plantas-para-mariposas-plantas-para-polinizadores","27":"product_cat-pleno-sol","28":"product_cat-primavera","29":"product_cat-semilla","30":"product_cat-sol-parcial","31":"product_cat-verano","32":"product_tag-amarillo","33":"product_tag-blanco","34":"pa_pot-size-1-galon-6","35":"pa_pot-size-15-galones-17","36":"pa_pot-size-25-galones-21","37":"pa_pot-size-3-galones-10","38":"pa_pot-size-7-galones-14","41":"first","42":"instock","43":"taxable","44":"shipping-taxable","45":"purchasable","46":"product-type-variable"},"aioseo_notices":[],"_links":{"self":[{"href":"https:\/\/smartyplantsnursery.com\/es\/wp-json\/wp\/v2\/product\/46697","targetHints":{"allow":["GET"]}}],"collection":[{"href":"https:\/\/smartyplantsnursery.com\/es\/wp-json\/wp\/v2\/product"}],"about":[{"href":"https:\/\/smartyplantsnursery.com\/es\/wp-json\/wp\/v2\/types\/product"}],"replies":[{"embeddable":true,"href":"https:\/\/smartyplantsnursery.com\/es\/wp-json\/wp\/v2\/comments?post=46697"}],"wp:featuredmedia":[{"embeddable":true,"href":"https:\/\/smartyplantsnursery.com\/es\/wp-json\/wp\/v2\/media\/43950"}],"wp:attachment":[{"href":"https:\/\/smartyplantsnursery.com\/es\/wp-json\/wp\/v2\/media?parent=46697"}],"wp:term":[{"taxonomy":"product_brand","embeddable":true,"href":"https:\/\/smartyplantsnursery.com\/es\/wp-json\/wp\/v2\/product_brand?post=46697"},{"taxonomy":"product_cat","embeddable":true,"href":"https:\/\/smartyplantsnursery.com\/es\/wp-json\/wp\/v2\/product_cat?post=46697"},{"taxonomy":"product_tag","embeddable":true,"href":"https:\/\/smartyplantsnursery.com\/es\/wp-json\/wp\/v2\/product_tag?post=46697"}],"curies":[{"name":"wp","href":"https:\/\/api.w.org\/{rel}","templated":true}]}}