{"id":46704,"date":"2023-04-14T20:05:59","date_gmt":"2023-04-14T20:05:59","guid":{"rendered":"https:\/\/smartyplantsnursery.com\/product\/alcaparro-esbelto-alcaparro-de-laurel-cynophalla-flexuosa\/"},"modified":"2026-01-08T17:12:58","modified_gmt":"2026-01-08T17:12:58","slug":"alcaparro-esbelto-alcaparro-de-laurel-cynophalla-flexuosa","status":"publish","type":"product","link":"https:\/\/smartyplantsnursery.com\/es\/product\/alcaparro-esbelto-alcaparro-de-laurel-cynophalla-flexuosa\/","title":{"rendered":"Alcaparro esbelto, alcaparro de laurel &#8211; cynophalla flexuosa"},"content":{"rendered":"<p><b>Usos generales en el paisaje:<\/b> Arbusto de acento florido o vid le\u00f1osa trepadora. Tambi\u00e9n \u00fatil en plantaciones de amortiguamiento. <\/p>\n<p><b>Notas sobre restauraci\u00f3n ecol\u00f3gica:<\/b> Un elemento ocasional de matorrales costeros y m\u00e1rgenes de hamacas.<\/p>\n<p><b>Descripci\u00f3n:<\/b> Arbusto trepador o vid le\u00f1osa de gran altura, rara vez un \u00e1rbol peque\u00f1o. Corteza lisa y gris\u00e1cea. Hojas de 2-4 pulgadas de largo, a veces m\u00e1s largas, con tallos de hojas naranjas.  <\/p>\n<p><b>Dimensiones:<\/b> T\u00edpicamente de 10-20 pies de altura o m\u00e1s. Trepadora y a menudo m\u00e1s ancha que alta. <\/p>\n<p><b>Tasa de crecimiento:<\/b> moderada.<\/p>\n<p><b>Distribuci\u00f3n:<\/b> Cayos del Condado de Monroe al norte a lo largo de las costas hasta los condados de Volusia y Collier; Indias Occidentales, M\u00e9xico, Am\u00e9rica Central y Am\u00e9rica del Sur.<\/p>\n<p><b>H\u00e1bitats:<\/b> Hamacas costeras.<\/p>\n<p><b>Suelos:<\/b> Suelos arenosos o calizos h\u00famedos y bien drenados, con una capa superior rica en humus.<\/p>\n<p><b>Requisitos nutricionales:<\/b> Moderado; puede crecer en suelos pobres en nutrientes, pero necesita algo de contenido org\u00e1nico para prosperar.<\/p>\n<p><b>Tolerancia al agua salada:<\/b> Baja; no tolera las inundaciones a largo plazo con agua salada o salobre.<\/p>\n<p><b>Tolerancia al viento salado:<\/b> Alta; puede tolerar cantidades moderadas de viento salado sin da\u00f1os significativos.<\/p>\n<p><b>Tolerancia a la sequ\u00eda:<\/b> Alta; no requiere agua suplementaria una vez establecida.<\/p>\n<p><b>Requisitos de luz:<\/b> Pleno sol.<\/p>\n<p><b>Color de la flor:<\/b> De rosa a blanco.<\/p>\n<p><b>Caracter\u00edsticas de la flor:<\/b> Llamativas, los largos estambres de aproximadamente 1 1\/2 pulgadas de largo. Fragante, abriendo por la noche. <\/p>\n<p><b>Temporada de floraci\u00f3n:<\/b> Primavera-verano; pico en verano.<\/p>\n<p><b>Fruto:<\/b> C\u00e1psula verde, de hasta 6&#8243; de largo, que se abre para exponer semillas blancas incrustadas en pulpa escarlata.<\/p>\n<p><b>Vida silvestre y ecolog\u00eda:<\/b> Proporciona alimento para las aves. <b>Planta hu\u00e9sped larval<\/b> para la blanca de Florida (<i>Appias drusilla<\/i>); hu\u00e9sped larval ocasional para la gran blanca del sur (<i>Ascia monuste<\/i>).<\/p>\n<p><b>Notas de horticultura:<\/b> Se puede cultivar a partir de semillas en una maceta comunitaria a la sombra ligera o a pleno sol. Trasplantar despu\u00e9s de que se formen las primeras hojas verdaderas. <\/p>\n<p><b>Comentarios:<\/b> Las flores son m\u00e1s conspicuas que en el alcaparro de Jamaica (C. cynophallophora).<\/p>\n","protected":false},"excerpt":{"rendered":"<p><img decoding=\"async\" class=\"alignnone size-medium wp-image-31863\" src=\"https:\/\/smartyplantsnursery.com\/wp-content\/uploads\/2023\/04\/Screen-Shot-2023-04-22-at-11.28.02-PM-300x134.png\" alt=\"\" width=\"300\" height=\"134\"><\/p>\n<div class=\"container\">\n<div class=\"table-container\">\n<table>\n<thead>\n<tr>\n<th>Tama\u00f1o de la maceta<\/th>\n<th>Altura media plantada (desde la tierra hasta la parte superior de la planta)<\/th>\n<\/tr>\n<\/thead>\n<tbody>\n<tr>\n<td>1 gal\u00f3n\/6&#8243;<\/td>\n<td>0 &#8211; 1 ft.<\/td>\n<\/tr>\n<tr>\n<td>3 galones\/10&#8243;<\/td>\n<td>1 &#8211; 3 pies<\/td>\n<\/tr>\n<\/tbody>\n<\/table>\n<\/div>\n<\/div>\n","protected":false},"featured_media":50912,"comment_status":"open","ping_status":"closed","template":"","meta":[],"product_brand":[59,60],"product_cat":[362,304,359,311,346,310,320,374,324,326,309,341,358,335,330],"product_tag":[318,352],"class_list":{"0":"post-46704","1":"product","2":"type-product","3":"status-publish","4":"has-post-thumbnail","6":"product_brand-fann","7":"product_brand-fnps","8":"product_cat-alta-es-2","9":"product_cat-arbusto","10":"product_cat-arena","11":"product_cat-baja","12":"product_cat-bajo-mantenimiento","13":"product_cat-bien-drenado","14":"product_cat-enredadera","15":"product_cat-fragante-2","16":"product_cat-llamativo","17":"product_cat-moderada-es-2","18":"product_cat-moderada","19":"product_cat-nativo","20":"product_cat-plantas-para-mariposas-plantas-para-polinizadores","21":"product_cat-pleno-sol","22":"product_cat-semilla","23":"product_tag-blanco","24":"product_tag-rosa","25":"pa_pot-size-1-galon-6","26":"pa_pot-size-3-galones-10","27":"pa_pot-size-7-galones-14","30":"first","31":"instock","32":"taxable","33":"shipping-taxable","34":"purchasable","35":"product-type-variable"},"aioseo_notices":[],"_links":{"self":[{"href":"https:\/\/smartyplantsnursery.com\/es\/wp-json\/wp\/v2\/product\/46704","targetHints":{"allow":["GET"]}}],"collection":[{"href":"https:\/\/smartyplantsnursery.com\/es\/wp-json\/wp\/v2\/product"}],"about":[{"href":"https:\/\/smartyplantsnursery.com\/es\/wp-json\/wp\/v2\/types\/product"}],"replies":[{"embeddable":true,"href":"https:\/\/smartyplantsnursery.com\/es\/wp-json\/wp\/v2\/comments?post=46704"}],"wp:featuredmedia":[{"embeddable":true,"href":"https:\/\/smartyplantsnursery.com\/es\/wp-json\/wp\/v2\/media\/50912"}],"wp:attachment":[{"href":"https:\/\/smartyplantsnursery.com\/es\/wp-json\/wp\/v2\/media?parent=46704"}],"wp:term":[{"taxonomy":"product_brand","embeddable":true,"href":"https:\/\/smartyplantsnursery.com\/es\/wp-json\/wp\/v2\/product_brand?post=46704"},{"taxonomy":"product_cat","embeddable":true,"href":"https:\/\/smartyplantsnursery.com\/es\/wp-json\/wp\/v2\/product_cat?post=46704"},{"taxonomy":"product_tag","embeddable":true,"href":"https:\/\/smartyplantsnursery.com\/es\/wp-json\/wp\/v2\/product_tag?post=46704"}],"curies":[{"name":"wp","href":"https:\/\/api.w.org\/{rel}","templated":true}]}}