{"id":46715,"date":"2023-04-14T20:03:39","date_gmt":"2023-04-14T20:03:39","guid":{"rendered":"https:\/\/smartyplantsnursery.com\/product\/joewood-jacquinia-keyensis\/"},"modified":"2026-02-20T20:55:11","modified_gmt":"2026-02-20T20:55:11","slug":"joewood-jacquinia-keyensis","status":"publish","type":"product","link":"https:\/\/smartyplantsnursery.com\/es\/product\/joewood-jacquinia-keyensis\/","title":{"rendered":"Joewood &#8211; jacquinia keyensis"},"content":{"rendered":"<p><b>Usos generales en el paisaje:<\/b> Arbusto ornamental en zonas costeras.<\/p>\n<p><b>Notas sobre restauraci\u00f3n ecol\u00f3gica:<\/b> Bastante com\u00fan en los Cayos de Florida a lo largo del ecotono entre manglares y hamacas. Tambi\u00e9n en matorrales costeros desde la isla de Sanibel hasta Cayo Costa en el condado de Lee. Muy raro o ausente en otros lugares.  <\/p>\n<p><b>Descripci\u00f3n:<\/b> Arbusto de tama\u00f1o mediano a grande, rara vez un \u00e1rbol peque\u00f1o, con una copa compacta y redondeada desde un tronco robusto. Troncos cortos, generalmente rectos, de hasta 10 pulgadas de di\u00e1metro, pero generalmente mucho m\u00e1s peque\u00f1os. Corteza delgada, lisa, gris. Hojas cori\u00e1ceas, de aproximadamente 1-3 pulgadas de largo.   <\/p>\n<p><b>Dimensiones:<\/b> T\u00edpicamente de 4 a 10 pies de altura; hasta 14 pies en el sur de Florida. Por lo general, casi tan ancho como alto. <\/p>\n<p><b>Tasa de crecimiento:<\/b> Muy lento.<\/p>\n<p><b>Distribuci\u00f3n:<\/b> Cayos del condado de Monroe y condado de Miami-Dade; disyunto en los condados de Lee y Charlotte; Indias Occidentales. En el sur de Florida, nativo solo de los Cayos de Florida y la costa norte de la Bah\u00eda de Florida, la regi\u00f3n de Long Pine Key del Parque Nacional Everglades y algunas islas de barrera en los condados de Lee y Charlotte. <\/p>\n<p><b>H\u00e1bitats:<\/b> Hamacas y matorrales costeros.<\/p>\n<p><b>Suelos:<\/b> Suelos arenosos o calizos salobres h\u00famedos, raramente inundados, con una capa superior de humus.<\/p>\n<p><b>Requisitos nutricionales:<\/b> Moderado; puede crecer en suelos pobres en nutrientes, pero necesita algo de contenido org\u00e1nico para prosperar.<\/p>\n<p><b>Tolerancia al agua salada:<\/b> Moderada; tolera agua salobre o inundaciones ocasionales por agua salada.<\/p>\n<p><b>Tolerancia al viento salado:<\/b> Alta; puede tolerar cantidades moderadas de viento salado sin da\u00f1os significativos.<\/p>\n<p><b>Tolerancia a la sequ\u00eda:<\/b> Moderada; generalmente requiere suelos h\u00famedos, pero es tolerante a cortos per\u00edodos de sequ\u00eda una vez establecido.<\/p>\n<p><b>Requisitos de luz:<\/b> Pleno sol a sombra ligera.<\/p>\n<p><b>Color de la flor:<\/b> Blanco a blanco amarillento.<\/p>\n<p><b>Caracter\u00edsticas de la flor:<\/b> Semillamativa. Fragante. <\/p>\n<p><b>Temporada de floraci\u00f3n:<\/b> Todo el a\u00f1o; pico en verano-oto\u00f1o.<\/p>\n<p><b>Fruto:<\/b> Baya de color verde muy p\u00e1lido a blanco cremoso.<\/p>\n<p><b>Vida silvestre y ecolog\u00eda:<\/b> Proporciona alimento y cobertura significativos para la vida silvestre.<\/p>\n<p><b>Notas de horticultura:<\/b> Se puede cultivar a partir de semillas. Retire la semilla de la baya y pl\u00e1ntela de inmediato; las semillas no se almacenan bien. Coloque el recipiente a la sombra ligera o a pleno sol.  <\/p>\n<p><b>Comentarios:<\/b> Est\u00e1 catalogada como amenazada por el estado de Florida.<\/p>\n","protected":false},"excerpt":{"rendered":"<p><img decoding=\"async\" class=\"alignnone size-medium wp-image-31863\" src=\"https:\/\/smartyplantsnursery.com\/wp-content\/uploads\/2023\/04\/Screen-Shot-2023-04-22-at-11.28.02-PM-300x134.png\" alt=\"\" width=\"300\" height=\"134\"><\/p>\n<div class=\"container\">\n<div class=\"table-container\">\n<table>\n<thead>\n<tr>\n<th>Tama\u00f1o de la maceta<\/th>\n<th>Altura media plantada (desde la tierra hasta la parte superior de la planta)<\/th>\n<th>Calibre<\/th>\n<\/tr>\n<\/thead>\n<tbody>\n<tr>\n<td>3 galones\/10&#8243;<\/td>\n<td>2 &#8211; 3 pies<\/td>\n<td><\/td>\n<\/tr>\n<tr>\n<td>7 galones\/14&#8243;<\/td>\n<td>3 &#8211; 4 pies<\/td>\n<td><\/td>\n<\/tr>\n<tr>\n<td>15 galones\/17&#8243;<\/td>\n<td>1,2 &#8211; 1,5 m<\/td>\n<td><\/td>\n<\/tr>\n<tr>\n<td>25 galones\/21&#8243;<\/td>\n<td>1,5 &#8211; 1,8 m<\/td>\n<td>2,5 &#8211; 3,8 cm<\/td>\n<\/tr>\n<\/tbody>\n<\/table>\n<\/div>\n<\/div>\n","protected":false},"featured_media":54405,"comment_status":"open","ping_status":"closed","template":"","meta":[],"product_brand":[59,60],"product_cat":[362,304,359,346,374,355,306,324,309,313,360,341,308,358,335,323,330,303,307],"product_tag":[319,318],"class_list":{"0":"post-46715","1":"product","2":"type-product","3":"status-publish","4":"has-post-thumbnail","6":"product_brand-fann","7":"product_brand-fnps","8":"product_cat-alta-es-2","9":"product_cat-arbusto","10":"product_cat-arena","11":"product_cat-bajo-mantenimiento","12":"product_cat-fragante-2","13":"product_cat-invierno","14":"product_cat-lenta","15":"product_cat-llamativo","16":"product_cat-moderada","17":"product_cat-moderada-es","18":"product_cat-moderada-es-3","19":"product_cat-nativo","20":"product_cat-otono","21":"product_cat-plantas-para-mariposas-plantas-para-polinizadores","22":"product_cat-pleno-sol","23":"product_cat-primavera","24":"product_cat-semilla","25":"product_cat-sol-parcial","26":"product_cat-verano","27":"product_tag-amarillo","28":"product_tag-blanco","29":"pa_pot-size-1-galon-6","30":"pa_pot-size-15-galones-17","31":"pa_pot-size-25-galones-21","32":"pa_pot-size-3-galones-10","33":"pa_pot-size-7-galones-14","36":"first","37":"instock","38":"taxable","39":"shipping-taxable","40":"purchasable","41":"product-type-variable"},"aioseo_notices":[],"_links":{"self":[{"href":"https:\/\/smartyplantsnursery.com\/es\/wp-json\/wp\/v2\/product\/46715","targetHints":{"allow":["GET"]}}],"collection":[{"href":"https:\/\/smartyplantsnursery.com\/es\/wp-json\/wp\/v2\/product"}],"about":[{"href":"https:\/\/smartyplantsnursery.com\/es\/wp-json\/wp\/v2\/types\/product"}],"replies":[{"embeddable":true,"href":"https:\/\/smartyplantsnursery.com\/es\/wp-json\/wp\/v2\/comments?post=46715"}],"wp:featuredmedia":[{"embeddable":true,"href":"https:\/\/smartyplantsnursery.com\/es\/wp-json\/wp\/v2\/media\/54405"}],"wp:attachment":[{"href":"https:\/\/smartyplantsnursery.com\/es\/wp-json\/wp\/v2\/media?parent=46715"}],"wp:term":[{"taxonomy":"product_brand","embeddable":true,"href":"https:\/\/smartyplantsnursery.com\/es\/wp-json\/wp\/v2\/product_brand?post=46715"},{"taxonomy":"product_cat","embeddable":true,"href":"https:\/\/smartyplantsnursery.com\/es\/wp-json\/wp\/v2\/product_cat?post=46715"},{"taxonomy":"product_tag","embeddable":true,"href":"https:\/\/smartyplantsnursery.com\/es\/wp-json\/wp\/v2\/product_tag?post=46715"}],"curies":[{"name":"wp","href":"https:\/\/api.w.org\/{rel}","templated":true}]}}