{"id":46716,"date":"2023-04-14T01:49:23","date_gmt":"2023-04-14T01:49:23","guid":{"rendered":"https:\/\/smartyplantsnursery.com\/product\/aligustre-de-florida-forestiera-segregata\/"},"modified":"2026-05-05T19:21:07","modified_gmt":"2026-05-05T19:21:07","slug":"aligustre-de-florida-forestiera-segregata","status":"publish","type":"product","link":"https:\/\/smartyplantsnursery.com\/es\/product\/aligustre-de-florida-forestiera-segregata\/","title":{"rendered":"Aligustre de Florida, Forestiera segregata"},"content":{"rendered":"<p><b>Usos generales en paisajismo:<\/b> arbusto o \u00e1rbol de acento. Plantaciones de pantalla.<\/p>\n<p><b>Notas sobre restauraci\u00f3n ecol\u00f3gica:<\/b> Un arbusto com\u00fan a lo largo de los ecotonos de hamacas, especialmente a lo largo de la costa. Se puede usar con moderaci\u00f3n como un arbusto de sotobosque en pinares rocosos, pero se recomienda el plasma germinal de pinar rocoso. <\/p>\n<p><b>Descripci\u00f3n:<\/b> Arbusto grande o \u00e1rbol peque\u00f1o con una copa densa e irregular compuesta por muchos troncos peque\u00f1os de troncos torcidos. Corteza p\u00e1lida o cremosa, delgada, lisa con muchos poros respiratorios (lenticelas). Hojas de color verde oscuro en la parte superior, de 3\/4 a 2 pulgadas de largo. Semideciduo, con las hojas viejas cayendo cuando comienza el nuevo brote de crecimiento.   <\/p>\n<p><b>Dimensiones:<\/b> T\u00edpicamente de 8 a 15 pies de altura en el sur de Florida; hasta 17,5 pies en Florida. A menudo tan ancho como alto. <\/p>\n<p><b>Tasa de crecimiento:<\/b> De moderada a r\u00e1pida.<\/p>\n<p><b>Distribuci\u00f3n:<\/b> Sudeste de los Estados Unidos al sur de los Cayos del Condado de Monroe; Bermudas y las Indias Occidentales. Muy raro y disperso en los Cayos del Condado de Monroe. <\/p>\n<p><b>H\u00e1bitats:<\/b> Hamacas y bordes de hamacas; arbusto de sotobosque en pinares rocosos.<\/p>\n<p><b>Suelos:<\/b> Suelos arenosos o calizos h\u00famedos y bien drenados, con una capa superior rica en humus.<\/p>\n<p><b>Requisitos nutricionales:<\/b> Moderado; puede crecer en suelos pobres en nutrientes, pero necesita algo de contenido org\u00e1nico para prosperar.<\/p>\n<p><b>Tolerancia al agua salada:<\/b> Baja; no tolera las inundaciones a largo plazo con agua salada o salobre.<\/p>\n<p><b>Tolerancia al viento salado:<\/b> Alta; puede tolerar cantidades moderadas de viento salado sin da\u00f1os significativos.<\/p>\n<p><b>Tolerancia a la sequ\u00eda:<\/b> Alta; no requiere agua suplementaria una vez establecida.<\/p>\n<p><b>Requisitos de luz:<\/b> Pleno sol.<\/p>\n<p><b>Color de la flor:<\/b> Verde amarillento.<\/p>\n<p><b>Caracter\u00edsticas de la flor:<\/b> semivistosa, en peque\u00f1os racimos desde las axilas del crecimiento del a\u00f1o anterior. Dioico, con flores masculinas y femeninas en plantas diferentes, o poligamodioico, con algunas flores del sexo opuesto o flores bisexuales en la misma planta.<\/p>\n<p><b>Temporada de floraci\u00f3n:<\/b> Todo el a\u00f1o; pico en primavera.<\/p>\n<p><b>Fruto:<\/b> Drupas negras o de color p\u00farpura oscuro.<\/p>\n<p><b>Vida silvestre y ecolog\u00eda:<\/b> Proporciona alimento y cobertura significativos para la vida silvestre. Atrae a abejas polinizadoras y los p\u00e1jaros comen sus frutos.<\/p>\n<p><b>Notas de horticultura:<\/b> Se puede cultivar a partir de semillas despulpadas. C\u00fabrelo con tierra y col\u00f3calo a pleno sol.<\/p>\n<p><b>Comentarios:<\/b> Este arbusto de r\u00e1pido crecimiento se recluta f\u00e1cilmente en el jard\u00edn a partir de semillas. Taxonom\u00eda: las plantas con hojas m\u00e1s peque\u00f1as que crecen en los pinares rocosos del condado de Miami-Dade se han descrito como una especie distinta, <i>F. pinetorum<\/i>, o variedad, <i>F. segregata<\/i>var. <i>pinetorum<\/i>. <\/p>\n","protected":false},"excerpt":{"rendered":"<p><img fetchpriority=\"high\" decoding=\"async\" class=\"alignnone size-medium wp-image-54744\" src=\"https:\/\/smartyplantsnursery.com\/wp-content\/uploads\/2023\/04\/Screenshot-2026-03-03-at-2.22.47-PM-300x185.webp\" alt=\"\" width=\"300\" height=\"185\"><\/p>\n<div class=\"container\">\n<div class=\"table-container\">\n<table>\n<thead>\n<tr>\n<th>Tama\u00f1o de la maceta<\/th>\n<th>Altura media plantada (desde la tierra hasta la parte superior de la planta)<\/th>\n<\/tr>\n<\/thead>\n<tbody>\n<tr>\n<td>3 galones\/10&#8243;<\/td>\n<td>1 &#8211; 2 pies<\/td>\n<\/tr>\n<tr>\n<td>7 galones\/14&#8243;<\/td>\n<td>2 &#8211; 4 pies<\/td>\n<\/tr>\n<\/tbody>\n<\/table>\n<\/div>\n<\/div>\n","protected":false},"featured_media":52676,"comment_status":"open","ping_status":"closed","template":"","meta":[],"product_brand":[],"product_cat":[362,340,304,359,311,346,310,366,355,324,309,326,341,308,334,358,335,323,372,322,468,330,332,307],"product_tag":[319,327],"class_list":{"0":"post-46716","1":"product","2":"type-product","3":"status-publish","4":"has-post-thumbnail","6":"product_cat-alta-es-2","7":"product_cat-alta","8":"product_cat-arbusto","9":"product_cat-arena","10":"product_cat-baja","11":"product_cat-bajo-mantenimiento","12":"product_cat-bien-drenado","13":"product_cat-dioico","14":"product_cat-invierno","15":"product_cat-llamativo","16":"product_cat-moderada","17":"product_cat-moderada-es-2","18":"product_cat-nativo","19":"product_cat-otono","20":"product_cat-planta-de-acento","21":"product_cat-plantas-para-mariposas-plantas-para-polinizadores","22":"product_cat-pleno-sol","23":"product_cat-primavera","24":"product_cat-racimo","25":"product_cat-rapido","26":"product_cat-roca-2","27":"product_cat-semilla","28":"product_cat-seto","29":"product_cat-verano","30":"product_tag-amarillo","31":"product_tag-verde","32":"pa_pot-size-1-galon-6","33":"pa_pot-size-3-galones-10","34":"pa_pot-size-7-galones-14","37":"first","38":"instock","39":"taxable","40":"shipping-taxable","41":"purchasable","42":"product-type-variable"},"aioseo_notices":[],"_links":{"self":[{"href":"https:\/\/smartyplantsnursery.com\/es\/wp-json\/wp\/v2\/product\/46716","targetHints":{"allow":["GET"]}}],"collection":[{"href":"https:\/\/smartyplantsnursery.com\/es\/wp-json\/wp\/v2\/product"}],"about":[{"href":"https:\/\/smartyplantsnursery.com\/es\/wp-json\/wp\/v2\/types\/product"}],"replies":[{"embeddable":true,"href":"https:\/\/smartyplantsnursery.com\/es\/wp-json\/wp\/v2\/comments?post=46716"}],"wp:featuredmedia":[{"embeddable":true,"href":"https:\/\/smartyplantsnursery.com\/es\/wp-json\/wp\/v2\/media\/52676"}],"wp:attachment":[{"href":"https:\/\/smartyplantsnursery.com\/es\/wp-json\/wp\/v2\/media?parent=46716"}],"wp:term":[{"taxonomy":"product_brand","embeddable":true,"href":"https:\/\/smartyplantsnursery.com\/es\/wp-json\/wp\/v2\/product_brand?post=46716"},{"taxonomy":"product_cat","embeddable":true,"href":"https:\/\/smartyplantsnursery.com\/es\/wp-json\/wp\/v2\/product_cat?post=46716"},{"taxonomy":"product_tag","embeddable":true,"href":"https:\/\/smartyplantsnursery.com\/es\/wp-json\/wp\/v2\/product_tag?post=46716"}],"curies":[{"name":"wp","href":"https:\/\/api.w.org\/{rel}","templated":true}]}}