{"id":46725,"date":"2023-04-14T20:00:19","date_gmt":"2023-04-14T20:00:19","guid":{"rendered":"https:\/\/smartyplantsnursery.com\/product\/hammock-groundsel-broombush-falsewillow-baccharis-dioica\/"},"modified":"2025-12-29T18:37:15","modified_gmt":"2025-12-29T18:37:15","slug":"hammock-groundsel-broombush-falsewillow-baccharis-dioica","status":"publish","type":"product","link":"https:\/\/smartyplantsnursery.com\/es\/product\/hammock-groundsel-broombush-falsewillow-baccharis-dioica\/","title":{"rendered":"Hammock groundsel, broombush falsewillow &#8211; baccharis dioica"},"content":{"rendered":"<p><b>Usos generales en el paisaje:<\/b> Se recomienda principalmente para paisajes naturales y restauraciones de h\u00e1bitats. Tambi\u00e9n se puede utilizar como arbusto ornamental en \u00e1reas h\u00famedas y soleadas. Tambi\u00e9n es \u00fatil en plantaciones de protecci\u00f3n.  <\/p>\n<p><b>Notas sobre la restauraci\u00f3n ecol\u00f3gica:<\/b> Extirpado en el sur de Florida. Recomendado para la reintroducci\u00f3n. <\/p>\n<p><b>Descripci\u00f3n:<\/b> Arbusto mediano y tupido.<\/p>\n<p><b>Dimensiones:<\/b> Normalmente de 3 a 6 pies de altura.<\/p>\n<p><b>Tasa de crecimiento:<\/b> r\u00e1pida.<\/p>\n<p><b>Distribuci\u00f3n:<\/b> Sur de Florida, Indias Occidentales y M\u00e9xico (pen\u00ednsula de Yucat\u00e1n); en el sur de Florida hist\u00f3ricamente conocido solo en el \u00e1rea de Brickell Hammock, cerca del centro moderno de Miami.<\/p>\n<p><b>H\u00e1bitats:<\/b> Bordes de hamacas y matorrales.<\/p>\n<p><b>Suelos:<\/b> Suelos calizos h\u00famedos y bien drenados, con o sin humus.<\/p>\n<p><b>Requisitos nutricionales:<\/b> bajos<\/p>\n<p><b>Tolerancia al agua salada:<\/b> Baja; no tolera las inundaciones de agua salada o salobre.<\/p>\n<p><b>Tolerancia al viento salado:<\/b> Alta; puede tolerar cantidades moderadas de viento salado sin da\u00f1os significativos.<\/p>\n<p><b>Tolerancia a la sequ\u00eda:<\/b> Alta; no requiere agua suplementaria una vez establecida.<\/p>\n<p><b>Requisitos de luz:<\/b> Pleno sol.<\/p>\n<p><b>Color de la flor:<\/b> Blanco<\/p>\n<p><b>Caracter\u00edsticas de la flor:<\/b> Cabezas semi-vistosas; fragante.<\/p>\n<p><b>Temporada de floraci\u00f3n:<\/b> oto\u00f1o.<\/p>\n<p><b>Fruto:<\/b> Aquenio discreto, pero las masas de frutos pueden ser semi-vistosas.<\/p>\n<p><b>Vida silvestre y ecolog\u00eda:<\/b> Proporciona algo de alimento y una cobertura significativa para la vida silvestre. El n\u00e9ctar de las flores masculinas atrae a los polinizadores y las semillas son dispersadas por el viento. <\/p>\n<p><b>Notas de horticultura:<\/b> Presumiblemente se puede cultivar a partir de semillas y esquejes.<\/p>\n","protected":false},"excerpt":{"rendered":"<p><img decoding=\"async\" class=\"alignnone size-medium wp-image-31863\" src=\"https:\/\/smartyplantsnursery.com\/wp-content\/uploads\/2023\/04\/Screen-Shot-2023-04-22-at-11.28.02-PM-300x134.png\" alt=\"\" width=\"300\" height=\"134\"><\/p>\n<div class=\"container\">\n<div class=\"table-container\">\n<table>\n<thead>\n<tr>\n<th>Tama\u00f1o de la maceta<\/th>\n<th>Altura media plantada (desde la tierra hasta la parte superior de la planta)<\/th>\n<\/tr>\n<\/thead>\n<tbody>\n<tr>\n<td>3 galones\/10&#8243;<\/td>\n<td>1 &#8211; 2 pies<\/td>\n<\/tr>\n<tr>\n<td>7 galones\/14&#8243;<\/td>\n<td>0,6 &#8211; 0,9 m<\/td>\n<\/tr>\n<\/tbody>\n<\/table>\n<\/div>\n<\/div>\n","protected":false},"featured_media":44088,"comment_status":"open","ping_status":"closed","template":"","meta":[],"product_brand":[59,60],"product_cat":[340,362,304,357,311,346,310,315,374,324,341,308,334,358,335,322,330],"product_tag":[318],"class_list":{"0":"post-46725","1":"product","2":"type-product","3":"status-publish","4":"has-post-thumbnail","6":"product_brand-fann","7":"product_brand-fnps","8":"product_cat-alta","9":"product_cat-alta-es-2","10":"product_cat-arbusto","11":"product_cat-baja-es-3","12":"product_cat-baja","13":"product_cat-bajo-mantenimiento","14":"product_cat-bien-drenado","15":"product_cat-esquejes","16":"product_cat-fragante-2","17":"product_cat-llamativo","18":"product_cat-nativo","19":"product_cat-otono","20":"product_cat-planta-de-acento","21":"product_cat-plantas-para-mariposas-plantas-para-polinizadores","22":"product_cat-pleno-sol","23":"product_cat-rapido","24":"product_cat-semilla","25":"product_tag-blanco","26":"pa_pot-size-1-galon-6","27":"pa_pot-size-3-galones-10","28":"pa_pot-size-7-galones-14","31":"first","32":"instock","33":"taxable","34":"shipping-taxable","35":"purchasable","36":"product-type-variable"},"aioseo_notices":[],"_links":{"self":[{"href":"https:\/\/smartyplantsnursery.com\/es\/wp-json\/wp\/v2\/product\/46725","targetHints":{"allow":["GET"]}}],"collection":[{"href":"https:\/\/smartyplantsnursery.com\/es\/wp-json\/wp\/v2\/product"}],"about":[{"href":"https:\/\/smartyplantsnursery.com\/es\/wp-json\/wp\/v2\/types\/product"}],"replies":[{"embeddable":true,"href":"https:\/\/smartyplantsnursery.com\/es\/wp-json\/wp\/v2\/comments?post=46725"}],"wp:featuredmedia":[{"embeddable":true,"href":"https:\/\/smartyplantsnursery.com\/es\/wp-json\/wp\/v2\/media\/44088"}],"wp:attachment":[{"href":"https:\/\/smartyplantsnursery.com\/es\/wp-json\/wp\/v2\/media?parent=46725"}],"wp:term":[{"taxonomy":"product_brand","embeddable":true,"href":"https:\/\/smartyplantsnursery.com\/es\/wp-json\/wp\/v2\/product_brand?post=46725"},{"taxonomy":"product_cat","embeddable":true,"href":"https:\/\/smartyplantsnursery.com\/es\/wp-json\/wp\/v2\/product_cat?post=46725"},{"taxonomy":"product_tag","embeddable":true,"href":"https:\/\/smartyplantsnursery.com\/es\/wp-json\/wp\/v2\/product_tag?post=46725"}],"curies":[{"name":"wp","href":"https:\/\/api.w.org\/{rel}","templated":true}]}}