{"id":46730,"date":"2023-04-14T01:33:18","date_gmt":"2023-04-14T01:33:18","guid":{"rendered":"https:\/\/smartyplantsnursery.com\/product\/pithecellobium-keyense-florida-keys-blackbead\/"},"modified":"2026-03-07T14:45:56","modified_gmt":"2026-03-07T14:45:56","slug":"pithecellobium-keyense-florida-keys-blackbead","status":"publish","type":"product","link":"https:\/\/smartyplantsnursery.com\/es\/product\/pithecellobium-keyense-florida-keys-blackbead\/","title":{"rendered":"Pithecellobium keyense &#8211; Florida Keys blackbead"},"content":{"rendered":"<p><b>Usos generales en el paisajismo:<\/b> Arbusto o \u00e1rbol peque\u00f1o destacado o como esp\u00e9cimen a lo largo de la costa. Plantaciones de protecci\u00f3n. <\/p>\n<p><b>Notas sobre la restauraci\u00f3n ecol\u00f3gica:<\/b> Un elemento com\u00fan de las malezas costeras en los Cayos de Florida y a lo largo de la costa este. M\u00e1s raro en los condados de Collier y Lee. <\/p>\n<p><b>Descripci\u00f3n:<\/b> Arbusto grande o \u00e1rbol peque\u00f1o con una copa irregular. Troncos cortos, de los que surgen muchas ramas. Corteza gris con fisuras poco profundas. Hojas compuestas, los fol\u00edolos de aproximadamente 5 cm de largo.   <\/p>\n<p><b>Dimensiones:<\/b> Por lo general, de 2,4 a 4,5 metros de altura; hasta 5,8 metros en el sur de Florida. A menudo mucho m\u00e1s ancho que alto. <\/p>\n<p><b>Tasa de crecimiento:<\/b> moderada.<\/p>\n<p><b>Distribuci\u00f3n:<\/b> Cayos del condado de Monroe al norte a lo largo de las costas hasta los condados de Martin y Lee; Bahamas, Cuba, M\u00e9xico y Am\u00e9rica Central. Raro y disperso en los condados de Collier y Lee, donde la u\u00f1a de gato (P. unguis-cati) es m\u00e1s com\u00fan. <\/p>\n<p><b>H\u00e1bitats:<\/b> Hamacas costeras.<\/p>\n<p><b>Suelos:<\/b> Suelos arenosos o calizos h\u00famedos y bien drenados, con una capa superior rica en humus.<\/p>\n<p><b>Requisitos nutricionales:<\/b> Moderado; puede crecer en suelos pobres en nutrientes, pero necesita algo de contenido org\u00e1nico para prosperar.<\/p>\n<p><b>Tolerancia al agua salada:<\/b> Moderadamente baja; no tolera las inundaciones a largo plazo por agua salada o salobre, pero tolera la inundaci\u00f3n a corto plazo por agua salada de la marejada cicl\u00f3nica con da\u00f1os m\u00ednimos.<\/p>\n<p><b>Tolerancia al viento salino:<\/b> L\u00ednea secundaria; tolera un viento salino significativo sin sufrir da\u00f1os, pero generalmente est\u00e1 algo protegido.<\/p>\n<p><b>Tolerancia a la sequ\u00eda:<\/b> Alta; no requiere agua suplementaria una vez establecida.<\/p>\n<p><b>Requisitos de luz:<\/b> Pleno sol.<\/p>\n<p><b>Color de la flor:<\/b> Blanco a rosa intenso.<\/p>\n<p><b>Caracter\u00edsticas de la flor:<\/b> Cabezas globosas semivistosas. Fragante. <\/p>\n<p><b>Temporada de floraci\u00f3n:<\/b> Todo el a\u00f1o; pico en primavera-verano.<\/p>\n<p><b>Fruto:<\/b> Vaina enrollada de color marr\u00f3n rojizo (leguminosa) que se abre para exponer semillas negras con un arilo rojo.<\/p>\n<p><b>Fauna y ecolog\u00eda:<\/b> Proporciona alimento y refugio para la vida silvestre. <b>Planta hu\u00e9sped larval<\/b> para la mariposa azul de Cassius (<i>Leptotes cassius theonus<\/i>), la mariposa azufre anaranjada grande (<i>Phoebis agarithe<\/i>) y la mariposa azul de Miami (<i>Cyclargus thomasi bethunebakeri<\/i>). <b>Planta de n\u00e9ctar<\/b> para la mariposa azul de Cassius, el ala oscura de Florida (<i>Ephyriades brunneus<\/i>), la blanca de Florida (<i>Appias drusilla<\/i>), la mariposa cola de golondrina gigante (<i>Papilio cresphontes<\/i>), la gran blanca del sur (<i>Ascia monuste<\/i>), el capit\u00e1n de hamaca (<i>Polygonus leo<\/i>), la mariposa azufre anaranjada grande, el capit\u00e1n de mangle (  <i>Phocides pigmalion<\/i>), la mariposa azul de Miami, el capit\u00e1n de Palatka (<i>Euphyes pilatka<\/i>), el gui\u00f3n roto del sur (<i>Wallengrenia otho<\/i>), el capit\u00e1n de tres manchas (<i>Cymaenes tripunctus<\/i>), el capit\u00e1n de dos manchas (<i>Oligorio maculata<\/i>) y otras mariposas. Las aves se comen los arilos de colores brillantes. <\/p>\n<p><b>Notas de horticultura:<\/b> Se puede cultivar a partir de semillas extra\u00eddas del arilo. Coloque la semilla encima de la tierra y simplemente c\u00fabrala. Coloque el recipiente en sombra clara.  <\/p>\n<p><b>Comentarios:<\/b> Las plantas en los Cayos de Florida suelen tener flores rosadas, mientras que las de la parte continental son blancas. Est\u00e1 catalogada como amenazada por el estado de Florida. <\/p>\n","protected":false},"excerpt":{"rendered":"<p><img decoding=\"async\" class=\"alignnone size-medium wp-image-31863\" src=\"https:\/\/smartyplantsnursery.com\/wp-content\/uploads\/2023\/04\/Screen-Shot-2023-04-22-at-11.28.02-PM-300x134.png\" alt=\"\" width=\"300\" height=\"134\"><\/p>\n<div class=\"container\">\n<div class=\"table-container\">\n<table>\n<thead>\n<tr>\n<th>Tama\u00f1o de la maceta<\/th>\n<th>Altura media plantada (desde la tierra hasta la parte superior de la planta)<\/th>\n<\/tr>\n<\/thead>\n<tbody>\n<tr>\n<td>3 galones\/10&#8243;<\/td>\n<td>1 &#8211; 2 pies<\/td>\n<\/tr>\n<tr>\n<td>7 galones\/14&#8243;<\/td>\n<td>0,6 &#8211; 0,9 m<\/td>\n<\/tr>\n<tr>\n<td>25 galones\/21&#8243;<\/td>\n<td>6 &#8211; 8 pies<\/td>\n<\/tr>\n<\/tbody>\n<\/table>\n<\/div>\n<\/div>\n","protected":false},"featured_media":50710,"comment_status":"open","ping_status":"closed","template":"","meta":[],"product_brand":[59,60],"product_cat":[340,304,359,311,346,310,374,355,324,309,361,326,341,308,334,314,358,335,323,330,307],"product_tag":[318,352],"class_list":{"0":"post-46730","1":"product","2":"type-product","3":"status-publish","4":"has-post-thumbnail","6":"product_brand-fann","7":"product_brand-fnps","8":"product_cat-alta","9":"product_cat-arbusto","10":"product_cat-arena","11":"product_cat-baja","12":"product_cat-bajo-mantenimiento","13":"product_cat-bien-drenado","14":"product_cat-fragante-2","15":"product_cat-invierno","16":"product_cat-llamativo","17":"product_cat-moderada","18":"product_cat-moderada-es-4","19":"product_cat-moderada-es-2","20":"product_cat-nativo","21":"product_cat-otono","22":"product_cat-planta-de-acento","23":"product_cat-planta-de-especimen","24":"product_cat-plantas-para-mariposas-plantas-para-polinizadores","25":"product_cat-pleno-sol","26":"product_cat-primavera","27":"product_cat-semilla","28":"product_cat-verano","29":"product_tag-blanco","30":"product_tag-rosa","31":"pa_pot-size-25-galones-21","32":"pa_pot-size-3-galones-10","33":"pa_pot-size-7-galones-14","36":"first","37":"instock","38":"taxable","39":"shipping-taxable","40":"purchasable","41":"product-type-variable"},"aioseo_notices":[],"_links":{"self":[{"href":"https:\/\/smartyplantsnursery.com\/es\/wp-json\/wp\/v2\/product\/46730","targetHints":{"allow":["GET"]}}],"collection":[{"href":"https:\/\/smartyplantsnursery.com\/es\/wp-json\/wp\/v2\/product"}],"about":[{"href":"https:\/\/smartyplantsnursery.com\/es\/wp-json\/wp\/v2\/types\/product"}],"replies":[{"embeddable":true,"href":"https:\/\/smartyplantsnursery.com\/es\/wp-json\/wp\/v2\/comments?post=46730"}],"wp:featuredmedia":[{"embeddable":true,"href":"https:\/\/smartyplantsnursery.com\/es\/wp-json\/wp\/v2\/media\/50710"}],"wp:attachment":[{"href":"https:\/\/smartyplantsnursery.com\/es\/wp-json\/wp\/v2\/media?parent=46730"}],"wp:term":[{"taxonomy":"product_brand","embeddable":true,"href":"https:\/\/smartyplantsnursery.com\/es\/wp-json\/wp\/v2\/product_brand?post=46730"},{"taxonomy":"product_cat","embeddable":true,"href":"https:\/\/smartyplantsnursery.com\/es\/wp-json\/wp\/v2\/product_cat?post=46730"},{"taxonomy":"product_tag","embeddable":true,"href":"https:\/\/smartyplantsnursery.com\/es\/wp-json\/wp\/v2\/product_tag?post=46730"}],"curies":[{"name":"wp","href":"https:\/\/api.w.org\/{rel}","templated":true}]}}